{"id":8637,"date":"2018-06-04T17:16:26","date_gmt":"2018-06-04T15:16:26","guid":{"rendered":"http:\/\/www.lassebacklund.fi\/?page_id=8637"},"modified":"2021-08-02T09:08:41","modified_gmt":"2021-08-02T06:08:41","slug":"tidningsartiklar-fran-ar-1894","status":"publish","type":"page","link":"https:\/\/www.kristinestadshistoria.fi\/?page_id=8637","title":{"rendered":"Tidningsartiklar fr\u00e5n \u00e5r 1894."},"content":{"rendered":"<p><span style=\"color: #000080;\">14.2.1894 Veckobladet, artiklarna skrivna av J.J. Wadstr\u00f6m:<\/span><\/p>\n<p>Runebergsdagen i m\u00e5ndags firades i Dagsmark, H\u00e4rkmeri och Lappfj\u00e4rd kyrkobys folkskolor h\u00e4rst\u00e4des festligt, varvid utom s\u00e5ng och deklamation, f\u00f6redrag h\u00f6lls om Runebergs fosterl\u00e4ndska betydelse. Skolorna hade hela dagen ledighet.<\/p>\n<p>Liv och r\u00f6relse \u00e4r r\u00e5dande vid h\u00e4rvarande Storfors s\u00e5g, som numera \u00e4r i verksamhet hela dygnet om, varigenom m\u00e5ngen erh\u00e5ller en v\u00e4l beh\u00f6vlig och stadigvarande f\u00f6rtj\u00e4nst. S\u00e5gen drivs med vatten men har de f\u00f6reg\u00e5ende \u00e5ren varit f\u00f6rbunden med en \u00e5tta h\u00e4stkrafters \u00e5ngmaskin. Dock l\u00e4r nuvarande \u00e4garen av s\u00e5gen, H. A. Backman, vara sinnad att f\u00f6rs\u00e4lja denna \u00e5ngmaskin med \u00e5tf\u00f6ljande inmurad panna, s\u00e5som varande p\u00e5 st\u00e4llet obeh\u00f6vlig, emedan riklig tillg\u00e5ng p\u00e5 vatten finnes.<\/p>\n<p>Ett inte litet dr\u00e5pligt krig p\u00e5g\u00e5r f\u00f6r n\u00e4rvarande inom kommunen ang\u00e5ende v\u00e5rdande av hundar och kattor till f\u00f6ljd av munkorgslagen. Ortens kronol\u00e4nsman har hos guvern\u00f6ren i l\u00e4net anh\u00e5llit om kommunens f\u00f6rpliktande att vid vite \u00e5l\u00e4ggas, att anst\u00e4lla \u00e5tminstone en person i varje byalag, som dagligen skulle efterspana och avliva l\u00f6sa hundar och kattor. Kommunen anser dock ans\u00f6kningen i fr\u00e5ga av flera sk\u00e4l op\u00e5kallad, \u00e5tminstone f\u00f6r n\u00e4rvarande. Dessa polisbitr\u00e4den skulle, i fall ans\u00f6kning bifalles, f\u00f6rorsaka kommunen en utgift av trehundra mark f\u00f6r varje m\u00e5nad eller tretusen sexhundra mark f\u00f6r \u00e5ret. I sanning f\u00f6r kommunen dyra prissar och missor!<\/p>\n<p>Klockgjutaren Erik Carlsson i Lappfj\u00e4rd, som gjutit kyrkklockor till m\u00e5nga f\u00f6rsamlingar i landet, \u00e4r f\u00f6r n\u00e4rvarande ivrigt sysselsatt med arbeten h\u00f6rande till sitt yrke och \u00e4mnar inom kort v\u00e4sentligen utvidga sin verkstad.<\/p>\n<p><span style=\"color: #000080;\">16.5.1894 Veckobladet:<\/span><\/p>\n<p>V\u00e5ren har h\u00e4r i Lappfj\u00e4rd som \u00f6verallt i v\u00e5rt land b\u00f6rjat ovanligt tidigt. M\u00e5ngen lantman har redan slutat sin v\u00e5rs\u00e5dd, och d\u00e4r detta ej \u00e4nnu skett, p\u00e5g\u00e5r den som b\u00e4st, \u00f6verallt under gynnsam v\u00e4derlek.<\/p>\n<p>\u201dKlubbekrig&#8221; mot hundar och kattor p\u00e5g\u00e5r som b\u00e4st p\u00e5 v\u00e5r ort, det \u00e4r den fruktade vattustr\u00e4cken, som f\u00f6rorsakar denna f\u00f6rf\u00f6ljelse. Prissarnas och missarnas antal, i synnerhet de kringstrykandes, har \u00e4ven avtagit, trots att detta \u00e4ven medf\u00f6rt den ol\u00e4genheten, att r\u00e5ttornas och m\u00f6ssens antal \u00f6kat och att de b\u00f6rjat g\u00f6ra sv\u00e5rt intr\u00e5ng i v\u00e5ra boningar, s\u00e4rdeles d\u00e4r matvaror och s\u00e4d f\u00f6rvaras.<\/p>\n<p>Emigrationen fr\u00e5n Lappfj\u00e4rd har i \u00e5r avtagit. Blott f\u00e5 \u00e4ro de, som \u00e4mnar sig till Amerika. Fr\u00e5n d\u00e4r boende socknebor kommer \u00e4ven underr\u00e4ttelser om n\u00f6d och arbetsbrist. Anf\u00f6rvanter och v\u00e4nner, de som har utv\u00e4gar d\u00e4rtill, s\u00e4nder \u00e4ven till sina sl\u00e4ktingar respenningar till hemlandet, d\u00e4r den som vill arbeta nog sl\u00e5r sig ut och kan g\u00f6ra besparingar lika v\u00e4l som i Amerika.<\/p>\n<p>\u201dPappersved&#8221;, 600 famnar, har i b\u00f6rjan av m\u00e5naden nedfl\u00f6tats genom v\u00e5r ort.<\/p>\n<p>Ny uppfinning eller kanske snarare en f\u00f6rb\u00e4ttring av en gammal har gjorts h\u00e4r. Den avser tillverkning av takp\u00e4rtor, men med samma hyvel kan \u00e4ven \u00e5stadkommas gr\u00f6vre och finare spj\u00e4lor, vartill \u00e4ven s\u00e4mre virke \u00e4n till p\u00e4rtorna kan anv\u00e4ndas s\u00e5 att detta inte \u00e4r till spillo givet. Uppfinningen har gjorts av en person fr\u00e5n v\u00e5r by.<\/p>\n<p><strong><span style=\"color: #000080;\">14.7.1894 Helsingfors Aftonblad.<\/span> <\/strong><\/p>\n<p>Postverket har meddelat att 8 nya poststationer har \u00f6ppnats i Finland den 1 juni 1894. En av dessa \u00e4r den i Dagsmark och den lyder tillsvidare under postexpeditionen i Lappfj\u00e4rd.<\/p>\n<p><span style=\"font-family: 'Helvetica','sans-serif';\"><span style=\"color: #000000; font-size: medium;\"><span style=\"color: #000080;\">Vasabladet annonserade 30.08.1894<\/span> att Vasa L\u00e4ns lantbrukss\u00e4llskaps ambulerande tr\u00e4dg\u00e5rdsm\u00e4stare Henriksson kommer att vistas i m\u00e5nga olika byar under h\u00f6sten. Den 14 \u2013 15 september kommer han att bes\u00f6ka folkskolan i Dagsmark och b\u00f6nderna Viktor och Johan Lillkull.<\/span><\/span><\/p>\n<p><span style=\"color: #000080;\">7.10.1894 Wasa Tidning:<\/span><\/p>\n<p>Olycksh\u00e4ndelse. Bondesonen Frans Josefsson \u00c5n\u00e4s, fr\u00e5n H\u00e4rkmeri by i Lappfj\u00e4rd socken, hade den 3 september 1894 p\u00e5 eftermiddagen p\u00e5 \u00c4n\u00e4s hemmans rig\u00e5rd hade kastat en skakelkrok <span style=\"color: #000080;\">(skakelkrok \u00e4r en sorts krok med vilken man f\u00e4ster skalmarna vid h\u00e4sten<\/span>) mot halsen p\u00e5 \u00e5tta\u00e5riga inhysesmanssonen Emil Konstantinsson K\u00e4ykk\u00e4 eller \u00c5n\u00e4s med den p\u00e5f\u00f6ljd att den unge Emil \u00c5n\u00e4s som d\u00e4rmed fallit omkull mot en kastmaskin en timme d\u00e4refter avled. Anh\u00e5llan om obduktion av liket och r\u00e4ttslig unders\u00f6kning om orsaken till d\u00f6dsfallet har hos l\u00e4nsstyrelsen gjorts.<\/p>\n<p><span style=\"color: #000080;\">21.11.1894 Veckobladet:<\/span><\/p>\n<p>Vid senast h\u00e5llna ordinarie kommunalst\u00e4mma i Lappfj\u00e4rd f\u00f6retogs att best\u00e4mma kommunens utgifts- och inkomststat under det kommande \u00e5ret. Enligt kommunaln\u00e4mdens till st\u00e4mman ingivna f\u00f6rslag borde, till bestridande av f\u00f6rekommande utgifter, 2 000 mark uttaxeras och uppb\u00e4ras efter skatt\u00f6re samt h\u00e4rf\u00f6rutom av hemmans- och l\u00e4genhetsinnehavare 300 mark f\u00f6r det nu verkst\u00e4llda nya v\u00e4g- och brobytet \u00e4vensom f\u00f6r avl\u00f6nande av g\u00e4stgivare och f\u00e5ngf\u00f6rare omkring 16 mark per mantal. Av fattigv\u00e5rdsstyrelsens uppgjorda f\u00f6rslag till inkomster och utgifter inh\u00e4mtades, att n\u00e4mnda styrelse under det kommande \u00e5ret hade att p\u00e5r\u00e4kna en inkomst av 1 419 mark, personella fattigmedel inber\u00e4knade. Utgifterna var ber\u00e4knade till 5\u00a0490 mark, av vilken summa allts\u00e5 4 071 mark borde f\u00f6r fattigv\u00e5rden fr\u00e5n kommunen uttaxeras. S\u00e5v\u00e4l kommunaln\u00e4mndens som fattigv\u00e5rdsstyrelsens f\u00f6ren\u00e4mnda f\u00f6rslag blev av st\u00e4mman godk\u00e4nda.<\/p>\n<p>Vid samma st\u00e4mma anst\u00e4lldes val till de befattningar f\u00f6r n\u00e4stkommande tre\u00e5rsperiod, som vid \u00e5rets utg\u00e5ng blivit lediga, och h\u00e4r valdes till ordf\u00f6rande vid kommunalst\u00e4mman folkskoll\u00e4raren J. J. Wadstr\u00f6m, till ordf\u00f6rande i fattigv\u00e5rdsstyrelsen pastor D. A. Hannelius och till ordf. i kommunaln\u00e4mnden bonden Karl Bj\u00f6rses. Dessutom valdes ett st\u00f6rre antal personer, som skall tj\u00e4nstg\u00f6ra som ledam\u00f6ter i kommunaln\u00e4mnden, fattigv\u00e5rdsstyrelsen, direktionen f\u00f6r kommunens brandstodsf\u00f6rening samt s\u00e5som f\u00f6rst\u00e4rkningsledam\u00f6ter i taxeringsn\u00e4mnden \u00e4vensom s\u00e5som tillsyningsm\u00e4n f\u00f6r h\u00e4lso- och sjukv\u00e5rdens befr\u00e4mjande och \u00f6vervakande.<\/p>\n<p>S\u00e5gar och andra till n\u00e4ringen h\u00f6rande inr\u00e4ttningar finnas nu r\u00e4tt m\u00e5nga inom kommunen. Utom Storfors s\u00e5g, d\u00e4r ansenliga m\u00e4ngder stockar \u00e5rligen blivit s\u00e5gade \u00e4vensom den d\u00e4rtill n\u00e4rbel\u00e4gna P\u00e4rus s\u00e5g, uppf\u00f6res op Ragnarsvik s\u00e5gplats en s\u00e5g av en aff\u00e4rsman i Kristinestad, s\u00e5 att inom kort finnas det tre tidsenliga s\u00e5ginr\u00e4ttningar p\u00e5 en kilometers omr\u00e5de. Man m\u00e5tte befara, huruvida inte konkurrensen skall bli f\u00f6r tryckande, i synnerhet d\u00e5 skogarna i nejden under de senaste \u00e5ren blivit illa \u00e5tg\u00e5ngna.<\/p>\n<p>Eldsv\u00e5dor har under h\u00f6sten intr\u00e4ffat ett par g\u00e5nger. Nu senast nedbrann en bonden Br\u00e4nn tillh\u00f6rig ribyggnad. Beklagligtvis saknas sprutor och annan n\u00f6dig brandredskap vid dylika tillf\u00e4llen. Ett lagbud, genom vilket kommunerna skulle f\u00f6rpliktigas att anskaffa beh\u00f6vliga brandredskap, vore sannerligen inte ur v\u00e4gen.<\/p>\n<p>Allm\u00e4nt klagas, att f\u00f6r den sk\u00f6rd som jordbruket l\u00e4mnat betalas f\u00f6r litet, varf\u00f6r penningbrist \u00e4r allm\u00e4nt r\u00e5dande till dess m\u00f6jligen andra f\u00f6rv\u00e4rvsk\u00e4llor yppar sig. Under senaste tiden har man alltmera b\u00f6rjat \u00e4gna sin uppm\u00e4rksamhet \u00e5t en mera vinstgivande ladug\u00e5rdssk\u00f6tsel och d\u00e4rmed f\u00f6renad sundare mj\u00f6lkhush\u00e5llning. Dock kan man l\u00e4tt iaktta att allm\u00e4nheten p\u00e5 flera st\u00e4llen, famlar i ovisshet om r\u00e4tta s\u00e4ttet att uppn\u00e5 ett f\u00f6rsvarligt resultat. S\u00e5 t.ex. har en del hemmans\u00e4gare f\u00f6r egen del anskaffat handseparatorer, n\u00e5got som flera har \u00e5ngrat, f\u00f6r att dylika \u00e4r f\u00f6r dyra f\u00f6r de ladug\u00e5rdar p\u00e5 6 \u2013 10 kor, vilket \u00e4r det vanligaste. P\u00e5 ett hemman med n\u00e5gra tiotal kor torde en handseparator f\u00f6rsvara sin plats, f\u00f6rutsatt att en f\u00f6rnuftig och tidsenlig sm\u00f6rtillverkning f\u00f6ljer p\u00e5 skumningen. Emellertid torde det sist n\u00e4mnda inte p\u00e5 l\u00e5ngt n\u00e4r vara fallet, \u00e5tminstone kan den produkt, som alstras, inte vara l\u00e4mplig f\u00f6r den Engelska sm\u00f6rmarknaden, trots att en och annan dristat sig dit avyttra sin vara. F\u00f6ren\u00e4mnda omst\u00e4ndigheter tyder dock p\u00e5, att man numera b\u00f6rjat rikta sin blick p\u00e5 den hittils f\u00f6rsummade ladug\u00e5rdssk\u00f6tseln. Detta framg\u00e5r \u00e4ven d\u00e4rav, att det p\u00e5 orten varande \u00e5ngmejeriet, som tidtals f\u00f6rt ett tynande liv, alltmera vinner allm\u00e4nhetens f\u00f6rtroende.<\/p>\n<p>Tv\u00e5 st\u00e5tliga \u00e4lgar visade sig f\u00f6r n\u00e5gon tid sedan p\u00e5 Dagsmart bys \u00e4gor, d\u00e4r de betade i allsk\u00f6ns maklighet.<\/p>\n<p><span style=\"color: #000080;\">22.11.1894 Wasa Tidning:<\/span><\/p>\n<p>\u00d6verfall p\u00e5 allm\u00e4n landsv\u00e4g. Redan f\u00f6r n\u00e5gon tid sedan visste ett rykte ber\u00e4tta, att tv\u00e5 handlande, som befann sig p\u00e5 resa fr\u00e5n Wasa till Bj\u00f6rneborg, blivit \u00f6verfallna p\u00e5 allm\u00e4nna landsv\u00e4gen i Lappfj\u00e4rd. I brev till sitt hem i Wasa, som anl\u00e4nde i g\u00e5r fr\u00e5n Bj\u00f6rneborg, bekr\u00e4ftar den ene resen\u00e4ren ryktet om \u00f6verfallet. De tv\u00e5 resandena hade hunnit ungef\u00e4r tre verst <span style=\"color: #000080;\">(verst \u00e4r ett ryskt l\u00e4ngdm\u00e5tt, 1\u00a0066 meter)<\/span> fr\u00e5n Lappfj\u00e4rd g\u00e4stgiveri, d\u00e5 n\u00e5gra karlar rusade fram och slog med ett vedtr\u00e4 den ene resanden i huvudet s\u00e5 v\u00e5ldsamt, att han n\u00e4stan f\u00f6rlorade medvetandet. Den slagnes kamrat beredde sig d\u00e5 att skjuta p\u00e5 v\u00e5ldsverkarna, som emellertid fann f\u00f6r gott att f\u00f6rsvinna i skogen. Dylika \u00f6verfall l\u00e4r vara l\u00e5ngt ifr\u00e5n ovanliga uti ifr\u00e5gavarande trakt, enligt vad man ber\u00e4ttat f\u00f6r de nu antastade resen\u00e4rerna.<\/p>\n<p>&nbsp;<\/p>\n","protected":false},"excerpt":{"rendered":"<p>14.2.1894 Veckobladet, artiklarna skrivna av J.J. Wadstr\u00f6m: Runebergsdagen i m\u00e5ndags firades i Dagsmark, H\u00e4rkmeri och Lappfj\u00e4rd kyrkobys folkskolor h\u00e4rst\u00e4des festligt, varvid utom s\u00e5ng och deklamation, f\u00f6redrag h\u00f6lls om Runebergs fosterl\u00e4ndska betydelse. Skolorna hade hela dagen ledighet. Liv och r\u00f6relse \u00e4r <a class=\"more-link\" href=\"https:\/\/www.kristinestadshistoria.fi\/?page_id=8637\">Forts\u00e4tt l\u00e4sa <span class=\"screen-reader-text\">  Tidningsartiklar fr\u00e5n \u00e5r 1894.<\/span><span class=\"meta-nav\">&rarr;<\/span><\/a><\/p>\n","protected":false},"author":1,"featured_media":0,"parent":8548,"menu_order":1894,"comment_status":"closed","ping_status":"closed","template":"","meta":{"footnotes":""},"class_list":["post-8637","page","type-page","status-publish","hentry"],"_links":{"self":[{"href":"https:\/\/www.kristinestadshistoria.fi\/index.php?rest_route=\/wp\/v2\/pages\/8637","targetHints":{"allow":["GET"]}}],"collection":[{"href":"https:\/\/www.kristinestadshistoria.fi\/index.php?rest_route=\/wp\/v2\/pages"}],"about":[{"href":"https:\/\/www.kristinestadshistoria.fi\/index.php?rest_route=\/wp\/v2\/types\/page"}],"author":[{"embeddable":true,"href":"https:\/\/www.kristinestadshistoria.fi\/index.php?rest_route=\/wp\/v2\/users\/1"}],"replies":[{"embeddable":true,"href":"https:\/\/www.kristinestadshistoria.fi\/index.php?rest_route=%2Fwp%2Fv2%2Fcomments&post=8637"}],"version-history":[{"count":9,"href":"https:\/\/www.kristinestadshistoria.fi\/index.php?rest_route=\/wp\/v2\/pages\/8637\/revisions"}],"predecessor-version":[{"id":8650,"href":"https:\/\/www.kristinestadshistoria.fi\/index.php?rest_route=\/wp\/v2\/pages\/8637\/revisions\/8650"}],"up":[{"embeddable":true,"href":"https:\/\/www.kristinestadshistoria.fi\/index.php?rest_route=\/wp\/v2\/pages\/8548"}],"wp:attachment":[{"href":"https:\/\/www.kristinestadshistoria.fi\/index.php?rest_route=%2Fwp%2Fv2%2Fmedia&parent=8637"}],"curies":[{"name":"wp","href":"https:\/\/api.w.org\/{rel}","templated":true}]}}