{"id":8548,"date":"2018-05-25T21:14:07","date_gmt":"2018-05-25T19:14:07","guid":{"rendered":"http:\/\/www.lassebacklund.fi\/?page_id=8548"},"modified":"2023-08-01T20:22:19","modified_gmt":"2023-08-01T17:22:19","slug":"tidningsartiklar-fran-1890-talet-2","status":"publish","type":"page","link":"https:\/\/www.kristinestadshistoria.fi\/?page_id=8548","title":{"rendered":"Tidningsartiklar fr\u00e5n 1890-talet."},"content":{"rendered":"<p>Det skrevs mycket om Kristinestad, Lappfj\u00e4rd och Dagsmark i tidningarna p\u00e5 1890-talet. V\u00e4lj ett passligt \u00e5rtal genom att trycka p\u00e5\u00a0 en rubrik h\u00e4r under.<\/p>\n<h4><a href=\"https:\/\/www.kristinestadshistoria.fi\/?page_id=26988\"><strong>-Urklipp fr\u00e5n \u00e5r 1890<\/strong><\/a><\/h4>\n<h4><a href=\"http:\/\/www.kristinestadshistoria.fi\/?page_id=8556\"><strong>-Urklipp fr\u00e5n \u00e5r 1891.<\/strong><\/a><\/h4>\n<h4><a href=\"http:\/\/www.kristinestadshistoria.fi\/?page_id=8582\"><strong>-Urklipp fr\u00e5n \u00e5r 1892.<\/strong><\/a><\/h4>\n<h4><a href=\"http:\/\/www.kristinestadshistoria.fi\/?page_id=8615\"><strong>-Urklipp fr\u00e5n \u00e5r 1893.<\/strong><\/a><\/h4>\n<h4><a href=\"http:\/\/www.kristinestadshistoria.fi\/?page_id=8637\"><strong>-Urklipp fr\u00e5n \u00e5r 1894.<\/strong><\/a><\/h4>\n<h4><a href=\"http:\/\/www.kristinestadshistoria.fi\/?page_id=9547\"><strong>-Urklipp fr\u00e5n \u00e5r 1895.<\/strong><\/a><\/h4>\n<h4><a href=\"http:\/\/www.kristinestadshistoria.fi\/?page_id=14059\"><strong>-Urklipp fr\u00e5n \u00e5r 1896.<\/strong><\/a><\/h4>\n<h4><a href=\"http:\/\/www.kristinestadshistoria.fi\/?page_id=13282\"><strong>-Urklipp fr\u00e5n \u00e5r 1897.<\/strong><\/a><\/h4>\n<h4><a href=\"http:\/\/www.kristinestadshistoria.fi\/?page_id=13367\"><strong>-Urklipp fr\u00e5n \u00e5r 1898.<\/strong><\/a><\/h4>\n<h4><a href=\"http:\/\/www.kristinestadshistoria.fi\/?page_id=8562\"><strong>-Urklipp fr\u00e5n \u00e5r 1899.<\/strong><\/a><\/h4>\n<h6><\/h6>\n","protected":false},"excerpt":{"rendered":"<p>Det skrevs mycket om Kristinestad, Lappfj\u00e4rd och Dagsmark i tidningarna p\u00e5 1890-talet. V\u00e4lj ett passligt \u00e5rtal genom att trycka p\u00e5\u00a0 en rubrik h\u00e4r under. -Urklipp fr\u00e5n \u00e5r 1890 -Urklipp fr\u00e5n \u00e5r 1891. -Urklipp fr\u00e5n \u00e5r 1892. -Urklipp fr\u00e5n \u00e5r 1893. <a class=\"more-link\" href=\"https:\/\/www.kristinestadshistoria.fi\/?page_id=8548\">Forts\u00e4tt l\u00e4sa <span class=\"screen-reader-text\">  Tidningsartiklar fr\u00e5n 1890-talet.<\/span><span class=\"meta-nav\">&rarr;<\/span><\/a><\/p>\n","protected":false},"author":1,"featured_media":0,"parent":21016,"menu_order":1890,"comment_status":"closed","ping_status":"closed","template":"","meta":{"footnotes":""},"class_list":["post-8548","page","type-page","status-publish","hentry"],"_links":{"self":[{"href":"https:\/\/www.kristinestadshistoria.fi\/index.php?rest_route=\/wp\/v2\/pages\/8548","targetHints":{"allow":["GET"]}}],"collection":[{"href":"https:\/\/www.kristinestadshistoria.fi\/index.php?rest_route=\/wp\/v2\/pages"}],"about":[{"href":"https:\/\/www.kristinestadshistoria.fi\/index.php?rest_route=\/wp\/v2\/types\/page"}],"author":[{"embeddable":true,"href":"https:\/\/www.kristinestadshistoria.fi\/index.php?rest_route=\/wp\/v2\/users\/1"}],"replies":[{"embeddable":true,"href":"https:\/\/www.kristinestadshistoria.fi\/index.php?rest_route=%2Fwp%2Fv2%2Fcomments&post=8548"}],"version-history":[{"count":25,"href":"https:\/\/www.kristinestadshistoria.fi\/index.php?rest_route=\/wp\/v2\/pages\/8548\/revisions"}],"predecessor-version":[{"id":26992,"href":"https:\/\/www.kristinestadshistoria.fi\/index.php?rest_route=\/wp\/v2\/pages\/8548\/revisions\/26992"}],"up":[{"embeddable":true,"href":"https:\/\/www.kristinestadshistoria.fi\/index.php?rest_route=\/wp\/v2\/pages\/21016"}],"wp:attachment":[{"href":"https:\/\/www.kristinestadshistoria.fi\/index.php?rest_route=%2Fwp%2Fv2%2Fmedia&parent=8548"}],"curies":[{"name":"wp","href":"https:\/\/api.w.org\/{rel}","templated":true}]}}