{"id":8429,"date":"2018-05-06T08:44:05","date_gmt":"2018-05-06T06:44:05","guid":{"rendered":"http:\/\/www.lassebacklund.fi\/?page_id=8429"},"modified":"2018-05-06T08:44:05","modified_gmt":"2018-05-06T06:44:05","slug":"haxan-brita-larsdotter-brand-pa-bal","status":"publish","type":"page","link":"https:\/\/www.kristinestadshistoria.fi\/?page_id=8429","title":{"rendered":"H\u00e4xan Brita Larsdotter br\u00e4nd p\u00e5 b\u00e5l."},"content":{"rendered":"<p><span style=\"color: #000080;\">L\u00e4raren och historikern Edvin Skogberg skrev denna artikel som inf\u00f6rdes i Wasa Tidning 2.5.1884. Texten \u00e4r korrigerad, s\u00e5 att den \u00e4r mera l\u00e4sbar.<\/span><\/p>\n<p>I Kristinestad levde en gift hustru vid namn Brita Larsdotter, vars hj\u00e4lp ofta anlitades f\u00f6r botande av sjukdomar eller i andra fall, d\u00e5 \u00f6vernaturliga medel ans\u00e5gs vara av n\u00f6den f\u00f6r vinnandet av n\u00e5got \u00e4ndam\u00e5l. Men emedan hon annars synes ha varit av ett elakt och h\u00e4mndgirigt lynne, r\u00e5kade hon snart i ont rykte. Samma makt, varmed hon var i st\u00e5nd att bota och bist\u00e5 m\u00e4nniskor, kunde ju \u00e4ven tj\u00e4na henne till att skada och f\u00f6rg\u00f6ra hennes fiender. Hon var kort sagt i f\u00f6rbund med dj\u00e4vulen och f\u00f6rtj\u00e4nade s\u00e5som h\u00e4xa det i lagen stadgade h\u00e5rda straffet f\u00f6r trolldom. Den olyckliga kvinnan drogs inf\u00f6r r\u00e4tta \u00e5r 1675, anklagad av ingen mindre \u00e4n Kerstin Karlsdotter som var sj\u00e4lva borgm\u00e4staren Johan Hanssons hustru, f\u00f6r att hon av h\u00e4mndlystnad genom trolldom har bragt sjukdomar \u00f6ver hela dennas familj. Borgm\u00e4staren sj\u00e4lv hade i \u00e5tta \u00e5r lidit av blodst\u00f6rtning, svaghet och sv\u00e5r v\u00e4rk i hela kroppen. Hustrun hade samtidigt insjuknat i en hals\u00e5komma och deras b\u00e5da s\u00f6ner hade \u00e4ven insjuknat och d\u00f6tt, den ene d\u00e4rtill under h\u00f6gst besynnerliga omst\u00e4ndigheter.<\/p>\n<p>Orsaken till Britas hat mot borgm\u00e4starfamiljen f\u00f6rklarades h\u00e4rr\u00f6ra av f\u00f6ljande tilldragelse. Kerstin Karlsdotter hade en dag s\u00e4nt efter henne f\u00f6r att erh\u00e5lla upplysning om, huru hon \u201duti br\u00e4nvinet&#8221; skulle bruka det medicin,\u00a0som hon tidigare hade erh\u00e5llit av Brita f\u00f6r att anv\u00e4ndas som l\u00e4kemedel f\u00f6r hennes man. Brita kom och l\u00e4mnade de \u00f6nskade upplysningarna och b\u00f6rjade d\u00e4rp\u00e5 klaga \u00f6ver sin sv\u00e5ra fattigdom samt tackade f\u00f6r de f\u00f6rut erh\u00e5llna penningar men tillade att hennes man druckit upp dem i \u201dmomma&#8221; (mumma, tyskt \u00f6l). Brita hade d\u00e4refter mycket larmat \u00f6ver sin man och slutligen sagt: \u201dGud gifve fanen honom alla redo&#8221;.<\/p>\n<p>Borgm\u00e4starens hustru hade d\u00e5 f\u00f6rebr\u00e5tt hennes uppf\u00f6rande mot mannen och sagt: \u201dhvarf\u00f6r \u00e4r du s\u00e5 s\u00f6t och k\u00e4rlig inf\u00f6r \u00f6gonen, n\u00e4r du baktalar honom sedan? Du m\u00e5ste vara en farlig kvinna. N\u00e4r du \u00e4r s\u00e5 falsk mot din egen man, vad skall du d\u00e5 vara mot andra?&#8221; \u00d6ver dessa och andra \u00e5t henne gjorda f\u00f6rebr\u00e5elser hade d\u00e5 Brita blivit arg och svarat: \u201dAlltid sn\u00e4ste ni \u00e5t mig. Ni kommer att \u00e5ngra det&#8221;. H\u00e4rtill hade borgm\u00e4starens hustru yttrat\u0084\u201dVad skall jag \u00e5ngra mig? Du har \u00f6nskat olycka f\u00f6r mig till f\u00f6rene,&#8221; samt slagit henne p\u00e5 munnen och i ansiktet.<\/p>\n<p>Britas man Hans Larsson inlade h\u00e4rvid f\u00f6r r\u00e4tten en skrift om blods\u00e5r och bl\u00e5nad, som vid sagda tillf\u00e4lle skulle ha tillfogats hans hustru. En m\u00e4ngd vittnen kallades fram och avh\u00f6rdes p\u00e5 ed, som intygade, att Brita Larsdotter vid \u00e5tskilliga tillf\u00e4llen f\u00f6rbannat och \u00f6nskat olycka \u00e5t borgm\u00e4staren, eller s\u00e5 anf\u00f6rde de andra bevis p\u00e5 hennes trolldom. Av dessa m\u00e5 n\u00e5gra som prov anf\u00f6ras.<\/p>\n<p>En man fr\u00e5n staden ber\u00e4ttade, att en trollkona fr\u00e5n Nerpes, som kallades Loppan, som sedan blev br\u00e4nd p\u00e5 b\u00e5l, vid ett bes\u00f6k hos honom varit borta hela V\u00e5rfrudagsnatten. V\u00e5rfrudagsnatten \u00e4r samma som Maria beb\u00e5delsedag och \u00e4r en viktig dag i h\u00e4xerikretsar. Sedan hade hon inte velat svara, var hon hade varit men slutligen m\u00e5ste hon bek\u00e4nna, det hon hade varit hos Hans Larssons hustru Brita f\u00f6r att l\u00e4ra denna att st\u00e4mma blod.<\/p>\n<p>En fattig \u00e4nka vittnade, att hon en g\u00e5ng besv\u00e4rat sig f\u00f6r Brita \u201ddet gud vet jag \u00e4r en fattig enka och skall ofta g\u00e5 p\u00e5 r\u00e5dstugan. Huru skall jag b\u00e4ra mig \u00e5t? Jag tycker det g\u00e5r allt emot mig&#8221;. Brita hade d\u00e5 svarat: \u201dJag vill l\u00e4ra dig, hur borgm\u00e4staren och hans hustru skall h\u00e5lla av dig. Kom och f\u00f6lj mig&#8221;. S\u00e5 gick de till skogs. Brita tog en kniv, kl\u00f6v ett r\u00f6nntr\u00e4d, s\u00e5 att delarna upptill satt ihop och gick d\u00e4rigenom tre g\u00e5nger barhuvad och i blotta linnet, uttalande ord, som de andra inte h\u00f6rde.<\/p>\n<p>Den anklagade Brita Larsdotter erk\u00e4nde att hon hade h\u00f6rt av andra, att man skall g\u00f6ra s\u00e5 f\u00f6r sjukdom och f\u00f6rf\u00f6ljelse, och p\u00e5stod att ocks\u00e5 vittnet vid ifr\u00e5gavarande tillf\u00e4lle hade g\u00e5tt igenom r\u00f6nnporten. Den vittnande \u00e4nkan nekade dock att hon gjort s\u00e5dant, till och med under ed.<\/p>\n<p>Ytterligare anf\u00f6rdes, att Brita hade sagt, det man kunde f\u00e5 se, vem som under \u00e5ret kommer att d\u00f6, om man om natten mot V\u00e5rfrudagen \u201dbiter brodd&#8221; och med h\u00e4nderna bakom ryggen g\u00e5r bak i kyrkan samt d\u00e4r tar brodden och s\u00e4tter den mellan huvudet och m\u00f6ssan. Likaledes skulle man f\u00e5 se sin \u201dskepnad&#8221;, om man p\u00e5 julaftonen st\u00f6pte tenn i vatten. Detta hade vittnet ocks\u00e5 f\u00f6rs\u00f6kt, men hade d\u00e4rvid br\u00e4nt sin hand r\u00e4tt illa.<\/p>\n<p>H\u00e4rtill anm\u00e4rkte Brita, det hon p\u00e5 sin hemort hade l\u00e4rt sig av en tysk trumpetarhustru<\/p>\n<p>l\u00e4rt sig att om man med handen tar brodd, vrider den till en krans och s\u00e4tter den p\u00e5 huvudet, skall man i kyrkan se alla de, som \u00e4r trollk\u00e4ringar och de skall ha en bytta p\u00e5 huvudet. Att Brita sj\u00e4lv skulle ha idkat detta underg\u00f6rande \u201dbroddbitande&#8221; nekade hon till best\u00e4mt, trots att flera vittnen intygade, att hon vid \u00e5tskilliga tillf\u00e4llen gjort det.<\/p>\n<p>En herr Hertz hustru betygade \u201dmed gr\u00e5tande t\u00e5rar&#8221;, att hon sett den anklagade l\u00e4gga i \u00f6lbrygd \u201den lerkopp och likgr\u00e4s med fyra blad&#8221;. De hade vid detta tillf\u00e4lle talat om ett gr\u00e4s, som heter ormbunke. Detta skulle tagas om midsommaraftonen, varvid man fick \u00f6nska sig rikedom, visdom och duglighet. Brita hade \u00e4ven lovat att, om hon vore ett s\u00f6ndagsbarn, l\u00e4ra henne, huru hon skulle bedja f\u00f6r sin ov\u00e4n, n\u00e4r instiftelseorden l\u00e4sas.<\/p>\n<p>Kallsinnighet makar emellan hade den anklagade l\u00e4rt en annan kvinna att \u00e5v\u00e4gabringa d\u00e4rmed, att hon skulle ta en sten och l\u00e4gga tillreds under b\u00e4nken och, n\u00e4r de kommer och s\u00e4tter sig ned, l\u00e5tsas leta mellan dem och d\u00e4rvid l\u00e4gga stenen mellan deras f\u00f6tter och s\u00e4ga: s\u00e5 h\u00e5rd och s\u00e5 kall som stenen \u00e4r, s\u00e5 h\u00e5rt och s\u00e5 kallt skall det vara mellan dem.<\/p>\n<p>M\u00e5nga vittnen klagade p\u00e5 att genast efter att de p\u00e5 n\u00e5got s\u00e4tt n\u00e4rmat sig Brita Larsdotter ha lidit all slags skada och of\u00e4rd. En piga hos borgm\u00e4staren t. ex. hade en g\u00e5ng, d\u00e5 hon var sysselsatt med att br\u00e4nna br\u00e4nnvin av Brita anmodats att ge henne eld och drank. Det gjorde hon inte, men l\u00e4t henne smaka p\u00e5 br\u00e4nnvinet. F\u00f6ljden var, att br\u00e4nvinet blev sk\u00e4mt och att pigan d\u00e4refter ingen lycka haft d\u00e4rmed.<\/p>\n<p>En borgare\u00e4nka anf\u00f6rde, att hennes avlidna man i tiden av den anklagade kr\u00e4vt penningar, som hon var skyldig honom, men insjuknade strax d\u00e4rp\u00e5. Oaktat han misst\u00e4nkte Brita, hade han dock beg\u00e4rt bot av henne. Hon hade i badstugan\u201dl\u00e4st i br\u00e4nnvin&#8221; och smort honom med detta. Mannen tillfrisknade, men blev \u00e5ter sjuk. Ny \u201domlagning&#8221; f\u00f6retogs, men borgaren blev bara s\u00e4mre och dog efter det. Att Brita hade f\u00f6rgjort honom, tycktes klarligen bevisas av att hon f\u00f6rbjudit hustrun att tala om de av henne verkst\u00e4llda sm\u00f6rjningarna.<\/p>\n<p>Stadens skomakare hade gjort tv\u00e5 par skor \u00e5t henne och kr\u00e4vt henne f\u00f6r betalningen. F\u00f6rargad hade trollkonan Brita Larsdotter svurit, att skomakaren nog skulle f\u00e5 \u201dsin l\u00f6n&#8221;, och \u00e4nnu samma dag hade han stuckit sig med sylen mitt i handen, s\u00e5 att han i m\u00e5nga veckor hade\u201dpinats som en mask&#8221; och ett finger helt och h\u00e5llet kroknade. \u2014<\/p>\n<p>\u00c4ven \u00e5t m\u00e5nga andra av sina fiender hade Brita lovat \u201dderas l\u00f6n&#8221;, och dessa hade inom kort avlidit. F\u00f6r flera andra hade hon f\u00f6rst\u00f6rt \u00f6lbrygden, kornas mj\u00f6lkning m. m.<\/p>\n<p>Det blir alltf\u00f6r vidlyftigt att r\u00e4kna upp alla de d\u00e5raktiga beskyllningar, som de vidskepliga m\u00e4nniskorna framst\u00e4llde s\u00e5som bevis p\u00e5 h\u00e4xans brottslighet. Att de sj\u00e4lva var fullt \u00f6vertygade om vittnesm\u00e5lens vikt och bindande kraft, synes av att p\u00e5 r\u00e4ttens fr\u00e5ga, huruvida n\u00e5gon av det n\u00e4rvarande av borgerskapet ville \u201dbefria&#8221; den anklagade, allts\u00e5 f\u00f6rklara sig tro p\u00e5 hennes oskuld, ingen enda tog hennes f\u00f6rsvar, utan alla avl\u00e4gsnade sig.<\/p>\n<p>Den r\u00e4ttsliga unders\u00f6kningen varade i tre och en halv m\u00e5nad. Tr\u00f6tt p\u00e5 att h\u00f6ra och besvara de vanvettiga beskyllningarna, kunde den pl\u00e5gade kvinnan p\u00e5 den sista tiden p\u00e5 inget vis f\u00f6rm\u00e5 sig att infinna sig inf\u00f6r r\u00e4tten. Som sk\u00e4l till sitt uteblivande skyllde hon ih\u00e4rdigt p\u00e5 sin sjuklighet. M\u00e5lets handl\u00e4ggning fortgick trots det. Britas man gjorde allt vad han kunde till hennes f\u00f6rsvar, men ingenting hj\u00e4lpte. Saken\u00a0blev underkastad hovr\u00e4ttens dom, och denna blev f\u00e4llande. Den 8 december 1677 blev Brita Larsdotter, s\u00e5som f\u00f6rvunnen till trolldom, avr\u00e4ttad och br\u00e4nd i Kristinestad.<\/p>\n","protected":false},"excerpt":{"rendered":"<p>L\u00e4raren och historikern Edvin Skogberg skrev denna artikel som inf\u00f6rdes i Wasa Tidning 2.5.1884. Texten \u00e4r korrigerad, s\u00e5 att den \u00e4r mera l\u00e4sbar. I Kristinestad levde en gift hustru vid namn Brita Larsdotter, vars hj\u00e4lp ofta anlitades f\u00f6r botande av <a class=\"more-link\" href=\"https:\/\/www.kristinestadshistoria.fi\/?page_id=8429\">Forts\u00e4tt l\u00e4sa <span class=\"screen-reader-text\">  H\u00e4xan Brita Larsdotter br\u00e4nd p\u00e5 b\u00e5l.<\/span><span class=\"meta-nav\">&rarr;<\/span><\/a><\/p>\n","protected":false},"author":1,"featured_media":0,"parent":7860,"menu_order":0,"comment_status":"closed","ping_status":"closed","template":"","meta":{"footnotes":""},"class_list":["post-8429","page","type-page","status-publish","hentry"],"_links":{"self":[{"href":"https:\/\/www.kristinestadshistoria.fi\/index.php?rest_route=\/wp\/v2\/pages\/8429","targetHints":{"allow":["GET"]}}],"collection":[{"href":"https:\/\/www.kristinestadshistoria.fi\/index.php?rest_route=\/wp\/v2\/pages"}],"about":[{"href":"https:\/\/www.kristinestadshistoria.fi\/index.php?rest_route=\/wp\/v2\/types\/page"}],"author":[{"embeddable":true,"href":"https:\/\/www.kristinestadshistoria.fi\/index.php?rest_route=\/wp\/v2\/users\/1"}],"replies":[{"embeddable":true,"href":"https:\/\/www.kristinestadshistoria.fi\/index.php?rest_route=%2Fwp%2Fv2%2Fcomments&post=8429"}],"version-history":[{"count":1,"href":"https:\/\/www.kristinestadshistoria.fi\/index.php?rest_route=\/wp\/v2\/pages\/8429\/revisions"}],"predecessor-version":[{"id":8430,"href":"https:\/\/www.kristinestadshistoria.fi\/index.php?rest_route=\/wp\/v2\/pages\/8429\/revisions\/8430"}],"up":[{"embeddable":true,"href":"https:\/\/www.kristinestadshistoria.fi\/index.php?rest_route=\/wp\/v2\/pages\/7860"}],"wp:attachment":[{"href":"https:\/\/www.kristinestadshistoria.fi\/index.php?rest_route=%2Fwp%2Fv2%2Fmedia&parent=8429"}],"curies":[{"name":"wp","href":"https:\/\/api.w.org\/{rel}","templated":true}]}}