{"id":8238,"date":"2018-04-07T08:51:08","date_gmt":"2018-04-07T06:51:08","guid":{"rendered":"http:\/\/www.lassebacklund.fi\/?page_id=8238"},"modified":"2018-04-07T08:51:08","modified_gmt":"2018-04-07T06:51:08","slug":"tankar-om-folkhogskolan","status":"publish","type":"page","link":"https:\/\/www.kristinestadshistoria.fi\/?page_id=8238","title":{"rendered":"Tankar om folkh\u00f6gskolan."},"content":{"rendered":"<p><span style=\"color: #000080;\">Artikel i tidskriften \u201dUngdomsv\u00e4nnen\u201d 1.7.1928.<\/span><\/p>\n<p>\u00bbKunskap leder ej fr\u00e5n v\u00e4gen, l\u00e4rdom stj\u00e4lper ej i diket!\u00bb<\/p>\n<p>\u2014 Sanningen i detta spr\u00e5k erk\u00e4nnes alltmer, vad tiden lider. Livet st\u00e4ller st\u00f6rre krav p\u00e5 den enskilde individen i samma m\u00e5n utvecklingen g\u00e5r fram\u00e5t. Alla vet, att kunskap \u00e4r makt, utan vilken man ej med framg\u00e5ng kan sk\u00f6ta sitt kall i livet. \u2014 Varje yrkesgren fr\u00e4mjas av sina egna skolor och ingen vill underskatta dem. Deras uppgift \u00e4r ju att l\u00e4gga grunden f\u00f6r ett blivande v\u00e4rv.<\/p>\n<p>\u00c4ven folkh\u00f6gskolan har sig anf\u00f6rtrodd en dyrbar uppgift. Den \u00e4r ingen fackskola. Inga fordringar har uppst\u00e4llts f\u00f6r resultatet av dess verksamhet. Den v\u00e4djar till varje elevs personliga intresse och energi. D\u00e4rf\u00f6r kan man i folkh\u00f6gskolan snart finna vad man egentligen har l\u00e4ggning f\u00f6r. \u2014 \u00bbFolkh\u00f6gskolans syftem\u00e5l \u00e4r ej att l\u00e4ra oss allt f\u00f6r livet, utan att l\u00e4ra oss leva livet\u00bb, har n\u00e5gon sagt. Just detta var Grundtvigs tanke, n\u00e4r han grundlade folkh\u00f6gskolan i sitt hemland Danmark. \u2014 F\u00f6r att f\u00f6rst\u00e5 id\u00e9n med en s\u00e5dan skola som folkh\u00f6gskolan kan vi st\u00e4lla oss n\u00e5gra fr\u00e5gor, och svaren skall visa klara linjer.<\/p>\n<p>Vi fr\u00e5gar f\u00f6rst: Vad \u00e4r egentligen nu m\u00e4nniskan och vartill b\u00f6r hon fostras? Svar: M\u00e4nniskan \u00e4r en evighetsvarelse och b\u00f6r fostras i enlighet med sin best\u00e4mmelse. Vilken \u00e4r d\u00e5 denna? \u00bbGud har i k\u00e4rlek f\u00f6rutbest\u00e4mt oss till barnaskap hos sig genom Jesus Kristus\u00bb, s\u00e4ger Paulus. D\u00e4r har vi den bas, p\u00e5 vilken folkh\u00f6gskolan r\u00e4tteligen skall bygga \u2014 Guds k\u00e4rlek i Kristus. P\u00e5 den basen byggde Grundtvig, n\u00e4r han tog initiativet f\u00f6r folkh\u00f6gskolan. Kristus f\u00f6r oss korsf\u00e4st b\u00f6r vara huvud\u00e4mnet i folkh\u00f6gskolans program. D\u00e4r s\u00e5 ej \u00e4r fallet har man f\u00f6rvanskat id\u00e9n, vantolkat skolans uppgift och f\u00f6r\u00e4ndrat dess ursprungliga karakt\u00e4r.<\/p>\n<p>M\u00e5ngen, som inte sj\u00e4lv g\u00e5tt i en folkh\u00f6gskola, ger den g\u00e4rna namnet \u00bbh\u00f6gf\u00e4rdsskola.\u00bb Det \u00e4r en or\u00e4tt beskyllning, ty just i folkh\u00f6gskolan b\u00f6rjar man inse, hur mycket man m\u00e5ste veta, f\u00f6r att veta hur litet man vet.<\/p>\n<p>Under senaste vinter var jag i tillf\u00e4lle att s\u00e5som elev \u00e5tnjuta undervisning i den Evangeliska Folkh\u00f6gskolan. N\u00e4r jag p\u00e5 h\u00f6sten skulle resa dit, kunde jag inte riktigt frig\u00f6ra mig fr\u00e5n tanken: m\u00e5nne det \u00e4nd\u00e5 bliva l\u00f6nt att uppoffra en hel vinter i folkh\u00f6gskolan? Nu s\u00e4ger jag: Mera \u00e4n s\u00e5! Man kan inte f\u00f6rklara vad allt man d\u00e4r f\u00e5tt; men man har liksom mottagit ett kapital, stort nog att utg\u00f6ra grundpl\u00e5t f\u00f6r kommande dagars verksamhet. Och vad mera \u00e4r: Kunskapen om vad man \u00e4r i sig sj\u00e4lv och vad man \u00e4r i Kristus f\u00f6rdjupas d\u00e4r. Att dagligen f\u00e5 h\u00f6ra om \u00bbFr\u00e4lsarens v\u00e4nskap\u00bb sk\u00e4nker en \u00bbn\u00e5dens gemenskap\u00bb. Den nya s\u00e5ngen om Lammet som slaktat \u00e4r f\u00f6r v\u00e5ra synders skull, \u00e4r riktigt v\u00e5r Evang. folkh\u00f6gskolas andedr\u00e4kt och den sk\u00e4nker hopp och f\u00f6rtr\u00f6stan f\u00f6r tiden samt f\u00f6rvissning om evigt liv.<\/p>\n<p>Unge v\u00e4n \u2014 som \u00e4nnu inte bevistat en folkh\u00f6gskola \u2014 tveka inte n\u00e4r tillf\u00e4lle ges dig att offra en vinter f\u00f6r en kurs i v\u00e5r egen folkh\u00f6gskola! Den tiden \u00e4r f\u00f6rvisso ej bortkastad. Man f\u00e5r d\u00e4r kunskap om mycket som man f\u00f6rut ej ens t\u00e4nkt p\u00e5.<\/p>\n<p>Den kunskap som folkh\u00f6gskolan b\u00f6r ge \u00e4r i huvudsak den, att man i sig sj\u00e4lv inte har n\u00e5gonting att ber\u00f6mma sig av. Att vara utrustad med f\u00f6rst\u00e5nd \u00e4r en g\u00e5va av Gud, f\u00f6r vilken han b\u00f6r \u00e4ras. Att se sig sj\u00e4lv vara ett intet \u00e4r den kunskap vi alla beh\u00f6ver, f\u00f6r att vi skall ta emot \u00bbGuds kraft\u00bb i Kristus Jesus. D\u00e5 har vi den kunskap, som \u00f6vervinner v\u00e4rlden: tron. Just detta vill v\u00e5r Evang. folkh\u00f6gskola insk\u00e4rpa i de ungas medvetande.<\/p>\n<p>Till sist en varm h\u00e4lsning till v\u00e5ra h\u00f6gaktade l\u00e4rare, rektor J. E. Sj\u00f6blad med fru \u2014 vilka burit den tyngsta b\u00f6rdan, ansvaret f\u00f6r allt \u2014 v\u00e5r avh\u00e5llna, glada l\u00e4rarinna Frk. Tyra Jansson samt flickornas avundade k\u00f6ksm\u00e4starinna, allas v\u00e5r sn\u00e4lla, pr\u00e4ktiga husmor Frk. Olivia Hollst\u00e9n. Haven tack f\u00f6r allt under \u00e5rskursen 1927\u201428. Min \u00f6nskan och b\u00f6n till Gud \u00e4r, att Ni samtliga m\u00e5 beredas m\u00f6jlighet och \u00e4ga krafter att \u00e5teruppta arbetet, n\u00e4r den 1 nov. anno 1928 \u00e4r inne. \u2014 Ett varmt tack \u00e4ven till skolans styrelse f\u00f6r allt det arbete den nedlagt f\u00f6r skolans b\u00e4sta, till alla dem som ih\u00e5gkommit oss med g\u00e5vor till skolan och kosth\u00e5llet, samt till alla predikanter, som bes\u00f6kte oss under vinterns lopp och uppmuntrade oss i tro och hopp. Ett hj\u00e4rtligt tack till Dagsmarkborna, f\u00f6r den v\u00e4lvilja och f\u00f6rst\u00e5else f\u00f6r v\u00e5r skola som de bevisat i sitt upptr\u00e4dande mot oss. Och till mina kamrater: V\u00e5r folkh\u00f6gskoletid blev kort. Vi \u00e4r alla \u00e5ter p\u00e5 vara respektive hemorter. Lyckliga var vi, n\u00e4r vi fick samlas omkring k\u00e4llan varom skriften vittnar. Lika lyckliga \u00e4r vi \u00e4ven nu \u2014 trots skilsm\u00e4ssan \u2014 om vi blott i forts\u00e4ttningen vilja njuta av samma kallspr\u00e5ng.<\/p>\n<p>Hela livet \u00e4r en skola och v\u00e5r l\u00e4rom\u00e4stare \u00e4r Gud sj\u00e4lv, hans Ande och ord. M\u00e5 vi blott alltid med skalden bedja: \u00bbLed oss att s\u00f6ka i allt vad vi l\u00e4ra Evige Fadrens k\u00e4rlek, makt och \u00e4ra; L\u00e5t oss i Sonens kunskap frukter b\u00e4ra. H\u00e4r f\u00f6r Guds rike!\u00bb J.S.S.<\/p>\n","protected":false},"excerpt":{"rendered":"<p>Artikel i tidskriften \u201dUngdomsv\u00e4nnen\u201d 1.7.1928. \u00bbKunskap leder ej fr\u00e5n v\u00e4gen, l\u00e4rdom stj\u00e4lper ej i diket!\u00bb \u2014 Sanningen i detta spr\u00e5k erk\u00e4nnes alltmer, vad tiden lider. Livet st\u00e4ller st\u00f6rre krav p\u00e5 den enskilde individen i samma m\u00e5n utvecklingen g\u00e5r fram\u00e5t. Alla <a class=\"more-link\" href=\"https:\/\/www.kristinestadshistoria.fi\/?page_id=8238\">Forts\u00e4tt l\u00e4sa <span class=\"screen-reader-text\">  Tankar om folkh\u00f6gskolan.<\/span><span class=\"meta-nav\">&rarr;<\/span><\/a><\/p>\n","protected":false},"author":1,"featured_media":0,"parent":8088,"menu_order":0,"comment_status":"closed","ping_status":"closed","template":"","meta":{"footnotes":""},"class_list":["post-8238","page","type-page","status-publish","hentry"],"_links":{"self":[{"href":"https:\/\/www.kristinestadshistoria.fi\/index.php?rest_route=\/wp\/v2\/pages\/8238","targetHints":{"allow":["GET"]}}],"collection":[{"href":"https:\/\/www.kristinestadshistoria.fi\/index.php?rest_route=\/wp\/v2\/pages"}],"about":[{"href":"https:\/\/www.kristinestadshistoria.fi\/index.php?rest_route=\/wp\/v2\/types\/page"}],"author":[{"embeddable":true,"href":"https:\/\/www.kristinestadshistoria.fi\/index.php?rest_route=\/wp\/v2\/users\/1"}],"replies":[{"embeddable":true,"href":"https:\/\/www.kristinestadshistoria.fi\/index.php?rest_route=%2Fwp%2Fv2%2Fcomments&post=8238"}],"version-history":[{"count":1,"href":"https:\/\/www.kristinestadshistoria.fi\/index.php?rest_route=\/wp\/v2\/pages\/8238\/revisions"}],"predecessor-version":[{"id":8239,"href":"https:\/\/www.kristinestadshistoria.fi\/index.php?rest_route=\/wp\/v2\/pages\/8238\/revisions\/8239"}],"up":[{"embeddable":true,"href":"https:\/\/www.kristinestadshistoria.fi\/index.php?rest_route=\/wp\/v2\/pages\/8088"}],"wp:attachment":[{"href":"https:\/\/www.kristinestadshistoria.fi\/index.php?rest_route=%2Fwp%2Fv2%2Fmedia&parent=8238"}],"curies":[{"name":"wp","href":"https:\/\/api.w.org\/{rel}","templated":true}]}}