{"id":7946,"date":"2018-03-26T17:27:38","date_gmt":"2018-03-26T15:27:38","guid":{"rendered":"http:\/\/www.lassebacklund.fi\/?page_id=7946"},"modified":"2018-03-26T17:50:43","modified_gmt":"2018-03-26T15:50:43","slug":"stupade-fran-kristinestadsomradet-1918","status":"publish","type":"page","link":"https:\/\/www.kristinestadshistoria.fi\/?page_id=7946","title":{"rendered":"Stupade fr\u00e5n Kristinestadsomr\u00e5det 1918."},"content":{"rendered":"<p>\u00c5r 1943 gav Svenska \u00d6sterbottens frihetsk\u00e4mpars f\u00f6rbund ut en bok, som heter &#8221;F\u00f6r frihet och f\u00e4dernesland&#8221; och den behandlar inb\u00f6rdeskriget 1918. Den \u00e4r skriven\u00a0av Gunnar Skrifvars, Verner Laxstr\u00f6m och Uno V. Siren och den trycktes p\u00e5 Vasabladets tryckeri. I\u00a0boken finns uppr\u00e4knade samtliga stupade i svenska \u00d6sterbotten och h\u00e4r under finns samlade de som stupade, hemma\u00a0fr\u00e5n Kristinestad, Lappfj\u00e4rd, Sideby och Tj\u00f6ck.<\/p>\n<p><img loading=\"lazy\" decoding=\"async\" class=\"size-full wp-image-7924 aligncenter\" src=\"http:\/\/www.lassebacklund.fi\/wp-content\/uploads\/2018\/03\/Krs-1.jpg\" alt=\"Krs 1\" width=\"891\" height=\"1397\" srcset=\"https:\/\/www.kristinestadshistoria.fi\/wp-content\/uploads\/2018\/03\/Krs-1.jpg 891w, https:\/\/www.kristinestadshistoria.fi\/wp-content\/uploads\/2018\/03\/Krs-1-191x300.jpg 191w, https:\/\/www.kristinestadshistoria.fi\/wp-content\/uploads\/2018\/03\/Krs-1-768x1204.jpg 768w, https:\/\/www.kristinestadshistoria.fi\/wp-content\/uploads\/2018\/03\/Krs-1-653x1024.jpg 653w\" sizes=\"auto, (max-width: 891px) 100vw, 891px\" \/>\u00a0<img loading=\"lazy\" decoding=\"async\" class=\"size-full wp-image-7925 aligncenter\" src=\"http:\/\/www.lassebacklund.fi\/wp-content\/uploads\/2018\/03\/Krs-2.jpg\" alt=\"Krs 2\" width=\"870\" height=\"447\" srcset=\"https:\/\/www.kristinestadshistoria.fi\/wp-content\/uploads\/2018\/03\/Krs-2.jpg 870w, https:\/\/www.kristinestadshistoria.fi\/wp-content\/uploads\/2018\/03\/Krs-2-300x154.jpg 300w, https:\/\/www.kristinestadshistoria.fi\/wp-content\/uploads\/2018\/03\/Krs-2-768x395.jpg 768w\" sizes=\"auto, (max-width: 870px) 100vw, 870px\" \/><\/p>\n<p><img loading=\"lazy\" decoding=\"async\" class=\"size-full wp-image-7926 aligncenter\" src=\"http:\/\/www.lassebacklund.fi\/wp-content\/uploads\/2018\/03\/Lap-1.jpg\" alt=\"Lap 1\" width=\"862\" height=\"1355\" srcset=\"https:\/\/www.kristinestadshistoria.fi\/wp-content\/uploads\/2018\/03\/Lap-1.jpg 862w, https:\/\/www.kristinestadshistoria.fi\/wp-content\/uploads\/2018\/03\/Lap-1-191x300.jpg 191w, https:\/\/www.kristinestadshistoria.fi\/wp-content\/uploads\/2018\/03\/Lap-1-768x1207.jpg 768w, https:\/\/www.kristinestadshistoria.fi\/wp-content\/uploads\/2018\/03\/Lap-1-651x1024.jpg 651w\" sizes=\"auto, (max-width: 862px) 100vw, 862px\" \/> <img loading=\"lazy\" decoding=\"async\" class=\"size-full wp-image-7927 aligncenter\" src=\"http:\/\/www.lassebacklund.fi\/wp-content\/uploads\/2018\/03\/Lap-2.jpg\" alt=\"Lap 2\" width=\"862\" height=\"1300\" srcset=\"https:\/\/www.kristinestadshistoria.fi\/wp-content\/uploads\/2018\/03\/Lap-2.jpg 862w, https:\/\/www.kristinestadshistoria.fi\/wp-content\/uploads\/2018\/03\/Lap-2-199x300.jpg 199w, https:\/\/www.kristinestadshistoria.fi\/wp-content\/uploads\/2018\/03\/Lap-2-768x1158.jpg 768w, https:\/\/www.kristinestadshistoria.fi\/wp-content\/uploads\/2018\/03\/Lap-2-679x1024.jpg 679w\" sizes=\"auto, (max-width: 862px) 100vw, 862px\" \/><\/p>\n<p>&nbsp;<\/p>\n<p><img loading=\"lazy\" decoding=\"async\" class=\"size-full wp-image-7928 aligncenter\" src=\"http:\/\/www.lassebacklund.fi\/wp-content\/uploads\/2018\/03\/Lap-3.jpg\" alt=\"Lap 3\" width=\"860\" height=\"1320\" srcset=\"https:\/\/www.kristinestadshistoria.fi\/wp-content\/uploads\/2018\/03\/Lap-3.jpg 860w, https:\/\/www.kristinestadshistoria.fi\/wp-content\/uploads\/2018\/03\/Lap-3-195x300.jpg 195w, https:\/\/www.kristinestadshistoria.fi\/wp-content\/uploads\/2018\/03\/Lap-3-768x1179.jpg 768w, https:\/\/www.kristinestadshistoria.fi\/wp-content\/uploads\/2018\/03\/Lap-3-667x1024.jpg 667w\" sizes=\"auto, (max-width: 860px) 100vw, 860px\" \/> <img loading=\"lazy\" decoding=\"async\" class=\"size-full wp-image-7929 aligncenter\" src=\"http:\/\/www.lassebacklund.fi\/wp-content\/uploads\/2018\/03\/Lap-4.jpg\" alt=\"Lap 4\" width=\"856\" height=\"1302\" srcset=\"https:\/\/www.kristinestadshistoria.fi\/wp-content\/uploads\/2018\/03\/Lap-4.jpg 856w, https:\/\/www.kristinestadshistoria.fi\/wp-content\/uploads\/2018\/03\/Lap-4-197x300.jpg 197w, https:\/\/www.kristinestadshistoria.fi\/wp-content\/uploads\/2018\/03\/Lap-4-768x1168.jpg 768w, https:\/\/www.kristinestadshistoria.fi\/wp-content\/uploads\/2018\/03\/Lap-4-673x1024.jpg 673w\" sizes=\"auto, (max-width: 856px) 100vw, 856px\" \/> <img loading=\"lazy\" decoding=\"async\" class=\"size-full wp-image-7930 aligncenter\" src=\"http:\/\/www.lassebacklund.fi\/wp-content\/uploads\/2018\/03\/Lap-5.jpg\" alt=\"Lap 5\" width=\"853\" height=\"1318\" srcset=\"https:\/\/www.kristinestadshistoria.fi\/wp-content\/uploads\/2018\/03\/Lap-5.jpg 853w, https:\/\/www.kristinestadshistoria.fi\/wp-content\/uploads\/2018\/03\/Lap-5-194x300.jpg 194w, https:\/\/www.kristinestadshistoria.fi\/wp-content\/uploads\/2018\/03\/Lap-5-768x1187.jpg 768w, https:\/\/www.kristinestadshistoria.fi\/wp-content\/uploads\/2018\/03\/Lap-5-663x1024.jpg 663w\" sizes=\"auto, (max-width: 853px) 100vw, 853px\" \/> <img loading=\"lazy\" decoding=\"async\" class=\"size-full wp-image-7931 aligncenter\" src=\"http:\/\/www.lassebacklund.fi\/wp-content\/uploads\/2018\/03\/Lap-6.jpg\" alt=\"Lap 6\" width=\"870\" height=\"1296\" srcset=\"https:\/\/www.kristinestadshistoria.fi\/wp-content\/uploads\/2018\/03\/Lap-6.jpg 870w, https:\/\/www.kristinestadshistoria.fi\/wp-content\/uploads\/2018\/03\/Lap-6-201x300.jpg 201w, https:\/\/www.kristinestadshistoria.fi\/wp-content\/uploads\/2018\/03\/Lap-6-768x1144.jpg 768w, https:\/\/www.kristinestadshistoria.fi\/wp-content\/uploads\/2018\/03\/Lap-6-687x1024.jpg 687w\" sizes=\"auto, (max-width: 870px) 100vw, 870px\" \/> <img loading=\"lazy\" decoding=\"async\" class=\"size-full wp-image-7932 aligncenter\" src=\"http:\/\/www.lassebacklund.fi\/wp-content\/uploads\/2018\/03\/Lap-7.jpg\" alt=\"Lap 7\" width=\"874\" height=\"1301\" srcset=\"https:\/\/www.kristinestadshistoria.fi\/wp-content\/uploads\/2018\/03\/Lap-7.jpg 874w, https:\/\/www.kristinestadshistoria.fi\/wp-content\/uploads\/2018\/03\/Lap-7-202x300.jpg 202w, https:\/\/www.kristinestadshistoria.fi\/wp-content\/uploads\/2018\/03\/Lap-7-768x1143.jpg 768w, https:\/\/www.kristinestadshistoria.fi\/wp-content\/uploads\/2018\/03\/Lap-7-688x1024.jpg 688w\" sizes=\"auto, (max-width: 874px) 100vw, 874px\" \/> <img loading=\"lazy\" decoding=\"async\" class=\"size-full wp-image-7933 aligncenter\" src=\"http:\/\/www.lassebacklund.fi\/wp-content\/uploads\/2018\/03\/Lap-8.jpg\" alt=\"Lap 8\" width=\"855\" height=\"1321\" srcset=\"https:\/\/www.kristinestadshistoria.fi\/wp-content\/uploads\/2018\/03\/Lap-8.jpg 855w, https:\/\/www.kristinestadshistoria.fi\/wp-content\/uploads\/2018\/03\/Lap-8-194x300.jpg 194w, https:\/\/www.kristinestadshistoria.fi\/wp-content\/uploads\/2018\/03\/Lap-8-768x1187.jpg 768w, https:\/\/www.kristinestadshistoria.fi\/wp-content\/uploads\/2018\/03\/Lap-8-663x1024.jpg 663w\" sizes=\"auto, (max-width: 855px) 100vw, 855px\" \/> <img loading=\"lazy\" decoding=\"async\" class=\"size-full wp-image-7934 aligncenter\" src=\"http:\/\/www.lassebacklund.fi\/wp-content\/uploads\/2018\/03\/Lap-9.jpg\" alt=\"Lap 9\" width=\"874\" height=\"1325\" srcset=\"https:\/\/www.kristinestadshistoria.fi\/wp-content\/uploads\/2018\/03\/Lap-9.jpg 874w, https:\/\/www.kristinestadshistoria.fi\/wp-content\/uploads\/2018\/03\/Lap-9-198x300.jpg 198w, https:\/\/www.kristinestadshistoria.fi\/wp-content\/uploads\/2018\/03\/Lap-9-768x1164.jpg 768w, https:\/\/www.kristinestadshistoria.fi\/wp-content\/uploads\/2018\/03\/Lap-9-675x1024.jpg 675w\" sizes=\"auto, (max-width: 874px) 100vw, 874px\" \/> <img loading=\"lazy\" decoding=\"async\" class=\"size-full wp-image-7935 aligncenter\" src=\"http:\/\/www.lassebacklund.fi\/wp-content\/uploads\/2018\/03\/Lap-10.jpg\" alt=\"Lap 10\" width=\"869\" height=\"1291\" srcset=\"https:\/\/www.kristinestadshistoria.fi\/wp-content\/uploads\/2018\/03\/Lap-10.jpg 869w, https:\/\/www.kristinestadshistoria.fi\/wp-content\/uploads\/2018\/03\/Lap-10-202x300.jpg 202w, https:\/\/www.kristinestadshistoria.fi\/wp-content\/uploads\/2018\/03\/Lap-10-768x1141.jpg 768w, https:\/\/www.kristinestadshistoria.fi\/wp-content\/uploads\/2018\/03\/Lap-10-689x1024.jpg 689w\" sizes=\"auto, (max-width: 869px) 100vw, 869px\" \/> <img loading=\"lazy\" decoding=\"async\" class=\"size-full wp-image-7936 aligncenter\" src=\"http:\/\/www.lassebacklund.fi\/wp-content\/uploads\/2018\/03\/Sid-1.jpg\" alt=\"Sid 1\" width=\"878\" height=\"1399\" srcset=\"https:\/\/www.kristinestadshistoria.fi\/wp-content\/uploads\/2018\/03\/Sid-1.jpg 878w, https:\/\/www.kristinestadshistoria.fi\/wp-content\/uploads\/2018\/03\/Sid-1-188x300.jpg 188w, https:\/\/www.kristinestadshistoria.fi\/wp-content\/uploads\/2018\/03\/Sid-1-768x1224.jpg 768w, https:\/\/www.kristinestadshistoria.fi\/wp-content\/uploads\/2018\/03\/Sid-1-643x1024.jpg 643w\" sizes=\"auto, (max-width: 878px) 100vw, 878px\" \/> <img loading=\"lazy\" decoding=\"async\" class=\"size-full wp-image-7937 aligncenter\" src=\"http:\/\/www.lassebacklund.fi\/wp-content\/uploads\/2018\/03\/Sid-2.jpg\" alt=\"Sid 2\" width=\"865\" height=\"1342\" srcset=\"https:\/\/www.kristinestadshistoria.fi\/wp-content\/uploads\/2018\/03\/Sid-2.jpg 865w, https:\/\/www.kristinestadshistoria.fi\/wp-content\/uploads\/2018\/03\/Sid-2-193x300.jpg 193w, https:\/\/www.kristinestadshistoria.fi\/wp-content\/uploads\/2018\/03\/Sid-2-768x1192.jpg 768w, https:\/\/www.kristinestadshistoria.fi\/wp-content\/uploads\/2018\/03\/Sid-2-660x1024.jpg 660w\" sizes=\"auto, (max-width: 865px) 100vw, 865px\" \/> <img loading=\"lazy\" decoding=\"async\" class=\"size-full wp-image-7938 aligncenter\" src=\"http:\/\/www.lassebacklund.fi\/wp-content\/uploads\/2018\/03\/Sid-3.jpg\" alt=\"Sid 3\" width=\"874\" height=\"1304\" srcset=\"https:\/\/www.kristinestadshistoria.fi\/wp-content\/uploads\/2018\/03\/Sid-3.jpg 874w, https:\/\/www.kristinestadshistoria.fi\/wp-content\/uploads\/2018\/03\/Sid-3-201x300.jpg 201w, https:\/\/www.kristinestadshistoria.fi\/wp-content\/uploads\/2018\/03\/Sid-3-768x1146.jpg 768w, https:\/\/www.kristinestadshistoria.fi\/wp-content\/uploads\/2018\/03\/Sid-3-686x1024.jpg 686w\" sizes=\"auto, (max-width: 874px) 100vw, 874px\" \/> <img loading=\"lazy\" decoding=\"async\" class=\"size-full wp-image-7939 aligncenter\" src=\"http:\/\/www.lassebacklund.fi\/wp-content\/uploads\/2018\/03\/Sid-4.jpg\" alt=\"Sid 4\" width=\"881\" height=\"1084\" srcset=\"https:\/\/www.kristinestadshistoria.fi\/wp-content\/uploads\/2018\/03\/Sid-4.jpg 881w, https:\/\/www.kristinestadshistoria.fi\/wp-content\/uploads\/2018\/03\/Sid-4-244x300.jpg 244w, https:\/\/www.kristinestadshistoria.fi\/wp-content\/uploads\/2018\/03\/Sid-4-768x945.jpg 768w, https:\/\/www.kristinestadshistoria.fi\/wp-content\/uploads\/2018\/03\/Sid-4-832x1024.jpg 832w\" sizes=\"auto, (max-width: 881px) 100vw, 881px\" \/> <img loading=\"lazy\" decoding=\"async\" class=\"size-full wp-image-7940 aligncenter\" src=\"http:\/\/www.lassebacklund.fi\/wp-content\/uploads\/2018\/03\/Sid-5.jpg\" alt=\"Sid 5\" width=\"879\" height=\"1232\" srcset=\"https:\/\/www.kristinestadshistoria.fi\/wp-content\/uploads\/2018\/03\/Sid-5.jpg 879w, https:\/\/www.kristinestadshistoria.fi\/wp-content\/uploads\/2018\/03\/Sid-5-214x300.jpg 214w, https:\/\/www.kristinestadshistoria.fi\/wp-content\/uploads\/2018\/03\/Sid-5-768x1076.jpg 768w, https:\/\/www.kristinestadshistoria.fi\/wp-content\/uploads\/2018\/03\/Sid-5-731x1024.jpg 731w\" sizes=\"auto, (max-width: 879px) 100vw, 879px\" \/> <img loading=\"lazy\" decoding=\"async\" class=\"size-full wp-image-7941 aligncenter\" src=\"http:\/\/www.lassebacklund.fi\/wp-content\/uploads\/2018\/03\/Sid-6.jpg\" alt=\"Sid 6\" width=\"862\" height=\"1177\" srcset=\"https:\/\/www.kristinestadshistoria.fi\/wp-content\/uploads\/2018\/03\/Sid-6.jpg 862w, https:\/\/www.kristinestadshistoria.fi\/wp-content\/uploads\/2018\/03\/Sid-6-220x300.jpg 220w, https:\/\/www.kristinestadshistoria.fi\/wp-content\/uploads\/2018\/03\/Sid-6-768x1049.jpg 768w, https:\/\/www.kristinestadshistoria.fi\/wp-content\/uploads\/2018\/03\/Sid-6-750x1024.jpg 750w\" sizes=\"auto, (max-width: 862px) 100vw, 862px\" \/> <img loading=\"lazy\" decoding=\"async\" class=\"size-full wp-image-7942 aligncenter\" src=\"http:\/\/www.lassebacklund.fi\/wp-content\/uploads\/2018\/03\/Tj\u00f6ck-1.jpg\" alt=\"Tj\u00f6ck 1\" width=\"883\" height=\"1248\" srcset=\"https:\/\/www.kristinestadshistoria.fi\/wp-content\/uploads\/2018\/03\/Tj\u00f6ck-1.jpg 883w, https:\/\/www.kristinestadshistoria.fi\/wp-content\/uploads\/2018\/03\/Tj\u00f6ck-1-212x300.jpg 212w, https:\/\/www.kristinestadshistoria.fi\/wp-content\/uploads\/2018\/03\/Tj\u00f6ck-1-768x1085.jpg 768w, https:\/\/www.kristinestadshistoria.fi\/wp-content\/uploads\/2018\/03\/Tj\u00f6ck-1-725x1024.jpg 725w\" sizes=\"auto, (max-width: 883px) 100vw, 883px\" \/> <img loading=\"lazy\" decoding=\"async\" class=\"size-full wp-image-7943 aligncenter\" src=\"http:\/\/www.lassebacklund.fi\/wp-content\/uploads\/2018\/03\/Tj\u00f6ck-2.jpg\" alt=\"Tj\u00f6ck 2\" width=\"883\" height=\"1309\" srcset=\"https:\/\/www.kristinestadshistoria.fi\/wp-content\/uploads\/2018\/03\/Tj\u00f6ck-2.jpg 883w, https:\/\/www.kristinestadshistoria.fi\/wp-content\/uploads\/2018\/03\/Tj\u00f6ck-2-202x300.jpg 202w, https:\/\/www.kristinestadshistoria.fi\/wp-content\/uploads\/2018\/03\/Tj\u00f6ck-2-768x1139.jpg 768w, https:\/\/www.kristinestadshistoria.fi\/wp-content\/uploads\/2018\/03\/Tj\u00f6ck-2-691x1024.jpg 691w\" sizes=\"auto, (max-width: 883px) 100vw, 883px\" \/> <img loading=\"lazy\" decoding=\"async\" class=\"size-full wp-image-7944 aligncenter\" src=\"http:\/\/www.lassebacklund.fi\/wp-content\/uploads\/2018\/03\/Tj\u00f6ck-3.jpg\" alt=\"Tj\u00f6ck 3\" width=\"874\" height=\"1320\" srcset=\"https:\/\/www.kristinestadshistoria.fi\/wp-content\/uploads\/2018\/03\/Tj\u00f6ck-3.jpg 874w, https:\/\/www.kristinestadshistoria.fi\/wp-content\/uploads\/2018\/03\/Tj\u00f6ck-3-199x300.jpg 199w, https:\/\/www.kristinestadshistoria.fi\/wp-content\/uploads\/2018\/03\/Tj\u00f6ck-3-768x1160.jpg 768w, https:\/\/www.kristinestadshistoria.fi\/wp-content\/uploads\/2018\/03\/Tj\u00f6ck-3-678x1024.jpg 678w\" sizes=\"auto, (max-width: 874px) 100vw, 874px\" \/> <img loading=\"lazy\" decoding=\"async\" class=\"size-full wp-image-7945 aligncenter\" src=\"http:\/\/www.lassebacklund.fi\/wp-content\/uploads\/2018\/03\/Tj\u00f6ck-4.jpg\" alt=\"Tj\u00f6ck 4\" width=\"882\" height=\"1314\" srcset=\"https:\/\/www.kristinestadshistoria.fi\/wp-content\/uploads\/2018\/03\/Tj\u00f6ck-4.jpg 882w, https:\/\/www.kristinestadshistoria.fi\/wp-content\/uploads\/2018\/03\/Tj\u00f6ck-4-201x300.jpg 201w, https:\/\/www.kristinestadshistoria.fi\/wp-content\/uploads\/2018\/03\/Tj\u00f6ck-4-768x1144.jpg 768w, https:\/\/www.kristinestadshistoria.fi\/wp-content\/uploads\/2018\/03\/Tj\u00f6ck-4-687x1024.jpg 687w\" sizes=\"auto, (max-width: 882px) 100vw, 882px\" \/><\/p>\n","protected":false},"excerpt":{"rendered":"<p>\u00c5r 1943 gav Svenska \u00d6sterbottens frihetsk\u00e4mpars f\u00f6rbund ut en bok, som heter &#8221;F\u00f6r frihet och f\u00e4dernesland&#8221; och den behandlar inb\u00f6rdeskriget 1918. Den \u00e4r skriven\u00a0av Gunnar Skrifvars, Verner Laxstr\u00f6m och Uno V. Siren och den trycktes p\u00e5 Vasabladets tryckeri. I\u00a0boken finns <a class=\"more-link\" href=\"https:\/\/www.kristinestadshistoria.fi\/?page_id=7946\">Forts\u00e4tt l\u00e4sa <span class=\"screen-reader-text\">  Stupade fr\u00e5n Kristinestadsomr\u00e5det 1918.<\/span><span class=\"meta-nav\">&rarr;<\/span><\/a><\/p>\n","protected":false},"author":1,"featured_media":0,"parent":3752,"menu_order":0,"comment_status":"closed","ping_status":"closed","template":"","meta":{"footnotes":""},"class_list":["post-7946","page","type-page","status-publish","hentry"],"_links":{"self":[{"href":"https:\/\/www.kristinestadshistoria.fi\/index.php?rest_route=\/wp\/v2\/pages\/7946","targetHints":{"allow":["GET"]}}],"collection":[{"href":"https:\/\/www.kristinestadshistoria.fi\/index.php?rest_route=\/wp\/v2\/pages"}],"about":[{"href":"https:\/\/www.kristinestadshistoria.fi\/index.php?rest_route=\/wp\/v2\/types\/page"}],"author":[{"embeddable":true,"href":"https:\/\/www.kristinestadshistoria.fi\/index.php?rest_route=\/wp\/v2\/users\/1"}],"replies":[{"embeddable":true,"href":"https:\/\/www.kristinestadshistoria.fi\/index.php?rest_route=%2Fwp%2Fv2%2Fcomments&post=7946"}],"version-history":[{"count":4,"href":"https:\/\/www.kristinestadshistoria.fi\/index.php?rest_route=\/wp\/v2\/pages\/7946\/revisions"}],"predecessor-version":[{"id":7952,"href":"https:\/\/www.kristinestadshistoria.fi\/index.php?rest_route=\/wp\/v2\/pages\/7946\/revisions\/7952"}],"up":[{"embeddable":true,"href":"https:\/\/www.kristinestadshistoria.fi\/index.php?rest_route=\/wp\/v2\/pages\/3752"}],"wp:attachment":[{"href":"https:\/\/www.kristinestadshistoria.fi\/index.php?rest_route=%2Fwp%2Fv2%2Fmedia&parent=7946"}],"curies":[{"name":"wp","href":"https:\/\/api.w.org\/{rel}","templated":true}]}}