{"id":7424,"date":"2018-02-09T22:21:23","date_gmt":"2018-02-09T21:21:23","guid":{"rendered":"http:\/\/www.lassebacklund.fi\/?page_id=7424"},"modified":"2018-02-20T10:20:19","modified_gmt":"2018-02-20T09:20:19","slug":"torsten-wadstrom-om-intagningen-av-staden","status":"publish","type":"page","link":"https:\/\/www.kristinestadshistoria.fi\/?page_id=7424","title":{"rendered":"Torsten Wadstr\u00f6m om intagningen av staden."},"content":{"rendered":"<p><span style=\"color: #000080; font-family: 'Helvetica','sans-serif';\"><span style=\"font-size: medium;\">Skyddsk\u00e5rschefen Torsten Wadstr\u00f6m fr\u00e5n Dagsmark gjorde anteckningar om sin tid i skyddsk\u00e5ren. Vill du l\u00e4sa om hans strapatser i inb\u00f6rdeskriget 1918, s\u00e5 skall du klicka <a href=\"http:\/\/www.lassebacklund.fi\/?page_id=7580\"><span style=\"text-decoration: underline;\"><strong>H\u00c4R!<\/strong><\/span><\/a><\/span><\/span><\/p>\n<p><span style=\"color: #000080; font-family: 'Helvetica','sans-serif';\"><span style=\"font-size: medium;\">\u00a0S\u00e5 h\u00e4r skrev han om intagningen av Kristinestad 31 januari 1918:<\/span><\/span><\/p>\n<p><span style=\"font-family: 'Helvetica','sans-serif';\"><span style=\"color: #000000; font-size: medium;\">Tisdagen den 29 januari 1918 p\u00e5 eftermiddagen meddelades per telefon till Dagsmark att skyddsk\u00e5risterna i byn fortast m\u00f6jligt borde infinna sig i Lappfj\u00e4rd, d\u00e4r man v\u00e4ntade ett anfall av ryssarna fr\u00e5n Kristinestad.<\/span><\/span><\/p>\n<p><span style=\"font-family: 'Helvetica','sans-serif';\"><span style=\"color: #000000; font-size: medium;\">Vi t\u00e5gade inom kort fr\u00e5n Dagsmark 12 \u2013 15 man, varav endast en hade ett Winchestergev\u00e4r. I Lappfj\u00e4rd samlades sm\u00e5ningom skyddsk\u00e5rister fr\u00e5n kommunens olika byar. Ryssarna f\u00f6retog p\u00e5 kv\u00e4llen en rekognoseringsf\u00e4rd till L\u00e5hlby, d\u00e4rifr\u00e5n de inom kort \u00e5terv\u00e4nde till Kristinestad.<\/span><\/span><\/p>\n<p><span style=\"font-family: 'Helvetica','sans-serif';\"><span style=\"color: #000000; font-size: medium;\">Skyddsk\u00e5ren inlogerades \u00f6ver natten i Ungdomsf\u00f6reningshemmet och vaktposter utst\u00e4lldes p\u00e5 v\u00e4garna vid stora bron och H\u00e5xell-v\u00e4ggren.<\/span><\/span><\/p>\n<p><span style=\"font-family: 'Helvetica','sans-serif';\"><span style=\"color: #000000; font-size: medium;\">Onsdagen den 30 januari \u00f6vades skyddsk\u00e5ren i exercis\u00a0med j\u00e4gare Str\u00f6msten (Talvela) och han erinrade k\u00e5ren om l\u00e4gets allvar. Han sade att den som i striden mot fienden g\u00f6r f\u00f6rs\u00f6k att fly eller dra sig tillbaka, skjuter han genast.<\/span><\/span><\/p>\n<p><span style=\"font-family: 'Helvetica','sans-serif';\"><span style=\"color: #000000; font-size: medium;\">Den 30 januari kl. 9 p\u00e5 f\u00f6rmiddagen beordras vi, 20 man \u00f6ver \u00e5krar, \u00e4ngar och i skog till Tj\u00f6ck station, d\u00e4rifr\u00e5n vi v\u00e4ntade f\u00e5 gev\u00e4r per j\u00e4rnv\u00e4g. <\/span><\/span><\/p>\n<p><span style=\"font-family: 'Helvetica','sans-serif';\"><span style=\"color: #000000; font-size: medium;\">Vi fick dock mot kv\u00e4llen \u00e5terv\u00e4nda med of\u00f6rr\u00e4ttat \u00e4rende till Lappfj\u00e4rd, d\u00e4r trupperna t\u00e4nkte stanna \u00f6ver natten. P\u00e5 eftermiddagen mot kv\u00e4llssidan lyckades min bror Gunnar komma fr\u00e5n Kristinestad till Lappfj\u00e4rd med underr\u00e4ttelser om fiendens st\u00e4llning. Han \u00e5terv\u00e4nde senare p\u00e5 kv\u00e4llen till Kristinestad. Men d\u00e5 manskapet p\u00e5 kv\u00e4llen lagt sig och just h\u00f6ll p\u00e5 att insomna, ringde kyrkklockan, ett f\u00f6rut \u00f6verenskommet tecken till allm\u00e4nt uppbrott.<\/span><\/span><\/p>\n<p><span style=\"font-family: 'Helvetica','sans-serif';\"><span style=\"color: #000000; font-size: medium;\">Skyddsk\u00e5ren uppst\u00e4lldes nu och t\u00e5gade till L\u00e5hlby. Fr\u00e5n L\u00e5hlby s\u00e4ndes jag p\u00e5 natten mot den 31 januari med en forkarl \u00e5ter till Tj\u00f6ck station f\u00f6r att utforska om gev\u00e4r hade anl\u00e4nt. Tyv\u00e4rr fanns det inga gev\u00e4r som var avsedda f\u00f6r oss. Ist\u00e4llet anl\u00e4nde p\u00e5 natten till Tj\u00f6ck station 600 \u2013 700 skyddsk\u00e5rister fr\u00e5n V\u00f6r\u00e5 krigsskola och andra trakter, som hade gev\u00e4r men endast f\u00f6r egen r\u00e4kning.<\/span><\/span><\/p>\n<p><span style=\"font-family: 'Helvetica','sans-serif';\"><span style=\"color: #000000; font-size: medium;\">Under f\u00e4rden fr\u00e5n Lappfj\u00e4rd till Tj\u00f6ck tidigare p\u00e5 kv\u00e4llen, m\u00f6tte jag 12 \u2013 15 h\u00e4star med manskap fr\u00e5n N\u00e4rpes, som hade gev\u00e4r. De h\u00e4r gev\u00e4ren hade f\u00f6reg\u00e5ende natt er\u00f6vrats av ryssar i N\u00e4rpes och Kask\u00f6. P\u00e5 natten var jag i tillf\u00e4lle att hos handlanden Mikael Mangs i Tj\u00f6ck \u00f6vervara en r\u00e5dpl\u00e4gning mellan j\u00e4garna Talvela, Heiskanen och kapten Lundkvist, som uppgjorde en plan till Kristinestads er\u00f6vrande f\u00f6ljande dag.<\/span><\/span><\/p>\n<p><span style=\"font-family: 'Helvetica','sans-serif';\"><span style=\"color: #000000; font-size: medium;\">Sedan \u00f6verl\u00e4ggningarna var slut besl\u00f6ts det att per telefon fr\u00e5ga ryssarna i Kristinestad, om de utan strid ville ge sig. Men n\u00e5got svar fick vi inte, varken fr\u00e5n telefoncentralen eller ryssarna i Kristinestad. Jag \u00e5terv\u00e4nde nu efter midnatt till L\u00e5hlby.<\/span><\/span><\/p>\n<p><span style=\"font-family: 'Helvetica','sans-serif';\"><span style=\"color: #000000; font-size: medium;\">F\u00f6ljande dag, torsdagen den 31 januari kl \u00bd 7 p\u00e5 morgonen t\u00e5gade den i L\u00e5hlby samlade skyddsk\u00e5ren mot Kristinestad, eftersom ryssarna p\u00e5verkade av de r\u00f6da f\u00f6reg\u00e5ende dag v\u00e4grat att utl\u00e4mna sina vapen.<\/span><\/span><\/p>\n<p><span style=\"font-family: 'Helvetica','sans-serif';\"><span style=\"color: #000000; font-size: medium;\">F\u00f6re truppens avt\u00e5gande fr\u00e5n L\u00e5hlby avs\u00e4ndes en patrull om 5 man, till vilken jag h\u00f6rde, mot Kristinestad. Tv\u00e5 kilometer fr\u00e5n Kristinestad stannade truppen och vi som tillh\u00f6rde f\u00f6rposten n\u00e5dde h\u00f6jden av den s\u00e5 kallade L\u00e5ng\u00e5sbacken, ca 300 meter fr\u00e5n Kvarnbacken, d\u00e4rifr\u00e5n vi hade en skymt av staden.<\/span><\/span><\/p>\n<p><span style=\"font-family: 'Helvetica','sans-serif';\"><span style=\"color: #000000; font-size: medium;\">D\u00e5 f\u00f6rposten st\u00e5tt n\u00e5gra minuter dold i skogen p\u00e5 vardera sidan om v\u00e4gen, kom tv\u00e5 ryssar ridande uppf\u00f6r backen. D\u00e5 de fick syn p\u00e5 skyddsk\u00e5ren, varav en del stod p\u00e5 landsv\u00e4gen ca 300 meter l\u00e4ngre bort, sv\u00e4ngde de om sina h\u00e4star och red i sporrstr\u00e4ck mot staden och n\u00e5gon minut senare b\u00f6rjade ryssarna (inte de r\u00f6da) beskjuta oss fr\u00e5n r\u00e5dhusbalkongen och kulorna ven omkring \u00f6ronen. Samtidigt sk\u00f6t ryssarna \u00e4ven fr\u00e5n batteriet vid Tj\u00e4rhovet.<\/span><\/span><\/p>\n<p><span style=\"font-family: 'Helvetica','sans-serif';\"><span style=\"color: #000000; font-size: medium;\">Alla visste att nu var det allvar \u00e5 f\u00e4rde. Skyddsk\u00e5ren bildade nu skytteked och t\u00e5gade s\u00f6derut fr\u00e5n landsv\u00e4gen och b\u00f6rjade dra sig n\u00e4rmare mot stranden i djup sn\u00f6. Striden b\u00f6rjade n\u00e5got \u00f6ver \u00bd 9. Under striden s\u00e5rades min sidokamrat, som jag inte k\u00e4nde men som sannolikt var fr\u00e5n Vasatrakten, av en kula i magen. D\u00e5 jag erbj\u00f6d mig att f\u00f6ra honom till ambulansen, sade han: -\u201dJag m\u00e5ste f\u00f6rst skjuta ut 3 kulor, som finns i gev\u00e4ret\u201d. Min andra sidokamrat Einola, f\u00f6rde nu ensam den s\u00e5rade till ambulansen och jag var of\u00f6rhindrad att forts\u00e4tta fram\u00e5t.<\/span><\/span><\/p>\n<p><span style=\"font-family: 'Helvetica','sans-serif';\"><span style=\"color: #000000; font-size: medium;\">D\u00e5 det ryska batteriet kom i synh\u00e5ll f\u00f6r oss, var det nog riskabelt att forts\u00e4tta mot kulregnet \u00f6ver sl\u00e4tten. Vi besl\u00f6t dock att med en mindre flock forts\u00e4tta fram\u00e5t. Vi rest oss, hurrade allt vad vi kunde och gick fram\u00e5t. Hurraropen skallade \u00e4ven fr\u00e5n annat h\u00e5ll, hopen \u00f6kades och vi t\u00e5gade mot det fientliga batteriet under ih\u00e5llande kulregn. D\u00e5 vi fick fienderna in p\u00e5 livet, upph\u00f6rde de att skjuta och ryssarna r\u00e4ckte \u00e5t oss papyrosser.<\/span><\/span><\/p>\n<p><span style=\"font-family: 'Helvetica','sans-serif';\"><span style=\"color: #000000; font-size: medium;\">D\u00e5 vi nu samspr\u00e5kar med ryssarna, b\u00f6rjar man beskjuta oss med kulspruta fr\u00e5n Varvsbacken p\u00e5 stadssidan av de v\u00e5ra, vilka inte visste att ryssarna gett sig. Omedelbart d\u00e4refter klockan n\u00e5got f\u00f6re 11 p\u00e5 f\u00f6rmiddagen hissades fr\u00e5n batteriet en vit flagg till tecken att fienden nu gett sig och d\u00e5 upph\u00f6rde skjutandet.<\/span><\/span><\/p>\n<p><span style=\"font-family: 'Helvetica','sans-serif';\"><span style=\"color: #000000; font-size: medium;\">Under striden avlossade ryssarna omkring 25 kanonskott, utan att dessa gjorde n\u00e5gon skada. Ryssar och r\u00f6dgardister, som \u00f6verlevde striden avv\u00e4pnades och f\u00f6rdes f\u00e5ngna till staden. Jag hade \u00e4ran att f\u00f6ra de f\u00f6rsta f\u00e5ngarna, tv\u00e5 officerare och tre soldater, \u00f6ver Stadsfj\u00e4rden till staden.<\/span><\/span><\/p>\n<p><span style=\"font-family: 'Helvetica','sans-serif';\"><span style=\"color: #000000; font-size: medium;\">En av f\u00e5ngarna, ryttm\u00e4stare Tolstoi, anh\u00f6ll om att han i f\u00e5ngenskap inte skulle sammanf\u00f6ras med soldaterna, som var bolsjeviker. Tolstoi sade ocks\u00e5 att han motvilligt deltagit i striden och med avsikt riktat kanonerna f\u00f6r h\u00f6gt, att de inte v\u00e5llat n\u00e5gon skada. Tolstoi beviljade sedan r\u00e4tt att bo i egen, hyrd lokal i staden flera m\u00e5nader fram\u00e5t.<\/span><\/span><\/p>\n<p><span style=\"font-family: 'Helvetica','sans-serif';\"><span style=\"color: #000000; font-size: medium;\">Samtidigt som skyddsk\u00e5rerna fr\u00e5n Lappfj\u00e4rd t\u00e5gade mot Kristinestad, kom andra skyddsk\u00e5rer fr\u00e5n Tj\u00f6ckh\u00e5llet anf\u00f6rda av j\u00e4gare Heiskanen \u00f6ver Norrfj\u00e4rden och rensade staden fr\u00e5n de r\u00f6da. I striden deltog enligt uppgift 1\u00a0000 skyddsk\u00e5rister men snart infann sig \u00e4ven reserven, s\u00e5 att antalet skyddsk\u00e5rister torde ha uppg\u00e5tt till 1\u00a0500 man.<\/span><\/span><\/p>\n<p><span style=\"font-family: 'Helvetica','sans-serif';\"><span style=\"color: #000000; font-size: medium;\">P\u00e5 skyddsk\u00e5rernas sida stupade i Kristinestad bonden Viktor Grannas fr\u00e5n Tj\u00f6ck, bondsonen Alfred Erlands fr\u00e5n Tj\u00f6ck, bonden Alfred Nordman fr\u00e5n Pjelax, studerande Yrj\u00f6 Kalske (Carlstedt) fr\u00e5n Virdois och genom olycksh\u00e4ndelse studerande Sigurd Bl\u00e5field fr\u00e5n \u00c5bo.<\/span><\/span><\/p>\n<p><span style=\"font-family: 'Helvetica','sans-serif';\"><span style=\"color: #000000; font-size: medium;\">Av de r\u00f6da f\u00f6ll arbetaren Fritjof Stenroos, arbetaren Eero Friman, kopparslagaren Ernst Joki, gjutaren Johan F\u00e4lt, gjutaren Ernst Eklund, arbetaren Hugo Plumppu, samtliga fr\u00e5n Kristinestad, och arbetaren Oskar Jalo fr\u00e5n Lappo och arbetaren Kosti Salomaa fr\u00e5n Lavia. Dessutom stupade sex ryska soldater.<\/span><\/span><\/p>\n<p><span style=\"font-family: 'Helvetica','sans-serif';\"><span style=\"color: #000000; font-size: medium;\">I krigsbyte erh\u00f6ll skyddsk\u00e5risterna 6 f\u00e4ltkanoner, 2 bel\u00e4gringskanoner och handvapen, ammunition och ridh\u00e4star.<\/span><\/span><\/p>\n<figure id=\"attachment_7377\" aria-describedby=\"caption-attachment-7377\" style=\"width: 1283px\" class=\"wp-caption aligncenter\"><img loading=\"lazy\" decoding=\"async\" class=\"size-full wp-image-7377\" src=\"http:\/\/www.lassebacklund.fi\/wp-content\/uploads\/2018\/02\/Wadstr\u00f6m-Torsten-nere-i-mitten.jpg\" alt=\"L\u00e4rarsonen Torsten (1893-1925) ledde Dagsmarks skyddsk\u00e5rsavdelning och h\u00e4r sitter han i mitten. Han blev sedan l\u00e4nsman i Korsn\u00e4s men dog redan 1925.\" width=\"1283\" height=\"937\" srcset=\"https:\/\/www.kristinestadshistoria.fi\/wp-content\/uploads\/2018\/02\/Wadstr\u00f6m-Torsten-nere-i-mitten.jpg 1283w, https:\/\/www.kristinestadshistoria.fi\/wp-content\/uploads\/2018\/02\/Wadstr\u00f6m-Torsten-nere-i-mitten-300x219.jpg 300w, https:\/\/www.kristinestadshistoria.fi\/wp-content\/uploads\/2018\/02\/Wadstr\u00f6m-Torsten-nere-i-mitten-768x561.jpg 768w, https:\/\/www.kristinestadshistoria.fi\/wp-content\/uploads\/2018\/02\/Wadstr\u00f6m-Torsten-nere-i-mitten-1024x748.jpg 1024w\" sizes=\"auto, (max-width: 1283px) 100vw, 1283px\" \/><figcaption id=\"caption-attachment-7377\" class=\"wp-caption-text\">L\u00e4rarsonen Torsten (1893-1925) ledde Dagsmarks skyddsk\u00e5rsavdelning och h\u00e4r sitter han i mitten. Efter kriget studerande han juridik och blev i april 1922 utn\u00e4mnd till\u00a0 l\u00e4nsman i Korsn\u00e4s men dog redan 1925, ogift och barnl\u00f6s.<\/figcaption><\/figure>\n","protected":false},"excerpt":{"rendered":"<p>Skyddsk\u00e5rschefen Torsten Wadstr\u00f6m fr\u00e5n Dagsmark gjorde anteckningar om sin tid i skyddsk\u00e5ren. Vill du l\u00e4sa om hans strapatser i inb\u00f6rdeskriget 1918, s\u00e5 skall du klicka H\u00c4R! \u00a0S\u00e5 h\u00e4r skrev han om intagningen av Kristinestad 31 januari 1918: Tisdagen den 29 <a class=\"more-link\" href=\"https:\/\/www.kristinestadshistoria.fi\/?page_id=7424\">Forts\u00e4tt l\u00e4sa <span class=\"screen-reader-text\">  Torsten Wadstr\u00f6m om intagningen av staden.<\/span><span class=\"meta-nav\">&rarr;<\/span><\/a><\/p>\n","protected":false},"author":1,"featured_media":0,"parent":3747,"menu_order":0,"comment_status":"closed","ping_status":"closed","template":"","meta":{"footnotes":""},"class_list":["post-7424","page","type-page","status-publish","hentry"],"_links":{"self":[{"href":"https:\/\/www.kristinestadshistoria.fi\/index.php?rest_route=\/wp\/v2\/pages\/7424","targetHints":{"allow":["GET"]}}],"collection":[{"href":"https:\/\/www.kristinestadshistoria.fi\/index.php?rest_route=\/wp\/v2\/pages"}],"about":[{"href":"https:\/\/www.kristinestadshistoria.fi\/index.php?rest_route=\/wp\/v2\/types\/page"}],"author":[{"embeddable":true,"href":"https:\/\/www.kristinestadshistoria.fi\/index.php?rest_route=\/wp\/v2\/users\/1"}],"replies":[{"embeddable":true,"href":"https:\/\/www.kristinestadshistoria.fi\/index.php?rest_route=%2Fwp%2Fv2%2Fcomments&post=7424"}],"version-history":[{"count":6,"href":"https:\/\/www.kristinestadshistoria.fi\/index.php?rest_route=\/wp\/v2\/pages\/7424\/revisions"}],"predecessor-version":[{"id":7584,"href":"https:\/\/www.kristinestadshistoria.fi\/index.php?rest_route=\/wp\/v2\/pages\/7424\/revisions\/7584"}],"up":[{"embeddable":true,"href":"https:\/\/www.kristinestadshistoria.fi\/index.php?rest_route=\/wp\/v2\/pages\/3747"}],"wp:attachment":[{"href":"https:\/\/www.kristinestadshistoria.fi\/index.php?rest_route=%2Fwp%2Fv2%2Fmedia&parent=7424"}],"curies":[{"name":"wp","href":"https:\/\/api.w.org\/{rel}","templated":true}]}}