{"id":6,"date":"2016-07-12T21:19:58","date_gmt":"2016-07-12T19:19:58","guid":{"rendered":"http:\/\/www.lassebacklund.fi\/wp\/?page_id=6"},"modified":"2021-07-20T23:51:38","modified_gmt":"2021-07-20T20:51:38","slug":"kontakt","status":"publish","type":"page","link":"https:\/\/www.kristinestadshistoria.fi\/?page_id=6","title":{"rendered":"Kontakt"},"content":{"rendered":"<p class=\"Wp-Normal-P\"><span class=\"Normal-C\">Jag heter Lasse och jag v\u00e4xte upp i en sm\u00e5brukarfamilj i Dagsmark by i Kristinestad. Som vuxen bodde jag i Dagsmark fram till \u00e5r 2007 d\u00e5 jag flyttade till Vasa. \u00a0Sedan \u00e5r 2009 bor jag med min fru Eva p\u00e5 \u00d6stra sidan i Kristinestad. Tillsammans med \u00a0Eva har jag varit f\u00f6retagare, f\u00f6rst som K-k\u00f6pm\u00e4n i Dagsmark och sedan som tillverkare och partihandlare med postkort.<\/span><\/p>\n<p class=\"Wp-Normal-P\"><span class=\"Normal-C\">Om du har \u00f6nskem\u00e5l, kommentarer eller till\u00e4gg, f\u00e5r du g\u00e4rna kontakta mig p\u00e5 e-postadress: <img loading=\"lazy\" decoding=\"async\" class=\"alignnone wp-image-8\" src=\"http:\/\/www.lassebacklund.fi\/wp-content\/uploads\/2016\/07\/wp7d1e0241_06.png\" alt=\"wp7d1e0241_06\" width=\"136\" height=\"24\" \/><br \/>\n<\/span><\/p>\n<p><img loading=\"lazy\" decoding=\"async\" class=\"alignnone wp-image-9 size-medium\" src=\"http:\/\/www.lassebacklund.fi\/wp-content\/uploads\/2016\/07\/wp27a166ea_05_06-300x199.jpg\" width=\"300\" height=\"199\" srcset=\"https:\/\/www.kristinestadshistoria.fi\/wp-content\/uploads\/2016\/07\/wp27a166ea_05_06-300x199.jpg 300w, https:\/\/www.kristinestadshistoria.fi\/wp-content\/uploads\/2016\/07\/wp27a166ea_05_06.jpg 480w\" sizes=\"auto, (max-width: 300px) 100vw, 300px\" \/><\/p>\n","protected":false},"excerpt":{"rendered":"<p>Jag heter Lasse och jag v\u00e4xte upp i en sm\u00e5brukarfamilj i Dagsmark by i Kristinestad. Som vuxen bodde jag i Dagsmark fram till \u00e5r 2007 d\u00e5 jag flyttade till Vasa. \u00a0Sedan \u00e5r 2009 bor jag med min fru Eva p\u00e5 <a class=\"more-link\" href=\"https:\/\/www.kristinestadshistoria.fi\/?page_id=6\">Forts\u00e4tt l\u00e4sa <span class=\"screen-reader-text\">  Kontakt<\/span><span class=\"meta-nav\">&rarr;<\/span><\/a><\/p>\n","protected":false},"author":1,"featured_media":0,"parent":0,"menu_order":999,"comment_status":"closed","ping_status":"closed","template":"","meta":{"footnotes":""},"class_list":["post-6","page","type-page","status-publish","hentry"],"_links":{"self":[{"href":"https:\/\/www.kristinestadshistoria.fi\/index.php?rest_route=\/wp\/v2\/pages\/6","targetHints":{"allow":["GET"]}}],"collection":[{"href":"https:\/\/www.kristinestadshistoria.fi\/index.php?rest_route=\/wp\/v2\/pages"}],"about":[{"href":"https:\/\/www.kristinestadshistoria.fi\/index.php?rest_route=\/wp\/v2\/types\/page"}],"author":[{"embeddable":true,"href":"https:\/\/www.kristinestadshistoria.fi\/index.php?rest_route=\/wp\/v2\/users\/1"}],"replies":[{"embeddable":true,"href":"https:\/\/www.kristinestadshistoria.fi\/index.php?rest_route=%2Fwp%2Fv2%2Fcomments&post=6"}],"version-history":[{"count":5,"href":"https:\/\/www.kristinestadshistoria.fi\/index.php?rest_route=\/wp\/v2\/pages\/6\/revisions"}],"predecessor-version":[{"id":21376,"href":"https:\/\/www.kristinestadshistoria.fi\/index.php?rest_route=\/wp\/v2\/pages\/6\/revisions\/21376"}],"wp:attachment":[{"href":"https:\/\/www.kristinestadshistoria.fi\/index.php?rest_route=%2Fwp%2Fv2%2Fmedia&parent=6"}],"curies":[{"name":"wp","href":"https:\/\/api.w.org\/{rel}","templated":true}]}}