{"id":4523,"date":"2017-06-24T22:13:47","date_gmt":"2017-06-24T20:13:47","guid":{"rendered":"http:\/\/www.lassebacklund.fi\/?page_id=4523"},"modified":"2019-12-24T10:28:24","modified_gmt":"2019-12-24T08:28:24","slug":"johan-emil-klavus-senare-sved-1895-1940","status":"publish","type":"page","link":"https:\/\/www.kristinestadshistoria.fi\/?page_id=4523","title":{"rendered":"Emil Kl\u00e5vus, senare Sved (1895-1940)."},"content":{"rendered":"<p><span style=\"color: #000080;\">Sammanst\u00e4llt av Lasse Backlund i juni 2017 med hj\u00e4lp av Nisse Sved. Uppgifter \u00e4r tagna ur tidningen Syd-\u00d6sterbotten och ur Konrad Westlins bok \u201dMelins kompani\u201d.<\/span><\/p>\n<figure id=\"attachment_4518\" aria-describedby=\"caption-attachment-4518\" style=\"width: 420px\" class=\"wp-caption alignnone\"><img loading=\"lazy\" decoding=\"async\" class=\" wp-image-4518\" src=\"http:\/\/www.lassebacklund.fi\/wp-content\/uploads\/2017\/06\/1.jpg\" alt=\"P\u00e5 fotot den unga Emil Kl\u00e5vus som f\u00f6ddes i Starr\u00e4ngen men som sedan bodde p\u00e5 Stenv\u00e4gen i Lappfj\u00e4rd.\" width=\"420\" height=\"314\" srcset=\"https:\/\/www.kristinestadshistoria.fi\/wp-content\/uploads\/2017\/06\/1.jpg 805w, https:\/\/www.kristinestadshistoria.fi\/wp-content\/uploads\/2017\/06\/1-300x225.jpg 300w, https:\/\/www.kristinestadshistoria.fi\/wp-content\/uploads\/2017\/06\/1-768x575.jpg 768w\" sizes=\"auto, (max-width: 420px) 100vw, 420px\" \/><figcaption id=\"caption-attachment-4518\" class=\"wp-caption-text\">P\u00e5 fotot den unga Emil Kl\u00e5vus som f\u00f6ddes i Starr\u00e4ngen men som sedan bodde p\u00e5 Stenv\u00e4gen i Lappfj\u00e4rd.<\/figcaption><\/figure>\n<p>En av medlemmarna i Melins kompani var Emil Kl\u00e5vus fr\u00e5n Lappfj\u00e4rd. Han var f\u00f6dd i Starr\u00e4ngen \u00e5r 1895 och den 17 juni 1917 gifte han sig med Emilia Nyqvist (1897-1988) fr\u00e5n L\u00e5lby. Emilia var dotter till polis Nyqvist och denne ink\u00f6pte en gammal g\u00e5rd \u00e5t dem p\u00e5 Bruskbackan p\u00e5 Stenv\u00e4gen. Ett par m\u00e5nader efter br\u00f6llopet f\u00f6ddes f\u00f6rsta\u00a0barnet och efter hand skulle det komma m\u00e5nga fler.<\/p>\n<p>I slutet p\u00e5 januari 1918 br\u00f6t inb\u00f6rdeskriget ut i Finland och i mars bildades det s\u00e5 kallade Melins kompani. Vill du l\u00e4sa mera om Melins kompani, s\u00e5 klicka <a href=\"http:\/\/www.lassebacklund.fi\/?page_id=4425\"><span style=\"color: #000080;\"><strong><u>H\u00c4R!<\/u><\/strong><\/span><\/a> Kompaniet bestod av litet \u00f6ver 200 man fr\u00e5n svenska \u00d6sterbotten, varav en stor del fr\u00e5n Lappfj\u00e4rd. Emil Kl\u00e5vus var en av de v\u00e4rnpliktiga som utkommenderades till Tammerforstrakten i slutet p\u00e5 mars 1918. Tillsammans med sina kamrater deltog Emil i de h\u00e5rda striderna i Tammerfors den blodiga sk\u00e4rtorsdagen den 28 mars och den 3 april var han med i den omtalade stormningen av N\u00e4silinna. Vill du l\u00e4sa mera om den blodiga sk\u00e4rtorsdagen, klicka <a href=\"http:\/\/www.lassebacklund.fi\/?page_id=3875\"><span style=\"color: #000080;\"><strong><u>H\u00c4R<\/u><\/strong> <\/span><\/a>och vill du l\u00e4sa om stormningen av N\u00e4silinna, klicka <a href=\"http:\/\/www.lassebacklund.fi\/?page_id=4006\"><span style=\"color: #000080;\"><strong><u>H\u00c4R!<\/u><\/strong><\/span><\/a><\/p>\n<p>Utanf\u00f6r N\u00e4silinna l\u00e5g ett lusthus och d\u00e4r s\u00e5rades Emil i lungan och i axeln av en granatsk\u00e4rva. Artur Stenlund fr\u00e5n Sideby s\u00e5rades samtidigt av en fiendekula som r\u00e5kade tr\u00e4ffa hans bajonett. Kulan kl\u00f6vs och gick sedan in i v\u00e4nstra armen och krossade d\u00e4r 2 ben.<\/p>\n<p>Trots att Emil Kl\u00e5vus var skadad s\u00e5 tog han sig in i N\u00e4slinna, som besk\u00f6ts av fienden hela tiden och slottet var i ett el\u00e4ndigt skick. Alla d\u00f6rrar var s\u00f6nderskjutna och stod p\u00e5 vid gavel och s\u00e5 gott som alla f\u00f6nster var s\u00f6nderskjutna. De hade ingen mat och inget vatten och N\u00e4silinna var helt omringat av de r\u00f6da gardena. Fr\u00e5n f\u00f6nstren och fr\u00e5n taket kunde soldaterna i Melins kompani dock skjuta \u00e5t alla h\u00e5ll och kunde h\u00e5lla fienden utanf\u00f6r.<\/p>\n<p>Angreppet mot N\u00e4silinna var ov\u00e4ntat h\u00e5rt och Melin hade fullt upp med utpostera sina m\u00e4n i f\u00f6nster, d\u00f6rrar och till och med i \u00f6ppna granath\u00e5l i v\u00e4ggarna. Hans lugna s\u00e4tt fick m\u00e4nnen att h\u00e5lla ut trots beskjutningen, de s\u00e5rade kamraternas j\u00e4mmerrop och fiendens skr\u00e4n. D\u00e5 det var som mest kritiskt tr\u00e4dde Emil Kl\u00e5vus fram som ett gott f\u00f6red\u00f6me f\u00f6r de andra. Trots att han var s\u00e5rad i axeln bar han energiskt fram ammunition \u00e5t sina kamrater som sk\u00f6t fr\u00e5n f\u00f6nstren. Enligt vittnen som var med ropade han kamraterna tillbaka till sina platser, n\u00e4r de retirerade i r\u00e4dsla f\u00f6r sina liv. \u201dTill f\u00f6nstren, till f\u00f6nstren\u201d ropade han och kunde med sitt modiga ingripande f\u00e5 sina kamrater att forts\u00e4tta att skjuta mot den angripande fienden.<\/p>\n<p>D\u00e5 fienden retirerade och anfallet avtog s\u00e5 dignade Emil av utmattning medvetsl\u00f6s ned i en stol, d\u00e4r han blev liggande. Fienden sk\u00f6t oavbrutet och m\u00e5nga soldater i Melins kompani stupade och flera Lappfj\u00e4rdsbor s\u00e5rades sv\u00e5rt. Mot kv\u00e4llen blev l\u00e4get oh\u00e5llbart och d\u00e5 besl\u00f6t Melin och hans n\u00e4rmaste m\u00e4n att de m\u00e5ste ge upp N\u00e4silinna och f\u00f6rs\u00f6ka ta sig tillbaka till de egna trupperna som l\u00e5g kvar i Messuby. S\u00e5 gott som alla var \u00f6verens om detta men det betydde att de m\u00e5ste l\u00e4mna kvar de sv\u00e5rast s\u00e5rade. Med tanke p\u00e5 hur r\u00f6dgardisterna behandlade fienderna, s\u00e5 fanns det inte mycket hopp kvar f\u00f6r de s\u00e5rade, d\u00e5 de l\u00e4mnades kvar inne i byggnaden d\u00e5 de andra slog sig ut d\u00e4rifr\u00e5n.<\/p>\n<p>Emil Kl\u00e5vus var en av de s\u00e5rade som l\u00e4mnades kvar d\u00e5 de andra gav sig iv\u00e4g i skydd av m\u00f6rkret vid 9-tiden p\u00e5 kv\u00e4llen. Vid midnatt vaknade upp i den stol d\u00e4r han legat avsvimmad i flera timmar och d\u00e5 m\u00e4rkte han att de andra hade gett sig iv\u00e4g. Han tog sig d\u00e5 ut och skottlossningen hade n\u00e4stan helt upph\u00f6rt. Han b\u00f6rjade g\u00e5 l\u00e4ngs j\u00e4rnv\u00e4gen, togs sig \u00f6ver bron och till den andra stranden.<\/p>\n<p>Efter en stund kom han fram till en liten stuga, d\u00e4r det stod en vakt utanf\u00f6r och han gick fram till honom och fr\u00e5gade om han kan stanna d\u00e4r \u00f6ver natten. Inne i stugan satt det tre bev\u00e4pnade m\u00e4n som b\u00f6rjade f\u00f6rh\u00f6ra honom p\u00e5 finska. Emil fr\u00e5gade var det fanns n\u00e4rmaste ambulans, allts\u00e5 sjukstuga men de svarade inte. Han hade inte en aning om vilka m\u00e4nnen var som fanns i stugan men till slut gav de honom lov att stanna d\u00e4r \u00f6ver natten, bara han lovade att ge dem st\u00f6vlarna, rocken och allt han hade i fickorna. Trots att m\u00e4nnen hade b\u00e5de mat och cigarretter bj\u00f6d de inte honom n\u00e5gonting.<\/p>\n<p>P\u00e5 morgonen fick han lov att ge sig iv\u00e4g och han h\u00f6rde d\u00e5 att m\u00e4nnen i stugan tillh\u00f6rde skyddsk\u00e5ren i Honkajoki. Han fick sina saker tillbaka och s\u00e5 vandrade han iv\u00e4g mot Messuby. Avst\u00e5ndet dit var 14 km och det l\u00e5g lik \u00f6verallt och ibland hade han sv\u00e5rt att ta sig fram. D\u00e5 han hade g\u00e5tt 3 km orkade han inte l\u00e4ngre utan tog en annan v\u00e4g och lyckligtvis kom han till ett f\u00e4ltk\u00f6k d\u00e4r han fick mat. Han svimmade flera g\u00e5nger av tr\u00f6tthet och hunger, f\u00f6r han hade inte \u00e4tit n\u00e5gonting p\u00e5 tre dagar. Nu fick han mat, blev f\u00f6rbunden och fick vila ut lite.<\/p>\n<p>Kamraterna blev m\u00e4kta f\u00f6rv\u00e5nade n\u00e4r Emil s\u00e5 sm\u00e5ningom dyker upp i Messuby. Allesamman hade ju varit \u00f6vertygade om att han hade omkommit i N\u00e4silinna eller blivit tillf\u00e5ngatagen av r\u00f6dgardisterna.<\/p>\n<figure id=\"attachment_4519\" aria-describedby=\"caption-attachment-4519\" style=\"width: 356px\" class=\"wp-caption aligncenter\"><img loading=\"lazy\" decoding=\"async\" class=\" wp-image-4519\" src=\"http:\/\/www.lassebacklund.fi\/wp-content\/uploads\/2017\/06\/2.jpg\" alt=\"P\u00e5 fotot Emil Kl\u00e5vus, en av soldaterna i det omtalade Melins kompani.\" width=\"356\" height=\"512\" srcset=\"https:\/\/www.kristinestadshistoria.fi\/wp-content\/uploads\/2017\/06\/2.jpg 629w, https:\/\/www.kristinestadshistoria.fi\/wp-content\/uploads\/2017\/06\/2-209x300.jpg 209w\" sizes=\"auto, (max-width: 356px) 100vw, 356px\" \/><figcaption id=\"caption-attachment-4519\" class=\"wp-caption-text\">P\u00e5 fotot Emil Kl\u00e5vus, en av soldaterna i det omtalade Melins kompani.<\/figcaption><\/figure>\n<p>Efter krigsslutet blev Emil hemf\u00f6rlovad och han \u00e5terv\u00e4nde till Lappfj\u00e4rd. De tog sedan namnet Sved och familjen fick d\u00e4refter flera barn och 10 stycken levde till vuxen \u00e5lder. Emil arbetade som linjeman \u00e5t telegrafen men dog redan 1940, endast 45 \u00e5r gammal.<\/p>\n<figure id=\"attachment_4520\" aria-describedby=\"caption-attachment-4520\" style=\"width: 234px\" class=\"wp-caption aligncenter\"><img loading=\"lazy\" decoding=\"async\" class=\" wp-image-4520\" src=\"http:\/\/www.lassebacklund.fi\/wp-content\/uploads\/2017\/06\/3.jpg\" alt=\"Foto av Emil Kl\u00e5vus \u00e4r taget ur boken om Melins kompani.\" width=\"234\" height=\"321\" srcset=\"https:\/\/www.kristinestadshistoria.fi\/wp-content\/uploads\/2017\/06\/3.jpg 515w, https:\/\/www.kristinestadshistoria.fi\/wp-content\/uploads\/2017\/06\/3-219x300.jpg 219w\" sizes=\"auto, (max-width: 234px) 100vw, 234px\" \/><figcaption id=\"caption-attachment-4520\" class=\"wp-caption-text\">Foto av Emil Kl\u00e5vus \u00e4r taget ur boken om Melins kompani.<\/figcaption><\/figure>\n<figure id=\"attachment_4521\" aria-describedby=\"caption-attachment-4521\" style=\"width: 540px\" class=\"wp-caption aligncenter\"><img loading=\"lazy\" decoding=\"async\" class=\" wp-image-4521\" src=\"http:\/\/www.lassebacklund.fi\/wp-content\/uploads\/2017\/06\/4.jpg\" alt=\"Till v\u00e4nster st\u00e5r Emil Sved utanf\u00f6r Nordiska F\u00f6reningsbankens kontor p\u00e5 Nedre torget i Vasa n\u00e5gon g\u00e5ng p\u00e5 30-talet. Mannen till h\u00f6ger \u00e4r tillsvidare ok\u00e4nd.\" width=\"540\" height=\"838\" srcset=\"https:\/\/www.kristinestadshistoria.fi\/wp-content\/uploads\/2017\/06\/4.jpg 966w, https:\/\/www.kristinestadshistoria.fi\/wp-content\/uploads\/2017\/06\/4-193x300.jpg 193w, https:\/\/www.kristinestadshistoria.fi\/wp-content\/uploads\/2017\/06\/4-768x1193.jpg 768w, https:\/\/www.kristinestadshistoria.fi\/wp-content\/uploads\/2017\/06\/4-659x1024.jpg 659w\" sizes=\"auto, (max-width: 540px) 100vw, 540px\" \/><figcaption id=\"caption-attachment-4521\" class=\"wp-caption-text\">Till v\u00e4nster st\u00e5r Emil Sved utanf\u00f6r Nordiska F\u00f6reningsbankens kontor p\u00e5 Nedre torget i Vasa n\u00e5gon g\u00e5ng p\u00e5 30-talet. Mannen till h\u00f6ger \u00e4r tillsvidare ok\u00e4nd.<\/figcaption><\/figure>\n<figure id=\"attachment_4522\" aria-describedby=\"caption-attachment-4522\" style=\"width: 601px\" class=\"wp-caption aligncenter\"><img loading=\"lazy\" decoding=\"async\" class=\" wp-image-4522\" src=\"http:\/\/www.lassebacklund.fi\/wp-content\/uploads\/2017\/06\/5.jpg\" alt=\"Emil arbetade som linjeman \u00e5t telegrafen och detta foto \u00e4r troligen taget i Vasa och visar hur linjerna drogs ovanp\u00e5 stugutaken.\" width=\"601\" height=\"912\" srcset=\"https:\/\/www.kristinestadshistoria.fi\/wp-content\/uploads\/2017\/06\/5.jpg 832w, https:\/\/www.kristinestadshistoria.fi\/wp-content\/uploads\/2017\/06\/5-198x300.jpg 198w, https:\/\/www.kristinestadshistoria.fi\/wp-content\/uploads\/2017\/06\/5-768x1165.jpg 768w, https:\/\/www.kristinestadshistoria.fi\/wp-content\/uploads\/2017\/06\/5-675x1024.jpg 675w\" sizes=\"auto, (max-width: 601px) 100vw, 601px\" \/><figcaption id=\"caption-attachment-4522\" class=\"wp-caption-text\">Emil arbetade som linjeman \u00e5t telefonbolaget och detta foto \u00e4r fr\u00e5n Kristinestad och visar hur linjerna drogs ovanp\u00e5 stugutaken. Nere till v\u00e4nster st\u00e5r Emil Sved bredvid August Skj\u00e4l och Gunnar Nyqvist. H\u00f6gst upp st\u00e5r V\u00e4in\u00f6 Nyqvist och balanserar.<\/figcaption><\/figure>\n<p>&nbsp;<\/p>\n","protected":false},"excerpt":{"rendered":"<p>Sammanst\u00e4llt av Lasse Backlund i juni 2017 med hj\u00e4lp av Nisse Sved. Uppgifter \u00e4r tagna ur tidningen Syd-\u00d6sterbotten och ur Konrad Westlins bok \u201dMelins kompani\u201d. En av medlemmarna i Melins kompani var Emil Kl\u00e5vus fr\u00e5n Lappfj\u00e4rd. Han var f\u00f6dd i <a class=\"more-link\" href=\"https:\/\/www.kristinestadshistoria.fi\/?page_id=4523\">Forts\u00e4tt l\u00e4sa <span class=\"screen-reader-text\">  Emil Kl\u00e5vus, senare Sved (1895-1940).<\/span><span class=\"meta-nav\">&rarr;<\/span><\/a><\/p>\n","protected":false},"author":1,"featured_media":0,"parent":4425,"menu_order":0,"comment_status":"closed","ping_status":"closed","template":"","meta":{"footnotes":""},"class_list":["post-4523","page","type-page","status-publish","hentry"],"_links":{"self":[{"href":"https:\/\/www.kristinestadshistoria.fi\/index.php?rest_route=\/wp\/v2\/pages\/4523","targetHints":{"allow":["GET"]}}],"collection":[{"href":"https:\/\/www.kristinestadshistoria.fi\/index.php?rest_route=\/wp\/v2\/pages"}],"about":[{"href":"https:\/\/www.kristinestadshistoria.fi\/index.php?rest_route=\/wp\/v2\/types\/page"}],"author":[{"embeddable":true,"href":"https:\/\/www.kristinestadshistoria.fi\/index.php?rest_route=\/wp\/v2\/users\/1"}],"replies":[{"embeddable":true,"href":"https:\/\/www.kristinestadshistoria.fi\/index.php?rest_route=%2Fwp%2Fv2%2Fcomments&post=4523"}],"version-history":[{"count":5,"href":"https:\/\/www.kristinestadshistoria.fi\/index.php?rest_route=\/wp\/v2\/pages\/4523\/revisions"}],"predecessor-version":[{"id":15266,"href":"https:\/\/www.kristinestadshistoria.fi\/index.php?rest_route=\/wp\/v2\/pages\/4523\/revisions\/15266"}],"up":[{"embeddable":true,"href":"https:\/\/www.kristinestadshistoria.fi\/index.php?rest_route=\/wp\/v2\/pages\/4425"}],"wp:attachment":[{"href":"https:\/\/www.kristinestadshistoria.fi\/index.php?rest_route=%2Fwp%2Fv2%2Fmedia&parent=4523"}],"curies":[{"name":"wp","href":"https:\/\/api.w.org\/{rel}","templated":true}]}}