{"id":4396,"date":"2017-06-05T20:43:28","date_gmt":"2017-06-05T18:43:28","guid":{"rendered":"http:\/\/www.lassebacklund.fi\/?page_id=4396"},"modified":"2017-06-05T20:50:47","modified_gmt":"2017-06-05T18:50:47","slug":"anselm-agnas-fran-dagsmark","status":"publish","type":"page","link":"https:\/\/www.kristinestadshistoria.fi\/?page_id=4396","title":{"rendered":"Anselm Agn\u00e4s fr\u00e5n Dagsmark."},"content":{"rendered":"<p><span style=\"color: #000080;\">I april 1918 skrev tidningen Syd-\u00d6sterbotten s\u00e5r h\u00e4r om den stupade Anselm Agn\u00e4s fr\u00e5n Dagsmark:<\/span><\/p>\n<p><strong>10.4.19189. Stupade.<\/strong><\/p>\n<p>Under de senaste dagarnas blodiga strider p\u00e5 Tammerforsfronten har stupat bl.a. Emil Pellfolk, Leonard Berg, V\u00e4in\u00f6 Kuula och Hjalmar Lahnaviiki (\u00d6st\u00f6m) fr\u00e5n Sideby, Frans Granberg fr\u00e5n H\u00e4rkmeri, Karl I. D\u00e5hli fr\u00e5n Lappfj\u00e4rd. Anselm Agnes fr\u00e5n Dagsmark och Axel Klockars fr\u00e5n K-stads landsf\u00f6rsamling.<\/p>\n<p><strong>13.4.1918: Anselm Agn\u00e4s fr\u00e5n Dagsmark.<\/strong><\/p>\n<p>I frihetsstriden invid Tammerfors stupade den 28 mars bondesonen Anselm Agn\u00e4s fr\u00e5n Dagsmark. I den h\u00e5rda striden tr\u00e4ffades han av en d\u00f6dande kula. Redan i januari, d\u00e5 frihetskampen b\u00f6rjade och en och annan med skamlig feghet undandrog sig plikten emot fosterlandet, deltog Anselm Agn\u00e4s med hj\u00e4ltemod i slaget vid Kristinestad. Hans krigarbana blev kort, men icke f\u00f6rg\u00e4ves. Finlands folk sk\u00e4nker sitt tack \u00e5t varje fallen k\u00e4mpe. Den avlidne, som n\u00e4rmast s\u00f6rjes av f\u00f6r\u00e4ldrar och syskon, var i hemmet en god son och tr\u00e4gen arbetate och i \u00f6vrigt k\u00e4nd som en exemplarisk, och sympatisk yngling.<\/p>\n<p>Frid \u00f6ver hans minne!<\/p>\n<p><span style=\"color: #000080;\">Vill du l\u00e4sa mera om Anselm Agn\u00e4s, hans sl\u00e4kt och hans hemg\u00e5rd, s\u00e5 klicka <a href=\"http:\/\/www.lassebacklund.fi\/?page_id=623\"><span style=\"text-decoration: underline;\"><strong>H\u00c4R!<\/strong><\/span><\/a><\/span><\/p>\n<p><img loading=\"lazy\" decoding=\"async\" class=\"size-full wp-image-4395 aligncenter\" src=\"http:\/\/www.lassebacklund.fi\/wp-content\/uploads\/2017\/06\/Anselm-Agn\u00e4s.jpg\" alt=\"Anselm Agn\u00e4s\" width=\"304\" height=\"698\" srcset=\"https:\/\/www.kristinestadshistoria.fi\/wp-content\/uploads\/2017\/06\/Anselm-Agn\u00e4s.jpg 304w, https:\/\/www.kristinestadshistoria.fi\/wp-content\/uploads\/2017\/06\/Anselm-Agn\u00e4s-131x300.jpg 131w\" sizes=\"auto, (max-width: 304px) 100vw, 304px\" \/><\/p>\n<figure id=\"attachment_603\" aria-describedby=\"caption-attachment-603\" style=\"width: 379px\" class=\"wp-caption aligncenter\"><img loading=\"lazy\" decoding=\"async\" class=\" wp-image-603\" src=\"http:\/\/www.lassebacklund.fi\/wp-content\/uploads\/2016\/09\/9-6.jpg\" alt=\"Anselm Agn\u00e4s, f. 1896 som stupade vid striderna i inb\u00f6rdeskriget i Tammerfors i mars 1918. Frans som just d\u00e5 vistades i Amerika m\u00e5ste nu \u00e5terv\u00e4nda f\u00f6r att \u00f6verta hemg\u00e5rden.\" width=\"379\" height=\"505\" srcset=\"https:\/\/www.kristinestadshistoria.fi\/wp-content\/uploads\/2016\/09\/9-6.jpg 294w, https:\/\/www.kristinestadshistoria.fi\/wp-content\/uploads\/2016\/09\/9-6-225x300.jpg 225w\" sizes=\"auto, (max-width: 379px) 100vw, 379px\" \/><figcaption id=\"caption-attachment-603\" class=\"wp-caption-text\">Anselm Agn\u00e4s, f. 1896 som stupade vid striderna i inb\u00f6rdeskriget i Tammerfors i mars 1918. Brodern Frans Agn\u00e4s som just d\u00e5 vistades i Amerika m\u00e5ste nu \u00e5terv\u00e4nda med sin familj f\u00f6r att \u00f6verta hemg\u00e5rden.<\/figcaption><\/figure>\n","protected":false},"excerpt":{"rendered":"<p>I april 1918 skrev tidningen Syd-\u00d6sterbotten s\u00e5r h\u00e4r om den stupade Anselm Agn\u00e4s fr\u00e5n Dagsmark: 10.4.19189. Stupade. Under de senaste dagarnas blodiga strider p\u00e5 Tammerforsfronten har stupat bl.a. Emil Pellfolk, Leonard Berg, V\u00e4in\u00f6 Kuula och Hjalmar Lahnaviiki (\u00d6st\u00f6m) fr\u00e5n Sideby, <a class=\"more-link\" href=\"https:\/\/www.kristinestadshistoria.fi\/?page_id=4396\">Forts\u00e4tt l\u00e4sa <span class=\"screen-reader-text\">  Anselm Agn\u00e4s fr\u00e5n Dagsmark.<\/span><span class=\"meta-nav\">&rarr;<\/span><\/a><\/p>\n","protected":false},"author":1,"featured_media":0,"parent":3752,"menu_order":0,"comment_status":"closed","ping_status":"closed","template":"","meta":{"footnotes":""},"class_list":["post-4396","page","type-page","status-publish","hentry"],"_links":{"self":[{"href":"https:\/\/www.kristinestadshistoria.fi\/index.php?rest_route=\/wp\/v2\/pages\/4396","targetHints":{"allow":["GET"]}}],"collection":[{"href":"https:\/\/www.kristinestadshistoria.fi\/index.php?rest_route=\/wp\/v2\/pages"}],"about":[{"href":"https:\/\/www.kristinestadshistoria.fi\/index.php?rest_route=\/wp\/v2\/types\/page"}],"author":[{"embeddable":true,"href":"https:\/\/www.kristinestadshistoria.fi\/index.php?rest_route=\/wp\/v2\/users\/1"}],"replies":[{"embeddable":true,"href":"https:\/\/www.kristinestadshistoria.fi\/index.php?rest_route=%2Fwp%2Fv2%2Fcomments&post=4396"}],"version-history":[{"count":5,"href":"https:\/\/www.kristinestadshistoria.fi\/index.php?rest_route=\/wp\/v2\/pages\/4396\/revisions"}],"predecessor-version":[{"id":4402,"href":"https:\/\/www.kristinestadshistoria.fi\/index.php?rest_route=\/wp\/v2\/pages\/4396\/revisions\/4402"}],"up":[{"embeddable":true,"href":"https:\/\/www.kristinestadshistoria.fi\/index.php?rest_route=\/wp\/v2\/pages\/3752"}],"wp:attachment":[{"href":"https:\/\/www.kristinestadshistoria.fi\/index.php?rest_route=%2Fwp%2Fv2%2Fmedia&parent=4396"}],"curies":[{"name":"wp","href":"https:\/\/api.w.org\/{rel}","templated":true}]}}