{"id":4354,"date":"2017-06-03T21:39:01","date_gmt":"2017-06-03T19:39:01","guid":{"rendered":"http:\/\/www.lassebacklund.fi\/?page_id=4354"},"modified":"2018-02-03T15:46:55","modified_gmt":"2018-02-03T14:46:55","slug":"john-eriksson-fran-harkmeri","status":"publish","type":"page","link":"https:\/\/www.kristinestadshistoria.fi\/?page_id=4354","title":{"rendered":"John Eriksson fr\u00e5n H\u00e4rkmeri."},"content":{"rendered":"<p><span style=\"color: #000080;\">Den 16.2.1918 skrev tidningen Syd-\u00d6sterbotten om s\u00e5g\u00e4garen John Eriksson som stupade i Ule\u00e5borg:<\/span><\/p>\n<p>I kampen mot landsf\u00f6rr\u00e4darna stupade i striden vid Ule\u00e5borg s\u00e5g\u00e4garen John Eriksson fr\u00e5n H\u00e4rkmeri.<\/p>\n<figure id=\"attachment_7325\" aria-describedby=\"caption-attachment-7325\" style=\"width: 488px\" class=\"wp-caption aligncenter\"><img loading=\"lazy\" decoding=\"async\" class=\" wp-image-7325\" src=\"http:\/\/www.lassebacklund.fi\/wp-content\/uploads\/2018\/02\/John-Eriksson-foto-av-barnbarnet-Viveca.jpg\" alt=\"John Erikssons foto, taget i unga \u00e5r d\u00e5 han vistades i New Mexico i Amerika.\" width=\"488\" height=\"756\" srcset=\"https:\/\/www.kristinestadshistoria.fi\/wp-content\/uploads\/2018\/02\/John-Eriksson-foto-av-barnbarnet-Viveca.jpg 620w, https:\/\/www.kristinestadshistoria.fi\/wp-content\/uploads\/2018\/02\/John-Eriksson-foto-av-barnbarnet-Viveca-194x300.jpg 194w\" sizes=\"auto, (max-width: 488px) 100vw, 488px\" \/><figcaption id=\"caption-attachment-7325\" class=\"wp-caption-text\">John Erikssons foto, taget i unga \u00e5r d\u00e5 han vistades i New Mexico i Amerika.<\/figcaption><\/figure>\n<p>F\u00f6dd 1863 den 27 april i H\u00e4rkmeri och son till sytningsmannen Erik Karlsson Teir, v\u00e4xte han upp i kretsen av tv\u00e5 \u00e4nnu levande syskon. Inskriven i H\u00e4rkmeri nyinr\u00e4ttade folkskola som skolans f\u00f6rsta elev 1879, bes\u00f6kte han densamma endast ett l\u00e4se\u00e5r, varefter han efter genomg\u00e5ngen skriftskola i sitt 17-de \u00e5r begav sig till Amerika, d\u00e4r han i Arizona och Mexico arbetade p\u00e5 s\u00e4rskilda orter, huvudsakligast i mekaniska verkst\u00e4der.<\/p>\n<p>Hemkommen fr\u00e5n Amerika \u00e4gnade han sig till en b\u00f6rjan \u00e5t lanthandel i hembyn. Sedan han efter n\u00e5gra \u00e5r upph\u00f6rt med densamma, \u00e4gnade han sig under de senare \u00e5ren av sin levnad \u00e5t tr\u00e4varur\u00f6relse, senast i Sundom by i Solv socken, d\u00e4r han \u00e4gde en \u00e5ngs\u00e5g.<\/p>\n<p>\u00c4ven i allm\u00e4nna v\u00e4rv var han under m\u00e5nga \u00e5r anlitad. Medlem av folkskoledirektionen i hembyn, arbetade han med intresse f\u00f6r densamma, och \u00e4r byns nya folkskolehus huvudsakligen hans verk. Ordf\u00f6rande i kommunens gemensamma folkskoledirektion var han \u00e4ven under ett par \u00e5r. Livligt intresserad f\u00f6r sitt fosterlands v\u00e4l och ve, deltog han med intresse i allt arbete, som avs\u00e5g det gemensamma b\u00e4sta. Hans livligaste \u00e5stundan var st\u00e4dse att se fosterlandet fritt och oberoende och f\u00f6r detta \u00e4ndam\u00e5l var han st\u00e4dse villig att uppoffra sin tid, ja t.o.m. sitt liv. Under den Bobrikoffska regimens dagar var han en bland dem, som med st\u00e5ndaktighet och med osviklig r\u00e4ttsk\u00e4nsla motarbetade alla olagligheter s\u00e4rskilt den olagliga v\u00e4rnpliktslagen. Och nu, d\u00e5 frihetskampen br\u00f6t loss, var det helt naturligt, att han skulle vara en bland de f\u00f6rsta som tr\u00e4dde i ledet.<\/p>\n<p>Dj\u00e4rv och modig, som han var, drog han sig ej undan, n\u00e4r landets v\u00e4l fordrade det. Genom sitt manliga f\u00f6red\u00f6me har han visat oss alla v\u00e4gen till sann frihet, i plikttroget uppfyllande av medborgerliga plikter.<\/p>\n<p>I kretsen av sina gamla v\u00e4nner l\u00e4mnar han ett tomrum, som endast en stark, modig man kan ers\u00e4tta. M\u00e5 den tappra frihetshj\u00e4lten lugnt vila i f\u00e4dernejorden, f\u00f6r vars frihet han givit sitt liv!<\/p>\n<p><img loading=\"lazy\" decoding=\"async\" class=\"alignnone size-full wp-image-4353\" src=\"http:\/\/www.lassebacklund.fi\/wp-content\/uploads\/2017\/06\/Eriksson-John-H\u00e4rkmeri.jpg\" alt=\"Eriksson John, H\u00e4rkmeri\" width=\"300\" height=\"539\" srcset=\"https:\/\/www.kristinestadshistoria.fi\/wp-content\/uploads\/2017\/06\/Eriksson-John-H\u00e4rkmeri.jpg 300w, https:\/\/www.kristinestadshistoria.fi\/wp-content\/uploads\/2017\/06\/Eriksson-John-H\u00e4rkmeri-167x300.jpg 167w\" sizes=\"auto, (max-width: 300px) 100vw, 300px\" \/><\/p>\n","protected":false},"excerpt":{"rendered":"<p>Den 16.2.1918 skrev tidningen Syd-\u00d6sterbotten om s\u00e5g\u00e4garen John Eriksson som stupade i Ule\u00e5borg: I kampen mot landsf\u00f6rr\u00e4darna stupade i striden vid Ule\u00e5borg s\u00e5g\u00e4garen John Eriksson fr\u00e5n H\u00e4rkmeri. F\u00f6dd 1863 den 27 april i H\u00e4rkmeri och son till sytningsmannen Erik Karlsson <a class=\"more-link\" href=\"https:\/\/www.kristinestadshistoria.fi\/?page_id=4354\">Forts\u00e4tt l\u00e4sa <span class=\"screen-reader-text\">  John Eriksson fr\u00e5n H\u00e4rkmeri.<\/span><span class=\"meta-nav\">&rarr;<\/span><\/a><\/p>\n","protected":false},"author":1,"featured_media":0,"parent":3752,"menu_order":0,"comment_status":"closed","ping_status":"closed","template":"","meta":{"footnotes":""},"class_list":["post-4354","page","type-page","status-publish","hentry"],"_links":{"self":[{"href":"https:\/\/www.kristinestadshistoria.fi\/index.php?rest_route=\/wp\/v2\/pages\/4354","targetHints":{"allow":["GET"]}}],"collection":[{"href":"https:\/\/www.kristinestadshistoria.fi\/index.php?rest_route=\/wp\/v2\/pages"}],"about":[{"href":"https:\/\/www.kristinestadshistoria.fi\/index.php?rest_route=\/wp\/v2\/types\/page"}],"author":[{"embeddable":true,"href":"https:\/\/www.kristinestadshistoria.fi\/index.php?rest_route=\/wp\/v2\/users\/1"}],"replies":[{"embeddable":true,"href":"https:\/\/www.kristinestadshistoria.fi\/index.php?rest_route=%2Fwp%2Fv2%2Fcomments&post=4354"}],"version-history":[{"count":3,"href":"https:\/\/www.kristinestadshistoria.fi\/index.php?rest_route=\/wp\/v2\/pages\/4354\/revisions"}],"predecessor-version":[{"id":7327,"href":"https:\/\/www.kristinestadshistoria.fi\/index.php?rest_route=\/wp\/v2\/pages\/4354\/revisions\/7327"}],"up":[{"embeddable":true,"href":"https:\/\/www.kristinestadshistoria.fi\/index.php?rest_route=\/wp\/v2\/pages\/3752"}],"wp:attachment":[{"href":"https:\/\/www.kristinestadshistoria.fi\/index.php?rest_route=%2Fwp%2Fv2%2Fmedia&parent=4354"}],"curies":[{"name":"wp","href":"https:\/\/api.w.org\/{rel}","templated":true}]}}