{"id":4262,"date":"2017-05-26T22:24:21","date_gmt":"2017-05-26T20:24:21","guid":{"rendered":"http:\/\/www.lassebacklund.fi\/?page_id=4262"},"modified":"2017-05-26T22:24:21","modified_gmt":"2017-05-26T20:24:21","slug":"intryck-och-erfarenheter-fran-fronten","status":"publish","type":"page","link":"https:\/\/www.kristinestadshistoria.fi\/?page_id=4262","title":{"rendered":"Intryck och erfarenheter fr\u00e5n fronten."},"content":{"rendered":"<p><span style=\"color: #000080;\">Artikel i tidningen Syd-\u00d6sterbotten 10.4.1918:<\/span><\/p>\n<p>Det \u00e4r en m\u00e4rklig kamp de vita f\u00f6rt. \u00c4nnu minns jag s\u00e5 tydligt \u00f6verbef\u00e4lhavarens ord en afton i Sein\u00e4joki till oss medlemmar av lantdags- och allmogedeputationen, som n\u00e5gra timmar senare skulle avresa till Skandinavien. Han hade \u00f6ppet och of\u00f6rblommerat skildrat l\u00e4gets rent ohyggliga allvar. Med tillf\u00e4lligt hoprafsade allmogeskaror hade han och hans officerare befriat det vita Finland fr\u00e5n ryska och r\u00f6da v\u00e5ldsm\u00e4n. I hela det v\u00e4ldiga omr\u00e5det hade han att f\u00f6rfoga blott \u00f6ver n\u00e5gra tusen gev\u00e4r. S\u00e5 tog man ryssarnas och de r\u00f6das vapen, men snart nog blev det klart, att b\u00e5de vapen och i s\u00e4rskild h\u00f6g grad ammunition saknades, medan motst\u00e5ndaren sedan m\u00e5nader tillbaka fr\u00e5n Ryssland importerat rikliga f\u00f6rr\u00e5d och varje dag erh\u00f6ll nya f\u00f6rst\u00e4rkningar.<\/p>\n<p>Mot dessa v\u00e4lrustade upprorsm\u00e4n stod en ringa skara frivilliga o\u00f6vade allmogem\u00e4n som snart skulle vara vapenl\u00f6sa eller st\u00e5 blott med \u00bbkalla vapen\u00bb mot fiendens bly- och j\u00e4rnskurar. Den vapenl\u00f6sa tidens hela fruktansv\u00e4rda allvar l\u00e5g \u00f6ver oss och starkt inriktades i v\u00e5rt medvetande general Mannerheims slutord: vapen, vapen, vapen!<\/p>\n<figure id=\"attachment_4261\" aria-describedby=\"caption-attachment-4261\" style=\"width: 202px\" class=\"wp-caption aligncenter\"><img loading=\"lazy\" decoding=\"async\" class=\" wp-image-4261\" src=\"http:\/\/www.lassebacklund.fi\/wp-content\/uploads\/2017\/05\/Martin-Wetser.jpg\" alt=\"Martin Wetser (1868-1954) var den som ledde de vita trupperna d\u00e5 b\u00e5de Vasa och Tammerfors intogs i inb\u00f6rdeskriget 1918. I f\u00f6rsta v\u00e4rldskriget mellan \u00e5ren 1914 och 1917 var han officer i den ryska arm\u00e9n och deltog i striderna mot Tyskland men efter februarirevolutionen i Ryssland s\u00e5 \u00e5terv\u00e4nde han till Finland.\" width=\"202\" height=\"298\" srcset=\"https:\/\/www.kristinestadshistoria.fi\/wp-content\/uploads\/2017\/05\/Martin-Wetser.jpg 800w, https:\/\/www.kristinestadshistoria.fi\/wp-content\/uploads\/2017\/05\/Martin-Wetser-203x300.jpg 203w, https:\/\/www.kristinestadshistoria.fi\/wp-content\/uploads\/2017\/05\/Martin-Wetser-768x1135.jpg 768w, https:\/\/www.kristinestadshistoria.fi\/wp-content\/uploads\/2017\/05\/Martin-Wetser-693x1024.jpg 693w\" sizes=\"auto, (max-width: 202px) 100vw, 202px\" \/><figcaption id=\"caption-attachment-4261\" class=\"wp-caption-text\">Martin Wetser (1868-1954) var den som ledde de vita trupperna d\u00e5 b\u00e5de Vasa och Tammerfors intogs i inb\u00f6rdeskriget 1918. I f\u00f6rsta v\u00e4rldskriget mellan \u00e5ren 1914 och 1917 var han officer i den ryska arm\u00e9n och deltog i striderna mot Tyskland men efter februarirevolutionen i Ryssland s\u00e5 \u00e5terv\u00e4nde han till Finland.<\/figcaption><\/figure>\n<p>Tiden gick, Filppula fronten, \u00f6verste Wetzers front h\u00f6ll ut mot fiendens anfall och vapen kommo. Samtidigt p\u00e5gick i arm\u00e9ns rygg organisationsarbetet, j\u00e4garna b\u00e5de kommit, infanteriet fick nu fart, en artilleriskola arbetade, v\u00e4rnpliktsuppb\u00e5d anordnades. Ett f\u00f6rs\u00f6k av de r\u00f6da att genom Vaskivesi omfatta Filppula-fronten samtidigt som denna ansattes fr\u00e5n s\u00f6der, misslyckades, och s\u00e5 kom \u00e4ntligen den marsdag, d\u00e5 \u00f6verbef\u00e4lhavaren kunde l\u00e5ta alla sina mot Tammerfors koncentrerade trupper g\u00e5 mot s\u00f6der. Ifr\u00e5n Filppula gick \u00f6verste Wetzer l\u00e4ngs j\u00e4rnv\u00e4gen, \u00f6sterom opererade \u00f6verste Wilkman, vid N\u00e4sij\u00e4rvi stod \u00f6verste Hjalmarsson och p\u00e5 Satakuntafronten \u00f6verste Linder, som tagit Ikalis och Suodenniemi.<\/p>\n<p>V\u00e4gen fr\u00e5n norr gick emot s\u00f6der l\u00e4ngs j\u00e4rnv\u00e4gen. Namnen Filppula, Lyly, Korkeakoski, Orivesi, Suinula, Kangasala, Vehmainen, m. fl. stationer vid j\u00e4rnv\u00e4gen blir historiska namn betecknande framg\u00e5ngsrika strider f\u00f6r de vita.<\/p>\n<p>I Kangasala sammantr\u00e4ffade Wetzer och Wilkman, den senare gick \u00f6ver Lemp\u00e4\u00e4l\u00e4 s\u00f6derifr\u00e5n mot Tammerfors och samtidigt tr\u00e4ngde de Hjalmarssonska och Linderska kolonnerna fr\u00e5n norr och nordv\u00e4st s\u00f6derut. Ringen kring Tammerfors var sluten. M\u00e5ndagen den 26 mars tog \u00f6verbef\u00e4lhavaren j\u00e4mte stab en \u00f6verblick av st\u00e4llningen fr\u00e5n det grova artilleriets eldledningsposition i Vehmainen, n\u00e5got senare fr\u00e5n det nyss er\u00f6vrade Messuby.<\/p>\n<p>Det nu s\u00e5 ber\u00f6mda Filppula \u00e4r en liten obetydlig station med ett sticksp\u00e5r \u00f6sterut till M\u00e4ntt\u00e4 bruk. I sin j\u00e4rnv\u00e4gsvagn p\u00e5 Filppula satt \u00f6verste Wetzer, ledande operationerna med en i v\u00e4rldskriget h\u00e4rdad mans lugna besinning.<\/p>\n<p>Hans bana i livet ger nyckeln till hans s\u00e4tt att t\u00e4nka och handla. Uppfostrad som krigare i Finlands enda kadettk\u00e5r, fick han i finska gardesbataljonen sin praktiska skolning och som m\u00e5ngen annan l\u00e4mnade han under Bobrikows nedtystningsperiod krigarbanan, d\u00e5 gardesbataljonen uppl\u00f6stes. Av gardeskapten blev en jurist, en viceh\u00e4radsh\u00f6vding, och fredligt arbete syntes bli hans framtida v\u00e4rv, men v\u00e4rldskriget kom emellan och Wetzer inkallades till aktiv tj\u00e4nst i Ryssland, utm\u00e4rkte sig, befordrades till \u00f6verste och \u00e5tergick som andra efter revolutionen till privatlivet. Frihetskriget gav honom en stor uppgift, han tog Vasa fr\u00e5n ryssar och r\u00f6da, blev stabschef hos \u00f6verbef\u00e4lhavaren samt \u00f6vertog slutligen Tavastl\u00e4ndska arm\u00e9gruppen.<\/p>\n<p>Det \u00e4r icke blott krigaren, utan ocks\u00e5 den civilt t\u00e4nkande juristen, som framtr\u00e4der i hans handlande. Han sl\u00e5r h\u00e5rt n\u00e4r han sl\u00e5r, men sparar g\u00e4rna sitt folk och tar h\u00e4nsyn till omst\u00e4ndigheter, som den rena krigaren kanske ville f\u00f6rbise. Det ligger n\u00e5got p\u00e5 eng\u00e5ng nerv\u00f6st och absolut lugnt och kallt i hans s\u00e4tt. De ej s\u00e4llan bitande sarkastiska inl\u00e4ggen gentemot mer eller mindre f\u00f6retagsamma underordnade avslutas g\u00e4rna med n\u00e5gra sk\u00e4mtsamt v\u00e4lvilliga ord, som f\u00f6rta sk\u00e4rpan av det tidigare sagda, men ingalunda best\u00e4mdheten i orden. Ryssarna bombarderade vid Filppula hans vagn med grovt artilleri och deras flygare kastade sina bomber emot den men \u00f6versten satt ober\u00f6rd kvar, dag efter dag. Krigarens lugna fatalism g\u00f6r varje tanke p\u00e5 oro f\u00f6r den personliga s\u00e4kerheten fr\u00e4mmande f\u00f6r honom.<\/p>\n<p>Vid Tammerfors var han en av huvudregiss\u00f6rerna, \u00f6verbef\u00e4lhavaren och hans stab I\u00e4mnar vi f\u00f6r tillf\u00e4llet \u00e5t sidan. \u00d6verstens medarbetare, cheferna f\u00f6r de olika k\u00e5rerna blev icke synliga d\u00e4r korrespondenterna drog sig fram, men av vad som dagligen kom till synes framgick, att de arbetade med samma framg\u00e5ng och energi.<\/p>\n<p>Till sitt f\u00f6rfogande ha de ett egendomligt brokigt material, en folkh\u00e4r i detta ords fulla betydelse. Utrustning, in\u00f6vning, disciplinsk\u00e4nsla, allt b\u00e4r den sanna folkh\u00e4rspr\u00e4geln. Den ena gruppen \u00e4r redan h\u00e4rdad genom m\u00e5nga h\u00e5rda strider, den andra \u00e4r tagen \u00bbdirekt fr\u00e5n plogen\u00bb. Sida vid sida st\u00e5r rika och fattiga, b\u00f6nder och bonds\u00f6ner, torpare magistrar fr\u00e5n st\u00e4derna, tj\u00e4nstem\u00e4n, gods\u00e4gare, lant- och fabriksarbetare. Det som enar och sammanh\u00e5ller dem alla \u00e4r icke disciplinen, icke den milit\u00e4ra rutinen, utan en stor, allt och alla beh\u00e4rskande id\u00e9. Landet \u00e4r i fara, friheten \u00e4r hotad, utl\u00e4ndska f\u00f6rtryckare och inhemska v\u00e5ldsm\u00e4n s\u00f6ka omintetg\u00f6ra seklers kulturvinningar och rubba sj\u00e4lva grunden for folkets existens, f\u00f6r att v\u00e4rna detta har man gripit gev\u00e4ret och g\u00e4rna ger man sitt liv f\u00f6r det h\u00f6gsta i livet: f\u00f6r fosterlandet.<\/p>\n","protected":false},"excerpt":{"rendered":"<p>Artikel i tidningen Syd-\u00d6sterbotten 10.4.1918: Det \u00e4r en m\u00e4rklig kamp de vita f\u00f6rt. \u00c4nnu minns jag s\u00e5 tydligt \u00f6verbef\u00e4lhavarens ord en afton i Sein\u00e4joki till oss medlemmar av lantdags- och allmogedeputationen, som n\u00e5gra timmar senare skulle avresa till Skandinavien. Han <a class=\"more-link\" href=\"https:\/\/www.kristinestadshistoria.fi\/?page_id=4262\">Forts\u00e4tt l\u00e4sa <span class=\"screen-reader-text\">  Intryck och erfarenheter fr\u00e5n fronten.<\/span><span class=\"meta-nav\">&rarr;<\/span><\/a><\/p>\n","protected":false},"author":1,"featured_media":0,"parent":3747,"menu_order":0,"comment_status":"closed","ping_status":"closed","template":"","meta":{"footnotes":""},"class_list":["post-4262","page","type-page","status-publish","hentry"],"_links":{"self":[{"href":"https:\/\/www.kristinestadshistoria.fi\/index.php?rest_route=\/wp\/v2\/pages\/4262","targetHints":{"allow":["GET"]}}],"collection":[{"href":"https:\/\/www.kristinestadshistoria.fi\/index.php?rest_route=\/wp\/v2\/pages"}],"about":[{"href":"https:\/\/www.kristinestadshistoria.fi\/index.php?rest_route=\/wp\/v2\/types\/page"}],"author":[{"embeddable":true,"href":"https:\/\/www.kristinestadshistoria.fi\/index.php?rest_route=\/wp\/v2\/users\/1"}],"replies":[{"embeddable":true,"href":"https:\/\/www.kristinestadshistoria.fi\/index.php?rest_route=%2Fwp%2Fv2%2Fcomments&post=4262"}],"version-history":[{"count":1,"href":"https:\/\/www.kristinestadshistoria.fi\/index.php?rest_route=\/wp\/v2\/pages\/4262\/revisions"}],"predecessor-version":[{"id":4263,"href":"https:\/\/www.kristinestadshistoria.fi\/index.php?rest_route=\/wp\/v2\/pages\/4262\/revisions\/4263"}],"up":[{"embeddable":true,"href":"https:\/\/www.kristinestadshistoria.fi\/index.php?rest_route=\/wp\/v2\/pages\/3747"}],"wp:attachment":[{"href":"https:\/\/www.kristinestadshistoria.fi\/index.php?rest_route=%2Fwp%2Fv2%2Fmedia&parent=4262"}],"curies":[{"name":"wp","href":"https:\/\/api.w.org\/{rel}","templated":true}]}}