{"id":4258,"date":"2017-05-24T21:39:45","date_gmt":"2017-05-24T19:39:45","guid":{"rendered":"http:\/\/www.lassebacklund.fi\/?page_id=4258"},"modified":"2017-05-24T21:39:45","modified_gmt":"2017-05-24T19:39:45","slug":"nagot-om-livet-pa-landet","status":"publish","type":"page","link":"https:\/\/www.kristinestadshistoria.fi\/?page_id=4258","title":{"rendered":"N\u00e5got om livet p\u00e5 landet."},"content":{"rendered":"<p><span style=\"color: #000080;\">Ett inl\u00e4gg av en ok\u00e4nd skribent i tidningen Syd-\u00d6sterbotten 13.3.1918:<\/span><\/p>\n<p>Det \u00e4r helt naturligt att de v\u00e5ldsamma skakningar, som hotar att st\u00f6rta hela v\u00e5r samh\u00e4llsordning \u00f6ver\u00e4nda \u00e4ven ber\u00f6r folket p\u00e5 landet. Med sp\u00e4nt intresse f\u00f6ljer man med tilldragelserna f\u00f6r dagen. \u201dMen vad t\u00e4nker landsborna om allt som sker i v\u00e5rt land?\u201d Socialisterna och s\u00e4rskilt r\u00f6da gardet st\u00e5r inte h\u00f6gt i gunst hos allmogen i dessa tider. Redan f\u00f6re blodsd\u00e5den uttalade en gumma sin dom \u00f6ver det of\u00f6rnuftiga i de av socialisterna ig\u00e5ngsatta jordbruksstrejkerna. Hon sade att \u201dnu d\u00e5 man har f\u00e5tt n\u00e5got i l\u00e5rin, ska dom ha \u00e5. Men t\u00e5 man ska arbit, t\u00e5 komber dom it \u00e5 hj\u00e4lp till. T\u00e5 ska e strejkas. Men t\u00e5 e ska \u00e4tas, t\u00e5 ska dom ha mat allihop\u201d.<\/p>\n<p>En respektabel bonde sade att d\u00e5 var i Amerika, s\u00e5 arbetade han och sparade allt vad han kunde. En gammal och f\u00f6rst\u00e5ndig man tog honom med vid lediga stunder p\u00e5 s\u00f6ndagarna till kyrkan och p\u00e5 detta s\u00e4tt undgick han att falla i kr\u00f6garens klor. D\u00e5 kamraterna f\u00e5tt sin avl\u00f6ning s\u00e5 f\u00f6rde de den st\u00f6rsta delen till krogen. \u201dD\u00e5 jag kom hem till Finland\u201d sade bonden, \u201ds\u00e5 k\u00f6pte jag mig en hemmansdel f\u00f6r mina hoparbetade och sparade penningar. Mina kamrater hade ingenting men nu hade de nog lust att komma och dela mitt hemman. De andra hade ju samma tillf\u00e4lle som jag. D\u00e5 jag nu ibland f\u00e5r arbeta 24 timmar i dygnet, s\u00e5 har mina kamrater inte ens lust att arbeta 8 timmar, utan st\u00e5r mest och sysslar med tobakspipan och tittar p\u00e5 klockan, om det inte snart skall bli slut p\u00e5 dagen. Men om jag lyckas f\u00e5 n\u00e5got i spannm\u00e5lsl\u00e5ren, d\u00e5 vill de komma och dela eller ocks\u00e5 r\u00f6va med v\u00e5ld\u201d. S\u00e5dan visdom ville bonden inte veta av, ty han ans\u00e5g att den alltf\u00f6r mycket gynnade l\u00e4ttjan. P\u00e5 detta s\u00e4tt betygs\u00e4tter man r\u00f6varnas filosofi p\u00e5 landet. Den som lever galet, han t\u00e4nker och tror och talar \u00e4ven galet, s\u00e5 att hans galna liv skall f\u00e5 f\u00f6rsvar av hans \u00e4nnu galnare tal. \u00c4ven i detta avseende kan man s\u00e4ga: \u201dDitt tungom\u00e5l r\u00f6jer dig\u201d.<\/p>\n<p>M\u00e5nga undrar p\u00e5 landet i dag om det \u00e4r riktigt folk som lever till det p\u00e5 det s\u00e4tt som skildras i tidningarna eller om det \u00e4r varelser som stigit upp ur avgrunden. Stor f\u00f6rtrytelse och det med r\u00e4tta, r\u00e5der \u00f6verallt p\u00e5 landet mot r\u00f6dbandisternas v\u00e5ldsbragder. En offervillighet som \u00e4r enast\u00e5ende, framtr\u00e4der i dag. F\u00f6rut kan man ha all till att tro att endast jobberiet och girigheten h\u00e4rskade, men nu visar det sig att man osj\u00e4lviskt kan offra f\u00f6r det gemensamma b\u00e4sta: landets r\u00e4ddning. Man spinner, stickar, syr och samlar allt som duger, t.o.m. gamla galoscher och gamla velocipedringar.<\/p>\n<p>Men \u00e4nnu st\u00f6rre offer har m\u00e5nga burit fram. I ett hem hade en av de livskraftiga s\u00f6nerna fallit f\u00f6r landsf\u00f6rr\u00e4darnas kulor. Mor satt i spiseln och f\u00f6rs\u00f6kte h\u00e4mta tr\u00f6st ur en bok medan t\u00e5rarna f\u00f6ll. Bredvid satt dottern med t\u00e5rade \u00f6gon. I gungstolen satt den gamle giktbrutne fadern med den stumma sorgens s\u00e4nkta blick och f\u00f6rs\u00f6kte f\u00f6rg\u00e4ves sv\u00e4lja t\u00e5rarna. Det visade sig att den fallne i livet \u00e4gt ett stort rum i \u00e4lskade f\u00f6r\u00e4ldrahj\u00e4rtan. Den k\u00e4lla som s\u00f6rjande hj\u00e4rtan h\u00e4mtar sin styrka ifr\u00e5n och b\u00e4r livets tunga b\u00f6rdor \u00e4r Guds ord. Mig synes som om vi \u00e4ger v\u00e5ra starkaste trupper inte endast vid fronten, utan i de m\u00e5nga hemmen i v\u00e5ra bygder. D\u00e4r har Finland en arm\u00e9 av bedjande m\u00f6drar och f\u00e4der, som med kn\u00e4ppta h\u00e4nder riktade mot himlen och v\u00e4djar till den Allsm\u00e4ktige Guden. D\u00e4rf\u00f6r kan Finland ej g\u00e5 under.<\/p>\n","protected":false},"excerpt":{"rendered":"<p>Ett inl\u00e4gg av en ok\u00e4nd skribent i tidningen Syd-\u00d6sterbotten 13.3.1918: Det \u00e4r helt naturligt att de v\u00e5ldsamma skakningar, som hotar att st\u00f6rta hela v\u00e5r samh\u00e4llsordning \u00f6ver\u00e4nda \u00e4ven ber\u00f6r folket p\u00e5 landet. Med sp\u00e4nt intresse f\u00f6ljer man med tilldragelserna f\u00f6r dagen. <a class=\"more-link\" href=\"https:\/\/www.kristinestadshistoria.fi\/?page_id=4258\">Forts\u00e4tt l\u00e4sa <span class=\"screen-reader-text\">  N\u00e5got om livet p\u00e5 landet.<\/span><span class=\"meta-nav\">&rarr;<\/span><\/a><\/p>\n","protected":false},"author":1,"featured_media":0,"parent":3747,"menu_order":0,"comment_status":"closed","ping_status":"closed","template":"","meta":{"footnotes":""},"class_list":["post-4258","page","type-page","status-publish","hentry"],"_links":{"self":[{"href":"https:\/\/www.kristinestadshistoria.fi\/index.php?rest_route=\/wp\/v2\/pages\/4258","targetHints":{"allow":["GET"]}}],"collection":[{"href":"https:\/\/www.kristinestadshistoria.fi\/index.php?rest_route=\/wp\/v2\/pages"}],"about":[{"href":"https:\/\/www.kristinestadshistoria.fi\/index.php?rest_route=\/wp\/v2\/types\/page"}],"author":[{"embeddable":true,"href":"https:\/\/www.kristinestadshistoria.fi\/index.php?rest_route=\/wp\/v2\/users\/1"}],"replies":[{"embeddable":true,"href":"https:\/\/www.kristinestadshistoria.fi\/index.php?rest_route=%2Fwp%2Fv2%2Fcomments&post=4258"}],"version-history":[{"count":1,"href":"https:\/\/www.kristinestadshistoria.fi\/index.php?rest_route=\/wp\/v2\/pages\/4258\/revisions"}],"predecessor-version":[{"id":4259,"href":"https:\/\/www.kristinestadshistoria.fi\/index.php?rest_route=\/wp\/v2\/pages\/4258\/revisions\/4259"}],"up":[{"embeddable":true,"href":"https:\/\/www.kristinestadshistoria.fi\/index.php?rest_route=\/wp\/v2\/pages\/3747"}],"wp:attachment":[{"href":"https:\/\/www.kristinestadshistoria.fi\/index.php?rest_route=%2Fwp%2Fv2%2Fmedia&parent=4258"}],"curies":[{"name":"wp","href":"https:\/\/api.w.org\/{rel}","templated":true}]}}