{"id":3949,"date":"2017-05-06T14:20:50","date_gmt":"2017-05-06T12:20:50","guid":{"rendered":"http:\/\/www.lassebacklund.fi\/?page_id=3949"},"modified":"2019-07-09T18:36:04","modified_gmt":"2019-07-09T15:36:04","slug":"folkvannen-skriver-om-dagsmark","status":"publish","type":"page","link":"https:\/\/www.kristinestadshistoria.fi\/?page_id=3949","title":{"rendered":"Folkv\u00e4nnen skriver om Dagsmark."},"content":{"rendered":"<p><span style=\"color: #000080;\">\u00c5r 1861 grundades tidningen FOLKV\u00c4NNEN i Helsingfors, i samband med den svenska nationalitetsr\u00f6relsens uppkomst. Tidningen hade n\u00e4rmast en pedagogisk funktion och utkom fr\u00e5n \u00e5r 1883 till 1893 hela sex g\u00e5nger i veckan.<\/span><\/p>\n<p><span style=\"color: #000080;\">En aktiv skribent fr\u00e5n Syd-\u00d6sterbotten, troligen fr\u00e5n Sideby hade i varje nummer en artikel som behandlade aktuella h\u00e4ndelser i v\u00e5rt omr\u00e5de. Den hette <em>Bref fr\u00e5n landsorten<\/em>, och var en l\u00e5ng f\u00f6ljetong som f\u00f6r det mesta handlade om Sideby. \u00c5r 1888 hade Sideby 2\u00a0750 inv\u00e5nare och det f\u00f6ddes hela 50 barn det \u00e5ret. Det fanns ocks\u00e5 en Immanuel som n\u00e4r han dog var hela 81 \u00e5r gammal. Emigrationen till Amerika var stor, men de flesta reste bara i v\u00e4g f\u00f6r att f\u00f6rtj\u00e4na pengar och sedan \u00e5terv\u00e4nda till hemtrakterna.<\/span><\/p>\n<p><span style=\"color: #000080;\">Men ibland s\u00e5 figurerar ocks\u00e5 andra byar i f\u00f6ljetongen, bland annat s\u00e5 h\u00e4r skriver tidningen om Dagsmark den 14 mars 1889:<\/span><\/p>\n<p><img loading=\"lazy\" decoding=\"async\" class=\"size-full wp-image-3946 aligncenter\" src=\"http:\/\/www.lassebacklund.fi\/wp-content\/uploads\/2017\/05\/1-3.jpg\" alt=\"1\" width=\"923\" height=\"344\" srcset=\"https:\/\/www.kristinestadshistoria.fi\/wp-content\/uploads\/2017\/05\/1-3.jpg 923w, https:\/\/www.kristinestadshistoria.fi\/wp-content\/uploads\/2017\/05\/1-3-300x112.jpg 300w, https:\/\/www.kristinestadshistoria.fi\/wp-content\/uploads\/2017\/05\/1-3-768x286.jpg 768w\" sizes=\"auto, (max-width: 923px) 100vw, 923px\" \/><\/p>\n<p><span style=\"color: #000080;\">En m\u00e5nad senare \u00e5terkommer tidningen med en l\u00e4ngre artikel om Dagsmark:<\/span><\/p>\n<p><img loading=\"lazy\" decoding=\"async\" class=\"size-full wp-image-3947 aligncenter\" src=\"http:\/\/www.lassebacklund.fi\/wp-content\/uploads\/2017\/05\/2-3.jpg\" alt=\"2\" width=\"1295\" height=\"1838\" srcset=\"https:\/\/www.kristinestadshistoria.fi\/wp-content\/uploads\/2017\/05\/2-3.jpg 1295w, https:\/\/www.kristinestadshistoria.fi\/wp-content\/uploads\/2017\/05\/2-3-211x300.jpg 211w, https:\/\/www.kristinestadshistoria.fi\/wp-content\/uploads\/2017\/05\/2-3-768x1090.jpg 768w, https:\/\/www.kristinestadshistoria.fi\/wp-content\/uploads\/2017\/05\/2-3-721x1024.jpg 721w\" sizes=\"auto, (max-width: 1295px) 100vw, 1295px\" \/><\/p>\n<p><span style=\"color: #000080;\">Ett par dagar senare skriver tidningen en intressant artikel som beskriver omr\u00e5det s\u00f6der om Lappfj\u00e4rds \u00e5, det som i folkmun kallas f\u00f6r A-sidon eller Kask\u00f6-sidon:<\/span><\/p>\n<p><img loading=\"lazy\" decoding=\"async\" class=\"size-full wp-image-3948 aligncenter\" src=\"http:\/\/www.lassebacklund.fi\/wp-content\/uploads\/2017\/05\/3-3.jpg\" alt=\"3\" width=\"1221\" height=\"1262\" srcset=\"https:\/\/www.kristinestadshistoria.fi\/wp-content\/uploads\/2017\/05\/3-3.jpg 1221w, https:\/\/www.kristinestadshistoria.fi\/wp-content\/uploads\/2017\/05\/3-3-290x300.jpg 290w, https:\/\/www.kristinestadshistoria.fi\/wp-content\/uploads\/2017\/05\/3-3-768x794.jpg 768w, https:\/\/www.kristinestadshistoria.fi\/wp-content\/uploads\/2017\/05\/3-3-991x1024.jpg 991w\" sizes=\"auto, (max-width: 1221px) 100vw, 1221px\" \/><\/p>\n<p><span style=\"color: #000080;\">Notis i Vasabladet 14.4.1877:<\/span><\/p>\n<p><span style=\"color: #000000;\"><strong>Statsr\u00e5det K. H. Furuhjelms donation<\/strong>. Sedan avlidna statsr\u00e5det Karl Harald Felix Furuhjelm genom ett i livstiden uppr\u00e4ttat testamente f\u00f6rordnat att r\u00e4ntorna p\u00e5 ett av honom donerat kapital, som numera f\u00f6rvaltas av Finlands Statskontor, skall anv\u00e4ndas f\u00f6retr\u00e4desvis till underh\u00e5ll vid folkskola av de fattigaste, men tillika mest lovande av de kommuners barn, d\u00e4r dylika skolor finnas inr\u00e4ttade och d\u00e4r undervisning ordnas i sl\u00f6jd, \u00e5kerbruk, tr\u00e4dg\u00e5rdssk\u00f6tsel och h\u00e4lsov\u00e5rd, s\u00e5 har \u00f6verstyrelsen f\u00f6r skolv\u00e4sendet efter det statskontoret anm\u00e4lt att 9 796 mark 95 penni f\u00f6r n\u00e4rvarande \u00e4r disponibla, anmodat samtliga inspekt\u00f6rer f\u00f6r folkskolorna p\u00e5 landet, att p\u00e5 det \u00f6verstyrelsen m\u00e5 komma i tillf\u00e4lle att f\u00f6rdela dessa medel, inkomma med uppgift p\u00e5 de skolor inom inspektionsdistriktet, d\u00e4r undervisning i n\u00e5got eller n\u00e5gra av ovan uppr\u00e4knade \u00e4mnen ordnas.<\/span><\/p>\n<p><span style=\"color: #000080;\">Den Furuhjelmska fonden delade varje \u00e5r ut stipendier \u00e5t duktiga elever. I ett nummer av Helsingfors Dagblad fr\u00e5n 1887 st\u00e5r det att totalt 285 elever i Finland f\u00e5tt stipendium, i Vasa l\u00e4n fick 15 skolor stipendier som gavs \u00e5t totalt 27 elever, bland annat till Dagsmarks nyinr\u00e4ttade folkskola.<\/span><\/p>\n","protected":false},"excerpt":{"rendered":"<p>\u00c5r 1861 grundades tidningen FOLKV\u00c4NNEN i Helsingfors, i samband med den svenska nationalitetsr\u00f6relsens uppkomst. Tidningen hade n\u00e4rmast en pedagogisk funktion och utkom fr\u00e5n \u00e5r 1883 till 1893 hela sex g\u00e5nger i veckan. En aktiv skribent fr\u00e5n Syd-\u00d6sterbotten, troligen fr\u00e5n Sideby <a class=\"more-link\" href=\"https:\/\/www.kristinestadshistoria.fi\/?page_id=3949\">Forts\u00e4tt l\u00e4sa <span class=\"screen-reader-text\">  Folkv\u00e4nnen skriver om Dagsmark.<\/span><span class=\"meta-nav\">&rarr;<\/span><\/a><\/p>\n","protected":false},"author":1,"featured_media":0,"parent":19,"menu_order":11,"comment_status":"closed","ping_status":"closed","template":"","meta":{"footnotes":""},"class_list":["post-3949","page","type-page","status-publish","hentry"],"_links":{"self":[{"href":"https:\/\/www.kristinestadshistoria.fi\/index.php?rest_route=\/wp\/v2\/pages\/3949","targetHints":{"allow":["GET"]}}],"collection":[{"href":"https:\/\/www.kristinestadshistoria.fi\/index.php?rest_route=\/wp\/v2\/pages"}],"about":[{"href":"https:\/\/www.kristinestadshistoria.fi\/index.php?rest_route=\/wp\/v2\/types\/page"}],"author":[{"embeddable":true,"href":"https:\/\/www.kristinestadshistoria.fi\/index.php?rest_route=\/wp\/v2\/users\/1"}],"replies":[{"embeddable":true,"href":"https:\/\/www.kristinestadshistoria.fi\/index.php?rest_route=%2Fwp%2Fv2%2Fcomments&post=3949"}],"version-history":[{"count":3,"href":"https:\/\/www.kristinestadshistoria.fi\/index.php?rest_route=\/wp\/v2\/pages\/3949\/revisions"}],"predecessor-version":[{"id":8502,"href":"https:\/\/www.kristinestadshistoria.fi\/index.php?rest_route=\/wp\/v2\/pages\/3949\/revisions\/8502"}],"up":[{"embeddable":true,"href":"https:\/\/www.kristinestadshistoria.fi\/index.php?rest_route=\/wp\/v2\/pages\/19"}],"wp:attachment":[{"href":"https:\/\/www.kristinestadshistoria.fi\/index.php?rest_route=%2Fwp%2Fv2%2Fmedia&parent=3949"}],"curies":[{"name":"wp","href":"https:\/\/api.w.org\/{rel}","templated":true}]}}