{"id":39,"date":"2016-07-12T22:27:16","date_gmt":"2016-07-12T20:27:16","guid":{"rendered":"http:\/\/www.lassebacklund.fi\/wp\/?page_id=39"},"modified":"2026-04-06T18:11:20","modified_gmt":"2026-04-06T15:11:20","slug":"valkommen2","status":"publish","type":"page","link":"https:\/\/www.kristinestadshistoria.fi\/","title":{"rendered":"V\u00e4lkommen!"},"content":{"rendered":"<p>Vad roligt att du hittade sidan med historisk information fr\u00e5n Kristinestad. H\u00e4r hittar du kartor, gamla foton, g\u00e5rdshistoriker och mycket annat.<\/p>\n<p style=\"font-style: inherit; font-weight: inherit;\"><span style=\"font-style: inherit; font-weight: inherit;\">V\u00e4lj ett passligt \u00e4mne i menyn h\u00e4r ovan, s\u00e5 hittar du s\u00e4kert n\u00e5gonting som intresserar dig.<\/span><\/p>\n<p style=\"font-style: inherit; font-weight: inherit;\">Hemsidan om Kristinestads historia f\u00f6rb\u00e4ttras regelbundet och om du vill se de senaste uppdateringarna, s\u00e5 skall du klicka <a href=\"http:\/\/www.kristinestadshistoria.fi\/?page_id=802\"><span style=\"text-decoration: underline;\"><span style=\"color: #000080;\"><strong>H\u00c4R!<\/strong><\/span><\/span><\/a><\/p>\n<p style=\"font-style: inherit; font-weight: inherit;\"><span style=\"font-style: inherit; font-weight: inherit;\">Mycket n\u00f6je.<\/span><\/p>\n<p><strong>Lasse Backlund, lokalhistoriker.<\/strong><\/p>\n<figure id=\"attachment_23454\" aria-describedby=\"caption-attachment-23454\" style=\"width: 391px\" class=\"wp-caption alignnone\"><img loading=\"lazy\" decoding=\"async\" class=\"wp-image-23454\" src=\"https:\/\/www.kristinestadshistoria.fi\/wp-content\/uploads\/2022\/04\/Svenska_kulturfonden_logo_horisontell_svart-2-1.jpg\" alt=\"\" width=\"391\" height=\"100\" srcset=\"https:\/\/www.kristinestadshistoria.fi\/wp-content\/uploads\/2022\/04\/Svenska_kulturfonden_logo_horisontell_svart-2-1.jpg 571w, https:\/\/www.kristinestadshistoria.fi\/wp-content\/uploads\/2022\/04\/Svenska_kulturfonden_logo_horisontell_svart-2-1-300x76.jpg 300w\" sizes=\"auto, (max-width: 391px) 100vw, 391px\" \/><figcaption id=\"caption-attachment-23454\" class=\"wp-caption-text\">Uppr\u00e4tth\u00e5llandet av denna hemsida st\u00f6ddes \u00e5r 2022 med medel ur Frans Henriksons testamentsfond.<\/figcaption><\/figure>\n<h4><strong>Senaste nytt:<\/strong><\/h4>\n<figure id=\"attachment_30771\" aria-describedby=\"caption-attachment-30771\" style=\"width: 1830px\" class=\"wp-caption alignnone\"><img loading=\"lazy\" decoding=\"async\" class=\"size-full wp-image-30771\" src=\"https:\/\/www.kristinestadshistoria.fi\/wp-content\/uploads\/2026\/04\/25-Vastra-Langgatan-Parmansgatan-Posthuset-2020-5.jpg\" alt=\"\" width=\"1830\" height=\"1132\" srcset=\"https:\/\/www.kristinestadshistoria.fi\/wp-content\/uploads\/2026\/04\/25-Vastra-Langgatan-Parmansgatan-Posthuset-2020-5.jpg 1830w, https:\/\/www.kristinestadshistoria.fi\/wp-content\/uploads\/2026\/04\/25-Vastra-Langgatan-Parmansgatan-Posthuset-2020-5-300x186.jpg 300w, https:\/\/www.kristinestadshistoria.fi\/wp-content\/uploads\/2026\/04\/25-Vastra-Langgatan-Parmansgatan-Posthuset-2020-5-1024x633.jpg 1024w, https:\/\/www.kristinestadshistoria.fi\/wp-content\/uploads\/2026\/04\/25-Vastra-Langgatan-Parmansgatan-Posthuset-2020-5-768x475.jpg 768w, https:\/\/www.kristinestadshistoria.fi\/wp-content\/uploads\/2026\/04\/25-Vastra-Langgatan-Parmansgatan-Posthuset-2020-5-1536x950.jpg 1536w\" sizes=\"auto, (max-width: 1830px) 100vw, 1830px\" \/><figcaption id=\"caption-attachment-30771\" class=\"wp-caption-text\">Under \u00e5ren 1973\u20131975 byggde finska staten, f\u00f6retr\u00e4dd av Post- och telegrafstyrelsen denna del av \u00e4mbetshusen, som st\u00e5r p\u00e5 tomterna nr 115 och 114, i h\u00f6rnet av Parmansgatan och V\u00e4stra L\u00e5nggatan. I denna gula byggnad fanns postkontoret i nedre v\u00e5ningen och skattebyr\u00e5n i den \u00f6vre. Om du vill l\u00e4sa mera om vilka byggnader, som har funnits p\u00e5 de tv\u00e5 tomterna, s\u00e5 skall du klicka <a href=\"https:\/\/www.kristinestadshistoria.fi\/?page_id=30766\"><span style=\"color: #000080;\"><strong>H\u00c4R!<\/strong><\/span><\/a><\/figcaption><\/figure>\n","protected":false},"excerpt":{"rendered":"<p>Vad roligt att du hittade sidan med historisk information fr\u00e5n Kristinestad. H\u00e4r hittar du kartor, gamla foton, g\u00e5rdshistoriker och mycket annat. V\u00e4lj ett passligt \u00e4mne i menyn h\u00e4r ovan, s\u00e5 hittar du s\u00e4kert n\u00e5gonting som intresserar dig. Hemsidan om Kristinestads <a class=\"more-link\" href=\"https:\/\/www.kristinestadshistoria.fi\/\">Forts\u00e4tt l\u00e4sa <span class=\"screen-reader-text\">  V\u00e4lkommen!<\/span><span class=\"meta-nav\">&rarr;<\/span><\/a><\/p>\n","protected":false},"author":1,"featured_media":0,"parent":0,"menu_order":0,"comment_status":"closed","ping_status":"closed","template":"","meta":{"footnotes":""},"class_list":["post-39","page","type-page","status-publish","hentry"],"_links":{"self":[{"href":"https:\/\/www.kristinestadshistoria.fi\/index.php?rest_route=\/wp\/v2\/pages\/39","targetHints":{"allow":["GET"]}}],"collection":[{"href":"https:\/\/www.kristinestadshistoria.fi\/index.php?rest_route=\/wp\/v2\/pages"}],"about":[{"href":"https:\/\/www.kristinestadshistoria.fi\/index.php?rest_route=\/wp\/v2\/types\/page"}],"author":[{"embeddable":true,"href":"https:\/\/www.kristinestadshistoria.fi\/index.php?rest_route=\/wp\/v2\/users\/1"}],"replies":[{"embeddable":true,"href":"https:\/\/www.kristinestadshistoria.fi\/index.php?rest_route=%2Fwp%2Fv2%2Fcomments&post=39"}],"version-history":[{"count":157,"href":"https:\/\/www.kristinestadshistoria.fi\/index.php?rest_route=\/wp\/v2\/pages\/39\/revisions"}],"predecessor-version":[{"id":30788,"href":"https:\/\/www.kristinestadshistoria.fi\/index.php?rest_route=\/wp\/v2\/pages\/39\/revisions\/30788"}],"wp:attachment":[{"href":"https:\/\/www.kristinestadshistoria.fi\/index.php?rest_route=%2Fwp%2Fv2%2Fmedia&parent=39"}],"curies":[{"name":"wp","href":"https:\/\/api.w.org\/{rel}","templated":true}]}}