{"id":3749,"date":"2017-04-22T08:58:41","date_gmt":"2017-04-22T06:58:41","guid":{"rendered":"http:\/\/www.lassebacklund.fi\/?page_id=3749"},"modified":"2019-10-17T12:19:58","modified_gmt":"2019-10-17T09:19:58","slug":"avvapningen-i-sideby","status":"publish","type":"page","link":"https:\/\/www.kristinestadshistoria.fi\/?page_id=3749","title":{"rendered":"Avv\u00e4pningen i Sideby."},"content":{"rendered":"<p><span style=\"color: #000080;\">Artikel i tidningen Syd-\u00d6sterbotten 9.2.1918:<\/span><\/p>\n<p>M\u00e5ndagen den 28 januari p\u00e5 kv\u00e4llen samlades Sideby skyddsk\u00e5r i syfte att under nattens lopp avv\u00e4pna den ryska milit\u00e4ren p\u00e5 orten. Snart s\u00e5gs ocks\u00e5 den ej alltf\u00f6r stora styrkan t\u00e5ga till huvudkas\u00e4rnen p\u00e5 Dalsbacken, varest n\u00e5gra och tjugo, till t\u00e4nderna bev\u00e4pnade soldater, funnos.<\/p>\n<p>L\u00e4ngtan att \u00e4ntligen f\u00e5 avskudda sig den ryska soldateskens ok, som under trenne l\u00e5nga \u00e5r tryckt den enskilde s\u00e5v\u00e4l som hela samh\u00e4llet, ing\u00f6t det beh\u00f6vliga modet hos varje k\u00e4mpe. Resurserna voro n\u00e5got oj\u00e4mna. Av fruktan f\u00f6r \u00f6vermakten str\u00e4ckte ryssarna genast gev\u00e4r. Lika beh\u00e4ndigt avv\u00e4pnades byns \u00f6vriga kas\u00e4rner. I en av dem, d\u00e4r \u00e5tta ryssar voro installerade, utf\u00f6rdes handlingen av fem skyddsk\u00e5rister.<\/p>\n<p>P\u00e5 natten antr\u00e4ddes f\u00e4rden till Skaftung, d\u00e4r 19 soldater utan omsvep avv\u00e4pnades. Annat blev dock fallet vid Boberget. H\u00e4r uppstod en livlig skottv\u00e4xling och ryssarna kunde betvingas f\u00f6rst om ett par timmar. \u2013Det hela avl\u00f6pte icke utan blodsutgjutelse: av skyddsk\u00e5risterna blev en sv\u00e5rt och tvenne lindrigt s\u00e5rade och av ryssarna f\u00f6ll en och s\u00e5rades en annan.<\/p>\n<p>Vid middagstiden f\u00f6ljande dag (29.1.1918) var allt klart och ordnat. Bytet var ganska rikligt. 62 ryssar och en huligan sutto f\u00e5ngna och av krigsf\u00f6rn\u00f6denheter erh\u00f6lls ocks\u00e5 till husbehov.<\/p>\n<p><a href=\"http:\/\/www.lassebacklund.fi\/?page_id=3747\"><span style=\"text-decoration: underline;\"><span style=\"color: #000080; text-decoration: underline;\">Tillbaka till huvudartikeln.<\/span><\/span><\/a><\/p>\n","protected":false},"excerpt":{"rendered":"<p>Artikel i tidningen Syd-\u00d6sterbotten 9.2.1918: M\u00e5ndagen den 28 januari p\u00e5 kv\u00e4llen samlades Sideby skyddsk\u00e5r i syfte att under nattens lopp avv\u00e4pna den ryska milit\u00e4ren p\u00e5 orten. Snart s\u00e5gs ocks\u00e5 den ej alltf\u00f6r stora styrkan t\u00e5ga till huvudkas\u00e4rnen p\u00e5 Dalsbacken, varest <a class=\"more-link\" href=\"https:\/\/www.kristinestadshistoria.fi\/?page_id=3749\">Forts\u00e4tt l\u00e4sa <span class=\"screen-reader-text\">  Avv\u00e4pningen i Sideby.<\/span><span class=\"meta-nav\">&rarr;<\/span><\/a><\/p>\n","protected":false},"author":1,"featured_media":0,"parent":3747,"menu_order":1,"comment_status":"closed","ping_status":"closed","template":"","meta":{"footnotes":""},"class_list":["post-3749","page","type-page","status-publish","hentry"],"_links":{"self":[{"href":"https:\/\/www.kristinestadshistoria.fi\/index.php?rest_route=\/wp\/v2\/pages\/3749","targetHints":{"allow":["GET"]}}],"collection":[{"href":"https:\/\/www.kristinestadshistoria.fi\/index.php?rest_route=\/wp\/v2\/pages"}],"about":[{"href":"https:\/\/www.kristinestadshistoria.fi\/index.php?rest_route=\/wp\/v2\/types\/page"}],"author":[{"embeddable":true,"href":"https:\/\/www.kristinestadshistoria.fi\/index.php?rest_route=\/wp\/v2\/users\/1"}],"replies":[{"embeddable":true,"href":"https:\/\/www.kristinestadshistoria.fi\/index.php?rest_route=%2Fwp%2Fv2%2Fcomments&post=3749"}],"version-history":[{"count":3,"href":"https:\/\/www.kristinestadshistoria.fi\/index.php?rest_route=\/wp\/v2\/pages\/3749\/revisions"}],"predecessor-version":[{"id":14695,"href":"https:\/\/www.kristinestadshistoria.fi\/index.php?rest_route=\/wp\/v2\/pages\/3749\/revisions\/14695"}],"up":[{"embeddable":true,"href":"https:\/\/www.kristinestadshistoria.fi\/index.php?rest_route=\/wp\/v2\/pages\/3747"}],"wp:attachment":[{"href":"https:\/\/www.kristinestadshistoria.fi\/index.php?rest_route=%2Fwp%2Fv2%2Fmedia&parent=3749"}],"curies":[{"name":"wp","href":"https:\/\/api.w.org\/{rel}","templated":true}]}}