{"id":3664,"date":"2017-04-13T20:28:39","date_gmt":"2017-04-13T18:28:39","guid":{"rendered":"http:\/\/www.lassebacklund.fi\/?page_id=3664"},"modified":"2017-04-13T21:24:44","modified_gmt":"2017-04-13T19:24:44","slug":"rurik-nylund-skriver-om-var-forhistoria","status":"publish","type":"page","link":"https:\/\/www.kristinestadshistoria.fi\/?page_id=3664","title":{"rendered":"Rurik Nylund skriver om v\u00e5r f\u00f6rhistoria."},"content":{"rendered":"<p><img loading=\"lazy\" decoding=\"async\" class=\"size-full wp-image-3660 aligncenter\" src=\"http:\/\/www.lassebacklund.fi\/wp-content\/uploads\/2017\/04\/R1.jpg\" alt=\"R1\" width=\"1140\" height=\"1716\" srcset=\"https:\/\/www.kristinestadshistoria.fi\/wp-content\/uploads\/2017\/04\/R1.jpg 1140w, https:\/\/www.kristinestadshistoria.fi\/wp-content\/uploads\/2017\/04\/R1-199x300.jpg 199w, https:\/\/www.kristinestadshistoria.fi\/wp-content\/uploads\/2017\/04\/R1-768x1156.jpg 768w, https:\/\/www.kristinestadshistoria.fi\/wp-content\/uploads\/2017\/04\/R1-680x1024.jpg 680w\" sizes=\"auto, (max-width: 1140px) 100vw, 1140px\" \/><\/p>\n<p><img loading=\"lazy\" decoding=\"async\" class=\"size-full wp-image-3661 aligncenter\" src=\"http:\/\/www.lassebacklund.fi\/wp-content\/uploads\/2017\/04\/R2.jpg\" alt=\"R2\" width=\"1147\" height=\"1660\" srcset=\"https:\/\/www.kristinestadshistoria.fi\/wp-content\/uploads\/2017\/04\/R2.jpg 1147w, https:\/\/www.kristinestadshistoria.fi\/wp-content\/uploads\/2017\/04\/R2-207x300.jpg 207w, https:\/\/www.kristinestadshistoria.fi\/wp-content\/uploads\/2017\/04\/R2-768x1111.jpg 768w, https:\/\/www.kristinestadshistoria.fi\/wp-content\/uploads\/2017\/04\/R2-708x1024.jpg 708w\" sizes=\"auto, (max-width: 1147px) 100vw, 1147px\" \/><\/p>\n<p>&nbsp;<\/p>\n<p><img loading=\"lazy\" decoding=\"async\" class=\"size-full wp-image-3662 aligncenter\" src=\"http:\/\/www.lassebacklund.fi\/wp-content\/uploads\/2017\/04\/R3.jpg\" alt=\"R3\" width=\"1151\" height=\"1730\" srcset=\"https:\/\/www.kristinestadshistoria.fi\/wp-content\/uploads\/2017\/04\/R3.jpg 1151w, https:\/\/www.kristinestadshistoria.fi\/wp-content\/uploads\/2017\/04\/R3-200x300.jpg 200w, https:\/\/www.kristinestadshistoria.fi\/wp-content\/uploads\/2017\/04\/R3-768x1154.jpg 768w, https:\/\/www.kristinestadshistoria.fi\/wp-content\/uploads\/2017\/04\/R3-681x1024.jpg 681w\" sizes=\"auto, (max-width: 1151px) 100vw, 1151px\" \/><\/p>\n<p><img loading=\"lazy\" decoding=\"async\" class=\"size-full wp-image-3663 aligncenter\" src=\"http:\/\/www.lassebacklund.fi\/wp-content\/uploads\/2017\/04\/R4.jpg\" alt=\"R4\" width=\"1115\" height=\"1716\" srcset=\"https:\/\/www.kristinestadshistoria.fi\/wp-content\/uploads\/2017\/04\/R4.jpg 1115w, https:\/\/www.kristinestadshistoria.fi\/wp-content\/uploads\/2017\/04\/R4-195x300.jpg 195w, https:\/\/www.kristinestadshistoria.fi\/wp-content\/uploads\/2017\/04\/R4-768x1182.jpg 768w, https:\/\/www.kristinestadshistoria.fi\/wp-content\/uploads\/2017\/04\/R4-665x1024.jpg 665w\" sizes=\"auto, (max-width: 1115px) 100vw, 1115px\" \/><\/p>\n<figure id=\"attachment_3668\" aria-describedby=\"caption-attachment-3668\" style=\"width: 1198px\" class=\"wp-caption aligncenter\"><img loading=\"lazy\" decoding=\"async\" class=\"size-full wp-image-3668\" src=\"http:\/\/www.lassebacklund.fi\/wp-content\/uploads\/2017\/04\/D2.jpg\" alt=\"P\u00e5 Ruriks karta ser vi havslinjen f\u00f6r n\u00e4stan 5 000 \u00e5r sedan, allts\u00e5 \u00e5r 2700 f. Kr. Havsytan var d\u00e5 s\u00e5 h\u00f6g att den skulle ha t\u00e4ckt korset p\u00e5 taket till Lappfj\u00e4rds kyrka.\" width=\"1198\" height=\"1689\" srcset=\"https:\/\/www.kristinestadshistoria.fi\/wp-content\/uploads\/2017\/04\/D2.jpg 1198w, https:\/\/www.kristinestadshistoria.fi\/wp-content\/uploads\/2017\/04\/D2-213x300.jpg 213w, https:\/\/www.kristinestadshistoria.fi\/wp-content\/uploads\/2017\/04\/D2-768x1083.jpg 768w, https:\/\/www.kristinestadshistoria.fi\/wp-content\/uploads\/2017\/04\/D2-726x1024.jpg 726w\" sizes=\"auto, (max-width: 1198px) 100vw, 1198px\" \/><figcaption id=\"caption-attachment-3668\" class=\"wp-caption-text\">P\u00e5 Ruriks karta ser vi havslinjen f\u00f6r n\u00e4stan 5 000 \u00e5r sedan, allts\u00e5 \u00e5r 2700 f. Kr. Havsytan var d\u00e5 s\u00e5 h\u00f6g att den skulle ha t\u00e4ckt korset p\u00e5 taket till Lappfj\u00e4rds kyrka.<\/figcaption><\/figure>\n<figure id=\"attachment_3669\" aria-describedby=\"caption-attachment-3669\" style=\"width: 1102px\" class=\"wp-caption aligncenter\"><img loading=\"lazy\" decoding=\"async\" class=\"size-full wp-image-3669\" src=\"http:\/\/www.lassebacklund.fi\/wp-content\/uploads\/2017\/04\/D4.jpg\" alt=\"P\u00e5 Rurik Nylunds karta fr\u00e5n 500 f. Kr s\u00e5 ser vi att s\u00e5 gott som hela Lappfj\u00e4rd och H\u00e4rkmeri t\u00e4cks av vatten, medan delar av Henriksdal och \u00d6mossa b\u00f6rjar bli synliga. Starr\u00e4ngen och Holmmossen  b\u00f6rjar ocks\u00e5 torka ut.\" width=\"1102\" height=\"1696\" srcset=\"https:\/\/www.kristinestadshistoria.fi\/wp-content\/uploads\/2017\/04\/D4.jpg 1102w, https:\/\/www.kristinestadshistoria.fi\/wp-content\/uploads\/2017\/04\/D4-195x300.jpg 195w, https:\/\/www.kristinestadshistoria.fi\/wp-content\/uploads\/2017\/04\/D4-768x1182.jpg 768w, https:\/\/www.kristinestadshistoria.fi\/wp-content\/uploads\/2017\/04\/D4-665x1024.jpg 665w\" sizes=\"auto, (max-width: 1102px) 100vw, 1102px\" \/><figcaption id=\"caption-attachment-3669\" class=\"wp-caption-text\">P\u00e5 Rurik Nylunds karta fr\u00e5n 500 f. Kr s\u00e5 ser vi att s\u00e5 gott som hela Lappfj\u00e4rd och H\u00e4rkmeri t\u00e4cks av vatten, medan delar av Henriksdal och \u00d6mossa b\u00f6rjar bli synliga. Starr\u00e4ngen och Holmmossen b\u00f6rjar ocks\u00e5 torka ut.<\/figcaption><\/figure>\n<figure id=\"attachment_3670\" aria-describedby=\"caption-attachment-3670\" style=\"width: 1124px\" class=\"wp-caption aligncenter\"><img loading=\"lazy\" decoding=\"async\" class=\"size-full wp-image-3670\" src=\"http:\/\/www.lassebacklund.fi\/wp-content\/uploads\/2017\/04\/D6-Havsstranden-\u00e5r-800-eKr.jpg\" alt=\"Runt 800 e. Kr \u00e4r Kopp\u00f6n liten och obetydlig. Lappfj\u00e4rd och Tj\u00f6ck ligger fortfarande under vatten medan de h\u00f6gst bel\u00e4gna delarna av v\u00e4stra L\u00e5lby nu \u00e4r n\u00e5gra meter \u00f6ver havsytan.\" width=\"1124\" height=\"1736\" srcset=\"https:\/\/www.kristinestadshistoria.fi\/wp-content\/uploads\/2017\/04\/D6-Havsstranden-\u00e5r-800-eKr.jpg 1124w, https:\/\/www.kristinestadshistoria.fi\/wp-content\/uploads\/2017\/04\/D6-Havsstranden-\u00e5r-800-eKr-194x300.jpg 194w, https:\/\/www.kristinestadshistoria.fi\/wp-content\/uploads\/2017\/04\/D6-Havsstranden-\u00e5r-800-eKr-768x1186.jpg 768w, https:\/\/www.kristinestadshistoria.fi\/wp-content\/uploads\/2017\/04\/D6-Havsstranden-\u00e5r-800-eKr-663x1024.jpg 663w\" sizes=\"auto, (max-width: 1124px) 100vw, 1124px\" \/><figcaption id=\"caption-attachment-3670\" class=\"wp-caption-text\">Runt 800 e. Kr \u00e4r Kopp\u00f6n liten och obetydlig. Lappfj\u00e4rd och Tj\u00f6ck ligger fortfarande under vatten medan de h\u00f6gst bel\u00e4gna delarna av v\u00e4stra L\u00e5lby nu \u00e4r n\u00e5gra meter \u00f6ver havsytan.<\/figcaption><\/figure>\n<figure id=\"attachment_3671\" aria-describedby=\"caption-attachment-3671\" style=\"width: 1127px\" class=\"wp-caption aligncenter\"><img loading=\"lazy\" decoding=\"async\" class=\"size-full wp-image-3671\" src=\"http:\/\/www.lassebacklund.fi\/wp-content\/uploads\/2017\/04\/D7-Havsstranden-1050-e.Kr_.jpg\" alt=\"F\u00f6r 1000 \u00e5r sedan var Kopp\u00f6n en fiskarby och stora delar av Tj\u00f6ck och Lappfj\u00e4rd l\u00e5g fortfarande under vatten.\" width=\"1127\" height=\"1728\" srcset=\"https:\/\/www.kristinestadshistoria.fi\/wp-content\/uploads\/2017\/04\/D7-Havsstranden-1050-e.Kr_.jpg 1127w, https:\/\/www.kristinestadshistoria.fi\/wp-content\/uploads\/2017\/04\/D7-Havsstranden-1050-e.Kr_-196x300.jpg 196w, https:\/\/www.kristinestadshistoria.fi\/wp-content\/uploads\/2017\/04\/D7-Havsstranden-1050-e.Kr_-768x1178.jpg 768w, https:\/\/www.kristinestadshistoria.fi\/wp-content\/uploads\/2017\/04\/D7-Havsstranden-1050-e.Kr_-668x1024.jpg 668w\" sizes=\"auto, (max-width: 1127px) 100vw, 1127px\" \/><figcaption id=\"caption-attachment-3671\" class=\"wp-caption-text\">F\u00f6r 1000 \u00e5r sedan var Kopp\u00f6n en fiskarby och stora delar av Tj\u00f6ck och Lappfj\u00e4rd l\u00e5g fortfarande under vatten.<\/figcaption><\/figure>\n","protected":false},"excerpt":{"rendered":"<p>&nbsp;<\/p>\n","protected":false},"author":1,"featured_media":0,"parent":733,"menu_order":0,"comment_status":"closed","ping_status":"closed","template":"","meta":{"footnotes":""},"class_list":["post-3664","page","type-page","status-publish","hentry"],"_links":{"self":[{"href":"https:\/\/www.kristinestadshistoria.fi\/index.php?rest_route=\/wp\/v2\/pages\/3664","targetHints":{"allow":["GET"]}}],"collection":[{"href":"https:\/\/www.kristinestadshistoria.fi\/index.php?rest_route=\/wp\/v2\/pages"}],"about":[{"href":"https:\/\/www.kristinestadshistoria.fi\/index.php?rest_route=\/wp\/v2\/types\/page"}],"author":[{"embeddable":true,"href":"https:\/\/www.kristinestadshistoria.fi\/index.php?rest_route=\/wp\/v2\/users\/1"}],"replies":[{"embeddable":true,"href":"https:\/\/www.kristinestadshistoria.fi\/index.php?rest_route=%2Fwp%2Fv2%2Fcomments&post=3664"}],"version-history":[{"count":3,"href":"https:\/\/www.kristinestadshistoria.fi\/index.php?rest_route=\/wp\/v2\/pages\/3664\/revisions"}],"predecessor-version":[{"id":3673,"href":"https:\/\/www.kristinestadshistoria.fi\/index.php?rest_route=\/wp\/v2\/pages\/3664\/revisions\/3673"}],"up":[{"embeddable":true,"href":"https:\/\/www.kristinestadshistoria.fi\/index.php?rest_route=\/wp\/v2\/pages\/733"}],"wp:attachment":[{"href":"https:\/\/www.kristinestadshistoria.fi\/index.php?rest_route=%2Fwp%2Fv2%2Fmedia&parent=3664"}],"curies":[{"name":"wp","href":"https:\/\/api.w.org\/{rel}","templated":true}]}}