{"id":3653,"date":"2017-04-13T18:13:29","date_gmt":"2017-04-13T16:13:29","guid":{"rendered":"http:\/\/www.lassebacklund.fi\/?page_id=3653"},"modified":"2017-04-13T18:22:20","modified_gmt":"2017-04-13T16:22:20","slug":"nord-sydling-landsvag","status":"publish","type":"page","link":"https:\/\/www.kristinestadshistoria.fi\/?page_id=3653","title":{"rendered":"Nord-sydlig landsv\u00e4g."},"content":{"rendered":"<p><span style=\"color: #000080;\">Uppgjort av direkt\u00f6ren och forntidsforskaren Rurik Nylund. Sammanst\u00e4llt av Lasse Backlund i april 2017.<\/span><\/p>\n<figure id=\"attachment_3649\" aria-describedby=\"caption-attachment-3649\" style=\"width: 325px\" class=\"wp-caption aligncenter\"><img loading=\"lazy\" decoding=\"async\" class=\" wp-image-3649\" src=\"http:\/\/www.lassebacklund.fi\/wp-content\/uploads\/2017\/04\/D5-en-l\u00e5ngf\u00e4rdsv\u00e4g.jpg\" alt=\"Forntidsforskaren Rurik Nylund har genom att granska terr\u00e4ngen kommit till att det i tiderna gick en landsv\u00e4g i nord-sydlig riktning genom Dagsmark.\" width=\"325\" height=\"962\" srcset=\"https:\/\/www.kristinestadshistoria.fi\/wp-content\/uploads\/2017\/04\/D5-en-l\u00e5ngf\u00e4rdsv\u00e4g.jpg 1120w, https:\/\/www.kristinestadshistoria.fi\/wp-content\/uploads\/2017\/04\/D5-en-l\u00e5ngf\u00e4rdsv\u00e4g-101x300.jpg 101w, https:\/\/www.kristinestadshistoria.fi\/wp-content\/uploads\/2017\/04\/D5-en-l\u00e5ngf\u00e4rdsv\u00e4g-768x2274.jpg 768w, https:\/\/www.kristinestadshistoria.fi\/wp-content\/uploads\/2017\/04\/D5-en-l\u00e5ngf\u00e4rdsv\u00e4g-346x1024.jpg 346w\" sizes=\"auto, (max-width: 325px) 100vw, 325px\" \/><figcaption id=\"caption-attachment-3649\" class=\"wp-caption-text\">Forntidsforskaren Rurik Nylund har genom att granska terr\u00e4ngen kommit till att det i tiderna gick en landsv\u00e4g i nord-sydlig riktning genom Dagsmark.<\/figcaption><\/figure>\n<figure id=\"attachment_3652\" aria-describedby=\"caption-attachment-3652\" style=\"width: 1145px\" class=\"wp-caption aligncenter\"><img loading=\"lazy\" decoding=\"async\" class=\"size-full wp-image-3652\" src=\"http:\/\/www.lassebacklund.fi\/wp-content\/uploads\/2017\/04\/D5-fyndkarta.jpg\" alt=\"Det \u00e4r enligt den bl\u00e5a linjen som Rurik Nylund t\u00e4nkte sig att gamla v\u00e4gen hade g\u00e5tt. Nr 1 \u00e4r H\u00e4stj\u00e4\u00e4lon, nr 2 \u00e4r Storgr\u00e4spotten, allts\u00e5 d\u00e4r Sipprankan v\u00e4xer, nr 3 \u00e4r Umpiaitta ovanf\u00f6r Dagsmark, nr 4 \u00e4r Vadet, allts\u00e5 Klemetsforsen, nr 5 \u00e4r Spis\u00e5sb\u00e4cken och nr 6 \u00e4r Taipaleensaari.\" width=\"1145\" height=\"1665\" srcset=\"https:\/\/www.kristinestadshistoria.fi\/wp-content\/uploads\/2017\/04\/D5-fyndkarta.jpg 1145w, https:\/\/www.kristinestadshistoria.fi\/wp-content\/uploads\/2017\/04\/D5-fyndkarta-206x300.jpg 206w, https:\/\/www.kristinestadshistoria.fi\/wp-content\/uploads\/2017\/04\/D5-fyndkarta-768x1117.jpg 768w, https:\/\/www.kristinestadshistoria.fi\/wp-content\/uploads\/2017\/04\/D5-fyndkarta-704x1024.jpg 704w\" sizes=\"auto, (max-width: 1145px) 100vw, 1145px\" \/><figcaption id=\"caption-attachment-3652\" class=\"wp-caption-text\">Det \u00e4r\u00a0l\u00e4ngs den bl\u00e5a linjen som Rurik Nylund t\u00e4nkte sig att gamla v\u00e4gen hade g\u00e5tt. Nr 1 \u00e4r H\u00e4stj\u00e4\u00e4lon, nr 2 \u00e4r Storgr\u00e4spotten, allts\u00e5 d\u00e4r Sipprankan v\u00e4xer, nr 3 \u00e4r Umpiaitta ovanf\u00f6r Dagsmark, nr 4 \u00e4r Vadet, allts\u00e5 Klemetsforsen, nr 5 \u00e4r Spis\u00e5sb\u00e4cken och nr 6 \u00e4r Taipaleensaari.<\/figcaption><\/figure>\n","protected":false},"excerpt":{"rendered":"<p>Uppgjort av direkt\u00f6ren och forntidsforskaren Rurik Nylund. Sammanst\u00e4llt av Lasse Backlund i april 2017.<\/p>\n","protected":false},"author":1,"featured_media":0,"parent":733,"menu_order":0,"comment_status":"closed","ping_status":"closed","template":"","meta":{"footnotes":""},"class_list":["post-3653","page","type-page","status-publish","hentry"],"_links":{"self":[{"href":"https:\/\/www.kristinestadshistoria.fi\/index.php?rest_route=\/wp\/v2\/pages\/3653","targetHints":{"allow":["GET"]}}],"collection":[{"href":"https:\/\/www.kristinestadshistoria.fi\/index.php?rest_route=\/wp\/v2\/pages"}],"about":[{"href":"https:\/\/www.kristinestadshistoria.fi\/index.php?rest_route=\/wp\/v2\/types\/page"}],"author":[{"embeddable":true,"href":"https:\/\/www.kristinestadshistoria.fi\/index.php?rest_route=\/wp\/v2\/users\/1"}],"replies":[{"embeddable":true,"href":"https:\/\/www.kristinestadshistoria.fi\/index.php?rest_route=%2Fwp%2Fv2%2Fcomments&post=3653"}],"version-history":[{"count":3,"href":"https:\/\/www.kristinestadshistoria.fi\/index.php?rest_route=\/wp\/v2\/pages\/3653\/revisions"}],"predecessor-version":[{"id":3658,"href":"https:\/\/www.kristinestadshistoria.fi\/index.php?rest_route=\/wp\/v2\/pages\/3653\/revisions\/3658"}],"up":[{"embeddable":true,"href":"https:\/\/www.kristinestadshistoria.fi\/index.php?rest_route=\/wp\/v2\/pages\/733"}],"wp:attachment":[{"href":"https:\/\/www.kristinestadshistoria.fi\/index.php?rest_route=%2Fwp%2Fv2%2Fmedia&parent=3653"}],"curies":[{"name":"wp","href":"https:\/\/api.w.org\/{rel}","templated":true}]}}