{"id":3580,"date":"2017-04-02T13:57:22","date_gmt":"2017-04-02T11:57:22","guid":{"rendered":"http:\/\/www.lassebacklund.fi\/?page_id=3580"},"modified":"2019-12-19T22:54:43","modified_gmt":"2019-12-19T20:54:43","slug":"helga-englunds-berattelser","status":"publish","type":"page","link":"https:\/\/www.kristinestadshistoria.fi\/?page_id=3580","title":{"rendered":"Helga Englunds ber\u00e4ttelser."},"content":{"rendered":"<p><strong>Helga Englund (1919-1978)<\/strong> som var dotter till <strong>Erik Anders Englund och Amanda Sofia, f. Korsb\u00e4ck<\/strong> bodde i Palon d\u00e4r Englundas. I mitten av 1930-talet deltog hon i en studiecirkel inom lantbruksklubben och b\u00f6rjade d\u00e5 forska i sin sl\u00e4kt och sin hemg\u00e5rds historia. Till sin hj\u00e4lp hade hon l\u00e4raren Einar Lind och sin kusin Rurik Nylund fr\u00e5n A-sidon.<\/p>\n<p>Resultatet av forskningen skrevs ned i ett tjockt h\u00e4fte med en mycket vacker handstil. F\u00f6rutom sl\u00e4ktutredningen och g\u00e5rdshistorien finns det nedtecknade flera ber\u00e4ttelser, som handlar om vitt skilda saker. Mycket l\u00e4sn\u00f6je med Helgas alla ber\u00e4ttelser som \u00e4r nedskrivna 1936!<\/p>\n<h6><a class=\"fasc-button fasc-size-medium fasc-type-glossy fasc-rounded-medium\" style=\"background-color: #33809e; color: #ffffff;\" href=\"http:\/\/www.lassebacklund.fi\/?page_id=14293\">T\u00e5 vi b\u00e4rga Tr\u00e4sche.<\/a><\/h6>\n<h6><a class=\"fasc-button fasc-size-medium fasc-type-glossy fasc-rounded-medium\" style=\"background-color: #33809e; color: #ffffff;\" href=\"http:\/\/www.lassebacklund.fi\/?page_id=14305\">Jordbruk och boskapssk\u00f6tsel.<\/a><\/h6>\n<h6><a class=\"fasc-button fasc-size-medium fasc-type-glossy fasc-rounded-medium\" style=\"background-color: #33809e; color: #ffffff;\" href=\"http:\/\/www.lassebacklund.fi\/?page_id=14311\">Min farbror Viktor Nylund<\/a><\/h6>\n<h6><a class=\"fasc-button fasc-size-medium fasc-type-glossy fasc-rounded-medium\" style=\"background-color: #33809e; color: #ffffff;\" href=\"http:\/\/www.lassebacklund.fi\/?page_id=14314\">Samarbete med grannar.<\/a><\/h6>\n<h6><a class=\"fasc-button fasc-size-medium fasc-type-glossy fasc-rounded-medium\" style=\"background-color: #33809e; color: #ffffff;\" href=\"http:\/\/www.lassebacklund.fi\/?page_id=14320\">Fattig\u00e5r.<\/a><\/h6>\n<h6><a class=\"fasc-button fasc-size-medium fasc-type-glossy fasc-rounded-medium\" style=\"background-color: #33809e; color: #ffffff;\" href=\"http:\/\/www.lassebacklund.fi\/?page_id=14327\">Barnen.<\/a><\/h6>\n<h6><a class=\"fasc-button fasc-size-medium fasc-type-glossy fasc-rounded-medium\" style=\"background-color: #33809e; color: #ffffff;\" href=\"http:\/\/www.lassebacklund.fi\/?page_id=14333\">Skolor.<\/a><\/h6>\n<h6><a class=\"fasc-button fasc-size-medium fasc-type-glossy fasc-rounded-medium\" style=\"background-color: #33809e; color: #ffffff;\" href=\"http:\/\/www.lassebacklund.fi\/?page_id=14339\">Begravning.<\/a><\/h6>\n<h6><a class=\"fasc-button fasc-size-medium fasc-type-glossy fasc-rounded-medium\" style=\"background-color: #33809e; color: #ffffff;\" href=\"http:\/\/www.lassebacklund.fi\/?page_id=14347\">Br\u00e4nnvinstillverkningen.<\/a><\/h6>\n<h6><a class=\"fasc-button fasc-size-medium fasc-type-glossy fasc-rounded-medium\" style=\"background-color: #33809e; color: #ffffff;\" href=\"http:\/\/www.lassebacklund.fi\/?page_id=14351\">Tj\u00e4rbr\u00e4nningen<\/a><\/h6>\n<h6><a class=\"fasc-button fasc-size-medium fasc-type-glossy fasc-rounded-medium\" style=\"background-color: #33809e; color: #ffffff;\" href=\"http:\/\/www.lassebacklund.fi\/?page_id=14358\">H\u00e5llskjutsningen.<\/a><\/h6>\n<h6><a class=\"fasc-button fasc-size-medium fasc-type-glossy fasc-rounded-medium\" style=\"background-color: #33809e; color: #ffffff;\" href=\"http:\/\/www.lassebacklund.fi\/?page_id=14362\">Tillverkningen av salpeter.<\/a><\/h6>\n<h6><a class=\"fasc-button fasc-size-medium fasc-type-glossy fasc-rounded-medium\" style=\"background-color: #33809e; color: #ffffff;\" href=\"http:\/\/www.lassebacklund.fi\/?page_id=14366\">Ungdomar och br\u00f6llop<\/a><\/h6>\n<h3>&nbsp;<\/h3>\n<p>Om du vill l\u00e4sa mera om Helgas sl\u00e4kt och var hennes r\u00f6tter finns, s\u00e5 skall du klicka <a href=\"http:\/\/www.lassebacklund.fi\/?page_id=3179\"><span style=\"text-decoration: underline;\"><strong>H\u00c4R!<\/strong><\/span><\/a><\/p>\n<div class=\"mceTemp\">&nbsp;<\/div>\n","protected":false},"excerpt":{"rendered":"<p>Helga Englund (1919-1978) som var dotter till Erik Anders Englund och Amanda Sofia, f. Korsb\u00e4ck bodde i Palon d\u00e4r Englundas. I mitten av 1930-talet deltog hon i en studiecirkel inom lantbruksklubben och b\u00f6rjade d\u00e5 forska i sin sl\u00e4kt och sin <a class=\"more-link\" href=\"https:\/\/www.kristinestadshistoria.fi\/?page_id=3580\">Forts\u00e4tt l\u00e4sa <span class=\"screen-reader-text\">  Helga Englunds ber\u00e4ttelser.<\/span><span class=\"meta-nav\">&rarr;<\/span><\/a><\/p>\n","protected":false},"author":1,"featured_media":0,"parent":19,"menu_order":7,"comment_status":"closed","ping_status":"closed","template":"","meta":{"footnotes":""},"class_list":["post-3580","page","type-page","status-publish","hentry"],"_links":{"self":[{"href":"https:\/\/www.kristinestadshistoria.fi\/index.php?rest_route=\/wp\/v2\/pages\/3580","targetHints":{"allow":["GET"]}}],"collection":[{"href":"https:\/\/www.kristinestadshistoria.fi\/index.php?rest_route=\/wp\/v2\/pages"}],"about":[{"href":"https:\/\/www.kristinestadshistoria.fi\/index.php?rest_route=\/wp\/v2\/types\/page"}],"author":[{"embeddable":true,"href":"https:\/\/www.kristinestadshistoria.fi\/index.php?rest_route=\/wp\/v2\/users\/1"}],"replies":[{"embeddable":true,"href":"https:\/\/www.kristinestadshistoria.fi\/index.php?rest_route=%2Fwp%2Fv2%2Fcomments&post=3580"}],"version-history":[{"count":49,"href":"https:\/\/www.kristinestadshistoria.fi\/index.php?rest_route=\/wp\/v2\/pages\/3580\/revisions"}],"predecessor-version":[{"id":15163,"href":"https:\/\/www.kristinestadshistoria.fi\/index.php?rest_route=\/wp\/v2\/pages\/3580\/revisions\/15163"}],"up":[{"embeddable":true,"href":"https:\/\/www.kristinestadshistoria.fi\/index.php?rest_route=\/wp\/v2\/pages\/19"}],"wp:attachment":[{"href":"https:\/\/www.kristinestadshistoria.fi\/index.php?rest_route=%2Fwp%2Fv2%2Fmedia&parent=3580"}],"curies":[{"name":"wp","href":"https:\/\/api.w.org\/{rel}","templated":true}]}}