{"id":30901,"date":"2026-05-14T17:23:10","date_gmt":"2026-05-14T14:23:10","guid":{"rendered":"https:\/\/www.kristinestadshistoria.fi\/?page_id=30901"},"modified":"2026-05-14T17:23:10","modified_gmt":"2026-05-14T14:23:10","slug":"minnesstenen-vid-lokalen-i-lappfjard","status":"publish","type":"page","link":"https:\/\/www.kristinestadshistoria.fi\/?page_id=30901","title":{"rendered":"Minnesstenen vid lokalen i Lappfj\u00e4rd"},"content":{"rendered":"<p><span style=\"color: #000080;\"><strong>Sammanst\u00e4llt av Lasse Backlund i maj 2026.<\/strong><\/span><\/p>\n<figure id=\"attachment_30900\" aria-describedby=\"caption-attachment-30900\" style=\"width: 2048px\" class=\"wp-caption alignnone\"><img loading=\"lazy\" decoding=\"async\" class=\"size-full wp-image-30900\" src=\"https:\/\/www.kristinestadshistoria.fi\/wp-content\/uploads\/2026\/05\/PICT6846.jpg\" alt=\"\" width=\"2048\" height=\"1536\" srcset=\"https:\/\/www.kristinestadshistoria.fi\/wp-content\/uploads\/2026\/05\/PICT6846.jpg 2048w, https:\/\/www.kristinestadshistoria.fi\/wp-content\/uploads\/2026\/05\/PICT6846-300x225.jpg 300w, https:\/\/www.kristinestadshistoria.fi\/wp-content\/uploads\/2026\/05\/PICT6846-1024x768.jpg 1024w, https:\/\/www.kristinestadshistoria.fi\/wp-content\/uploads\/2026\/05\/PICT6846-768x576.jpg 768w, https:\/\/www.kristinestadshistoria.fi\/wp-content\/uploads\/2026\/05\/PICT6846-1536x1152.jpg 1536w\" sizes=\"auto, (max-width: 2048px) 100vw, 2048px\" \/><figcaption id=\"caption-attachment-30900\" class=\"wp-caption-text\">Minnesm\u00e4rket utanf\u00f6r lokalen fotograferat sommaren 2006.<\/figcaption><\/figure>\n<p>Kristinestadsnejdens Krigsveteraner firade sina 30 \u00e5r den 6 juni 1999 p\u00e5 ungdomslokalen i Lappfj\u00e4rd. \u00c5ret innan hade kommunalr\u00e5det Hans Ingvesg\u00e5rd och f\u00f6reningens ordf\u00f6rande Arne Bj\u00f6rkskog tagit initiativ till att en minnessten borde resas invid lokalen i Lappfj\u00e4rd, som en p\u00e5minnelse om de m\u00e5nga ortsbor som hade dragit ut i krig just fr\u00e5n detta st\u00e4lle.<\/p>\n<p>Staden Kristinestad beviljade i februari 1998 ett bidrag p\u00e5 15\u00a0000 mark f\u00f6r den h\u00e4r minnesstenen. Stenhuggaren Mike Roddis fr\u00e5n Lappfj\u00e4rd hade gjort en skiss hur stenen kunde se ut och beslutsfattarna godk\u00e4nde hans f\u00f6rslag.<\/p>\n<figure id=\"attachment_30899\" aria-describedby=\"caption-attachment-30899\" style=\"width: 542px\" class=\"wp-caption alignnone\"><img loading=\"lazy\" decoding=\"async\" class=\"size-full wp-image-30899\" src=\"https:\/\/www.kristinestadshistoria.fi\/wp-content\/uploads\/2026\/05\/19980212-pengar-av-staden-skiss-av-Mike-Roddis.jpg\" alt=\"\" width=\"542\" height=\"703\" srcset=\"https:\/\/www.kristinestadshistoria.fi\/wp-content\/uploads\/2026\/05\/19980212-pengar-av-staden-skiss-av-Mike-Roddis.jpg 542w, https:\/\/www.kristinestadshistoria.fi\/wp-content\/uploads\/2026\/05\/19980212-pengar-av-staden-skiss-av-Mike-Roddis-231x300.jpg 231w\" sizes=\"auto, (max-width: 542px) 100vw, 542px\" \/><figcaption id=\"caption-attachment-30899\" class=\"wp-caption-text\">Stenhuggaren Mike Roddis skissade \u00e5r 1998 upp hur minnesstenen kunde se ut och staden beviljade d\u00e5 ett bidrag p\u00e5 15 000 mark f\u00f6r projektet.<\/figcaption><\/figure>\n<h3><strong>Avt\u00e4ckningen 10 juni 1999<\/strong><\/h3>\n<p>Veteranernas 30-\u00e5rs fest h\u00f6lls p\u00e5 lokalen i Lappfj\u00e4rd och samma dag avt\u00e4cktes minnesstenen under h\u00f6gtidliga former. I sitt tal betonade kommunalr\u00e5det Hans Ingvesg\u00e5rd \u201ddet v\u00e4rdefulla i att dagens och morgondagens sl\u00e4ktled blir p\u00e5minda om de uppoffringar och insatser som krigsveteranerna utr\u00e4ttade under krigs\u00e5ren f\u00f6r fosterland och sj\u00e4lvst\u00e4ndighet\u201d. Marja-Liisa Hohenthal medverkade med recitation vid samma tillf\u00e4lle och Erik Stens ber\u00e4ttade om viktiga h\u00e4ndelser i f\u00f6reningens 30-\u00e5riga historia.<\/p>\n<p>Efter avt\u00e4ckningen h\u00f6lls sj\u00e4lva festen inne i lokalen, d\u00e4r Nils-Erik Nyqvist h\u00f6ll festf\u00f6redraget, d\u00e4r han framh\u00f6ll lappfj\u00e4rdsbornas framsynta insatser i landets krigshistoria. Han n\u00e4mnda bland annat Klubbekriget, Stora ofreden och inte minst slaget vid Lappfj\u00e4rd i augusti 1808.<\/p>\n<p>P\u00e5 festen upptr\u00e4dde Lappfj\u00e4rds spelmanslag och Lappfj\u00e4rds mansk\u00f6r. F\u00f6rtj\u00e4nsttecken delades ut \u00e5t stiftande medlemmar och andra aktiva medlemmar.<\/p>\n<figure id=\"attachment_30898\" aria-describedby=\"caption-attachment-30898\" style=\"width: 732px\" class=\"wp-caption alignnone\"><img loading=\"lazy\" decoding=\"async\" class=\"size-full wp-image-30898\" src=\"https:\/\/www.kristinestadshistoria.fi\/wp-content\/uploads\/2026\/05\/1999-avtackningen.jpg\" alt=\"\" width=\"732\" height=\"470\" srcset=\"https:\/\/www.kristinestadshistoria.fi\/wp-content\/uploads\/2026\/05\/1999-avtackningen.jpg 732w, https:\/\/www.kristinestadshistoria.fi\/wp-content\/uploads\/2026\/05\/1999-avtackningen-300x193.jpg 300w\" sizes=\"auto, (max-width: 732px) 100vw, 732px\" \/><figcaption id=\"caption-attachment-30898\" class=\"wp-caption-text\">Kristinestads tidning publicerade en hel sida om avt\u00e4ckningen och den efterf\u00f6ljande 30-\u00e5rs festen och urklippet publicerades den 10 juni 1999.<\/figcaption><\/figure>\n","protected":false},"excerpt":{"rendered":"<p>Sammanst\u00e4llt av Lasse Backlund i maj 2026. Kristinestadsnejdens Krigsveteraner firade sina 30 \u00e5r den 6 juni 1999 p\u00e5 ungdomslokalen i Lappfj\u00e4rd. \u00c5ret innan hade kommunalr\u00e5det Hans Ingvesg\u00e5rd och f\u00f6reningens ordf\u00f6rande Arne Bj\u00f6rkskog tagit initiativ till att en minnessten borde resas <a class=\"more-link\" href=\"https:\/\/www.kristinestadshistoria.fi\/?page_id=30901\">Forts\u00e4tt l\u00e4sa <span class=\"screen-reader-text\">  Minnesstenen vid lokalen i Lappfj\u00e4rd<\/span><span class=\"meta-nav\">&rarr;<\/span><\/a><\/p>\n","protected":false},"author":1,"featured_media":0,"parent":29812,"menu_order":20,"comment_status":"closed","ping_status":"closed","template":"","meta":{"footnotes":""},"class_list":["post-30901","page","type-page","status-publish","hentry"],"_links":{"self":[{"href":"https:\/\/www.kristinestadshistoria.fi\/index.php?rest_route=\/wp\/v2\/pages\/30901","targetHints":{"allow":["GET"]}}],"collection":[{"href":"https:\/\/www.kristinestadshistoria.fi\/index.php?rest_route=\/wp\/v2\/pages"}],"about":[{"href":"https:\/\/www.kristinestadshistoria.fi\/index.php?rest_route=\/wp\/v2\/types\/page"}],"author":[{"embeddable":true,"href":"https:\/\/www.kristinestadshistoria.fi\/index.php?rest_route=\/wp\/v2\/users\/1"}],"replies":[{"embeddable":true,"href":"https:\/\/www.kristinestadshistoria.fi\/index.php?rest_route=%2Fwp%2Fv2%2Fcomments&post=30901"}],"version-history":[{"count":1,"href":"https:\/\/www.kristinestadshistoria.fi\/index.php?rest_route=\/wp\/v2\/pages\/30901\/revisions"}],"predecessor-version":[{"id":30902,"href":"https:\/\/www.kristinestadshistoria.fi\/index.php?rest_route=\/wp\/v2\/pages\/30901\/revisions\/30902"}],"up":[{"embeddable":true,"href":"https:\/\/www.kristinestadshistoria.fi\/index.php?rest_route=\/wp\/v2\/pages\/29812"}],"wp:attachment":[{"href":"https:\/\/www.kristinestadshistoria.fi\/index.php?rest_route=%2Fwp%2Fv2%2Fmedia&parent=30901"}],"curies":[{"name":"wp","href":"https:\/\/api.w.org\/{rel}","templated":true}]}}