{"id":30862,"date":"2026-05-07T21:22:38","date_gmt":"2026-05-07T18:22:38","guid":{"rendered":"https:\/\/www.kristinestadshistoria.fi\/?page_id=30862"},"modified":"2026-05-07T21:34:53","modified_gmt":"2026-05-07T18:34:53","slug":"vasabladets-foton","status":"publish","type":"page","link":"https:\/\/www.kristinestadshistoria.fi\/?page_id=30862","title":{"rendered":"Vasabladets foton"},"content":{"rendered":"<p>Vasabladet som har utkommit i Vasa i mer \u00e4n 170 \u00e5r har i l\u00e5nga tider ocks\u00e5 bevakat s\u00f6dra \u00d6sterbotten med egna lokalredakt\u00f6rer. En del av de fotografier som redakt\u00f6rerna tagit i Kristinestad finns arkiverade p\u00e5 Landsarkivet och de flesta \u00e4r tagna av Sture Riissanen och ett mindre antal av Helge Nystr\u00f6m. H\u00e4r ett litet urval, vars\u00e5god!<\/p>\n<figure id=\"attachment_30864\" aria-describedby=\"caption-attachment-30864\" style=\"width: 1510px\" class=\"wp-caption alignnone\"><img loading=\"lazy\" decoding=\"async\" class=\"size-full wp-image-30864\" src=\"https:\/\/www.kristinestadshistoria.fi\/wp-content\/uploads\/2026\/05\/IMG_3174-Bild-1.jpg\" alt=\"\" width=\"1510\" height=\"1092\" srcset=\"https:\/\/www.kristinestadshistoria.fi\/wp-content\/uploads\/2026\/05\/IMG_3174-Bild-1.jpg 1510w, https:\/\/www.kristinestadshistoria.fi\/wp-content\/uploads\/2026\/05\/IMG_3174-Bild-1-300x217.jpg 300w, https:\/\/www.kristinestadshistoria.fi\/wp-content\/uploads\/2026\/05\/IMG_3174-Bild-1-1024x741.jpg 1024w, https:\/\/www.kristinestadshistoria.fi\/wp-content\/uploads\/2026\/05\/IMG_3174-Bild-1-768x555.jpg 768w\" sizes=\"auto, (max-width: 1510px) 100vw, 1510px\" \/><figcaption id=\"caption-attachment-30864\" class=\"wp-caption-text\">1. B\u00f6rje L\u00e5ng som greve Per Brahe och Pia-Gunn Anckar som grevinnan Christina Catharina Stenbock i den festliga tillst\u00e4llningen &#8221;I Grevens tid&#8221;. I bakgrunden st\u00e5r herrskapet Bostr\u00f6m, som f\u00f6rest\u00e4llde borgm\u00e4starparet St\u00e5lbom. Sture Riissanen fr\u00e5n Vasabladet fotograferade i augusti 1991.<\/figcaption><\/figure>\n","protected":false},"excerpt":{"rendered":"<p>Vasabladet som har utkommit i Vasa i mer \u00e4n 170 \u00e5r har i l\u00e5nga tider ocks\u00e5 bevakat s\u00f6dra \u00d6sterbotten med egna lokalredakt\u00f6rer. En del av de fotografier som redakt\u00f6rerna tagit i Kristinestad finns arkiverade p\u00e5 Landsarkivet och de flesta \u00e4r <a class=\"more-link\" href=\"https:\/\/www.kristinestadshistoria.fi\/?page_id=30862\">Forts\u00e4tt l\u00e4sa <span class=\"screen-reader-text\">  Vasabladets foton<\/span><span class=\"meta-nav\">&rarr;<\/span><\/a><\/p>\n","protected":false},"author":1,"featured_media":0,"parent":21390,"menu_order":10,"comment_status":"closed","ping_status":"closed","template":"","meta":{"footnotes":""},"class_list":["post-30862","page","type-page","status-publish","hentry"],"_links":{"self":[{"href":"https:\/\/www.kristinestadshistoria.fi\/index.php?rest_route=\/wp\/v2\/pages\/30862","targetHints":{"allow":["GET"]}}],"collection":[{"href":"https:\/\/www.kristinestadshistoria.fi\/index.php?rest_route=\/wp\/v2\/pages"}],"about":[{"href":"https:\/\/www.kristinestadshistoria.fi\/index.php?rest_route=\/wp\/v2\/types\/page"}],"author":[{"embeddable":true,"href":"https:\/\/www.kristinestadshistoria.fi\/index.php?rest_route=\/wp\/v2\/users\/1"}],"replies":[{"embeddable":true,"href":"https:\/\/www.kristinestadshistoria.fi\/index.php?rest_route=%2Fwp%2Fv2%2Fcomments&post=30862"}],"version-history":[{"count":2,"href":"https:\/\/www.kristinestadshistoria.fi\/index.php?rest_route=\/wp\/v2\/pages\/30862\/revisions"}],"predecessor-version":[{"id":30865,"href":"https:\/\/www.kristinestadshistoria.fi\/index.php?rest_route=\/wp\/v2\/pages\/30862\/revisions\/30865"}],"up":[{"embeddable":true,"href":"https:\/\/www.kristinestadshistoria.fi\/index.php?rest_route=\/wp\/v2\/pages\/21390"}],"wp:attachment":[{"href":"https:\/\/www.kristinestadshistoria.fi\/index.php?rest_route=%2Fwp%2Fv2%2Fmedia&parent=30862"}],"curies":[{"name":"wp","href":"https:\/\/api.w.org\/{rel}","templated":true}]}}