{"id":30076,"date":"2025-08-05T12:17:58","date_gmt":"2025-08-05T09:17:58","guid":{"rendered":"https:\/\/www.kristinestadshistoria.fi\/?page_id=30076"},"modified":"2025-08-05T12:19:34","modified_gmt":"2025-08-05T09:19:34","slug":"berattelse-over-barnhemmets-tioariga-verksamhet","status":"publish","type":"page","link":"https:\/\/www.kristinestadshistoria.fi\/?page_id=30076","title":{"rendered":"Ber\u00e4ttelse \u00f6ver Barnhemmets tio\u00e5riga verksamhet"},"content":{"rendered":"<p><span style=\"color: #000080;\"><strong>Denna ber\u00e4ttelse publicerades i Kristinestads Tidnings f\u00f6rsta nummer 11 augusti 1897. Texten har renskrivits och moderniserats av Lasse Backlund i augusti 2025.<\/strong><\/span><\/p>\n<p>I januari \u00e5r 1887 sammankallades p\u00e5 initiativ av n\u00e5gra f\u00f6r saken intresserade personer ett m\u00f6te f\u00f6r att r\u00e5dg\u00f6ra om b\u00e4sta s\u00e4ttet att motarbeta det p\u00e5 orten allt mera tilltagande tiggeriet bland stadens fattiga barn. M\u00f6tet resulterade i ett beslut att inr\u00e4tta ett hem f\u00f6r uppfostran av v\u00e4rnl\u00f6sa barn. En kommitt\u00e9 tillsattes f\u00f6r fr\u00e5gans vidare behandling och redan den 9 februari framlade kommitt\u00e9n p\u00e5 ett talrikt bes\u00f6kt m\u00f6te kostnadsf\u00f6rslag f\u00f6r uppr\u00e4ttande av ett barnhem.<\/p>\n<p>Enligt detta framgick att, utom de garanterade frivilliga bidragen av 1,480 Fmk, erfordrades per \u00e5r 2,000 Fmk, vilka medel hos Stadsfullm\u00e4ktige ans\u00f6ktes och beviljades. P\u00e5 samma m\u00f6te framst\u00e4llde kommitt\u00e9n ett f\u00f6rslag till stadgar, vilket godk\u00e4ndes. D\u00e4refter uts\u00e5gs en direktion best\u00e5ende av fruarna: Hanna Lund, Josefine Brus\u00e9n, Albina T\u00f6tterman, samt herrar Alfred Carlstr\u00f6m och C. U. Nordlund. \u00c5t denna direktion uppdrogs att snarast uppr\u00e4tta barnhemmet.<\/p>\n<p>F\u00f6r att bestrida kostnaden av barnhemmets inredning anv\u00e4ndes medel, \u00f6verskott av en under n\u00f6d\u00e5ren 1867\u201468 hopbringat n\u00f6dhj\u00e4lpsfond summa Fmk 1,779: 62 p:ni.<\/p>\n<p>Till hemmets f\u00f6rest\u00e5ndarinna antogs \u00e4nkefru Maria Brommels. Barnhemmet tr\u00e4dde s\u00e5 i verksamhet i f\u00f6r tillf\u00e4llet upphyrd lokal den 15 juni 1887, d\u00e5 12 barn inskrevs, vartill under f\u00f6rsta \u00e5ret ytterligare tillkom sju. F\u00f6r nio av dessa betalade allm\u00e4nna fattigv\u00e5rden 60 mk \u00e5rligen per barn, som senare h\u00f6jdes till 75 mark.<\/p>\n<p>F\u00f6rutom Barnhemmets egna skyddslingar bespisades dagligen 25 fattiga folkskolebarn, f\u00f6r vilken utgift hemmet ersattes genom bidrag fr\u00e5n Sparbankens vinstmedel. Denna bespisning fortsattes under n\u00e5gra \u00e5r, men m\u00e5ste upph\u00f6ra, d\u00e5 barnhemmets egna skyddslingar tog f\u00f6rest\u00e5ndarinnans tid helt i anspr\u00e5k, och anordnades den n\u00e4mnda bespisningen p\u00e5 annat st\u00e4lle.<\/p>\n<p>De huvudsakliga utgifterna bestreds av medel 2,000 mk, utanordnade av stadsfullm\u00e4ktige, ett anslag som senare m\u00e5ste h\u00f6jas, d\u00e5 de frivilliga bidragen sm\u00e5ningom bortf\u00f6ll, till 3,000 mk, under tv\u00e5 \u00e5r till och med till 3,500 mk, beroende p\u00e5 sjukdomsfall och livsmedlens stegrade pris. Det \u00e5rliga bidraget utg\u00e5r f\u00f6r n\u00e4rvarande med 3,000 mk.<\/p>\n<p>Den f\u00f6r anstalten upphyrda lokalen blev snart f\u00f6r tr\u00e5ng och ol\u00e4mplig. Direktionens \u00f6nskem\u00e5l blev nu att kunna anskaffa annan l\u00e4mpligare lokal, och kunde denna plan realiseras, d\u00e5 genom testamente efter avlidne kommerser\u00e5det C. E. Carlstr\u00f6m en donation av 5,000 mk tillf\u00f6ll barnhemmet. Denna summa var tillr\u00e4cklig f\u00f6r att ink\u00f6pa och utf\u00f6ra n\u00f6dig remont p\u00e5 den g\u00e5rd, i vilken barnhemmet i juni 1890 inflyttade. <span style=\"color: #000080;\"><strong>(allts\u00e5 Strandgatan 18)<\/strong><\/span><\/p>\n<p>Tidigare hade barnhemmet, redan under f\u00f6rsta \u00e5ret av sin verksamhet, blivit ih\u00e5gkommet med en g\u00e5va p\u00e5 1,000 mk av kommerser\u00e5dinnan Carolina Carlstr\u00f6m.<\/p>\n<p>Den 10 maj 1890 tillf\u00f6ll barnhemmet ytterligare efter avlidne kontoristen herr Johannes Lindqvist en donation av 5,000 mk, best\u00e5ende av 10 aktier i Wasa Aktie Bank. Med tacksamhet bevarar barnhemmets direktion minnet av de personer, som genom dessa rikliga g\u00e5vor tryggat hemmets framtid.<\/p>\n<p>Under de f\u00f6rflutna \u00e5ren har dessutom m\u00e5nga enskilda g\u00e5vor tillfallit barnhemmet, och framb\u00e4res f\u00f6r dessa \u00e4ven ett varmt tack.<\/p>\n<p>Det i stadgarna best\u00e4mda maximiantalet 25 av i anstalten intagna skyddslingar har n\u00e5gon g\u00e5ng i \u00f6mmande fall f\u00e5tt lov att \u00f6verskridas. Under dessa tio \u00e5r har totalt 47 barn varit inskrivna i hemmet, 21 har redan l\u00e4mnat detta, och kvarst\u00e5r i dag 26. Utgifterna per barn har under olika \u00e5r varierat fr\u00e5n 38 p:ni till 60 p:ni per dag beroende p\u00e5 livsmedlens olika pris. Enligt sistf\u00f6rflutna \u00e5rs redovisning utg\u00f6r hela underh\u00e5llet 3,534 mk 39 p:ni eller kostnaden per barn och dag 38 p:ni.<\/p>\n<p>H\u00e4lsotillst\u00e5ndet har \u00f6verhuvudtaget varit gott med undantag av \u00e5ren 1892\u201493, d\u00e5 en sv\u00e5rare tyfusepidemi och n\u00e5gra fall av scharlakansfeber upptr\u00e4dde. Orsaken till dessa uppt\u00e4cktes i brunnsvattnets d\u00e5liga beskaffenhet. Naturligtvis har enstaka fall av sjukdom yppats bland en skara av 25 barn, men lyckligtvis ej varit av sv\u00e5rare art. Ett d\u00f6dsfall har dock intr\u00e4ffat, d\u00e5 Arthur Karra i augusti 1892 avled, till f\u00f6ljd av hj\u00e4rnhinneinflammation.<\/p>\n<p>I anstalten har man f\u00f6rs\u00f6kt v\u00e4nja barnen vid k\u00e4rlek till arbete och god sed, och kan direktionen med gl\u00e4dje omn\u00e4mna, att barnens uppf\u00f6rande \u00f6verhuvudtaget varit gott. De fullvuxna skyddslingarna, som l\u00e4mnat hemmet har de flesta forts\u00e4ttningsvis visat ett oklanderligt uppf\u00f6rande p\u00e5 den plats d\u00e4r de f\u00f6rtj\u00e4nar sitt uppeh\u00e4lle, och att de fortfarande \u00e4r f\u00e4stade vid det hem, d\u00e4r de \u00e5tnjutit v\u00e5rd och uppfostran, bevisar b\u00e4st de brev och h\u00e4lsningar, som ofta nog fr\u00e5n fj\u00e4rran land kommit oss till del. Tyv\u00e4rr har dock enstaka undantag f\u00f6rekommit.<\/p>\n<p>Till barnhemmets f\u00f6rest\u00e5ndarinna Maria Brommels, som under nio \u00e5r plikttroget och med samvetsgrann omsorg lett barnens uppfostran och v\u00e5rden inom hemmet, f\u00e5r direktionen uttala sitt varmaste erk\u00e4nnande.<\/p>\n<p>Av den f\u00f6rsta direktionen, som med varmt intresse omfattade organiserandet av ett barnhem p\u00e5 orten kvarst\u00e5 blott tv\u00e5 medlemmar numera. Fru Hanna Lund har 1892 avflyttat fr\u00e5n orten, fru Josefine Brus\u00e9n har p\u00e5 egen \u00f6nskan avg\u00e5tt och r\u00e5dman C. U. Nordlund har avlidit.<\/p>\n<p>Den nuvarande direktionen utg\u00f6res av: herr Alfred Carlstr\u00f6m, ordf\u00f6rande, herr Emil Axelin kass\u00f6r o. sekreterare. Fru Albina T\u00f6tterman \u00e4r direktris, fru Julia Holmberg suppleant och fru Agnes Carlstr\u00f6m.<\/p>\n<p>L\u00e4karev\u00e5rden vid anstalten har under dessa \u00e5r godhetsfullt utan ers\u00e4ttning handhafts av doktor J. Lybeck till \u00e5r 1891, sedan dess av doktor Ernst Wendelin.<\/p>\n<p>I tio \u00e5r har nu redan barnhemmet utf\u00f6rt sitt arbete att v\u00e5rda fattiga och v\u00e4rnl\u00f6sa barn och direktionen hoppas, att detta arbete forts\u00e4ttningsvis m\u00e5tte omfattas med intresse och bel\u00f6nas med framg\u00e5ng.<\/p>\n<p>Kristinestad den 8 juli 1897<\/p>\n<p>P\u00e5 direktionens v\u00e4gnar: Albina T\u00f6tterman. Barnhemmets direktris.<\/p>\n","protected":false},"excerpt":{"rendered":"<p>Denna ber\u00e4ttelse publicerades i Kristinestads Tidnings f\u00f6rsta nummer 11 augusti 1897. Texten har renskrivits och moderniserats av Lasse Backlund i augusti 2025. I januari \u00e5r 1887 sammankallades p\u00e5 initiativ av n\u00e5gra f\u00f6r saken intresserade personer ett m\u00f6te f\u00f6r att r\u00e5dg\u00f6ra <a class=\"more-link\" href=\"https:\/\/www.kristinestadshistoria.fi\/?page_id=30076\">Forts\u00e4tt l\u00e4sa <span class=\"screen-reader-text\">  Ber\u00e4ttelse \u00f6ver Barnhemmets tio\u00e5riga verksamhet<\/span><span class=\"meta-nav\">&rarr;<\/span><\/a><\/p>\n","protected":false},"author":1,"featured_media":0,"parent":29339,"menu_order":10,"comment_status":"closed","ping_status":"closed","template":"","meta":{"footnotes":""},"class_list":["post-30076","page","type-page","status-publish","hentry"],"_links":{"self":[{"href":"https:\/\/www.kristinestadshistoria.fi\/index.php?rest_route=\/wp\/v2\/pages\/30076","targetHints":{"allow":["GET"]}}],"collection":[{"href":"https:\/\/www.kristinestadshistoria.fi\/index.php?rest_route=\/wp\/v2\/pages"}],"about":[{"href":"https:\/\/www.kristinestadshistoria.fi\/index.php?rest_route=\/wp\/v2\/types\/page"}],"author":[{"embeddable":true,"href":"https:\/\/www.kristinestadshistoria.fi\/index.php?rest_route=\/wp\/v2\/users\/1"}],"replies":[{"embeddable":true,"href":"https:\/\/www.kristinestadshistoria.fi\/index.php?rest_route=%2Fwp%2Fv2%2Fcomments&post=30076"}],"version-history":[{"count":3,"href":"https:\/\/www.kristinestadshistoria.fi\/index.php?rest_route=\/wp\/v2\/pages\/30076\/revisions"}],"predecessor-version":[{"id":30079,"href":"https:\/\/www.kristinestadshistoria.fi\/index.php?rest_route=\/wp\/v2\/pages\/30076\/revisions\/30079"}],"up":[{"embeddable":true,"href":"https:\/\/www.kristinestadshistoria.fi\/index.php?rest_route=\/wp\/v2\/pages\/29339"}],"wp:attachment":[{"href":"https:\/\/www.kristinestadshistoria.fi\/index.php?rest_route=%2Fwp%2Fv2%2Fmedia&parent=30076"}],"curies":[{"name":"wp","href":"https:\/\/api.w.org\/{rel}","templated":true}]}}