{"id":29882,"date":"2025-06-06T23:00:37","date_gmt":"2025-06-06T20:00:37","guid":{"rendered":"https:\/\/www.kristinestadshistoria.fi\/?page_id=29882"},"modified":"2025-06-06T23:03:00","modified_gmt":"2025-06-06T20:03:00","slug":"nils-stromback-finlands-forsta-orgelbyggare","status":"publish","type":"page","link":"https:\/\/www.kristinestadshistoria.fi\/?page_id=29882","title":{"rendered":"Nils Str\u00f6mb\u00e4ck, Finlands f\u00f6rsta orgelbyggare"},"content":{"rendered":"<p>Nils f\u00f6ddes \u00e5r 1751 i Nederkalix och gick troligtvis i skola i Vasa. Han var musikalisk men ocks\u00e5 snickare och \u00e5r 1775 flyttade han till Kristinestad som snickarges\u00e4ll. Han b\u00f6rjade d\u00e5 bygga en kyrkorgel, som blev f\u00e4rdig f\u00f6ljande \u00e5r. Den hade 8 st\u00e4mmor och han bj\u00f6d ut orgeln \u00e5t staden f\u00f6r 3 000 riksdaler men efter en tid s\u00e4nkte han priset till 2 600.<\/p>\n<p>M\u00f6jligtvis var han i stort behov av pengar eller s\u00e5 ville han till vilket pris som helst f\u00e5 sin nya orgel i anv\u00e4ndning. Erbjudandet godk\u00e4ndes och i samma veva valdes Nils Str\u00f6mb\u00e4ck till orgelnist och klockare i Kristinestad. Den tidigare klockaren Henric Sillstr\u00f6m (1721-1775) hade avlidit i juni, s\u00e5 tj\u00e4nsten var ledig. Hans bostad fanns i klockarg\u00e5rden, som den tiden fanns p\u00e5 nuvarande skoltomten vid Skolgatan.<\/p>\n<p>\u00c5r 1780 intr\u00e4ffade ett inbrott i sakristian i moderkyrkan i Lappfj\u00e4rd, den som kallades Birgitta, d\u00e4r en st\u00f6rre summa pengar f\u00f6rsvann. Av n\u00e5gon orsak misst\u00e4nktes Nils Str\u00f6mb\u00e4ck men han kunde inte f\u00e4llas f\u00f6r st\u00f6lden.<\/p>\n<p>\u00c5r 1781 flyttade Nils till Raumo. S\u00e4kerligen ville han bort fr\u00e5n den ort d\u00e4r han var misst\u00e4nkt f\u00f6r brott. Han avreste med fartyg och med sig hade han en orgel, som han f\u00f6rs\u00f6kte s\u00e4lja till kyrkan i Raumo. N\u00e5gon aff\u00e4r blev det inte utan han donerade d\u00e5 orgeln men kunde inkassera pengar d\u00e5 orgeln byggdes till med flera st\u00e4mmor.<\/p>\n<p>Nils Str\u00f6mb\u00e4ck dog omkring \u00e5r 1790 i Raumo. Men orgeln i Ulrika Eleonorakyrkan lever kvar och \u00e4r fortfarande spelbar efter att kantor Juhani Martikanen reparerade den. N\u00e4r Nya kyrkan togs i bruk \u00e5r 1897, flyttades inte Str\u00f6mb\u00e4cks orgel dit, s\u00e5 det betyder att den fortfarande st\u00e5r p\u00e5 samma plats som f\u00f6r n\u00e4rmare 250 \u00e5r sedan.<\/p>\n<p>I Finland finns f\u00f6reningen &#8221;Organa historica Fennica&#8221;, som dokumenterar 1600- och 1700-tals orglar i Finland och om du vill se vad de skriver om Str\u00f6mb\u00e4cks orgel s\u00e5 skall du klicka<a href=\"https:\/\/www.ohfennica.org\/orglar\/orgeln-i-kristinestad\"><span style=\"color: #000080;\"><strong> H\u00c4R!<\/strong><\/span><\/a><\/p>\n<figure id=\"attachment_13311\" aria-describedby=\"caption-attachment-13311\" style=\"width: 2304px\" class=\"wp-caption alignnone\"><img loading=\"lazy\" decoding=\"async\" class=\"size-full wp-image-13311\" src=\"http:\/\/www.lassebacklund.fi\/wp-content\/uploads\/2019\/07\/10-orgeln.jpg\" alt=\"\" width=\"2304\" height=\"1704\" srcset=\"https:\/\/www.kristinestadshistoria.fi\/wp-content\/uploads\/2019\/07\/10-orgeln.jpg 2304w, https:\/\/www.kristinestadshistoria.fi\/wp-content\/uploads\/2019\/07\/10-orgeln-300x222.jpg 300w, https:\/\/www.kristinestadshistoria.fi\/wp-content\/uploads\/2019\/07\/10-orgeln-768x568.jpg 768w, https:\/\/www.kristinestadshistoria.fi\/wp-content\/uploads\/2019\/07\/10-orgeln-1024x757.jpg 1024w\" sizes=\"auto, (max-width: 2304px) 100vw, 2304px\" \/><figcaption id=\"caption-attachment-13311\" class=\"wp-caption-text\">Orgelbyggare Nils Str\u00f6mb\u00e4cks orgel i Ulrika Eleonorakyrkan \u00e4r placerad framme i kyrkan bredvid altaret p\u00e5 den norra sidan. Texten p\u00e5 korv\u00e4ggen s\u00e4ger att kyrkan \u00e4r byggd \u00e5r 1700, att den blev illa f\u00f6rst\u00f6rd av ryssarna \u00e5r 1714 och att den blev m\u00e5lad och f\u00f6rsedd med altartavla \u00e5r 1736.<\/figcaption><\/figure>\n<figure id=\"attachment_13312\" aria-describedby=\"caption-attachment-13312\" style=\"width: 2016px\" class=\"wp-caption alignnone\"><img loading=\"lazy\" decoding=\"async\" class=\"size-full wp-image-13312\" src=\"http:\/\/www.lassebacklund.fi\/wp-content\/uploads\/2019\/07\/10-predikstolen-och-orgeln.jpg\" alt=\"\" width=\"2016\" height=\"1512\" srcset=\"https:\/\/www.kristinestadshistoria.fi\/wp-content\/uploads\/2019\/07\/10-predikstolen-och-orgeln.jpg 2016w, https:\/\/www.kristinestadshistoria.fi\/wp-content\/uploads\/2019\/07\/10-predikstolen-och-orgeln-300x225.jpg 300w, https:\/\/www.kristinestadshistoria.fi\/wp-content\/uploads\/2019\/07\/10-predikstolen-och-orgeln-768x576.jpg 768w, https:\/\/www.kristinestadshistoria.fi\/wp-content\/uploads\/2019\/07\/10-predikstolen-och-orgeln-1024x768.jpg 1024w\" sizes=\"auto, (max-width: 2016px) 100vw, 2016px\" \/><figcaption id=\"caption-attachment-13312\" class=\"wp-caption-text\">Predikstolen och orgell\u00e4ktaren som \u00e4r placerad till v\u00e4nster om altaret i Ulrika Eleonorakyrkan i Kristinestad.<\/figcaption><\/figure>\n<figure id=\"attachment_13313\" aria-describedby=\"caption-attachment-13313\" style=\"width: 2304px\" class=\"wp-caption alignnone\"><img loading=\"lazy\" decoding=\"async\" class=\"size-full wp-image-13313\" src=\"http:\/\/www.lassebacklund.fi\/wp-content\/uploads\/2019\/07\/10-predikstolen-orgeln-och-altaret1.jpg\" alt=\"\" width=\"2304\" height=\"1704\" srcset=\"https:\/\/www.kristinestadshistoria.fi\/wp-content\/uploads\/2019\/07\/10-predikstolen-orgeln-och-altaret1.jpg 2304w, https:\/\/www.kristinestadshistoria.fi\/wp-content\/uploads\/2019\/07\/10-predikstolen-orgeln-och-altaret1-300x222.jpg 300w, https:\/\/www.kristinestadshistoria.fi\/wp-content\/uploads\/2019\/07\/10-predikstolen-orgeln-och-altaret1-768x568.jpg 768w, https:\/\/www.kristinestadshistoria.fi\/wp-content\/uploads\/2019\/07\/10-predikstolen-orgeln-och-altaret1-1024x757.jpg 1024w\" sizes=\"auto, (max-width: 2304px) 100vw, 2304px\" \/><figcaption id=\"caption-attachment-13313\" class=\"wp-caption-text\">Predikstolen, orgell\u00e4ktaren och altaret fotograferat fr\u00e5n l\u00e4ktaren i juli 2019.<\/figcaption><\/figure>\n","protected":false},"excerpt":{"rendered":"<p>Nils f\u00f6ddes \u00e5r 1751 i Nederkalix och gick troligtvis i skola i Vasa. Han var musikalisk men ocks\u00e5 snickare och \u00e5r 1775 flyttade han till Kristinestad som snickarges\u00e4ll. Han b\u00f6rjade d\u00e5 bygga en kyrkorgel, som blev f\u00e4rdig f\u00f6ljande \u00e5r. Den <a class=\"more-link\" href=\"https:\/\/www.kristinestadshistoria.fi\/?page_id=29882\">Forts\u00e4tt l\u00e4sa <span class=\"screen-reader-text\">  Nils Str\u00f6mb\u00e4ck, Finlands f\u00f6rsta orgelbyggare<\/span><span class=\"meta-nav\">&rarr;<\/span><\/a><\/p>\n","protected":false},"author":1,"featured_media":0,"parent":10623,"menu_order":25,"comment_status":"closed","ping_status":"closed","template":"","meta":{"footnotes":""},"class_list":["post-29882","page","type-page","status-publish","hentry"],"_links":{"self":[{"href":"https:\/\/www.kristinestadshistoria.fi\/index.php?rest_route=\/wp\/v2\/pages\/29882","targetHints":{"allow":["GET"]}}],"collection":[{"href":"https:\/\/www.kristinestadshistoria.fi\/index.php?rest_route=\/wp\/v2\/pages"}],"about":[{"href":"https:\/\/www.kristinestadshistoria.fi\/index.php?rest_route=\/wp\/v2\/types\/page"}],"author":[{"embeddable":true,"href":"https:\/\/www.kristinestadshistoria.fi\/index.php?rest_route=\/wp\/v2\/users\/1"}],"replies":[{"embeddable":true,"href":"https:\/\/www.kristinestadshistoria.fi\/index.php?rest_route=%2Fwp%2Fv2%2Fcomments&post=29882"}],"version-history":[{"count":2,"href":"https:\/\/www.kristinestadshistoria.fi\/index.php?rest_route=\/wp\/v2\/pages\/29882\/revisions"}],"predecessor-version":[{"id":29884,"href":"https:\/\/www.kristinestadshistoria.fi\/index.php?rest_route=\/wp\/v2\/pages\/29882\/revisions\/29884"}],"up":[{"embeddable":true,"href":"https:\/\/www.kristinestadshistoria.fi\/index.php?rest_route=\/wp\/v2\/pages\/10623"}],"wp:attachment":[{"href":"https:\/\/www.kristinestadshistoria.fi\/index.php?rest_route=%2Fwp%2Fv2%2Fmedia&parent=29882"}],"curies":[{"name":"wp","href":"https:\/\/api.w.org\/{rel}","templated":true}]}}