{"id":29848,"date":"2025-05-31T14:06:17","date_gmt":"2025-05-31T11:06:17","guid":{"rendered":"https:\/\/www.kristinestadshistoria.fi\/?page_id=29848"},"modified":"2025-05-31T14:13:01","modified_gmt":"2025-05-31T11:13:01","slug":"tre-dodsfall-pa-tva-dagar","status":"publish","type":"page","link":"https:\/\/www.kristinestadshistoria.fi\/?page_id=29848","title":{"rendered":"Tre d\u00f6dsfall p\u00e5 tv\u00e5 dagar"},"content":{"rendered":"<p><span style=\"color: #000080;\"><strong>Sammanst\u00e4llt av Lasse Backlund i maj 2025. Uppgifterna \u00e4r tagna ur tidningarna Syd-\u00d6sterbotten och Keski-Savo.<\/strong><\/span><\/p>\n<p><strong>Syd-\u00d6sterbotten skrev den 8 juli 1914<\/strong> om en sorglig h\u00e4ndelse i Nyslott.<\/p>\n<p><em><strong>I l\u00f6rdags den 4 juli, vid halv 3-tiden intr\u00e4ffade i Nyslott en sorglig h\u00e4ndelse, som starkt uppr\u00f6rt sinnena p\u00e5 orten. Distriktsdjurl\u00e4karen Gustaf Henrik Schultz 10-\u00e5r gamla flicka K\u00e4the hade g\u00e5tt att simma i slottssundet medan f\u00f6r\u00e4ldrarna och tv\u00e5 syskon uppeh\u00f6ll sig p\u00e5 stranden. Efter att en stund ha varit i vattnet begav hon sig lite ut fr\u00e5n stranden.<\/strong><\/em><\/p>\n<p><em><strong>D\u00e4r sj\u00f6nk hon pl\u00f6tsligt i djupet, antagligen dragen av den invid simplatsen g\u00e5ende starka str\u00f6mmen. D\u00e5 fadern m\u00e4rkte detta, skyndade han att r\u00e4dda sin dotter. Men str\u00f6mmen var s\u00e5 stark att han inte lyckades d\u00e4rmed, utan sj\u00e4lv efter en kort kamp drogs i djupet.<\/strong><\/em><\/p>\n<p><em><strong>Faderns och dotterns kamp f\u00f6r livet och deras d\u00f6d gjorde naturligtvis ett uppskakande intryck p\u00e5 makan och barnen p\u00e5 stranden.<\/strong><\/em><\/p>\n<p><em><strong>Gustaf Henrik Schultz var f\u00f6dd \u00e5r 1866 och utn\u00e4mndes \u00e5r 1901 till distriktsdjurl\u00e4kare i S:t Michels l\u00e4n med stationsort i Nyslott.<\/strong><\/em><\/p>\n<p>Tidningen Keski-Savo visste ber\u00e4tta att 10-\u00e5riga K\u00e4the hade anv\u00e4nt ett b\u00e4lte med kork men att detta av n\u00e5gon anledning hade lossnat n\u00e4r hon kom ut p\u00e5 djupt vatten vid simplatsen som fanns vid Ven\u00e4j\u00e4nniemi. N\u00e4r djurl\u00e4kare Schultz m\u00e4rkte detta rusade han med kl\u00e4derna ut i vattnet, d\u00e4r han drabbades av n\u00e5gon typ av chock och drogs ned i vattnet. Folk som rusade till olycksplatsen fick snabbt upp dottern och fadern men de var d\u00e5 redan livl\u00f6sa. Tidningen visste att Gustaf Henrik hade utbildat sig till djurl\u00e4kare i K\u00f6penhamn och tidigt f\u00e5tt tj\u00e4nst i Mellersta Finland tills han \u00e5r 1901 utn\u00e4mndes till distriktsdjurl\u00e4kare i S:t Michels l\u00e4n.<\/p>\n<p>Den 9 juli begravdes fadern och dottern i samma grav i Nyslott.<\/p>\n<figure id=\"attachment_29853\" aria-describedby=\"caption-attachment-29853\" style=\"width: 386px\" class=\"wp-caption alignnone\"><img loading=\"lazy\" decoding=\"async\" class=\"size-full wp-image-29853\" src=\"https:\/\/www.kristinestadshistoria.fi\/wp-content\/uploads\/2025\/05\/19140707-Gustaf-Henriks-dodsannons-i-Keski-Savo.jpg\" alt=\"\" width=\"386\" height=\"542\" srcset=\"https:\/\/www.kristinestadshistoria.fi\/wp-content\/uploads\/2025\/05\/19140707-Gustaf-Henriks-dodsannons-i-Keski-Savo.jpg 386w, https:\/\/www.kristinestadshistoria.fi\/wp-content\/uploads\/2025\/05\/19140707-Gustaf-Henriks-dodsannons-i-Keski-Savo-214x300.jpg 214w\" sizes=\"auto, (max-width: 386px) 100vw, 386px\" \/><figcaption id=\"caption-attachment-29853\" class=\"wp-caption-text\">Gustaf Henriks och K\u00e4thes d\u00f6dsannons i tidningen Keski-Savo 7 juli 1914.<\/figcaption><\/figure>\n<p><strong>Den 11 juli 1914<\/strong> skrev Syd-\u00d6sterbotten s\u00e5 h\u00e4r om ett d\u00f6dsfall i Kristinestad.<\/p>\n<figure id=\"attachment_29852\" aria-describedby=\"caption-attachment-29852\" style=\"width: 945px\" class=\"wp-caption alignnone\"><img loading=\"lazy\" decoding=\"async\" class=\"size-full wp-image-29852\" src=\"https:\/\/www.kristinestadshistoria.fi\/wp-content\/uploads\/2025\/05\/Rebackas-nekrolog.jpg\" alt=\"\" width=\"945\" height=\"784\" srcset=\"https:\/\/www.kristinestadshistoria.fi\/wp-content\/uploads\/2025\/05\/Rebackas-nekrolog.jpg 945w, https:\/\/www.kristinestadshistoria.fi\/wp-content\/uploads\/2025\/05\/Rebackas-nekrolog-300x249.jpg 300w, https:\/\/www.kristinestadshistoria.fi\/wp-content\/uploads\/2025\/05\/Rebackas-nekrolog-768x637.jpg 768w\" sizes=\"auto, (max-width: 945px) 100vw, 945px\" \/><figcaption id=\"caption-attachment-29852\" class=\"wp-caption-text\">Elisabeth Rebeckas d\u00f6dsannons och nekrolog i Syd-\u00d6sterbotten 11.7.1914.<\/figcaption><\/figure>\n<p><em><strong>D\u00f6dsfall. En av stadens \u00e4ldsta inv\u00e5nare, \u00e4nkefru Elisabeth Schultz, avled h\u00e4rst\u00e4des senaste m\u00e5ndag afton i den h\u00f6ga \u00e5ldern av fyllda 90 \u00e5r. Den avlidna hade redan en l\u00e4ngre tid varit sjuklig men f\u00f6r \u00f6vrigt till det sista vid fulla sj\u00e4lskrafter. Hon var moder till den i Nyslott senaste l\u00f6rdag Gustaf Henrik Schultz, vilken lj\u00f6t d\u00f6den, d\u00e5 han s\u00f6kte ur v\u00e5gorna r\u00e4dda sin dotter.<\/strong><\/em><\/p>\n<p><strong>\u00c5r 1946, den 31 juli<\/strong> skrev Lilly Nyst\u00e9n om gamla sj\u00f6kaptener i tidningen Syd-\u00d6sterbotten. Hon skrev bland annat s\u00e5 h\u00e4r:<\/p>\n<p><em><strong>Elisabeth Rebecka Schultz.<\/strong><\/em><\/p>\n<p><em><strong>Hon f\u00f6ddes i ett arbetarhem vid V\u00e4stra L\u00e5nggatan, i nuvarande Fr\u00e4lsningsarm\u00e9ns g\u00e5rd, senare Saalem, d\u00e4r hon l\u00e4rde flit, arbetsamhet och goda seder. Bokliga kunskaper tyngde ej hennes ungdomliga, glada lynne. Det ans\u00e5gs inte vid denna tid som n\u00e5got v\u00e4sentligt f\u00f6r en kvinna.<\/strong><\/em><\/p>\n<p><em><strong>Hennes far var sj\u00f6mannen Gustaf H\u00e4ggblad och moderns namn var Amundson. Som 19-\u00e5ring gifte hon sig med styrmannen Johan Fredrik Glasberg, d\u00f6d 1855 och fem \u00e5r d\u00e4refter gifte hon sig med sj\u00f6kaptenen Gustaf Fredrik Schultz.<\/strong><\/em><\/p>\n<p><em><strong>Till v\u00e4xten var hon av medell\u00e4ngd med m\u00f6rkt h\u00e5r och sm\u00e5 pigga och glada \u00f6gon. R\u00f6sten var kanske det mest p\u00e5fallande. Den var ljus och klar men med en oefterh\u00e4rmlig glidning fr\u00e5n diskant till alt, som kanske understr\u00f6k det fryntliga och godmodiga i hennes natur.<\/strong><\/em><\/p>\n<p><em><strong>Hon var v\u00e4ns\u00e4ll, \u00f6ppen och pratsam med roliga sm\u00e5 v\u00e4ndningar och uttryck i sitt tal. S\u00e5 talade hon alltid om \u201dpadaply\u201d och \u201d\u00e5nnb\u00e5t\u201d.<\/strong><\/em><\/p>\n<p><em><strong>Hennes \u00e4ktenskap med kapten Schultz var s\u00e4kert lyckligt men \u00e5r 1875 blev hon \u00e4nka med tv\u00e5 barn. Troligen var det d\u00e5 som hon blev glasm\u00e4stare, \u00e5tminstone ut\u00f6vade hon yrket vid denna tid. Hon var ej f\u00f6r ros skull en kaptenska, som f\u00e5tt reda sig ensam i m\u00e5nga situationer. Hon redde sig, skolade och uppfostrade sina barn, av vilka sonen Gustaf blev veterin\u00e4r.<\/strong><\/em><\/p>\n<p><em><strong>Familjen \u00e4gde en g\u00e5rd i h\u00f6rnet av Strandgatan och H\u00e5llfastskagatan, som \u00e4nnu \u00e4r i dotterdotterns \u00e4go. Dottern gifte sig och delade sedan med modern omsorgen om g\u00e5rd och grund.<\/strong><\/em><\/p>\n<p><em><strong>Rebecka Schultz uppn\u00e5dde en h\u00f6g \u00e5lder. Hon dog 1914 vid fyllda 90 \u00e5r.<\/strong><\/em><\/p>\n<p><em><strong>H\u00e4r ett par sm\u00e5 historier, som jag h\u00f6rde henne ber\u00e4tta och som kanske kastar ett milt ljus \u00f6ver de bleknande, f\u00f6rsvinnande dragen av en god och duktig kvinna fr\u00e5n denna tid.<\/strong><\/em><\/p>\n<p><em><strong>Rebecka gick som ung fru att bada i Simmarviken och f\u00f6rlorade d\u00e4rvid sina vigselringar. Nedslagen och \u00e5ngestfull bek\u00e4nde hon sin f\u00f6rlust f\u00f6r mannen, d\u00e5 han kom hem fr\u00e5n en resa. Han str\u00f6k henne \u00f6mt under hakan och sade:<\/strong><\/em><\/p>\n<p><em><strong>\u201dJag skall k\u00f6pa dig nya ringar men endast mot ett l\u00f6fte av dig. Du skall l\u00e4ra dig att skriva. Du anar inte hur ledsamt det \u00e4r f\u00f6r mig att ta emot dina varma tankar, d\u00e5 de \u00e4r formade och skrivna av en fr\u00e4mmande\u201d.<\/strong><\/em><\/p>\n<p><em><strong>Sagt och gjort, Becka l\u00e4rde sig skrivbokst\u00e4verna och nu b\u00f6rjade hon sj\u00e4lv kn\u00e5pa ihop breven till maken.<\/strong><\/em><\/p>\n<p><em><strong>Den andra historien handlade om, d\u00e5 hon fruktade sig vara skend\u00f6d. Becka hade legat sjuk och slutligen gled hon in i ett tillst\u00e5nd av stelhet och or\u00f6rlighet. Hon kunde inte r\u00f6ra ett finger eller h\u00f6ja \u00f6gonlocket. Tanken var klar och hon h\u00f6rde de andras oro och j\u00e4mmer.<\/strong><\/em><\/p>\n<p><em><strong>Fruktan grep henne att de skulle tro att hon var d\u00f6d, l\u00e4gga henne p\u00e5 en b\u00e5r och kanske begrava henne. Fruktl\u00f6st f\u00f6rs\u00f6kte hon ge ett tecken att hon levde. Till sist grep \u00e5ngesten med s\u00e5dan kraft om det lilla kvinnohj\u00e4rtat, att det b\u00f6rjade klappa. Stelheten gav med sig.<\/strong><\/em><\/p>\n<p><em><strong>Becka satte sig upp i b\u00e4dden och sade: \u201dGe mig ett glas \u00f6l\u201d! H\u00e4rvid b\u00f6r n\u00e4mnas att fru Schultz uttalade \u00f6-ljudet mycket \u00f6ppet och runt. \u201dMen k\u00e4ra, det skulle l\u00e4karen aldrig till\u00e5ta\u201d inv\u00e4nde mannen. \u201dMen jag sa till Schultzen\u201d fortsatte Becka sin historia, \u201dge mig ett glas \u00f6l, s\u00e5 f\u00e5r ni se att jag blir frisk\u201d. Hon fick \u00f6let och blev frisk.<\/strong><\/em><\/p>\n","protected":false},"excerpt":{"rendered":"<p>Sammanst\u00e4llt av Lasse Backlund i maj 2025. Uppgifterna \u00e4r tagna ur tidningarna Syd-\u00d6sterbotten och Keski-Savo. Syd-\u00d6sterbotten skrev den 8 juli 1914 om en sorglig h\u00e4ndelse i Nyslott. I l\u00f6rdags den 4 juli, vid halv 3-tiden intr\u00e4ffade i Nyslott en sorglig <a class=\"more-link\" href=\"https:\/\/www.kristinestadshistoria.fi\/?page_id=29848\">Forts\u00e4tt l\u00e4sa <span class=\"screen-reader-text\">  Tre d\u00f6dsfall p\u00e5 tv\u00e5 dagar<\/span><span class=\"meta-nav\">&rarr;<\/span><\/a><\/p>\n","protected":false},"author":1,"featured_media":0,"parent":29827,"menu_order":10,"comment_status":"closed","ping_status":"closed","template":"","meta":{"footnotes":""},"class_list":["post-29848","page","type-page","status-publish","hentry"],"_links":{"self":[{"href":"https:\/\/www.kristinestadshistoria.fi\/index.php?rest_route=\/wp\/v2\/pages\/29848","targetHints":{"allow":["GET"]}}],"collection":[{"href":"https:\/\/www.kristinestadshistoria.fi\/index.php?rest_route=\/wp\/v2\/pages"}],"about":[{"href":"https:\/\/www.kristinestadshistoria.fi\/index.php?rest_route=\/wp\/v2\/types\/page"}],"author":[{"embeddable":true,"href":"https:\/\/www.kristinestadshistoria.fi\/index.php?rest_route=\/wp\/v2\/users\/1"}],"replies":[{"embeddable":true,"href":"https:\/\/www.kristinestadshistoria.fi\/index.php?rest_route=%2Fwp%2Fv2%2Fcomments&post=29848"}],"version-history":[{"count":4,"href":"https:\/\/www.kristinestadshistoria.fi\/index.php?rest_route=\/wp\/v2\/pages\/29848\/revisions"}],"predecessor-version":[{"id":29854,"href":"https:\/\/www.kristinestadshistoria.fi\/index.php?rest_route=\/wp\/v2\/pages\/29848\/revisions\/29854"}],"up":[{"embeddable":true,"href":"https:\/\/www.kristinestadshistoria.fi\/index.php?rest_route=\/wp\/v2\/pages\/29827"}],"wp:attachment":[{"href":"https:\/\/www.kristinestadshistoria.fi\/index.php?rest_route=%2Fwp%2Fv2%2Fmedia&parent=29848"}],"curies":[{"name":"wp","href":"https:\/\/api.w.org\/{rel}","templated":true}]}}