{"id":29812,"date":"2025-05-27T19:03:41","date_gmt":"2025-05-27T16:03:41","guid":{"rendered":"https:\/\/www.kristinestadshistoria.fi\/?page_id=29812"},"modified":"2025-05-27T21:16:08","modified_gmt":"2025-05-27T18:16:08","slug":"monument-och-minnesmarken","status":"publish","type":"page","link":"https:\/\/www.kristinestadshistoria.fi\/?page_id=29812","title":{"rendered":"Monument och minnesm\u00e4rken"},"content":{"rendered":"<p>I Kristinestad finns inga statyer, d\u00e4remot finns det stort antal monument och minnesm\u00e4rken. Vill du l\u00e4sa mera om dessa, s\u00e5 skall du klicka p\u00e5 en rubrik h\u00e4r under.<\/p>\n<h4><strong><a href=\"https:\/\/www.kristinestadshistoria.fi\/?page_id=29815\">-Sj\u00f6fartsmonumentet i Badhusparken<\/a><\/strong><\/h4>\n<h4><a href=\"https:\/\/www.lassebacklund.fi\/?page_id=9273\"><strong>-Minnesm\u00e4rket \u00f6ver de stupade i Lappfj\u00e4rd<\/strong><\/a><\/h4>\n<p>&nbsp;<\/p>\n","protected":false},"excerpt":{"rendered":"<p>I Kristinestad finns inga statyer, d\u00e4remot finns det stort antal monument och minnesm\u00e4rken. Vill du l\u00e4sa mera om dessa, s\u00e5 skall du klicka p\u00e5 en rubrik h\u00e4r under. -Sj\u00f6fartsmonumentet i Badhusparken -Minnesm\u00e4rket \u00f6ver de stupade i Lappfj\u00e4rd &nbsp;<\/p>\n","protected":false},"author":1,"featured_media":0,"parent":8025,"menu_order":5,"comment_status":"closed","ping_status":"closed","template":"","meta":{"footnotes":""},"class_list":["post-29812","page","type-page","status-publish","hentry"],"_links":{"self":[{"href":"https:\/\/www.kristinestadshistoria.fi\/index.php?rest_route=\/wp\/v2\/pages\/29812","targetHints":{"allow":["GET"]}}],"collection":[{"href":"https:\/\/www.kristinestadshistoria.fi\/index.php?rest_route=\/wp\/v2\/pages"}],"about":[{"href":"https:\/\/www.kristinestadshistoria.fi\/index.php?rest_route=\/wp\/v2\/types\/page"}],"author":[{"embeddable":true,"href":"https:\/\/www.kristinestadshistoria.fi\/index.php?rest_route=\/wp\/v2\/users\/1"}],"replies":[{"embeddable":true,"href":"https:\/\/www.kristinestadshistoria.fi\/index.php?rest_route=%2Fwp%2Fv2%2Fcomments&post=29812"}],"version-history":[{"count":4,"href":"https:\/\/www.kristinestadshistoria.fi\/index.php?rest_route=\/wp\/v2\/pages\/29812\/revisions"}],"predecessor-version":[{"id":29825,"href":"https:\/\/www.kristinestadshistoria.fi\/index.php?rest_route=\/wp\/v2\/pages\/29812\/revisions\/29825"}],"up":[{"embeddable":true,"href":"https:\/\/www.kristinestadshistoria.fi\/index.php?rest_route=\/wp\/v2\/pages\/8025"}],"wp:attachment":[{"href":"https:\/\/www.kristinestadshistoria.fi\/index.php?rest_route=%2Fwp%2Fv2%2Fmedia&parent=29812"}],"curies":[{"name":"wp","href":"https:\/\/api.w.org\/{rel}","templated":true}]}}