{"id":29258,"date":"2024-11-08T22:40:50","date_gmt":"2024-11-08T20:40:50","guid":{"rendered":"https:\/\/www.kristinestadshistoria.fi\/?page_id=29258"},"modified":"2024-11-08T23:25:25","modified_gmt":"2024-11-08T21:25:25","slug":"den-forsakrade-garden-pa-tomt-nr-148","status":"publish","type":"page","link":"https:\/\/www.kristinestadshistoria.fi\/?page_id=29258","title":{"rendered":"Den f\u00f6rs\u00e4krade g\u00e5rden p\u00e5 tomt nr 148"},"content":{"rendered":"<p><span style=\"color: #000080;\"><strong>Sammanst\u00e4llt av Lasse Backlund i november 2024. Uppgifterna \u00e4r tagna ur gamla brandf\u00f6rs\u00e4kringsbrev, som finns p\u00e5\u00a0 Nationalbiblioteket.<\/strong><\/span><\/p>\n<h2><strong>F\u00f6rs\u00e4kringen \u00e5r 1855.<\/strong><\/h2>\n<p>\u00c5r 1832 bildades \u201dAllm\u00e4nna Brandstodsbolaget i Finland\u201d i Helsingfors men det var \u00e5r 1885 som bokhandlaren Johan Erik Stendahl tecknade sin f\u00f6rsta brandf\u00f6rs\u00e4kring \u00c5r 1854 hade han uppf\u00f6rt b\u00e5de huvudbyggnaden och uthuset.<\/p>\n<p>Stendahl uppgav att det p\u00e5 tomten fanns alla n\u00f6dv\u00e4ndiga brandredskap, s\u00e5som handsprutor, brand\u00e4mbare, svablar, brandstegar och brandhakar. P\u00e5 tomten fanns det allts\u00e5 tv\u00e5 byggnader, som b\u00e5da skulle f\u00f6rs\u00e4kras.<\/p>\n<h4><strong>Byggnad nr 1.<\/strong><\/h4>\n<p>En byggnad uppf\u00f6rd i vinkel av nytt furu- och grantimmer \u00e5r 1854 i en v\u00e5ning. Den var varken br\u00e4dfodrad eller m\u00e5lad och d\u00e4r fanns 9 rum, n\u00e4mligen en tambur, en sal, 3 kamrar, en salubod och i vinkeln en m\u00e5larverkstad. I byggnaden fanns det 6 kakelugnar och en k\u00f6ksspis med bakugn. P\u00e5 vinden fanns det en kammare till men den hade ingen eldstad. Grunden var gjord av naturstenar under h\u00f6rnen och under murarna.<\/p>\n<p>Den h\u00e4r byggnaden f\u00f6rs\u00e4krades f\u00f6r 1\u00a0920 rubel silver.<\/p>\n<h4><strong>Byggnad nr 2.<\/strong><\/h4>\n<p>Uthuset uppf\u00f6rdes av stock \u00e5r 1854 av bokhandlare Stendahl. I uthuset fanns det tv\u00e5 magasin, ett stall och ett f\u00e4hus med spillningskast. Det var varken br\u00e4dfodrat eller m\u00e5lat.<\/p>\n<p>Uthuset f\u00f6rs\u00e4krades f\u00f6r 340 rubel.<\/p>\n<p>P\u00e5 tomten fanns inga fler byggnaden utom ett \u201dtakskjul\u201d mellan byggnaderna.<\/p>\n<figure id=\"attachment_29260\" aria-describedby=\"caption-attachment-29260\" style=\"width: 1630px\" class=\"wp-caption alignnone\"><img loading=\"lazy\" decoding=\"async\" class=\"size-full wp-image-29260\" src=\"https:\/\/www.kristinestadshistoria.fi\/wp-content\/uploads\/2024\/11\/Tomtkarta-1855-Stendahl.jpg\" alt=\"\" width=\"1630\" height=\"1646\" srcset=\"https:\/\/www.kristinestadshistoria.fi\/wp-content\/uploads\/2024\/11\/Tomtkarta-1855-Stendahl.jpg 1630w, https:\/\/www.kristinestadshistoria.fi\/wp-content\/uploads\/2024\/11\/Tomtkarta-1855-Stendahl-297x300.jpg 297w, https:\/\/www.kristinestadshistoria.fi\/wp-content\/uploads\/2024\/11\/Tomtkarta-1855-Stendahl-1014x1024.jpg 1014w, https:\/\/www.kristinestadshistoria.fi\/wp-content\/uploads\/2024\/11\/Tomtkarta-1855-Stendahl-150x150.jpg 150w, https:\/\/www.kristinestadshistoria.fi\/wp-content\/uploads\/2024\/11\/Tomtkarta-1855-Stendahl-768x776.jpg 768w, https:\/\/www.kristinestadshistoria.fi\/wp-content\/uploads\/2024\/11\/Tomtkarta-1855-Stendahl-1521x1536.jpg 1521w\" sizes=\"auto, (max-width: 1630px) 100vw, 1630px\" \/><figcaption id=\"caption-attachment-29260\" class=\"wp-caption-text\">\u00c5r 1855, d\u00e5 bokhandlare Stendahl tecknade en brandf\u00f6rs\u00e4kring, s\u00e5 bifogades denna tomtkarta till f\u00f6rs\u00e4kringsbrevet.<\/figcaption><\/figure>\n<h2>Brandf\u00f6rs\u00e4kringen 1918.<\/h2>\n<p>\u00c5r 1918, den 28 januari tecknade fru Maja Knutson en ny brandf\u00f6rs\u00e4kring p\u00e5\u00a0 de tre byggnaderna p\u00e5 hennes tomt. V\u00e4rdet hade stigit betydligt p\u00e5 grund av den h\u00f6ga inflationen och p\u00e5 grund av de f\u00f6rb\u00e4ttringar, som hade gjorts p\u00e5 byggnaderna. Maja Uppgav att tomten var 547 kvm stor och d\u00e4r fanns 3 byggnader:<\/p>\n<h4><strong>Byggnad nr 1.<\/strong><\/h4>\n<p>Huvudbyggnaden i vinkel var delvis br\u00e4dfodrad och delvis rappad med vitt kalkbruk. Taket var lagt med asfaltfilt och under byggnaden fanns en ordentligt stenfot av kilade stenar. Mot gatan var byggnaden 15,90 meter och mot norr 17,7 meter och p\u00e5 g\u00e5rdssidan fanns en veranda. Den h\u00e4r byggnaden f\u00f6rs\u00e4krades nu f\u00f6r 19 440 mark.<\/p>\n<h4><strong>Byggnad nr 2.<\/strong><\/h4>\n<p>Uthuset var delvis br\u00e4dfodrad och delvis rappat med vitt kalkbruk och p\u00e5 taket fanns det asfaltfilt. uthuset f\u00f6rs\u00e4krades f\u00f6r 3 060 mark.<\/p>\n<h4><strong>Byggnad nr 3.<\/strong><\/h4>\n<p>Ett vedlider mellan de tv\u00e5 byggnaderna, det hade tv\u00e5 v\u00e4ggar och ett tak av asfaltfilt. Vedlidret f\u00f6rs\u00e4krades f\u00f6r 300 mark.<\/p>\n<figure id=\"attachment_29264\" aria-describedby=\"caption-attachment-29264\" style=\"width: 1266px\" class=\"wp-caption alignnone\"><img loading=\"lazy\" decoding=\"async\" class=\"size-full wp-image-29264\" src=\"https:\/\/www.kristinestadshistoria.fi\/wp-content\/uploads\/2024\/11\/Tomtkarta-1918-Maja-Knutson.jpg\" alt=\"\" width=\"1266\" height=\"967\" srcset=\"https:\/\/www.kristinestadshistoria.fi\/wp-content\/uploads\/2024\/11\/Tomtkarta-1918-Maja-Knutson.jpg 1266w, https:\/\/www.kristinestadshistoria.fi\/wp-content\/uploads\/2024\/11\/Tomtkarta-1918-Maja-Knutson-300x229.jpg 300w, https:\/\/www.kristinestadshistoria.fi\/wp-content\/uploads\/2024\/11\/Tomtkarta-1918-Maja-Knutson-1024x782.jpg 1024w, https:\/\/www.kristinestadshistoria.fi\/wp-content\/uploads\/2024\/11\/Tomtkarta-1918-Maja-Knutson-768x587.jpg 768w\" sizes=\"auto, (max-width: 1266px) 100vw, 1266px\" \/><figcaption id=\"caption-attachment-29264\" class=\"wp-caption-text\">D\u00e5 fru Maja Knutson \u00e5r 1918 tecknade en ny brandf\u00f6rs\u00e4kring, s\u00e5 l\u00e4t hon rita upp denna tomtkarta, som bilaga till f\u00f6rs\u00e4kringsbrevet.<\/figcaption><\/figure>\n<p>&nbsp;<\/p>\n<p>&nbsp;<\/p>\n","protected":false},"excerpt":{"rendered":"<p>Sammanst\u00e4llt av Lasse Backlund i november 2024. Uppgifterna \u00e4r tagna ur gamla brandf\u00f6rs\u00e4kringsbrev, som finns p\u00e5\u00a0 Nationalbiblioteket. F\u00f6rs\u00e4kringen \u00e5r 1855. \u00c5r 1832 bildades \u201dAllm\u00e4nna Brandstodsbolaget i Finland\u201d i Helsingfors men det var \u00e5r 1885 som bokhandlaren Johan Erik Stendahl tecknade <a class=\"more-link\" href=\"https:\/\/www.kristinestadshistoria.fi\/?page_id=29258\">Forts\u00e4tt l\u00e4sa <span class=\"screen-reader-text\">  Den f\u00f6rs\u00e4krade g\u00e5rden p\u00e5 tomt nr 148<\/span><span class=\"meta-nav\">&rarr;<\/span><\/a><\/p>\n","protected":false},"author":1,"featured_media":0,"parent":20539,"menu_order":10,"comment_status":"closed","ping_status":"closed","template":"","meta":{"footnotes":""},"class_list":["post-29258","page","type-page","status-publish","hentry"],"_links":{"self":[{"href":"https:\/\/www.kristinestadshistoria.fi\/index.php?rest_route=\/wp\/v2\/pages\/29258","targetHints":{"allow":["GET"]}}],"collection":[{"href":"https:\/\/www.kristinestadshistoria.fi\/index.php?rest_route=\/wp\/v2\/pages"}],"about":[{"href":"https:\/\/www.kristinestadshistoria.fi\/index.php?rest_route=\/wp\/v2\/types\/page"}],"author":[{"embeddable":true,"href":"https:\/\/www.kristinestadshistoria.fi\/index.php?rest_route=\/wp\/v2\/users\/1"}],"replies":[{"embeddable":true,"href":"https:\/\/www.kristinestadshistoria.fi\/index.php?rest_route=%2Fwp%2Fv2%2Fcomments&post=29258"}],"version-history":[{"count":5,"href":"https:\/\/www.kristinestadshistoria.fi\/index.php?rest_route=\/wp\/v2\/pages\/29258\/revisions"}],"predecessor-version":[{"id":29265,"href":"https:\/\/www.kristinestadshistoria.fi\/index.php?rest_route=\/wp\/v2\/pages\/29258\/revisions\/29265"}],"up":[{"embeddable":true,"href":"https:\/\/www.kristinestadshistoria.fi\/index.php?rest_route=\/wp\/v2\/pages\/20539"}],"wp:attachment":[{"href":"https:\/\/www.kristinestadshistoria.fi\/index.php?rest_route=%2Fwp%2Fv2%2Fmedia&parent=29258"}],"curies":[{"name":"wp","href":"https:\/\/api.w.org\/{rel}","templated":true}]}}