{"id":29194,"date":"2024-10-18T23:14:23","date_gmt":"2024-10-18T20:14:23","guid":{"rendered":"https:\/\/www.kristinestadshistoria.fi\/?page_id=29194"},"modified":"2024-10-18T23:27:13","modified_gmt":"2024-10-18T20:27:13","slug":"munsterhjelm-torsten-provinciallakare-1856-1939","status":"publish","type":"page","link":"https:\/\/www.kristinestadshistoria.fi\/?page_id=29194","title":{"rendered":"Munsterhjelm Torsten, provinciall\u00e4kare (1856-1939)"},"content":{"rendered":"<p><span style=\"color: #000080;\"><b>Nedtecknat av Lasse Backlund i oktober 2024.<\/b><\/span><\/p>\n<p>Torsten Munsterhjelm f\u00f6ddes i Uskela socken, som ligger i nuvarande Salo stad och efter studenten utbildade han sig till l\u00e4kare. Sin f\u00f6rsta tj\u00e4nst som l\u00e4kare fick han 1883 i Lappvik. \u00c5 r 1889 gifte han sig med Ellen L\u00f6nnblad (1864-1896), dotter till lagmannen L\u00f6nnblad, som hade varit h\u00e4radsh\u00f6vding i Vehmo domsaga. Hon var f\u00f6dd p\u00e5 Jomala och de fick 3 barn f\u00f6re de \u00e5r 1894 flyttade till Kristinestad.<\/p>\n<p>Han hade blivit utn\u00e4mnd till provinciall\u00e4kare, allts\u00e5 en typ av distriktsl\u00e4kare och f\u00f6re han fick tj\u00e4nst i Kristinestads distrikt hade han varit kommunall\u00e4kare i Juva i S\u00f6dra Savolax och provinciall\u00e4kare i Torne\u00e5 distrikt.<\/p>\n<p><strong>\u00c5r 1894, i december <\/strong>ersatte han den tidigare provinciall\u00e4karen Jakob Lybeck (f.1851) i Kristinestad och de bosatte sig i bryggeri\u00e4nkan Aurora B\u00e5ges g\u00e5rd vid V\u00e4stra L\u00e5nggatan 25, d\u00e4r \u00c4mbetshusen st\u00e5r i dag.<\/p>\n<p><strong>\u00c5r 1896, den 15 januari<\/strong> f\u00f6ddes deras fj\u00e4rde barn, sonen Bj\u00f6rn Torsten men n\u00e5gra dagar senare avled modern Ellen i barns\u00e4ng i en \u00e5lder av 31 \u00e5r. Bj\u00f6rn Torsten avled den 7 april samma \u00e5r och han och modern ligger begravna p\u00e5 Gamla begravningsplatsen p\u00e5 \u00d6stra sidan.<\/p>\n<p><strong>\u00c5r 1899, i juni<\/strong> flyttade Munsterhjelm till <a href=\"https:\/\/www.kristinestadshistoria.fi\/?page_id=28169\">Gerhard Snellmans g\u00e5rd p\u00e5 Strandgatan 83<\/a> men redan f\u00f6ljande \u00e5r flyttade han till <a href=\"https:\/\/www.kristinestadshistoria.fi\/?page_id=26362\">Remahls nya g\u00e5rd p\u00e5 Kyrkogatan 4.<\/a><\/p>\n<p><strong>\u00c5r 1900, den 27 september<\/strong> gifte Torsten Munsterhjelm om sig med tidigare hustruns syster Karin L\u00f6nnblad (1858-1908) och med henne fick han sonen Sigurd (1903-1989).<\/p>\n<p><strong>\u00c5r 1905<\/strong> flyttade familjen Munsterhjelm till handlande <a href=\"https:\/\/www.kristinestadshistoria.fi\/?page_id=22282\">Hugo Sj\u00f6bloms g\u00e5rd p\u00e5 \u00d6stra L\u00e5nggatan 46,<\/a> vid torget och d\u00e4r hade han ocks\u00e5 sin mottagning.<\/p>\n<p><strong>\u00c5r 1908, den 13 november<\/strong> avled Karin Munsterhjelm i en \u00e5lder av 40 \u00e5r och hon ligger begravd bredvid sin syster Ellen p\u00e5 \u00d6stra sidans begravningsplats.<\/p>\n<p><strong>\u00c5r 1926<\/strong> flyttade Torsten Munsterhjelm till sin dotter Hj\u00f6rdis, som bodde i Gamlakarleby och han dog d\u00e4r den 27 december 1939. Torsten ligger begravd p\u00e5 gamla begravningsplatsen p\u00e5 \u00d6stra sidan i Kristinestad.<\/p>\n<p>Under sina 30 \u00e5r i Kristinestad utr\u00e4ttade han mer \u00e4n m\u00e5ngen annan. Han var politiskt aktiv i det svenska folkpartiet och han valdes in i stadsfullm\u00e4ktige \u00e5r 1898 och han fick flera ledande poster. I flera perioder satt han som ordf\u00f6rande i fullm\u00e4ktige och han var medlem i flera n\u00e4mnder och andra organ.<\/p>\n<p>Han var ocks\u00e5 aktiv inom den svenska samskolan, d\u00e4r han i flera \u00e5r var dess direktionsordf\u00f6rande. Ett av hans st\u00f6rsta intresse var dock skyddsk\u00e5ren, d\u00e4r han r\u00e4knades som en de mest aktiva. Med st\u00f6rsta intresse deltog han alltid i dess \u00f6vningar och \u00e4nnu d\u00e5 han n\u00e4rmade sig 70 \u00e5r syntes han i ledet.<\/p>\n<h3><strong>\u00d6vrigt.<\/strong><\/h3>\n<p>Efter Ellen Munsterhjelms d\u00f6d, skrev Vasabladet s\u00e5 h\u00e4r den 28.1.1896:<\/p>\n<p>Den 24 dennes avled i Kristinestad fru Ellen Munsterhjelm, f\u00f6dd L\u00f6nnblad i en \u00e5lder av 31 \u00e5r, n\u00e4rmast s\u00f6rjd av make och 3 minder\u00e5riga barn, av vilka det yngsta f\u00f6ddes n\u00e5gra dagar f\u00f6re moderns d\u00f6d. Den avlidne, som vistats i Kristinestad knappt ett \u00e5r \u00e4nnu, har dock genom sitt anspr\u00e5ksl\u00f6sa och fl\u00e4rdfria v\u00e4sen tillvunnit sig m\u00e5ngens varma sympatier bland dem, med vilka hon umg\u00e5tts.<\/p>\n<p>Ellen begravdes den 2 februari och en stor m\u00e4ngd sl\u00e4ktingar, v\u00e4nner och andra kristinestadsbor var med. Kistan bars av doktor Ernst Wendelin, borgm\u00e4stare Granfelt, tullf\u00f6rvaltare Enqvist, handlanden Alfred Carlstr\u00f6m, handlanden Otto Holm, agronomen Wendelin, kontoristen Wendelin och bryggm\u00e4staren B\u00e5ge. Jordf\u00e4stningen f\u00f6rr\u00e4ttades av pastor Laur\u00e9n.<\/p>\n<figure id=\"attachment_29190\" aria-describedby=\"caption-attachment-29190\" style=\"width: 448px\" class=\"wp-caption alignnone\"><img loading=\"lazy\" decoding=\"async\" class=\"size-full wp-image-29190\" src=\"https:\/\/www.kristinestadshistoria.fi\/wp-content\/uploads\/2024\/10\/19081117-Karin-Munsterhjelms-dodsannons.jpg\" alt=\"\" width=\"448\" height=\"681\" srcset=\"https:\/\/www.kristinestadshistoria.fi\/wp-content\/uploads\/2024\/10\/19081117-Karin-Munsterhjelms-dodsannons.jpg 448w, https:\/\/www.kristinestadshistoria.fi\/wp-content\/uploads\/2024\/10\/19081117-Karin-Munsterhjelms-dodsannons-197x300.jpg 197w\" sizes=\"auto, (max-width: 448px) 100vw, 448px\" \/><figcaption id=\"caption-attachment-29190\" class=\"wp-caption-text\">Karin Munsterhjelms d\u00f6dsannons ur Syd-\u00d6sterbotten 17.11.1908.<\/figcaption><\/figure>\n<p>Den 17 november 1908 skrev tidningen Syd-\u00d6sterbotten att:<\/p>\n<p>\u201dNatten mot den 14 avled h\u00e4rst\u00e4des i lunginflammation doktorinnan Karin Munsterhjelm.<\/p>\n<p>Den avlidna f\u00f6ddes \u00e5r 1868 i Jomala, var dotter till d\u00e5varande landsh\u00f6vdingen i \u00c5bolands domsaga, lagmannen L\u00f6nnblad och hans maka Ingeborg, f\u00f6dd von Knorring, samt ingick \u00e5r 1900 \u00e4ktenskap med provinsiall\u00e4karen i Kristinestads distrikt, doktor Torsten Munsterhjelm.<\/p>\n<p>En utpr\u00e4glad v\u00e4n av vetande och bildning har hon st\u00e4dse tagit vaken del av ortens kulturella str\u00e4vanden, verkade s\u00e5lunda \u00e4nda till sin d\u00f6d s\u00e5som medlem av s\u00e5v\u00e4l svenska folkskolans direktion som folkskoldirektionen. Hennes insats h\u00e4rvid har ocks\u00e5 varit av stor betydelse, k\u00e4nnetecknad som den var av aldrig svikande intresse och klart omd\u00f6me. Sitt svenska modersm\u00e5l omfattade hon med varm k\u00e4rlek och var alltifr\u00e5n svenska folkpartiets stiftande medlem av bestyrelsen f\u00f6r lokalavdelningen i Kristinestad.<\/p>\n<p>Doktorinnan Munsterhjelm var en klart t\u00e4nkande och varmt k\u00e4nnande kvinna, beg\u00e5vad och spirituell. Hon bildade d\u00e4rf\u00f6r alltid medelpunkten i den krets av v\u00e4nner, som hennes v\u00e4ns\u00e4lla v\u00e4sen sl\u00f6t kring henne. M\u00e4nskligt att d\u00f6ma avklipptes hennes livstr\u00e5d f\u00f6r tidigt, dock hade hon hunnit verka s\u00e5 mycket, vara s\u00e5 mycket att hon efter sig l\u00e4mnar ett alltigenom ljust och vackert minne.<\/p>\n<p>N\u00e4rmast s\u00f6rjes hon av make och barn, moder syskon och sl\u00e4ktingar men tungt har \u00e4ven en talrik v\u00e4nskara drabbats av hennes fr\u00e5nf\u00e4lle.<\/p>\n<figure id=\"attachment_29193\" aria-describedby=\"caption-attachment-29193\" style=\"width: 2304px\" class=\"wp-caption alignnone\"><img loading=\"lazy\" decoding=\"async\" class=\"size-full wp-image-29193\" src=\"https:\/\/www.kristinestadshistoria.fi\/wp-content\/uploads\/2024\/10\/Munsterhjelm.jpg\" alt=\"\" width=\"2304\" height=\"1704\" srcset=\"https:\/\/www.kristinestadshistoria.fi\/wp-content\/uploads\/2024\/10\/Munsterhjelm.jpg 2304w, https:\/\/www.kristinestadshistoria.fi\/wp-content\/uploads\/2024\/10\/Munsterhjelm-300x222.jpg 300w, https:\/\/www.kristinestadshistoria.fi\/wp-content\/uploads\/2024\/10\/Munsterhjelm-1024x757.jpg 1024w, https:\/\/www.kristinestadshistoria.fi\/wp-content\/uploads\/2024\/10\/Munsterhjelm-768x568.jpg 768w, https:\/\/www.kristinestadshistoria.fi\/wp-content\/uploads\/2024\/10\/Munsterhjelm-1536x1136.jpg 1536w, https:\/\/www.kristinestadshistoria.fi\/wp-content\/uploads\/2024\/10\/Munsterhjelm-2048x1515.jpg 2048w\" sizes=\"auto, (max-width: 2304px) 100vw, 2304px\" \/><figcaption id=\"caption-attachment-29193\" class=\"wp-caption-text\">Till h\u00f6ger den \u00e4ldsta gravstenen med f\u00f6rsta hustrun Ellens och sonen Bj\u00f6rn Torstens namn och till v\u00e4nster gravstenen med den andra hustrun Karins namn och i mitten den nyaste gravstenen fr\u00e5n \u00e5r 1939 d\u00e5 Torsten Munsterhjelm begravdes. Fotot fr\u00e5n den gamla begravningsplatsen p\u00e5 stadens \u00f6stra sida \u00e4r taget 2021.<\/figcaption><\/figure>\n<figure id=\"attachment_29191\" aria-describedby=\"caption-attachment-29191\" style=\"width: 393px\" class=\"wp-caption alignnone\"><img loading=\"lazy\" decoding=\"async\" class=\"size-full wp-image-29191\" src=\"https:\/\/www.kristinestadshistoria.fi\/wp-content\/uploads\/2024\/10\/19400103-Torsten-Munsterhjelms-dodsannons.jpg\" alt=\"\" width=\"393\" height=\"712\" srcset=\"https:\/\/www.kristinestadshistoria.fi\/wp-content\/uploads\/2024\/10\/19400103-Torsten-Munsterhjelms-dodsannons.jpg 393w, https:\/\/www.kristinestadshistoria.fi\/wp-content\/uploads\/2024\/10\/19400103-Torsten-Munsterhjelms-dodsannons-166x300.jpg 166w\" sizes=\"auto, (max-width: 393px) 100vw, 393px\" \/><figcaption id=\"caption-attachment-29191\" class=\"wp-caption-text\">Torsten Munsterhjelms d\u00f6dsannons ur Syd-\u00d6sterbotten 3.1.1940.<\/figcaption><\/figure>\n<figure id=\"attachment_29199\" aria-describedby=\"caption-attachment-29199\" style=\"width: 1006px\" class=\"wp-caption alignnone\"><img loading=\"lazy\" decoding=\"async\" class=\"size-full wp-image-29199\" src=\"https:\/\/www.kristinestadshistoria.fi\/wp-content\/uploads\/2024\/10\/194001940-Torsten-Munsterhjelms-nekrologer-1-scaled.jpg\" alt=\"\" width=\"1006\" height=\"2560\" srcset=\"https:\/\/www.kristinestadshistoria.fi\/wp-content\/uploads\/2024\/10\/194001940-Torsten-Munsterhjelms-nekrologer-1-scaled.jpg 1006w, https:\/\/www.kristinestadshistoria.fi\/wp-content\/uploads\/2024\/10\/194001940-Torsten-Munsterhjelms-nekrologer-1-118x300.jpg 118w, https:\/\/www.kristinestadshistoria.fi\/wp-content\/uploads\/2024\/10\/194001940-Torsten-Munsterhjelms-nekrologer-1-768x1953.jpg 768w, https:\/\/www.kristinestadshistoria.fi\/wp-content\/uploads\/2024\/10\/194001940-Torsten-Munsterhjelms-nekrologer-1-604x1536.jpg 604w, https:\/\/www.kristinestadshistoria.fi\/wp-content\/uploads\/2024\/10\/194001940-Torsten-Munsterhjelms-nekrologer-1-805x2048.jpg 805w\" sizes=\"auto, (max-width: 1006px) 100vw, 1006px\" \/><figcaption id=\"caption-attachment-29199\" class=\"wp-caption-text\">Tv\u00e5 olika nekrologer efter Torsten Munsterhjelms d\u00f6d 1939.<\/figcaption><\/figure>\n","protected":false},"excerpt":{"rendered":"<p>Nedtecknat av Lasse Backlund i oktober 2024. Torsten Munsterhjelm f\u00f6ddes i Uskela socken, som ligger i nuvarande Salo stad och efter studenten utbildade han sig till l\u00e4kare. Sin f\u00f6rsta tj\u00e4nst som l\u00e4kare fick han 1883 i Lappvik. \u00c5 r 1889 <a class=\"more-link\" href=\"https:\/\/www.kristinestadshistoria.fi\/?page_id=29194\">Forts\u00e4tt l\u00e4sa <span class=\"screen-reader-text\">  Munsterhjelm Torsten, provinciall\u00e4kare (1856-1939)<\/span><span class=\"meta-nav\">&rarr;<\/span><\/a><\/p>\n","protected":false},"author":1,"featured_media":0,"parent":22412,"menu_order":131,"comment_status":"closed","ping_status":"closed","template":"","meta":{"footnotes":""},"class_list":["post-29194","page","type-page","status-publish","hentry"],"_links":{"self":[{"href":"https:\/\/www.kristinestadshistoria.fi\/index.php?rest_route=\/wp\/v2\/pages\/29194","targetHints":{"allow":["GET"]}}],"collection":[{"href":"https:\/\/www.kristinestadshistoria.fi\/index.php?rest_route=\/wp\/v2\/pages"}],"about":[{"href":"https:\/\/www.kristinestadshistoria.fi\/index.php?rest_route=\/wp\/v2\/types\/page"}],"author":[{"embeddable":true,"href":"https:\/\/www.kristinestadshistoria.fi\/index.php?rest_route=\/wp\/v2\/users\/1"}],"replies":[{"embeddable":true,"href":"https:\/\/www.kristinestadshistoria.fi\/index.php?rest_route=%2Fwp%2Fv2%2Fcomments&post=29194"}],"version-history":[{"count":4,"href":"https:\/\/www.kristinestadshistoria.fi\/index.php?rest_route=\/wp\/v2\/pages\/29194\/revisions"}],"predecessor-version":[{"id":29200,"href":"https:\/\/www.kristinestadshistoria.fi\/index.php?rest_route=\/wp\/v2\/pages\/29194\/revisions\/29200"}],"up":[{"embeddable":true,"href":"https:\/\/www.kristinestadshistoria.fi\/index.php?rest_route=\/wp\/v2\/pages\/22412"}],"wp:attachment":[{"href":"https:\/\/www.kristinestadshistoria.fi\/index.php?rest_route=%2Fwp%2Fv2%2Fmedia&parent=29194"}],"curies":[{"name":"wp","href":"https:\/\/api.w.org\/{rel}","templated":true}]}}