{"id":29095,"date":"2024-09-11T22:40:24","date_gmt":"2024-09-11T19:40:24","guid":{"rendered":"https:\/\/www.kristinestadshistoria.fi\/?page_id=29095"},"modified":"2024-09-11T22:43:52","modified_gmt":"2024-09-11T19:43:52","slug":"invigningen-ar-1951","status":"publish","type":"page","link":"https:\/\/www.kristinestadshistoria.fi\/?page_id=29095","title":{"rendered":"Invigningen av Braheg\u00e5rden \u00e5r 1951"},"content":{"rendered":"<p><span style=\"color: #000080;\"><strong>Sammanst\u00e4llt av Lasse Backlund i september 2024. Uppgifterna \u00e4r ett sammandrag av en l\u00e4ngre artikel i Syd-\u00d6sterbotten.<\/strong><\/span><\/p>\n<p>S\u00f6ndagen den 21 januari 1951, kl. 14 invigdes de tre f\u00f6reningarnas nya g\u00e5rd, Braheg\u00e5rden med fest och pompa. Det allm\u00e4nna intrycket bland festdeltagarna var \u201drymligt, smakfullt och hemtrevligt\u201d. Speciellt hyllades de tre m\u00e4n, som hade dragit det st\u00f6rsta lasset med renoveringen. Det var Sigfrid Bergvik, Hjalmar Nylind och Erik Sj\u00f6blom som lyftes fram, det sades att det helt och h\u00e5llet var deras f\u00f6rtj\u00e4nst att f\u00f6reningen hade f\u00e5tt ett s\u00e5 fint hus.<\/p>\n<p>Festens f\u00f6rsta del s\u00e4ndes direkt i radion, s\u00e5 festdeltagarna hade ombetts att komma i god tid f\u00f6re uts\u00e4ndningen b\u00f6rjade. F\u00f6rst spelade Hugo Tenl\u00e9n, Bertil Blomberg, Bertel Rusk, Georg Dahlstr\u00f6m och Birger Sundqvist festmarschen ur \u201dPrinsessan T\u00f6rnrosa\u201d. Sedan h\u00e4lsade Svenska f\u00f6reningen Braheg\u00e5rdens ordf\u00f6rande Gunnar Carlsson v\u00e4lkommen, d\u00e4r han bland annat yttrade:<\/p>\n<p>\u201d<em><strong>Samverkan \u2013 arbetsf\u00f6rdelning \u00e4r tidens l\u00f6sen. Vad vi h\u00e4r i Svenska f\u00f6reningen Braheg\u00e5rden \u00e5stadkommit \u00e4r just resultatet av samverkan och arbetsf\u00f6rdelning. Tre f\u00f6reningar, n\u00e4mligen A.W., K.I.F. och K.M.K har med f\u00f6renade krafter arbetat och str\u00e4vat, brottats med problem av m\u00e5ngahanda slag innan vi kommit till detta resultat. Att det varit l\u00e4tt vill v\u00e4l ingen p\u00e5st\u00e5.<\/strong><\/em><\/p>\n<p><em><strong>Det har varit motigheter och sv\u00e5righeter, ja till och med motg\u00e5ngar och motst\u00e5nd i vissa fall. Allt detta har dock \u00f6vervunnits, optimismen har segrat och att det trots allt g\u00e5tt r\u00e4tt bra fram\u00e5t, sedan vi kom ig\u00e5ng skall vi v\u00e4l dock alla godk\u00e4nna.\u201d<\/strong><\/em><\/p>\n<p>I sitt tal fr\u00e5gade Carlsson vart ungdomen tagit v\u00e4gen, eftersom det \u00e4r de \u00e4ldre som har dragit hela projektet. Han hoppas att de skulle komma aktivt med i den nya f\u00f6reningen.<\/p>\n<p><em><strong>\u201dVi skall h\u00e4refter samlas i v\u00e5r fina, hemtrevliga Braheg\u00e5rd, samlas till fest och vardag, samlas f\u00f6r att f\u00e5 n\u00e5got, samlas f\u00f6r att ge varandra n\u00e5got av rej\u00e4l kost, vetande, bildning, hyfsning, andlig lyftning\u201d, <\/strong><\/em>avslutade han h\u00e4lsningstalet.<\/p>\n<p>Efter h\u00e4lsningsanf\u00f6randet sj\u00f6ng fru Viola Roos \u201dOm aftonen\u201d av Yrj\u00f6 Kilpi med ackompanjemang av Hugo Tenl\u00e9n och efter det ytterligare tv\u00e5 s\u00e5nger.<\/p>\n<p>Efter s\u00e5ngerna gav Helge Wikl\u00e9n en \u00e5terblick p\u00e5 arbetets och m\u00f6dornas v\u00e4g innan Braheg\u00e5rden blev verklighet. V\u00e4rdet av den frivilliga arbetsinsatsen uppskattade han till 130\u00a0000 mark, tr\u00e4varufirmor hade sk\u00e4nkt virke f\u00f6r 100\u00a0000 mark och aff\u00e4rer i staden har bidragit med olika slags f\u00f6rn\u00f6denheter till ett belopp av 60\u00a0000 mark. Dessutom hade det ordnats en insamling som gav 375\u00a0000 mark.<\/p>\n<p>Kostnadsf\u00f6rslaget slutade p\u00e5 1,2 miljoner men den h\u00f6ga inflationen h\u00f6jde byggnadskostnaderna till 1,5 miljoner mark. H\u00e4r passade han p\u00e5 att framf\u00f6ra ett tack till medlemmarna i byggnadskommitt\u00e9n, Hjalmar Nylind, Sigfrid Bergvik och Erik Sj\u00f6blom som offrad b\u00e5de fritid och krafter f\u00f6r att f\u00f6rverkliga byggnadsplanerna.<\/p>\n<p>Sedan sj\u00f6ng mansk\u00f6ren n\u00e5gra s\u00e5nger och alla kunde konstatera att akustiken i salen var ypperlig, n\u00e5got som ocks\u00e5 radiom\u00e4nnen intygade.<\/p>\n<p>Efter s\u00e5ngerna reciterade Reinhold Weckstr\u00f6m med djup inlevelse ett par dikter. F\u00f6re pausen hann Bertel Rusk avsluta med ett violinsolo till ackompanjemang av Bertil Blomberg.<\/p>\n<p>Under pausen serverades lyxkaffe av 1930-talskvalitet i den forna Carlstr\u00f6mska salen, som nu tj\u00e4nstg\u00f6r som serveringsrum.<\/p>\n<p>Efter pausen fortsatte programmet med s\u00e5ng av mansk\u00f6ren. Sedan f\u00f6ljde festtalet, som h\u00f6lls av folkh\u00f6gskoll\u00e4rare William H\u00e4gg fr\u00e5n N\u00e4rpes och han tog publiken med storm. Han ber\u00e4ttade medryckande och l\u00e4ttfattligt om skillnaden mellan elitm\u00e4nniskor och massm\u00e4nniskor. De f\u00f6rra arbetar f\u00f6r helheten medan de senare verkar f\u00f6r att tillvarata endast en liten grupps intressen, sade han bland annat.<\/p>\n<p>Efter festtalet sj\u00f6ngs \u201dSlumrande toner\u201d unisont och sedan f\u00f6rklarades ordet fritt. En stor m\u00e4ngd gratulanter framf\u00f6rde sina lyck\u00f6nskningar, inkomna telegraf l\u00e4stes upp och en speciell h\u00e4lsning hade skickats fr\u00e5n Jakobstad \u201dhe va bra he!\u201d<\/p>\n<p>P\u00e5 Braheg\u00e5rdens v\u00e4gnar tackade Egil Appel f\u00f6r de varma v\u00e4lg\u00e5ngs\u00f6nskningarna och festen avslutades med att alla sj\u00f6ng \u201dModersm\u00e5lets s\u00e5ng\u201d.<\/p>\n<p>P\u00e5 kv\u00e4llen kl. 19.30 uppf\u00f6rdes p\u00e5 Braheg\u00e5rden en invigningspj\u00e4s, som hette \u201dAnna Christie\u201d. Pj\u00e4sen hade regisserats av teatermannen Reinhold Weckstr\u00f6m och han hade hand om kulisserna och sminkningen. Flera k\u00e4nda kristinestadsbor spelade med, bland annat Elisabeth Lindedahl, Runar Eriksson, Mary Blomberg, Runo Nyg\u00e5rd, \u00c5ke Skeppar, Erik Granbacka, \u00c5ke Sj\u00f6blom och Bertel Nyg\u00e5rd. Pj\u00e4sen spelades f\u00f6r full salong och pj\u00e4sen visades p\u00e5 nytt f\u00f6ljande vecka.<\/p>\n","protected":false},"excerpt":{"rendered":"<p>Sammanst\u00e4llt av Lasse Backlund i september 2024. Uppgifterna \u00e4r ett sammandrag av en l\u00e4ngre artikel i Syd-\u00d6sterbotten. S\u00f6ndagen den 21 januari 1951, kl. 14 invigdes de tre f\u00f6reningarnas nya g\u00e5rd, Braheg\u00e5rden med fest och pompa. Det allm\u00e4nna intrycket bland festdeltagarna <a class=\"more-link\" href=\"https:\/\/www.kristinestadshistoria.fi\/?page_id=29095\">Forts\u00e4tt l\u00e4sa <span class=\"screen-reader-text\">  Invigningen av Braheg\u00e5rden \u00e5r 1951<\/span><span class=\"meta-nav\">&rarr;<\/span><\/a><\/p>\n","protected":false},"author":1,"featured_media":0,"parent":19139,"menu_order":6,"comment_status":"closed","ping_status":"closed","template":"","meta":{"footnotes":""},"class_list":["post-29095","page","type-page","status-publish","hentry"],"_links":{"self":[{"href":"https:\/\/www.kristinestadshistoria.fi\/index.php?rest_route=\/wp\/v2\/pages\/29095","targetHints":{"allow":["GET"]}}],"collection":[{"href":"https:\/\/www.kristinestadshistoria.fi\/index.php?rest_route=\/wp\/v2\/pages"}],"about":[{"href":"https:\/\/www.kristinestadshistoria.fi\/index.php?rest_route=\/wp\/v2\/types\/page"}],"author":[{"embeddable":true,"href":"https:\/\/www.kristinestadshistoria.fi\/index.php?rest_route=\/wp\/v2\/users\/1"}],"replies":[{"embeddable":true,"href":"https:\/\/www.kristinestadshistoria.fi\/index.php?rest_route=%2Fwp%2Fv2%2Fcomments&post=29095"}],"version-history":[{"count":3,"href":"https:\/\/www.kristinestadshistoria.fi\/index.php?rest_route=\/wp\/v2\/pages\/29095\/revisions"}],"predecessor-version":[{"id":29098,"href":"https:\/\/www.kristinestadshistoria.fi\/index.php?rest_route=\/wp\/v2\/pages\/29095\/revisions\/29098"}],"up":[{"embeddable":true,"href":"https:\/\/www.kristinestadshistoria.fi\/index.php?rest_route=\/wp\/v2\/pages\/19139"}],"wp:attachment":[{"href":"https:\/\/www.kristinestadshistoria.fi\/index.php?rest_route=%2Fwp%2Fv2%2Fmedia&parent=29095"}],"curies":[{"name":"wp","href":"https:\/\/api.w.org\/{rel}","templated":true}]}}