{"id":29039,"date":"2024-08-30T22:26:57","date_gmt":"2024-08-30T19:26:57","guid":{"rendered":"https:\/\/www.kristinestadshistoria.fi\/?page_id=29039"},"modified":"2024-08-30T22:35:08","modified_gmt":"2024-08-30T19:35:08","slug":"hasselblatts-slakt-i-kristinestad","status":"publish","type":"page","link":"https:\/\/www.kristinestadshistoria.fi\/?page_id=29039","title":{"rendered":"Hasselblatts sl\u00e4kt i Kristinestad"},"content":{"rendered":"<p><strong><span style=\"color: #000080;\">Sammanst\u00e4llt av Lasse Backlund i augusti 2024.<\/span><\/strong><\/p>\n<p>Sl\u00e4kten Hasselblad eller Hasselblatt g\u00e5r att sp\u00e5ra \u00e4nda till 1500-talet till guldsmeden M\u00e5ns i Halv\u00e5s i Ryda i V\u00e4stra G\u00f6taland. D\u00e4rifr\u00e5n spred sig sl\u00e4kten till Finland och till \u00d6sterbotten.<\/p>\n<p>Den f\u00f6rsta av sl\u00e4kten som kom till Kristinestad var:<\/p>\n<h2><strong>Isak Reinhold Hasselblatt (1757-1812). <\/strong><\/h2>\n<p>Isak Reinhold var f\u00f6dd i Lapptr\u00e4sktrakten, som son till Lars Ulrik Hasselblatt (1729-1777). Fadern var f\u00f6dd i S\u00f6dra Wi, i nuvarande Vimmerby i Sverige. Lars Ulrik flyttade till Lapptr\u00e4sk i Finland \u00e5r 1746 och blev volont\u00e4r vid Karelska Dragonregementet och fr\u00e5n \u00e5r 1748 i \u00d6sterbottens regemente. F\u00e4ltv\u00e4bel i N\u00e4rpes kompani 1749 och deltog i f\u00e4ltt\u00e5get till Pommern. Avgick d\u00e4rifr\u00e5n p\u00e5 grund av sjukdom 1758.<\/p>\n<p>Sonen Isak Reinhold gick i gymnasiet i Borg\u00e5 1771 och blev student i \u00c5bo 1776. Sedan kom han som r\u00e5dman till Kristinestad och \u00e5r 1792 blev han utsedd till bisittare i den nyss inr\u00e4ttade sj\u00f6tullr\u00e4tten. Han blev ocks\u00e5 f\u00f6rest\u00e5ndare f\u00f6r det nyss grundade sj\u00f6manshuset, ocks\u00e5 det i Kristinestad. Man kan s\u00e4ga att Isak Reinhold \u00e4r stamfader f\u00f6r den \u00e4ldre grenen av Hasselblatt i Finland.<\/p>\n<h5><strong>F\u00f6rsta \u00e4ktenskapet.<\/strong><\/h5>\n<p>Han var f\u00f6rsta g\u00e5ngen gift med Hanna Henriette Krook (d\u00f6d i Kristinestad 1788). De fick 4 barn:<\/p>\n<p><strong>1). Josef Henrik (1783-1864<\/strong>), som var f\u00f6dd p\u00e5 Domarn\u00e4s h\u00e4radsh\u00f6vdingebost\u00e4lle i Etseri. Efter moderns d\u00f6d \u00e5r 1788 blev Josef Henrik bortadopterad till sin moster Elisabet Maria Krook. Hon var gift med kronofogden Mauritz Wilhelm Fontell och Josef Henrik antog d\u00e5 sl\u00e4ktnamnet Fontell. L\u00e4s mera om sl\u00e4kten Fontell <a href=\"https:\/\/www.kristinestadshistoria.fi\/?page_id=22473\"><span style=\"color: #000080;\"><strong>H\u00c4R!<\/strong><\/span><\/a><\/p>\n<p><strong>2). Isak Wilhelm (1785-1785).<\/strong><\/p>\n<p><strong>3). Mauritz Wilhelm (1786-1830).<\/strong> F\u00f6dd i Kristinestad, student i \u00c5bo, blev sockenskrivare i Lappo, d\u00e4r han dog \u00e5r 1830. Han var gift med Anna Kocksberg fr\u00e5n \u00d6stermark och de hade tv\u00e5 barn.<\/p>\n<p><strong>4). Isak Ulrik (1787-1787).<\/strong><\/p>\n<h5><strong>Andra \u00e4ktenskapet.<\/strong><\/h5>\n<p>Efter hustruns d\u00f6d gifte Isak Reinhold om sig \u00e5r 1789 med Maria Kristina \u00c5berg (1764-1824). Hon var dotter till r\u00e5d- och handelsmannen Hans \u00c5berg och Maria Caleen i Kristinestad och de fick 10 barn:<\/p>\n<p><strong>5). Hans Henrik (1790-1831<\/strong>) ogift och barnl\u00f6s. Tillsammans med sin halvbror Josef Henrik Fontell bildade han firman \u201dHasselblatt &amp; Fontell\u201d.<\/p>\n<p><strong>6). Maria Kristina (1791-1791).<\/strong><\/p>\n<p><strong>7). Margareta Helena (1792- d\u00f6d i Brahestad 1872).<\/strong> Gift i Kristinestad 1816 med organisten Karl Johan Lyckman (1772-1848).<\/p>\n<p><strong>8). Elisabeth Maria (1793-1793).<\/strong><\/p>\n<p><strong>9). Sofia Albertina (1795-1835 i Kristinestad<\/strong>). Hon var gift med handelsmannen Isak Westerman (1800-1848).<\/p>\n<p><strong>10). Isak Ulrik (1798-1854),<\/strong> lots och viktualiehandlare i Kristinestad och han blev sinnessvag med tiden. Han var gift med Johanna Sofia Hollfast (1803-1844) fr\u00e5n Kask\u00f6. De fick 10 barn varav sonen Henrik Herman \u00e4r den mest k\u00e4nda:<\/p>\n<p>-Henrik Herman Hasselblatt (1825-1885), sj\u00f6man och fiskare i Kristinestad. Han var gift med Kristina Henrika Siljander (1825-1872) och de fick 4 barn och av dessa \u00e4r sonen Henrik Wilhelm (f.1853) den mest k\u00e4nda i Kristinestad. Han var kopparslagare men flyttade \u00e5r 1896 till N\u00e4rpes d\u00e4r han blev handelsagent med lantbruksprodukter. Vid flytten till N\u00e4rpes hade Henrik Wilhelm och hans hustru Kristina Sofia Studd 4 barn, alla f\u00f6dda i Kristinestad. Deras \u00e4ldsta dotter Tekla, gifte sig \u00e5r 1848 med folkskoll\u00e4raren Johannes Rosenback fr\u00e5n Dagsmark. L\u00e4s mera om Tekla och Johannes <a href=\"https:\/\/www.lassebacklund.fi\/?page_id=6643\"><span style=\"color: #000080;\"><strong>H\u00c4R!<\/strong><\/span><\/a><\/p>\n<p>Efter hustruns d\u00f6d gifte Henrik Herman Hasselblatt om sig med Hilda Katarina Dahlstr\u00f6m och de fick 2 barn, varav sonen Hugo Herman \u00e4r den mest k\u00e4nda. Hugo Herman (1874-1919) hade olika befattningar inom tullverket i Kristinestad och han var gift med Aina Josefina Bengter (f.1883) i Tammerfors. De fick 4 d\u00f6ttrar varav Ruth torde vara den mest k\u00e4nda som gifte sig med stadsbyggm\u00e4staren Hjalmar Nylind och bodde p\u00e5 <a href=\"https:\/\/www.kristinestadshistoria.fi\/?page_id=28377\">Varvsgatan 1.<\/a> En annan dotter Linda gifte sig med telefonmont\u00f6ren August Skj\u00e4l i Kristinestad.<\/p>\n<p><strong>11). Lars Reinhold (1800-1880),<\/strong> handlande i Kristinestad. Han var gift med Johanna Albertina Tallgren (1804-1888), som var borgardotter fr\u00e5n Kask\u00f6. Han \u00e4gde en tid g\u00e5rden p\u00e5 <a href=\"https:\/\/www.kristinestadshistoria.fi\/?page_id=20355\">V\u00e4stra L\u00e5nggatan 15.<\/a> Lars och Johanna fick 2 s\u00f6ner:<\/p>\n<p>-Lars Albert (1828-1886), handlande i Kristinestad. Han var gift med Johanna Charlotta Gylander (1835-1875) fr\u00e5n Gamlakarleby och de fick inga barn.<\/p>\n<p>-Johan Herman (1832-1863), handlande i Kristinestad. Han var gift med sin kusin Maria Adelina Hasselblatt (1832-1864), som var dotter till Anton Herman Hasselblatt (1803-1857). Johan Herman och Adelina fick 3 barn och den mest k\u00e4nda \u00e4r sonen Johan Ivar Hasselblatt (1857-1904), handlande i Vasa och i Helsingfors. Johan Ivar var gift med <a href=\"https:\/\/www.kristinestadshistoria.fi\/?page_id=20855\">glasm\u00e4stare Gustaf Eklunds<\/a> dotter Hilma Alexandra (1856-1933). \u00a0Johan Ivars son Gustaf grundade den v\u00e4lk\u00e4nda cykel- och Sportaff\u00e4ren G. L. Hasselblatt i Vasa.<\/p>\n<p><strong>12). Anton Herman (1803-1857),<\/strong> handlande. Han var gift med Maria Vilhelmina Berggren (1810-1883), f\u00f6dd i Kask\u00f6. De fick 5 barn, bland annat dottern Adelina, som gifter sig med sin kusin Johan Herman.<\/p>\n<p><strong>13). Henrika Wilhelmina (1804-1856),<\/strong> gift med Erik Anders Holmstr\u00f6m (1807-1841) handlande i Kristinestad.<\/p>\n<p><strong>14). Anna Kristina (1805-1806).<\/strong><\/p>\n","protected":false},"excerpt":{"rendered":"<p>Sammanst\u00e4llt av Lasse Backlund i augusti 2024. Sl\u00e4kten Hasselblad eller Hasselblatt g\u00e5r att sp\u00e5ra \u00e4nda till 1500-talet till guldsmeden M\u00e5ns i Halv\u00e5s i Ryda i V\u00e4stra G\u00f6taland. D\u00e4rifr\u00e5n spred sig sl\u00e4kten till Finland och till \u00d6sterbotten. Den f\u00f6rsta av sl\u00e4kten <a class=\"more-link\" href=\"https:\/\/www.kristinestadshistoria.fi\/?page_id=29039\">Forts\u00e4tt l\u00e4sa <span class=\"screen-reader-text\">  Hasselblatts sl\u00e4kt i Kristinestad<\/span><span class=\"meta-nav\">&rarr;<\/span><\/a><\/p>\n","protected":false},"author":1,"featured_media":0,"parent":22412,"menu_order":80,"comment_status":"closed","ping_status":"closed","template":"","meta":{"footnotes":""},"class_list":["post-29039","page","type-page","status-publish","hentry"],"_links":{"self":[{"href":"https:\/\/www.kristinestadshistoria.fi\/index.php?rest_route=\/wp\/v2\/pages\/29039","targetHints":{"allow":["GET"]}}],"collection":[{"href":"https:\/\/www.kristinestadshistoria.fi\/index.php?rest_route=\/wp\/v2\/pages"}],"about":[{"href":"https:\/\/www.kristinestadshistoria.fi\/index.php?rest_route=\/wp\/v2\/types\/page"}],"author":[{"embeddable":true,"href":"https:\/\/www.kristinestadshistoria.fi\/index.php?rest_route=\/wp\/v2\/users\/1"}],"replies":[{"embeddable":true,"href":"https:\/\/www.kristinestadshistoria.fi\/index.php?rest_route=%2Fwp%2Fv2%2Fcomments&post=29039"}],"version-history":[{"count":4,"href":"https:\/\/www.kristinestadshistoria.fi\/index.php?rest_route=\/wp\/v2\/pages\/29039\/revisions"}],"predecessor-version":[{"id":29043,"href":"https:\/\/www.kristinestadshistoria.fi\/index.php?rest_route=\/wp\/v2\/pages\/29039\/revisions\/29043"}],"up":[{"embeddable":true,"href":"https:\/\/www.kristinestadshistoria.fi\/index.php?rest_route=\/wp\/v2\/pages\/22412"}],"wp:attachment":[{"href":"https:\/\/www.kristinestadshistoria.fi\/index.php?rest_route=%2Fwp%2Fv2%2Fmedia&parent=29039"}],"curies":[{"name":"wp","href":"https:\/\/api.w.org\/{rel}","templated":true}]}}