{"id":28740,"date":"2024-07-22T09:13:44","date_gmt":"2024-07-22T06:13:44","guid":{"rendered":"https:\/\/www.kristinestadshistoria.fi\/?page_id=28740"},"modified":"2024-07-22T09:18:33","modified_gmt":"2024-07-22T06:18:33","slug":"fremdelings-donation","status":"publish","type":"page","link":"https:\/\/www.kristinestadshistoria.fi\/?page_id=28740","title":{"rendered":"Fremdelings donation"},"content":{"rendered":"<p><span style=\"color: #000080;\"><strong>Renskrivet av Lasse Backlund i juli 2024:<\/strong><\/span><\/p>\n<p>Vasabladet skrev \u00e5r 1858 och \u00e4nnu en g\u00e5ng den 25 augusti 1860 att gymnasiet d\u00e4r hade f\u00e5tt en donation fr\u00e5n Kristinestad:<\/p>\n<p>\u201dGymnasiet har haft undf\u00e4gnaden emottaga en summa af 300 rubel silfver, f\u00f6r\u00e4rade af enkefru r\u00e5dmanskan C. E. Fremdeling fr\u00e5n Kristinestad f\u00f6r att f\u00e5 anv\u00e4ndas, som f\u00f6ljande g\u00e5fvobref n\u00e4rmare utreder.<\/p>\n<h3><strong>Donations-bref.<\/strong><\/h3>\n<p>Den godhet, hvarmed min salig man, f.d. R\u00e5dmannen och handlanden S. W. Fremdeling i Kristinestad under sin medell\u00f6shet i yngre \u00e5ren blifvit omfattad i Wasa stad, grundlade hos honom det beslut, att derf\u00f6re visa denna sin hemort en g\u00e4rd af tacksamhet. D\u00e5 jag nu fullg\u00f6r detta min mans f\u00f6rordnande, uppfyller jag derj\u00e4mte en \u00e4fven f\u00f6r mig k\u00e4r plikt, att bidraga till fattiga och hoppfulla ynglingars fortkomst i studier och underr\u00f6djande af deras ekonomiska bekymmer till n\u00e5gon del. Jag donerar h\u00e4rmedelst till Wasa gymnasium n\u00e4rlagde trehundra rubel silfver, under ben\u00e4mning af: \u201dframlidne R\u00e5d- och Handelsmannen S. W. Fremdelings donations-fond\u201d att anv\u00e4ndas s\u00e5lunda: att dessa medel genast utl\u00e5nas mot s\u00e4kerhet, som af Gymnasie-Styrelsen pr\u00f6fvas och sex procents \u00e5rlig r\u00e4nta, hvilken under de f\u00f6rsta \u00e5ren sex \u00e5ren l\u00e4gges till kapitalet, men efter denna tids f\u00f6rlopp anv\u00e4ndes den \u00e5rliga r\u00e4ntan \u00e5 det s\u00e5lunda f\u00f6r\u00f6kade kapitalet, till tvenne stipendier att utdelas, efter Gymnasie-L\u00e4rarnas bepr\u00f6fvande, \u00e5t tvenne de mest beh\u00f6fvande gymnasister, som \u00e4ro barnf\u00f6dda i Wasa stad.<\/p>\n<p>Sednast anropar jag den Allgode, som sk\u00f6rden gifver, att dessa ringa fr\u00f6n m\u00e5tte i en framtid b\u00e4ra v\u00e4lsignelserika frukter.<\/p>\n<p>Wasa den 14 juli 1858.<\/p>\n<p>Catharina Elisabeth Fremdeling.\u201d<\/p>\n","protected":false},"excerpt":{"rendered":"<p>Renskrivet av Lasse Backlund i juli 2024: Vasabladet skrev \u00e5r 1858 och \u00e4nnu en g\u00e5ng den 25 augusti 1860 att gymnasiet d\u00e4r hade f\u00e5tt en donation fr\u00e5n Kristinestad: \u201dGymnasiet har haft undf\u00e4gnaden emottaga en summa af 300 rubel silfver, f\u00f6r\u00e4rade <a class=\"more-link\" href=\"https:\/\/www.kristinestadshistoria.fi\/?page_id=28740\">Forts\u00e4tt l\u00e4sa <span class=\"screen-reader-text\">  Fremdelings donation<\/span><span class=\"meta-nav\">&rarr;<\/span><\/a><\/p>\n","protected":false},"author":1,"featured_media":0,"parent":18580,"menu_order":20,"comment_status":"closed","ping_status":"closed","template":"","meta":{"footnotes":""},"class_list":["post-28740","page","type-page","status-publish","hentry"],"_links":{"self":[{"href":"https:\/\/www.kristinestadshistoria.fi\/index.php?rest_route=\/wp\/v2\/pages\/28740","targetHints":{"allow":["GET"]}}],"collection":[{"href":"https:\/\/www.kristinestadshistoria.fi\/index.php?rest_route=\/wp\/v2\/pages"}],"about":[{"href":"https:\/\/www.kristinestadshistoria.fi\/index.php?rest_route=\/wp\/v2\/types\/page"}],"author":[{"embeddable":true,"href":"https:\/\/www.kristinestadshistoria.fi\/index.php?rest_route=\/wp\/v2\/users\/1"}],"replies":[{"embeddable":true,"href":"https:\/\/www.kristinestadshistoria.fi\/index.php?rest_route=%2Fwp%2Fv2%2Fcomments&post=28740"}],"version-history":[{"count":3,"href":"https:\/\/www.kristinestadshistoria.fi\/index.php?rest_route=\/wp\/v2\/pages\/28740\/revisions"}],"predecessor-version":[{"id":28744,"href":"https:\/\/www.kristinestadshistoria.fi\/index.php?rest_route=\/wp\/v2\/pages\/28740\/revisions\/28744"}],"up":[{"embeddable":true,"href":"https:\/\/www.kristinestadshistoria.fi\/index.php?rest_route=\/wp\/v2\/pages\/18580"}],"wp:attachment":[{"href":"https:\/\/www.kristinestadshistoria.fi\/index.php?rest_route=%2Fwp%2Fv2%2Fmedia&parent=28740"}],"curies":[{"name":"wp","href":"https:\/\/api.w.org\/{rel}","templated":true}]}}