{"id":28693,"date":"2024-07-11T14:08:13","date_gmt":"2024-07-11T11:08:13","guid":{"rendered":"https:\/\/www.kristinestadshistoria.fi\/?page_id=28693"},"modified":"2024-11-23T23:16:51","modified_gmt":"2024-11-23T21:16:51","slug":"brandforsakringen-ar-1911","status":"publish","type":"page","link":"https:\/\/www.kristinestadshistoria.fi\/?page_id=28693","title":{"rendered":"Brandf\u00f6rs\u00e4kringen \u00e5r 1911"},"content":{"rendered":"<p><span style=\"color: #000080;\"><b>Sammanst\u00e4llt av Lasse Backlund i juli 2024.<\/b><\/span><\/p>\n<p>\u00c5r 1911, den 16 oktober tecknade g\u00e5rds\u00e4garen Johan Remahl en brandf\u00f6rs\u00e4kring i \u201dSt\u00e4dernas allm\u00e4nna brandstodsbolag i Finland\u201d p\u00e5 byggnaderna p\u00e5 tomt 199, Strandgatan 23. Han uppgav d\u00e5 att tomten var 826 m\u00b2 stor och gr\u00e4nsade mot Strandgatan, som p\u00e5 detta st\u00e4lle var 6,68 meter bred. Avst\u00e5ndet till stranden var 80 meter och p\u00e5 tomten fanns alla n\u00f6dv\u00e4ndiga brandredskap, s\u00e5som 2 brandstegar, tv\u00e5 brandhakar, tv\u00e5 brand\u00e4mbare och en slangspruta.<\/p>\n<p>P\u00e5 tomten fanns det tv\u00e5 byggnader och b\u00e5da blev brandf\u00f6rs\u00e4krade:<\/p>\n<p><strong>Byggnad nr 1:<\/strong><\/p>\n<p>Ett bostadshus av timmer, uppf\u00f6rt \u00e5r 1910, br\u00e4dfodrat och m\u00e5lat med oljef\u00e4rg och taket var lagt med galvaniserad j\u00e4rnpl\u00e5t. Huset var 12,30 m l\u00e5ngt och 7,95 m brett, i en v\u00e5ning och d\u00e4r fanns sex boningsrum. I dessa rum fanns det tre kakelugnar och tv\u00e5 kokkaminer. P\u00e5 g\u00e5rdssidan fanns det en veranda uppf\u00f6rd av korsvirke och br\u00e4der.<\/p>\n<p>Remahl ville f\u00f6rs\u00e4kra g\u00e5rden f\u00f6r 10 500 mark, en summa som brandstodsbolaget godk\u00e4nde.<\/p>\n<p><strong>Byggnad nr 2:<\/strong><\/p>\n<p>En uthusbyggnad av stock och delvis av korsvirke och br\u00e4der, i gott skick och uppf\u00f6rd \u00e5r 1910. Uthuset var br\u00e4dfodrat och m\u00e5lat med oljef\u00e4rg och taket var av j\u00e4rnpl\u00e5t. Uthuset var 15 meter l\u00e5ngt och 5,15 meter brett. D\u00e4r fanns ett vedlider, foderlada, f\u00e4hus samt latrin med spillningskast.<\/p>\n<p>Uthuset v\u00e4rderades till 1 500 mark.<\/p>\n<p>F\u00f6rutom de h\u00e4r byggnaderna f\u00f6rs\u00e4krades ink\u00f6rsporten f\u00f6r 200 mark och planket, som var 39 meter l\u00e5ng och 2,10 meter h\u00f6gt f\u00f6rs\u00e4krades f\u00f6r 150 mark, s\u00e5 hela f\u00f6rs\u00e4kringsv\u00e4rdet uppgick till totalt 12 350 mark. Gustafsson uppgav att det inte fanns n\u00e5gra fler byggnader p\u00e5 tomten och n\u00e5gra tr\u00e4d eller tr\u00e4dg\u00e5rd fanns inte heller.<\/p>\n<p>F\u00f6re f\u00f6rs\u00e4kringen kunde godk\u00e4nnas skulle byggnaderna och brandredskapen granskas. Granskningen utf\u00f6rdes av brandstodsbolagets agent Wilhelm Hagen och till sin hj\u00e4lp hade han J. W. Olin och Konrad Sundman. F\u00f6rs\u00e4kringspremien uppgick till 68 mark 75 penni per \u00e5r.<\/p>\n<figure id=\"attachment_28695\" aria-describedby=\"caption-attachment-28695\" style=\"width: 702px\" class=\"wp-caption alignnone\"><img loading=\"lazy\" decoding=\"async\" class=\"size-full wp-image-28695\" src=\"https:\/\/www.kristinestadshistoria.fi\/wp-content\/uploads\/2024\/07\/1911-planteckning.jpg\" alt=\"\" width=\"702\" height=\"840\" srcset=\"https:\/\/www.kristinestadshistoria.fi\/wp-content\/uploads\/2024\/07\/1911-planteckning.jpg 702w, https:\/\/www.kristinestadshistoria.fi\/wp-content\/uploads\/2024\/07\/1911-planteckning-251x300.jpg 251w\" sizes=\"auto, (max-width: 702px) 100vw, 702px\" \/><figcaption id=\"caption-attachment-28695\" class=\"wp-caption-text\">D\u00e5 Johan Remahl \u00e5r 1911 tecknade sin brandf\u00f6rs\u00e4kring, s\u00e5 undertecknade han ans\u00f6kan med den underskrift som \u00e4r inf\u00e4lld i nedre kanten. Kartan, som visade byggnadernas placering, bifogades till ans\u00f6kan.<\/figcaption><\/figure>\n<h2><strong>Brandf\u00f6rs\u00e4kringen \u00e5r 1918.<\/strong><\/h2>\n<p>Den 18 oktober 1918 tecknade g\u00e5rds\u00e4garen, liikemies J. W. H\u00e4rk\u00f6nen en ny brandf\u00f6rs\u00e4kring p\u00e5 de tv\u00e5 byggnaderna p\u00e5 sin g\u00e5rd. N\u00e5gra st\u00f6rre f\u00f6rb\u00e4ttringar hade inte gjorts med v\u00e4rdet hade stigit p\u00e5 grund av den h\u00f6ga inflationen. Huvudbyggnaden v\u00e4rderades till 17 640 mark och uthuset till 5200 mark. med port och plank uppgick hela f\u00f6rs\u00e4kringen till 23 290 mark.<\/p>\n<p>&nbsp;<\/p>\n<p>&nbsp;<\/p>\n","protected":false},"excerpt":{"rendered":"<p>Sammanst\u00e4llt av Lasse Backlund i juli 2024. \u00c5r 1911, den 16 oktober tecknade g\u00e5rds\u00e4garen Johan Remahl en brandf\u00f6rs\u00e4kring i \u201dSt\u00e4dernas allm\u00e4nna brandstodsbolag i Finland\u201d p\u00e5 byggnaderna p\u00e5 tomt 199, Strandgatan 23. Han uppgav d\u00e5 att tomten var 826 m\u00b2 stor <a class=\"more-link\" href=\"https:\/\/www.kristinestadshistoria.fi\/?page_id=28693\">Forts\u00e4tt l\u00e4sa <span class=\"screen-reader-text\">  Brandf\u00f6rs\u00e4kringen \u00e5r 1911<\/span><span class=\"meta-nav\">&rarr;<\/span><\/a><\/p>\n","protected":false},"author":1,"featured_media":0,"parent":27532,"menu_order":10,"comment_status":"closed","ping_status":"closed","template":"","meta":{"footnotes":""},"class_list":["post-28693","page","type-page","status-publish","hentry"],"_links":{"self":[{"href":"https:\/\/www.kristinestadshistoria.fi\/index.php?rest_route=\/wp\/v2\/pages\/28693","targetHints":{"allow":["GET"]}}],"collection":[{"href":"https:\/\/www.kristinestadshistoria.fi\/index.php?rest_route=\/wp\/v2\/pages"}],"about":[{"href":"https:\/\/www.kristinestadshistoria.fi\/index.php?rest_route=\/wp\/v2\/types\/page"}],"author":[{"embeddable":true,"href":"https:\/\/www.kristinestadshistoria.fi\/index.php?rest_route=\/wp\/v2\/users\/1"}],"replies":[{"embeddable":true,"href":"https:\/\/www.kristinestadshistoria.fi\/index.php?rest_route=%2Fwp%2Fv2%2Fcomments&post=28693"}],"version-history":[{"count":5,"href":"https:\/\/www.kristinestadshistoria.fi\/index.php?rest_route=\/wp\/v2\/pages\/28693\/revisions"}],"predecessor-version":[{"id":29323,"href":"https:\/\/www.kristinestadshistoria.fi\/index.php?rest_route=\/wp\/v2\/pages\/28693\/revisions\/29323"}],"up":[{"embeddable":true,"href":"https:\/\/www.kristinestadshistoria.fi\/index.php?rest_route=\/wp\/v2\/pages\/27532"}],"wp:attachment":[{"href":"https:\/\/www.kristinestadshistoria.fi\/index.php?rest_route=%2Fwp%2Fv2%2Fmedia&parent=28693"}],"curies":[{"name":"wp","href":"https:\/\/api.w.org\/{rel}","templated":true}]}}