{"id":28689,"date":"2024-07-10T17:56:18","date_gmt":"2024-07-10T14:56:18","guid":{"rendered":"https:\/\/www.kristinestadshistoria.fi\/?page_id=28689"},"modified":"2025-01-05T23:27:30","modified_gmt":"2025-01-05T21:27:30","slug":"brandforsakringen-ar-1911","status":"publish","type":"page","link":"https:\/\/www.kristinestadshistoria.fi\/?page_id=28689","title":{"rendered":"Brandf\u00f6rs\u00e4kringen \u00e5r 1911"},"content":{"rendered":"<p><span style=\"color: #000080;\"><strong>Sammanst\u00e4llt av Lasse Backlund i juli 2024.<\/strong><\/span><\/p>\n<p>\u00c5r 1911, den 23 februari tecknade bleckslagare Gustafsson en brandf\u00f6rs\u00e4kring i \u201dSt\u00e4dernas allm\u00e4nna brandstodsbolag i Finland\u201d p\u00e5 byggnaderna p\u00e5 tomt 210, \u00d6stra L\u00e5nggatan 34. Han uppgav d\u00e5 att tomten var 351 m\u00b2 stor och gr\u00e4nsade mot \u00d6stra L\u00e5nggatan, som p\u00e5 detta st\u00e4lle var 6,53 meter bred. Avst\u00e5ndet till stranden var 145 meter och p\u00e5 tomten fanns alla n\u00f6dv\u00e4ndiga brandredskap, s\u00e5som 2 brandstegar, tv\u00e5 brandhakar och tv\u00e5 brand\u00e4mbare.<\/p>\n<p>P\u00e5 tomten fanns det fyra byggnader och alla blev brandf\u00f6rs\u00e4krade:<\/p>\n<h5><strong>Byggnad nr 1:<\/strong><\/h5>\n<p>Ett bostadshus av timmer, uppf\u00f6rt \u00e5r 1838, br\u00e4dfodrat och m\u00e5lat med kompositionsf\u00e4rg och taket var lagt med asfaltfilt. Huset var 8,37 m l\u00e5ngt och 5,18 m brett, i en v\u00e5ning och d\u00e4r fanns tre boningsrum. I dessa rum fanns det en kakelugn och en spis med bakugn och inmurad gryta. I det sista rummet fanns det en r\u00f6kningsugn och i det rummet var v\u00e4ggar och tak bekl\u00e4dda med j\u00e4rnpl\u00e5t och asbestpapp. Golvet i det rummet var lagt med tegel och s\u00e5 fanns det \u00e4nnu ett skafferi, som var byggt av korsvirke och br\u00e4der.<\/p>\n<p>Gustafsson ville f\u00f6rs\u00e4kra g\u00e5rden f\u00f6r 3\u00a0000 mark men brandstodsbolaget godk\u00e4nde endast 2\u00a0500 mark.<\/p>\n<h5><strong>Byggnad nr 2:<\/strong><\/h5>\n<p>En uthusbyggnad av stock och delvis av korsvirke och br\u00e4der, i gott skick och uppf\u00f6rd \u00e5r 1868. Uthuset var br\u00e4dfodrat och r\u00f6dm\u00e5lat och taket var av asfaltfilt. Uthuset i vinkel var 10 meter i \u00f6ster och 8 meter i norr, 4 meter i s\u00f6dra gaveln och 3,86 m i den v\u00e4stra \u00e4ndan. D\u00e4r fanns ett vedlider, foderlada, f\u00e4hus samt latrin med spillningskast.<\/p>\n<p>Uthuset v\u00e4rderades till 500 mark.<\/p>\n<h5><strong>Byggnad nr 3:<\/strong><\/h5>\n<p>Ett uthus i f\u00f6rsvarligt skick, uppf\u00f6rd av korsvirke och br\u00e4der, byggt \u00e5r 1885, r\u00f6dm\u00e5lat och hade ett tak av br\u00e4der. Huset var 3,12 m l\u00e5ngt, 2.67 m brett och det anv\u00e4ndes som redskapslider.<\/p>\n<p>Uthuset v\u00e4rderades till 30 mark, trots att Gustafsson hade v\u00e4rderat det till 100.<\/p>\n<h5><strong>Byggnad nr 4:<\/strong><\/h5>\n<p>Ett uthus av korsvirke och br\u00e4der i f\u00f6rsvarligt skick, uppf\u00f6rt \u00e5r 1887, m\u00e5lat med r\u00f6df\u00e4rg och hade ett br\u00e4dtak. Uthuset var 8,15 m l\u00e5ngt och 2,35 m brett och det anv\u00e4ndes som vedlider och redskapslider.<\/p>\n<p>Uthuset v\u00e4rderades till 50 mark.<\/p>\n<figure id=\"attachment_28688\" aria-describedby=\"caption-attachment-28688\" style=\"width: 768px\" class=\"wp-caption alignnone\"><img loading=\"lazy\" decoding=\"async\" class=\"size-full wp-image-28688\" src=\"https:\/\/www.kristinestadshistoria.fi\/wp-content\/uploads\/2024\/07\/1911-planteckning-battre.jpg\" alt=\"\" width=\"768\" height=\"431\" srcset=\"https:\/\/www.kristinestadshistoria.fi\/wp-content\/uploads\/2024\/07\/1911-planteckning-battre.jpg 768w, https:\/\/www.kristinestadshistoria.fi\/wp-content\/uploads\/2024\/07\/1911-planteckning-battre-300x168.jpg 300w\" sizes=\"auto, (max-width: 768px) 100vw, 768px\" \/><figcaption id=\"caption-attachment-28688\" class=\"wp-caption-text\">D\u00e5 bleckslagaren och korvr\u00f6karen Gustafsson \u00e5r 1911 tecknade en brandf\u00f6rs\u00e4kring, s\u00e5 ritades denna planteckning upp som visade byggnadernas placering p\u00e5 tomten.<\/figcaption><\/figure>\n<p>F\u00f6rutom de h\u00e4r byggnaderna f\u00f6rs\u00e4krades ink\u00f6rsporten f\u00f6r 50 mark och hela f\u00f6rs\u00e4kringsv\u00e4rdet uppgick till totalt 3\u00a0130 mark. Gustafsson uppgav att det inte fanns n\u00e5gra fler byggnader p\u00e5 tomten och n\u00e5gra tr\u00e4d eller tr\u00e4dg\u00e5rd fanns inte heller.<\/p>\n<p>Han uppgav att i huvudbyggnaden fanns ett korvmakeri med en r\u00f6kningsugn men n\u00e5gra andra brandfarliga inr\u00e4ttningar fanns inte p\u00e5 hans tomt och inte p\u00e5 granntomterna heller.<\/p>\n<p>F\u00f6re f\u00f6rs\u00e4kringen kunde godk\u00e4nnas skulle byggnaderna och brandredskapen granskas. Granskningen utf\u00f6rdes av brandstodsbolagets agent Wilhelm Hagen och till sin hj\u00e4lp hade han Emil Holmstr\u00f6m och Konrad Sundman. F\u00f6rs\u00e4kringspremien uppgick till 28 mark 23 penni per \u00e5r.<\/p>\n<h3><strong>Brandf\u00f6rs\u00e4kringen 1919.<\/strong><\/h3>\n<p><strong>\u00c5r 1919, den 29 juli<\/strong> tecknade Gustafssons arvingar en ny brandf\u00f6rs\u00e4kring p\u00e5 alla fyra byggnader. Inga st\u00f6rre f\u00f6rb\u00e4ttringar hade gjorts men p\u00e5 grund av den h\u00f6ga inflationen hade v\u00e4rdet sjunkit och nu f\u00f6rs\u00e4krades byggnaderna f\u00f6r 5 500 mark totalt.<\/p>\n","protected":false},"excerpt":{"rendered":"<p>Sammanst\u00e4llt av Lasse Backlund i juli 2024. \u00c5r 1911, den 23 februari tecknade bleckslagare Gustafsson en brandf\u00f6rs\u00e4kring i \u201dSt\u00e4dernas allm\u00e4nna brandstodsbolag i Finland\u201d p\u00e5 byggnaderna p\u00e5 tomt 210, \u00d6stra L\u00e5nggatan 34. Han uppgav d\u00e5 att tomten var 351 m\u00b2 stor <a class=\"more-link\" href=\"https:\/\/www.kristinestadshistoria.fi\/?page_id=28689\">Forts\u00e4tt l\u00e4sa <span class=\"screen-reader-text\">  Brandf\u00f6rs\u00e4kringen \u00e5r 1911<\/span><span class=\"meta-nav\">&rarr;<\/span><\/a><\/p>\n","protected":false},"author":1,"featured_media":0,"parent":19698,"menu_order":10,"comment_status":"closed","ping_status":"closed","template":"","meta":{"footnotes":""},"class_list":["post-28689","page","type-page","status-publish","hentry"],"_links":{"self":[{"href":"https:\/\/www.kristinestadshistoria.fi\/index.php?rest_route=\/wp\/v2\/pages\/28689","targetHints":{"allow":["GET"]}}],"collection":[{"href":"https:\/\/www.kristinestadshistoria.fi\/index.php?rest_route=\/wp\/v2\/pages"}],"about":[{"href":"https:\/\/www.kristinestadshistoria.fi\/index.php?rest_route=\/wp\/v2\/types\/page"}],"author":[{"embeddable":true,"href":"https:\/\/www.kristinestadshistoria.fi\/index.php?rest_route=\/wp\/v2\/users\/1"}],"replies":[{"embeddable":true,"href":"https:\/\/www.kristinestadshistoria.fi\/index.php?rest_route=%2Fwp%2Fv2%2Fcomments&post=28689"}],"version-history":[{"count":3,"href":"https:\/\/www.kristinestadshistoria.fi\/index.php?rest_route=\/wp\/v2\/pages\/28689\/revisions"}],"predecessor-version":[{"id":29466,"href":"https:\/\/www.kristinestadshistoria.fi\/index.php?rest_route=\/wp\/v2\/pages\/28689\/revisions\/29466"}],"up":[{"embeddable":true,"href":"https:\/\/www.kristinestadshistoria.fi\/index.php?rest_route=\/wp\/v2\/pages\/19698"}],"wp:attachment":[{"href":"https:\/\/www.kristinestadshistoria.fi\/index.php?rest_route=%2Fwp%2Fv2%2Fmedia&parent=28689"}],"curies":[{"name":"wp","href":"https:\/\/api.w.org\/{rel}","templated":true}]}}