{"id":28332,"date":"2024-05-29T09:35:29","date_gmt":"2024-05-29T06:35:29","guid":{"rendered":"https:\/\/www.kristinestadshistoria.fi\/?page_id=28332"},"modified":"2026-01-16T22:44:02","modified_gmt":"2026-01-16T20:44:02","slug":"janssons-gard-pa-ostra-langgatan-7","status":"publish","type":"page","link":"https:\/\/www.kristinestadshistoria.fi\/?page_id=28332","title":{"rendered":"Forman Janssons g\u00e5rd p\u00e5 \u00d6stra L\u00e5nggatan 7"},"content":{"rendered":"<figure id=\"attachment_28330\" aria-describedby=\"caption-attachment-28330\" style=\"width: 2560px\" class=\"wp-caption alignnone\"><img loading=\"lazy\" decoding=\"async\" class=\"size-full wp-image-28330\" src=\"https:\/\/www.kristinestadshistoria.fi\/wp-content\/uploads\/2024\/05\/7-Ostralanggatan-2020-2-scaled.jpg\" alt=\"\" width=\"2560\" height=\"1920\" srcset=\"https:\/\/www.kristinestadshistoria.fi\/wp-content\/uploads\/2024\/05\/7-Ostralanggatan-2020-2-scaled.jpg 2560w, https:\/\/www.kristinestadshistoria.fi\/wp-content\/uploads\/2024\/05\/7-Ostralanggatan-2020-2-300x225.jpg 300w, https:\/\/www.kristinestadshistoria.fi\/wp-content\/uploads\/2024\/05\/7-Ostralanggatan-2020-2-1024x768.jpg 1024w, https:\/\/www.kristinestadshistoria.fi\/wp-content\/uploads\/2024\/05\/7-Ostralanggatan-2020-2-768x576.jpg 768w, https:\/\/www.kristinestadshistoria.fi\/wp-content\/uploads\/2024\/05\/7-Ostralanggatan-2020-2-1536x1152.jpg 1536w, https:\/\/www.kristinestadshistoria.fi\/wp-content\/uploads\/2024\/05\/7-Ostralanggatan-2020-2-2048x1536.jpg 2048w\" sizes=\"auto, (max-width: 2560px) 100vw, 2560px\" \/><figcaption id=\"caption-attachment-28330\" class=\"wp-caption-text\">Den h\u00e4r g\u00e5rden p\u00e5 den \u201dSigstr\u00f6mska tomten\u201d byggdes \u00e5r 1833 av glasm\u00e4staren Carl Eklund, som var gift med glasm\u00e4stare Anders Sigstr\u00f6ms dotter Anna. Den byggdes till med en farstukvist 1870. Den hade d\u00e5 ett tak av br\u00e4der, som byttes ut mot asfaltfilt omkring 1909. G\u00e5rden var 8 meter l\u00e5ng och 5 meter bred och hade tre rum. Den st\u00e5r p\u00e5 tomt 218, som trots att d\u00e4r finns flera boningsbyggnader fortfarande \u00e4r odelad. Fotot taget fr\u00e5n sydost sommaren 2020.<\/figcaption><\/figure>\n<p><span style=\"color: #000080;\"><strong>Sammanst\u00e4llt av Lasse Backlund i maj 2024. Uppgifterna \u00e4r tagna ur gamla lagfarter, mantalsl\u00e4ngder, kyrkb\u00f6cker och tidningar. Kaj Granlund och Kerstin Granlund har hj\u00e4lpt till med information och gamla bilder.<\/strong><\/span><\/p>\n<h3><strong>G\u00e5rdens historia<\/strong><\/h3>\n<figure id=\"attachment_24016\" aria-describedby=\"caption-attachment-24016\" style=\"width: 989px\" class=\"wp-caption alignnone\"><img loading=\"lazy\" decoding=\"async\" class=\"size-full wp-image-24016\" src=\"https:\/\/www.kristinestadshistoria.fi\/wp-content\/uploads\/2022\/08\/Stadsplan-1825-1.jpg\" alt=\"\" width=\"989\" height=\"724\" srcset=\"https:\/\/www.kristinestadshistoria.fi\/wp-content\/uploads\/2022\/08\/Stadsplan-1825-1.jpg 989w, https:\/\/www.kristinestadshistoria.fi\/wp-content\/uploads\/2022\/08\/Stadsplan-1825-1-300x220.jpg 300w, https:\/\/www.kristinestadshistoria.fi\/wp-content\/uploads\/2022\/08\/Stadsplan-1825-1-768x562.jpg 768w\" sizes=\"auto, (max-width: 989px) 100vw, 989px\" \/><figcaption id=\"caption-attachment-24016\" class=\"wp-caption-text\">P\u00e5 stadsplanen fr\u00e5n \u00e5r 1825 s\u00e5 ligger &#8221;Sigstr\u00f6mska tomten&#8221; nr 218 i \u00e4ndan av \u00d6stra L\u00e5nggatan. Tomten \u00e4r fortfarande odelad och den norra delen har adressen \u00d6stra L\u00e5nggatan 7 och den s\u00f6dra anv\u00e4nder \u00d6stra L\u00e5nggatan 9. Tomten gr\u00e4nsar i v\u00e4ster till sportplanen.<\/figcaption><\/figure>\n<p><strong>\u00c5r 1833<\/strong>, d\u00e5 denna g\u00e5rd uppf\u00f6rdes p\u00e5 den s\u00e5 kallade Sigstr\u00f6mska tomten, s\u00e5 \u00e4gdes den av glasm\u00e4stare Carl Eklund (1779-1845). Han hade \u00e5r 1806 gift sig med glasm\u00e4stare Anders Sigstr\u00f6ms dotter Anna (1784-1853).<\/p>\n<p><strong>\u00c5r 1853<\/strong> \u00f6vertogs den h\u00e4r g\u00e5rden av arbetaren Carl Magnus Parman (1796-1866). Han hade \u00e5r 1841 gift sig med Margaretha St\u00e5hl (1813-1864) och hade med henne fyra barn.<\/p>\n<p><strong>\u00c5r 1854 <\/strong>byggde Carl Magnus Parman ett uthus p\u00e5 g\u00e5rden, som var 17 meter l\u00e5ngt och inneh\u00f6ll ett vedlider, stall, h\u00f6skulle, spillningskast och ett f\u00e4hus.<\/p>\n<p><strong>\u00c5ren 1860-1866 <\/strong>\u00e4gdes g\u00e5rden och en tredjedel av tomten 218 av Carl Magnus Parman, som nu \u00e4r matros. Han bodde d\u00e4r med hustrun Greta (1813-1864) som var f\u00f6dd St\u00e5hl i Vasa tills hon dog \u00e5r 1864. Hos dem bodde barnen Gustaf Wilhelm (1841-1876), som ocks\u00e5 var matros och var gift med Anna. De yngre barnen Carl Johan (1842-1913), Johanna (f.1845) och Zacharias (1855-1931) bodde ocks\u00e5 i g\u00e5rden.<\/p>\n<p><strong>\u00c5r 1867<\/strong> \u00f6vertogs den h\u00e4r g\u00e5rden av tj\u00e4rvr\u00e4karen Kristian Olin och i g\u00e5rden bodde br\u00e4nnvinsbr\u00e4nneribokh\u00e5llaren Wilhelm Pasi.<\/p>\n<p><strong>Omkring 1872<\/strong> \u00f6vertogs g\u00e5rden av tidigare hyresg\u00e4sten Wilhelm Pasi, som var br\u00e4nneribokh\u00e5llare p\u00e5 Tj\u00f6ckfors Br\u00e4nnvinsbr\u00e4nneri. Han var f\u00f6dd i B\u00f6tom 1839 och han hade flyttat till staden \u00e5r 1858 via Stor\u00e5.<\/p>\n<p><strong>\u00c5r 1873, den 26 juli<\/strong> s\u00e5lde br\u00e4nneribokh\u00e5llaren Wilhelm Pasi g\u00e5rden p\u00e5 \u00d6stra L\u00e5nggatan 7 \u00e5t Johan Remahl f\u00f6r 1 100 mark. Johan Remahl (f.1846) var f\u00f6dd i Rimal i Mustasaari och han var f\u00f6rsta g\u00e5ngen gift med Maria Bernqvist (1841-1873) fr\u00e5n N\u00e4rpes. Andra g\u00e5ngen var Johan gift med Hedvig Kallio (f.1853) fr\u00e5n Stor\u00e5. P\u00e5 hyra bodde Johans bror, brandvakten August Remahl. Han var ocks\u00e5 f\u00f6dd i Rimal i Mustasaari och han var gift med Eva Krankala, som var f\u00f6dd \u00e5r 1844 i B\u00f6tom.<\/p>\n<p><strong>\u00c5r 1884, den 2 december<\/strong> s\u00e5lde Johan Remahl g\u00e5rden \u00d6stra L\u00e5nggatan 7 \u00e5t sj\u00f6mannen Johan Henriksson (f.1884). Johan Remahl hade \u00e5ret innan k\u00f6pt g\u00e5rden p\u00e5 <a href=\"https:\/\/www.kristinestadshistoria.fi\/?page_id=26362\">Kyrkogatan 4<\/a> och flyttat dit.<\/p>\n<p><strong>\u00c5r 1885, den 6 juli<\/strong> fick sj\u00f6manshustrun Anna Kristina Henriksson lagfart p\u00e5\u00a0 g\u00e5rden \u00d6stra L\u00e5nggatan 7. Hennes man Johan Henriksson hade rest till Amerika och Anna Kristina bodde ensam med sin dotter Ida.<\/p>\n<p><strong>\u00c5r 1905, den 1 mars<\/strong> avled Anna Kristina Henriksson och g\u00e5rden \u00f6vertogs d\u00e5 av hennes dotter Ida och Anna Kristinas utrikes vistande man Johan Henriksson.<\/p>\n<p><strong>\u00c5r 1909, den 17 april<\/strong> s\u00e5lde Ida Henriksson g\u00e5rden \u00e5t r\u00e5dhusvaktm\u00e4staren Johan Emil Holm\u00e9n f\u00f6r 2\u00a0000 mark. Ida hade f\u00f6re det blivit utsedd till godeman f\u00f6r sin far Johan i Amerika och d\u00e4rf\u00f6r godk\u00e4nde r\u00e5dstuvur\u00e4tten den h\u00e4r \u00f6verl\u00e5telsen.<\/p>\n<p><strong>\u00c5r 1909, den 26 april<\/strong> s\u00e5lde r\u00e5dhusvaktm\u00e4staren Johan Emil Holm\u00e9n g\u00e5rden tillbaka \u00e5t sj\u00f6mansdottern Ida Henriksson f\u00f6r 2\u00a0050 mark.<\/p>\n<figure id=\"attachment_28331\" aria-describedby=\"caption-attachment-28331\" style=\"width: 640px\" class=\"wp-caption alignnone\"><img loading=\"lazy\" decoding=\"async\" class=\"size-full wp-image-28331\" src=\"https:\/\/www.kristinestadshistoria.fi\/wp-content\/uploads\/2024\/05\/Tomtkarta-1909.jpg\" alt=\"\" width=\"640\" height=\"673\" srcset=\"https:\/\/www.kristinestadshistoria.fi\/wp-content\/uploads\/2024\/05\/Tomtkarta-1909.jpg 640w, https:\/\/www.kristinestadshistoria.fi\/wp-content\/uploads\/2024\/05\/Tomtkarta-1909-285x300.jpg 285w\" sizes=\"auto, (max-width: 640px) 100vw, 640px\" \/><figcaption id=\"caption-attachment-28331\" class=\"wp-caption-text\">I maj m\u00e5nad 1909 tecknade modisten Ida Henriksson en brandf\u00f6rs\u00e4kring p\u00e5 sj\u00e4lva g\u00e5rden och uthuset och till f\u00f6rs\u00e4kringen bifogade hon denna planteckning. Bostadsbyggnaden nr 1 var uppf\u00f6rd \u00e5r 1833 och uthuset nr 2 var byggt \u00e5r 1854.<\/figcaption><\/figure>\n<p><strong>\u00c5r 1914<\/strong> bodde i Ida Henrikssons g\u00e5rd p\u00e5 \u00d6stra L\u00e5nggatan 7\u00a0 arbetaren Anders Vilhelm Mattila (f.1877) p\u00e5 hyra med hustrun Maria (f.1874). \u00c5r 1914 var det arbetaren Frithiof Stenroos (f.1878) och hans hustru Wendla (f.1877) som bodde d\u00e4r.<\/p>\n<p><strong>\u00a0<\/strong><strong>\u00c5r 1931, <\/strong>gjorde s\u00f6mmerskan, sj\u00f6mansdottern Ida Henriksson konkurs och borgen\u00e4rernas ombud, kapten O. A. St\u00e5hle s\u00e5lde g\u00e5rden den 5 augusti \u00e5t formannen Johan <u>Viktor<\/u> Jansson (1903-1962) f\u00f6r 26 600 mark. Han hade tidigare bott p\u00e5 hyra p\u00e5 Strandgatan 9 med hush\u00e5llerskan Elsa Granlund.<\/p>\n<p>Viktor var f\u00f6dd i Kristinestad. Hans far, bonden Johan Jakobsson Jansson var f\u00f6dd 1878 i Stor\u00e5 och han gifte sig med Wilhelmina Johansdotter (1865-1915) fr\u00e5n Lappfj\u00e4rd. Medan de bodde i Lappfj\u00e4rd f\u00f6ddes dottern Selma \u00e5r 1897. De flyttade sedan till Kristinestad d\u00e4r sonen Viktor f\u00f6ddes \u00e5r 1903. I mars 1904 flyttade hela familjen till B\u00f6le i N\u00e4rpes. \u00c5r 1918 flyttade Viktor och syster Selma med far och styvmor Anna Alvina Fr\u00f6berg (f.1886) till \u00d6vermark d\u00e4r ytterligare fyra barn f\u00f6ddes. \u00c5r 1922 avled i \u00d6vermark bonden Johan Jakobsson Jansson och resten av familjen flyttade samma \u00e5r till Kristinestad.<\/p>\n<p><strong>\u00c5r 1932, den 16 november<\/strong> gifte sig Viktor Jansson med Elsa Granlund (1889-1969), f\u00f6dd i Dagsmark p\u00e5 ett Storkull hemman i Palon. Hon hade flyttat till staden redan \u00e5r 1922 och samma \u00e5r fick hon dottern Elin Marita (1922-1922). F\u00f6r \u00f6vrigt s\u00e5 var Elsa och Viktor n\u00e4ra sl\u00e4kt, eftersom Viktors far Johan var kusin med Elsa. \u00c5r 1932 tog de Elsas brorson Rudi Granlund fr\u00e5n Dagsmark till fosterson. L\u00e4s mera om Elsas sl\u00e4kt <span style=\"color: #000080;\"><strong><a style=\"color: #000080;\" href=\"https:\/\/www.lassebacklund.fi\/?page_id=4705\">H\u00c4R!<\/a><\/strong><\/span><\/p>\n<figure id=\"attachment_13089\" aria-describedby=\"caption-attachment-13089\" style=\"width: 961px\" class=\"wp-caption alignnone\"><img loading=\"lazy\" decoding=\"async\" class=\"size-full wp-image-13089\" src=\"https:\/\/www.kristinestadshistoria.fi\/wp-content\/uploads\/2019\/07\/Elsas-hus.jpg\" alt=\"\" width=\"961\" height=\"790\" srcset=\"https:\/\/www.kristinestadshistoria.fi\/wp-content\/uploads\/2019\/07\/Elsas-hus.jpg 961w, https:\/\/www.kristinestadshistoria.fi\/wp-content\/uploads\/2019\/07\/Elsas-hus-300x247.jpg 300w, https:\/\/www.kristinestadshistoria.fi\/wp-content\/uploads\/2019\/07\/Elsas-hus-768x631.jpg 768w\" sizes=\"auto, (max-width: 961px) 100vw, 961px\" \/><figcaption id=\"caption-attachment-13089\" class=\"wp-caption-text\">Det var till det huset p\u00e5 \u00d6stra l\u00e5nggatan 7, som Elsa och Viktor Jansson flyttade fr\u00e5n Strandgatan. Rudi Granlund bodde i flera \u00e5r h\u00e4r som fosterpojke och efter Elsas d\u00f6d, s\u00e5 \u00e4rvde han en del av g\u00e5rden.<\/figcaption><\/figure>\n<figure id=\"attachment_4687\" aria-describedby=\"caption-attachment-4687\" style=\"width: 968px\" class=\"wp-caption alignnone\"><img loading=\"lazy\" decoding=\"async\" class=\"size-full wp-image-4687\" src=\"https:\/\/www.kristinestadshistoria.fi\/wp-content\/uploads\/2017\/07\/5-1.jpg\" alt=\"\" width=\"968\" height=\"731\" srcset=\"https:\/\/www.kristinestadshistoria.fi\/wp-content\/uploads\/2017\/07\/5-1.jpg 968w, https:\/\/www.kristinestadshistoria.fi\/wp-content\/uploads\/2017\/07\/5-1-300x227.jpg 300w, https:\/\/www.kristinestadshistoria.fi\/wp-content\/uploads\/2017\/07\/5-1-768x580.jpg 768w\" sizes=\"auto, (max-width: 968px) 100vw, 968px\" \/><figcaption id=\"caption-attachment-4687\" class=\"wp-caption-text\">Elsa Storkull, senare Granlund som gifte sig med Viktor Jansson fr\u00e5n Kristinestad P\u00e5 den h\u00f6gra bilden s\u00e5 sitter Elsa t.v. tillsammans med ok\u00e4nd kvinna.<\/figcaption><\/figure>\n<p><strong>\u00c5r 1962, den 30 november<\/strong> avled formannen Johan <u>Viktor<\/u> Jansson och genom ett inb\u00f6rdes testamente fr\u00e5n 1 september 1931 \u00f6vertog \u00e4nkan Elsa Jansson g\u00e5rden och all annan egendom. I juni 1963 s\u00e5lde Elsa alla k\u00f6rredskap och Viktors kl\u00e4der p\u00e5 auktion.<\/p>\n<p><strong>\u00c5r 1964, den 6 februari<\/strong> skrev Elsa Jansson i sitt eget testamente att efter hennes d\u00f6d skall all hennes egendom delas i tre delar mellan fostersonen Rudi Granlund, hennes syster Ida Ketola och maken Viktors brorson Mauri Jansson.<\/p>\n<p><strong>\u00c5r 1969, den 28 juni<\/strong> avled formans\u00e4nkan Elsa Jansson och testamentet bevakades i r\u00e4tten av Mauri Jansson och Rudi Granlund.<\/p>\n<p><strong>\u00c5r 1970, den 11 juli<\/strong> s\u00e5lde testamentstagarna i Viktor och Elsas d\u00f6dsbo g\u00e5rden \u00e5t Anja Ekstr\u00f6m (f.1933) f\u00f6r 15\u00a0200 mark. Anja var f\u00f6dd Siltanen i Kristinestad och var gift med G\u00f6ran Ekstr\u00f6m och bosatt i Gottb\u00f6le i N\u00e4rpes. De bodde inte i g\u00e5rden.<\/p>\n<p>I n\u00e5got skede s\u00e5ldes g\u00e5rden \u00e5t den nuvarande \u00e4garen, som bodde i g\u00e5rden en tid men som sedan har flyttat bort.<\/p>\n","protected":false},"excerpt":{"rendered":"<p>Sammanst\u00e4llt av Lasse Backlund i maj 2024. Uppgifterna \u00e4r tagna ur gamla lagfarter, mantalsl\u00e4ngder, kyrkb\u00f6cker och tidningar. Kaj Granlund och Kerstin Granlund har hj\u00e4lpt till med information och gamla bilder. G\u00e5rdens historia \u00c5r 1833, d\u00e5 denna g\u00e5rd uppf\u00f6rdes p\u00e5 den <a class=\"more-link\" href=\"https:\/\/www.kristinestadshistoria.fi\/?page_id=28332\">Forts\u00e4tt l\u00e4sa <span class=\"screen-reader-text\">  Forman Janssons g\u00e5rd p\u00e5 \u00d6stra L\u00e5nggatan 7<\/span><span class=\"meta-nav\">&rarr;<\/span><\/a><\/p>\n","protected":false},"author":1,"featured_media":0,"parent":18667,"menu_order":7,"comment_status":"closed","ping_status":"closed","template":"","meta":{"footnotes":""},"class_list":["post-28332","page","type-page","status-publish","hentry"],"_links":{"self":[{"href":"https:\/\/www.kristinestadshistoria.fi\/index.php?rest_route=\/wp\/v2\/pages\/28332","targetHints":{"allow":["GET"]}}],"collection":[{"href":"https:\/\/www.kristinestadshistoria.fi\/index.php?rest_route=\/wp\/v2\/pages"}],"about":[{"href":"https:\/\/www.kristinestadshistoria.fi\/index.php?rest_route=\/wp\/v2\/types\/page"}],"author":[{"embeddable":true,"href":"https:\/\/www.kristinestadshistoria.fi\/index.php?rest_route=\/wp\/v2\/users\/1"}],"replies":[{"embeddable":true,"href":"https:\/\/www.kristinestadshistoria.fi\/index.php?rest_route=%2Fwp%2Fv2%2Fcomments&post=28332"}],"version-history":[{"count":11,"href":"https:\/\/www.kristinestadshistoria.fi\/index.php?rest_route=\/wp\/v2\/pages\/28332\/revisions"}],"predecessor-version":[{"id":30612,"href":"https:\/\/www.kristinestadshistoria.fi\/index.php?rest_route=\/wp\/v2\/pages\/28332\/revisions\/30612"}],"up":[{"embeddable":true,"href":"https:\/\/www.kristinestadshistoria.fi\/index.php?rest_route=\/wp\/v2\/pages\/18667"}],"wp:attachment":[{"href":"https:\/\/www.kristinestadshistoria.fi\/index.php?rest_route=%2Fwp%2Fv2%2Fmedia&parent=28332"}],"curies":[{"name":"wp","href":"https:\/\/api.w.org\/{rel}","templated":true}]}}