{"id":28262,"date":"2024-05-14T15:51:19","date_gmt":"2024-05-14T12:51:19","guid":{"rendered":"https:\/\/www.kristinestadshistoria.fi\/?page_id=28262"},"modified":"2024-05-14T15:52:13","modified_gmt":"2024-05-14T12:52:13","slug":"skeppar-om-jernvall","status":"publish","type":"page","link":"https:\/\/www.kristinestadshistoria.fi\/?page_id=28262","title":{"rendered":"Skeppar om Jernvall"},"content":{"rendered":"<p><span style=\"color: #000080;\"><strong>Renskrivet av Lasse Backlund i maj 2024:<\/strong><\/span><\/p>\n<p><strong>\u00c5ke Skeppar,<\/strong> som skrev artiklar i Syd-\u00d6sterbotten beskrev \u00e5r 1971 vilken karl Jernvall var:<\/p>\n<p>Ivar \u201dBuffalo Bill\u201d Jernvall var min barndoms idol. Han var stark som en bj\u00f6rn, manlig som en v\u00e4sternhj\u00e4lte och f\u00e5ordig n\u00e4stan som \u201dSlaktar Emil\u201d. Han hade Vega-m\u00f6ssa, s\u00e5nd\u00e4r bl\u00e5skjorta ovanp\u00e5 byxorna och var hjulbent. Han hade typiskt Buffalo Bill-sk\u00e4gg, gick med l\u00e5nga sviktande steg och hade en fyrhjulad flyttningsk\u00e4rra med en v\u00e4ldig flaka.<\/p>\n<p>Och han hade f\u00f6rst\u00e5s djur, bland dem den f\u00f6rtjusande m\u00e4rren Ulla.<\/p>\n<p>Han pratade en blandning av raumafinska och kristinestadssvenska. Men kort, k\u00e4rnfullt och utan krumelurer.<\/p>\n<p>Men han var djurv\u00e4n och djurk\u00e4nnare. Jag minns en g\u00e5ng hur en bonde erbj\u00f6d honom att k\u00f6pa en h\u00e4st. D\u00e5 fr\u00e5gade Jernvall: \u201dF\u00e5r ja kokka den i monnen?\u201d<\/p>\n<p>En v\u00e5rmorgon jobbade han en hel f\u00f6rmiddag med att l\u00f6sg\u00f6ra en duva fr\u00e5n v\u00e5rt nytj\u00e4rade tak. Med en h\u00f6gaffel och han f\u00f6rklarade sedan hur det hade g\u00e5tt till: \u201dN\u00b4saablar ja p\u00e5ta loss en pol\u00e5 som a fassna i tj\u00e4ron p\u00e5 Skepparas taaken me hein\u00e4gahvelin. K\u00e5va orakan goko aamup\u00e4iv\u00e4!\u201d<\/p>\n<p>Han och Osvald Aho var b\u00e5da s\u00e5 starka att det ber\u00e4ttades att de tillsammans p\u00e5 rak arm bar upp en flygel tv\u00e5 v\u00e5ningar till bankdirekt\u00f6r Porkkas l\u00e4genhet p\u00e5 Helsingforsbanken. Mera folk fanns ju inte att uppbringa. Och ingen vet hur starka de h\u00e4r b\u00e5da var om det riktigt hade beh\u00f6vts. Oj oj.<\/p>\n<p>I maj tog skolan slut och vi flyttade ut till Skatan med Jernvall p\u00e5 hans flyttningsflaka. Detta h\u00f6rde till varje v\u00e5r och g\u00e5r aldrig ur mitt minne. Allts\u00e5 den omst\u00e4ndiga flyttningsproceduren, d\u00e5 vi pojkar barfota vandrade bredvid flakan l\u00e4ngs med Skatav\u00e4gen.<\/p>\n<p>Vid \u201dSkata Majas kr\u00f6kin\u201d smackade han och vid \u201dVilasteinin\u201d spottade han. S\u00e4rskilt imponerade var vi av hans \u201dptrr\u201d, ett dovt rullande rrr, s\u00e5 att mustachen \u00e5kte ut fr\u00e5n kinden. Detta h\u00e4nde n\u00e4r vi kom till \u201dj\u00e4\u00e4lon\u201d och stannade f\u00f6r att vattna korna.<\/p>\n<p>En v\u00e5r hade min bror H\u00e5kan lyckats s\u00e4lja n\u00e5gra gamla silvermynt, som vi hade \u201dkeckat\u201d ur en gl\u00f6md skrivbordsl\u00e5da. F\u00f6r pengarna k\u00f6pte vi ett riktigt spjut av bj\u00f6rk. Med lindning f\u00f6r handgrepp av ett grovt rep. Detta spjut lastades med s\u00e4rskild omsorg inlindad i en gammal matta \u00e5p flakan bland \u00e4mbar, madrasser och en emaljerad potta.<\/p>\n<p>Mellan verandatrappan, den stora h\u00e4ngbj\u00f6rken och granen b\u00f6rja lossaningen av flyttlasset. N\u00e4r Jernvall fick syn p\u00e5 spjutet, fattade han det vid lindningen, blickade upp mellan tr\u00e4dkronorna och fr\u00e5gade med en fj\u00e4rrsk\u00e5dande blick: \u201dN\u00b4hyryn l\u00e5ngt kastar do denh\u00e4r mpjyyten!\u201d Forman Jernvall hade troligtvis blivit en duktig spjutkastare, det tror jag nog!<\/p>\n","protected":false},"excerpt":{"rendered":"<p>Renskrivet av Lasse Backlund i maj 2024: \u00c5ke Skeppar, som skrev artiklar i Syd-\u00d6sterbotten beskrev \u00e5r 1971 vilken karl Jernvall var: Ivar \u201dBuffalo Bill\u201d Jernvall var min barndoms idol. Han var stark som en bj\u00f6rn, manlig som en v\u00e4sternhj\u00e4lte och <a class=\"more-link\" href=\"https:\/\/www.kristinestadshistoria.fi\/?page_id=28262\">Forts\u00e4tt l\u00e4sa <span class=\"screen-reader-text\">  Skeppar om Jernvall<\/span><span class=\"meta-nav\">&rarr;<\/span><\/a><\/p>\n","protected":false},"author":1,"featured_media":0,"parent":23788,"menu_order":20,"comment_status":"closed","ping_status":"closed","template":"","meta":{"footnotes":""},"class_list":["post-28262","page","type-page","status-publish","hentry"],"_links":{"self":[{"href":"https:\/\/www.kristinestadshistoria.fi\/index.php?rest_route=\/wp\/v2\/pages\/28262","targetHints":{"allow":["GET"]}}],"collection":[{"href":"https:\/\/www.kristinestadshistoria.fi\/index.php?rest_route=\/wp\/v2\/pages"}],"about":[{"href":"https:\/\/www.kristinestadshistoria.fi\/index.php?rest_route=\/wp\/v2\/types\/page"}],"author":[{"embeddable":true,"href":"https:\/\/www.kristinestadshistoria.fi\/index.php?rest_route=\/wp\/v2\/users\/1"}],"replies":[{"embeddable":true,"href":"https:\/\/www.kristinestadshistoria.fi\/index.php?rest_route=%2Fwp%2Fv2%2Fcomments&post=28262"}],"version-history":[{"count":2,"href":"https:\/\/www.kristinestadshistoria.fi\/index.php?rest_route=\/wp\/v2\/pages\/28262\/revisions"}],"predecessor-version":[{"id":28264,"href":"https:\/\/www.kristinestadshistoria.fi\/index.php?rest_route=\/wp\/v2\/pages\/28262\/revisions\/28264"}],"up":[{"embeddable":true,"href":"https:\/\/www.kristinestadshistoria.fi\/index.php?rest_route=\/wp\/v2\/pages\/23788"}],"wp:attachment":[{"href":"https:\/\/www.kristinestadshistoria.fi\/index.php?rest_route=%2Fwp%2Fv2%2Fmedia&parent=28262"}],"curies":[{"name":"wp","href":"https:\/\/api.w.org\/{rel}","templated":true}]}}