{"id":2766,"date":"2017-02-13T22:50:00","date_gmt":"2017-02-13T21:50:00","guid":{"rendered":"http:\/\/www.lassebacklund.fi\/?page_id=2766"},"modified":"2017-02-14T23:12:29","modified_gmt":"2017-02-14T22:12:29","slug":"margit-nelsons-uppsatser","status":"publish","type":"page","link":"https:\/\/www.kristinestadshistoria.fi\/?page_id=2766","title":{"rendered":"Margit Nelsons uppsatser."},"content":{"rendered":"<p><span style=\"color: #000080;\">Kapten Nelsons dotter Margit Nelson skrev flera uppsatser\u00a0i skolan i Dagsmark i mitten p\u00e5 1930-talet. H\u00e4r n\u00e5gra av dom:<\/span><\/p>\n<p><strong>N\u00e5got om mig sj\u00e4lv.<\/strong><\/p>\n<p>Jag heter Margit Maria Nelson. Jag \u00e4r f\u00f6dd i Dagsmark by i Lappfj\u00e4rds socken den 19 september \u00e5r 1923. Jag g\u00e5r p\u00e5 fj\u00e4rde klassen i folkskolan. Jag har en syster och en bror. Systern g\u00e5r i samma skola som jag. Brodern g\u00e5r i samskolan i Kristinestad. Pappa \u00e4r fr\u00e5n Sverge. Pappa heter Nils Albin Nelson. Mamma heter Maria Amanda Nelson. Min farfar \u00e4r d\u00f6d. Jag hann inte se honom f\u00f6rr\u00e4n han dog. Han hette ocks\u00e5 Nils och var hemma fr\u00e5n Sverge. Min farmor \u00e4r ocks\u00e5 d\u00f6d. Hon hette Pettronella. N\u00e5gra av mina sl\u00e4ktingar i Sverge har jag inte sett, bara en farbrors son. Han har varit till oss tv\u00e5 g\u00e5nger, d\u00e5 han var in till Kristinestad med b\u00e5t. Han \u00e4r kock p\u00e5 b\u00e5ten. Han heter Ove. Min morfar och mormor leva. Morfar \u00e4r lam i ena handen och ligger i s\u00e4ngen ganska mycket. Mina morbr\u00f6der och mina mostrar har jag nog sett, ty de \u00e4ro grannar till oss.<\/p>\n<p><strong>En rolig dag senaste sommar.<\/strong><\/p>\n<p>Min roligaste dag i sommar var, n\u00e4r jag var till Kristinastad med pappa, mamma, Ragnvald och Daisy. Nylund skjutsade oss i sin bil. F\u00f6rst n\u00e4r vi kommo till stan gingo vi till internatet, d\u00e4r Ragnvald bor. Sedan gingo vi och fotograferade oss. S\u00e5 gingo vi och tittade omkring oss i staden och k\u00f6pte litet gott. Vi voro in p\u00e5 tv\u00e5 kaf\u00e9er. Klockan sju p\u00e5 kv\u00e4llen gingo vi p\u00e5 bio. Vi kommo hem halv tio. Jag har varit till staden tv\u00e5 g\u00e5nger f\u00f6rut med velociped.<\/p>\n<p><strong>Vad jag brukar g\u00f6ra, d\u00e5 jag kommer fr\u00e5n skolan.<\/strong><\/p>\n<p>D\u00e5 jag kommer fr\u00e5n skolan g\u00e5r jag in efter posten f\u00f6rst. D\u00e5 jag kommer hem, h\u00e4nger jag f\u00f6rst ut min kappa. Sedan diskar jag ur mj\u00f6lkflaskan. D\u00e5 jag gjort detta, g\u00e5r jag och b\u00e4r in ved. Detta g\u00f6r jag varje kv\u00e4ll. Ibland kommer Evy till mej och d\u00e5 leka vi och ha mycket trevligt. Ibland f\u00e5r jag fara ner till butiken och k\u00f6pa n\u00e5got. Klockan 6 g\u00e5r jag in och b\u00f6rjar l\u00e4sa mina l\u00e4xor. D\u00e5 jag kan dem, kan det h\u00e4nda att jag b\u00f6rjar l\u00e4sa n\u00e5gon \u201dl\u00e5nabok\u201d senare p\u00e5 kv\u00e4llen- Klockan 9 p\u00e5 kv\u00e4llen m\u00e5ste jag g\u00e5 och l\u00e4gga mig.<\/p>\n<p><strong>Om gamla k\u00e4ringar.<\/strong><\/p>\n<p>F\u00f6rr i v\u00e4rlden brukade gamla k\u00e4ringar springa och klippa ull av f\u00e5ren p\u00e5 halsen och p\u00e5 kinderna. En g\u00e5ng s\u00e5 fann mormor en sax i n\u00f6tsporten. En annan g\u00e5ng fick n\u00e5gra pojkar tag i en s\u00e5dan k\u00e4ring. S\u00e5 var det n\u00e5gon av pojkarnas mamma. Och s\u00e5 brukar de r\u00e4nna bort vatten fr\u00e5n vattkaren. En g\u00e5ng stod morfar i stallet. D\u00e5 s\u00e5g han en s\u00e5dan k\u00e4ring. F\u00f6rst gick hon och tappade upp vattnet i ett \u00e4mbar och bar det till vattenkaret. Sedan hon h\u00e5llit p\u00e5 en stund till hon f\u00e5tt karet fullt, b\u00f6rjade hon b\u00e4ra ut vattnet igen.<\/p>\n<p><strong>Ett brev.<\/strong><\/p>\n<p>K\u00e4ra moster! Jag vill nu skriva n\u00e5gra rader till dig. Jag \u00f6nskar dig god jul. Jag hoppas att du m\u00e5r bra. Vi m\u00e5 bra allesammans h\u00e4r hemma. Det har sn\u00f6at h\u00e4r i Dagsmark, s\u00e5 det g\u00e5r bra med sparkst\u00f6ttingen. M\u00e4rta Viklund och Runar Roseng\u00e5rd ha br\u00f6llop. Elmer Nordberg har d\u00f6tt f\u00f6r n\u00e5gra veckor tillbaka.<\/p>\n<p>Margit Nelson, Dagsmark den 9 december 1935.<\/p>\n<p><strong>Ett av mina tidigaste minnen.<\/strong><\/p>\n<p>Ett av mina tidigaste minnen var n\u00e4r mamma malade k\u00f6tt. Medan mamma var ut, tog jag en k\u00f6ttbit och lade den i k\u00f6ttkvarnen och kr\u00f6stade p\u00e5 med fingrarna. Ragnvald vevade och jag h\u00f6ll fingrarna d\u00e4r s\u00e5 l\u00e4nge, tills det tog i tre av mina fingrar. Ragnvald f\u00f6rstod inte att sluta fast jag skrek. Mormor som stod bredvid, b\u00f6rjade mala bak\u00e5t, s\u00e5 jag fick bort mina fingrar fr\u00e5n kvarnen. Det bl\u00f6dde mycket. Mamma, som hade kommit in band n\u00e5gra lappar omkring. Vi bodde i lillstugan, n\u00e4r detta h\u00e4nde.<\/p>\n<p><strong>Jullovet.<\/strong><\/p>\n<p>Nu vill jag ber\u00e4tta, huru jag tillbrakt jullovet. P\u00e5 julaftonen var jag till H\u00e5kans fackla, ty vi hade ingen hos oss. D\u00e4r br\u00e4nde vi ocks\u00e5 halm. Sedan jag \u00e4tit \u00f6ppnade jag mina julpaket. Jag var till kyrkan f\u00f6r f\u00f6rsta g\u00e5ngen. P\u00e5 ny\u00e5rskv\u00e4llen var jag och kastade in en ny\u00e5rsklapp \u00e5t Rainer. Jag var till H\u00e5kans fackla p\u00e5 samma kv\u00e4ll. En s\u00f6ndag var jag med Evy till Else Norrg\u00e5rd med n\u00e5gra julkort. En annan kv\u00e4ll var jag, Daisy, Alice, H\u00e5kan och Evy till Arne Rosengrens fackla.<\/p>\n<p><strong>Lappfj\u00e4rds kyrka.<\/strong><\/p>\n<p>D\u00e5 Lappfj\u00e4rd f\u00f6r f\u00f6rsta g\u00e5ngen n\u00e4mndes var \u00e5r 1301. Den f\u00f6rsta kyrkan i n\u00e4rheten av Lappfj\u00e4rd byggdes p\u00e5 en \u00f6 utanf\u00f6r Kask\u00f6, den \u00f6 d\u00e4r den stod hette Eskils\u00f6, kommunen d\u00e4r den stod hette N\u00e4rpes, denna kommun str\u00e4ckte sig fr\u00e5n Sideby i s\u00f6der och Petalax och Berg\u00f6 i norr. Folket i Skaftung tyckte att det s\u00e5 besv\u00e4rligt, d\u00e5 det var s\u00e5 l\u00e5ng v\u00e4g till kyrkan, s\u00e5 de byggde en ny kyrka i Skaftung p\u00e5 1400-talet. Lappfj\u00e4rdsborna byggde en egen kyrka \u00e5r 1660, den stod i Lappfj\u00e4rd till \u00e5r 1852, denn kyrka som kalladdes Birgittakyrkan, den hade m\u00e5nga katolska bilder d\u00e4r. N\u00e4r de rev ner den, s\u00e5lde de br\u00e4derna \u00e5t folket. Det s\u00e4gs att de sett br\u00e4der i H\u00e4rkmeri, d\u00e4r det varit bilder p\u00e5 dem. De hade begravt omkring 12\u00a0000 m\u00e4nniskor d\u00e4r p\u00e5 begravningsplatsen. Lappfj\u00e4rds f\u00f6rsta pr\u00e4st hette Mads Laurenti. N\u00e4r den gamla kyrkan revs, byggdes en ny kyrka, de b\u00f6rjade bygga den \u00e5r 1848, den blev f\u00e4rdig 1851, de \u00e4r byggd av tegel. Den backe d\u00e4r kyrkan nu st\u00e5r heter Mangs backen. I denna kyrka rymmes 5\u00a0000 m\u00e4nniskor. Det \u00e4r en begravningsplats omkring kyrkan.<\/p>\n<p><strong>Huru det \u00e4r i Dagsmark \u00e5r 2036.<\/strong><\/p>\n<p>Om jag levde i 100 \u00e5r till tror jag att det s\u00e5g ut ungef\u00e4r s\u00e5 h\u00e4r: Alla f\u00e4lt voro t\u00e4ckdikade, det fanns v\u00e4rmeledning i varje hem, telefon, radio och dammsugare. Och kanh\u00e4nda en flygmaskin i varje by och en bil i varje familj. D\u00e5 odlar man allm\u00e4nt vete och sockerbetor. D\u00e5 har man tak av pl\u00e5t p\u00e5 alla hus.<\/p>\n<p><strong>Finlands st\u00e4der.<\/strong><\/p>\n<p>Finland har omkring 37 st\u00e4der. Bland dem \u00e4r v\u00e5r huvudstad Helsingfors st\u00f6rst, den har omkring 220.000 inv\u00e5nare. Den \u00e4r bel\u00e4gen i Nyland. Den har en staty av Alexander II. Den har \u00e4ven en bildstod av skalden Runeberg. \u00c5bo \u00e4r v\u00e5rt lands \u00e4ldsta stad. I \u00c5bo finns en staty av Per Brahe och Henrik Gabriel Porthan. Lahtis, Finlands yngsta stad har en av Europas st\u00f6rsta radiostationer. Viborg \u00e4r en av v\u00e5rt lands \u00e4ldsta st\u00e4der, den har en staty av Torkel Knutsson, som anlade Viborgs slott \u00e5r 1293. Jakobstad har en av Nordens st\u00f6rsta tobaksfabriker.<\/p>\n<p>&nbsp;<\/p>\n","protected":false},"excerpt":{"rendered":"<p>Kapten Nelsons dotter Margit Nelson skrev flera uppsatser\u00a0i skolan i Dagsmark i mitten p\u00e5 1930-talet. H\u00e4r n\u00e5gra av dom: N\u00e5got om mig sj\u00e4lv. Jag heter Margit Maria Nelson. Jag \u00e4r f\u00f6dd i Dagsmark by i Lappfj\u00e4rds socken den 19 september <a class=\"more-link\" href=\"https:\/\/www.kristinestadshistoria.fi\/?page_id=2766\">Forts\u00e4tt l\u00e4sa <span class=\"screen-reader-text\">  Margit Nelsons uppsatser.<\/span><span class=\"meta-nav\">&rarr;<\/span><\/a><\/p>\n","protected":false},"author":1,"featured_media":0,"parent":19,"menu_order":2,"comment_status":"closed","ping_status":"closed","template":"","meta":{"footnotes":""},"class_list":["post-2766","page","type-page","status-publish","hentry"],"_links":{"self":[{"href":"https:\/\/www.kristinestadshistoria.fi\/index.php?rest_route=\/wp\/v2\/pages\/2766","targetHints":{"allow":["GET"]}}],"collection":[{"href":"https:\/\/www.kristinestadshistoria.fi\/index.php?rest_route=\/wp\/v2\/pages"}],"about":[{"href":"https:\/\/www.kristinestadshistoria.fi\/index.php?rest_route=\/wp\/v2\/types\/page"}],"author":[{"embeddable":true,"href":"https:\/\/www.kristinestadshistoria.fi\/index.php?rest_route=\/wp\/v2\/users\/1"}],"replies":[{"embeddable":true,"href":"https:\/\/www.kristinestadshistoria.fi\/index.php?rest_route=%2Fwp%2Fv2%2Fcomments&post=2766"}],"version-history":[{"count":3,"href":"https:\/\/www.kristinestadshistoria.fi\/index.php?rest_route=\/wp\/v2\/pages\/2766\/revisions"}],"predecessor-version":[{"id":2818,"href":"https:\/\/www.kristinestadshistoria.fi\/index.php?rest_route=\/wp\/v2\/pages\/2766\/revisions\/2818"}],"up":[{"embeddable":true,"href":"https:\/\/www.kristinestadshistoria.fi\/index.php?rest_route=\/wp\/v2\/pages\/19"}],"wp:attachment":[{"href":"https:\/\/www.kristinestadshistoria.fi\/index.php?rest_route=%2Fwp%2Fv2%2Fmedia&parent=2766"}],"curies":[{"name":"wp","href":"https:\/\/api.w.org\/{rel}","templated":true}]}}