{"id":27655,"date":"2023-12-21T23:21:47","date_gmt":"2023-12-21T21:21:47","guid":{"rendered":"https:\/\/www.kristinestadshistoria.fi\/?page_id=27655"},"modified":"2023-12-23T11:51:29","modified_gmt":"2023-12-23T09:51:29","slug":"wasa-aktie-bank","status":"publish","type":"page","link":"https:\/\/www.kristinestadshistoria.fi\/?page_id=27655","title":{"rendered":"Wasa Aktie Bank"},"content":{"rendered":"<p><span style=\"color: #000080;\"><b>Sammanst\u00e4llt av Lasse Backlund i december 2023.<\/b><\/span><\/p>\n<p>Efter branden 1852 v\u00e4xte det nya Vasa snabbt, bost\u00e4der byggdes och f\u00f6retag investerade stort n\u00e4r de m\u00e4rkte den nya stadens m\u00f6jligheter. N\u00e4r den nya j\u00e4rnv\u00e4gen planerades fr\u00e5n Tammerfors till Sein\u00e4joki och Vasa och n\u00e4r det visade sig att den skulle byggas i b\u00f6rjan av 1880-talet, s\u00e5 best\u00e4mde de st\u00f6rsta aff\u00e4rsm\u00e4nnen att de skall grunda en svenskspr\u00e5kig aff\u00e4rsbank i Vasa.<\/p>\n<p>\u00c5r 1877 hade Finland \u00f6verg\u00e5tt till guldmyntfot och planerna p\u00e5 en ny bank fick nu ett entusiastiskt mottagande i Vasa. Ortens stora man, talmannen f\u00f6r borgarst\u00e5ndet i lantdagen Joachim Kurt\u00e9n var den drivande kraften bakom banken. Han var ocks\u00e5 fullm\u00e4ktigeordf\u00f6rande i Vasa och var en samlande kraft i hela \u00d6sterbotten.<\/p>\n<p>Den nya banken grundades \u00e5r 1879 och den 4 augusti \u00f6ppnades d\u00f6rren till det nya kontoret p\u00e5 Kyrkoesplanaden i Vasa. I december samma \u00e5r \u00f6ppnades ett kontor ocks\u00e5 i Kristinestad och den drivande kraften var <a href=\"https:\/\/www.kristinestadshistoria.fi\/?page_id=20164\">Alfred Carlstr\u00f6m<\/a>, som \u00e4gde en betydande del av Wasa Aktie Bank. Carlstr\u00f6m sj\u00e4lv blev direkt\u00f6r f\u00f6r kontoret i Kristinestad, som inrymdes i <a href=\"https:\/\/www.kristinestadshistoria.fi\/?page_id=19793\">Wendelins g\u00e5rd<\/a> vid torget.<\/p>\n<p>Kurt\u00e9n blev utsedd till bankens direkt\u00f6r och den befattningen hade han \u00e4nda till 1899. Till en b\u00f6rjan var kontoret inrymt i Kurt\u00e9ns egen g\u00e5rd p\u00e5 Kyrkoesplanaden 15 men \u00e5r 1904 flyttades kontoret till en ny bankbyggnad p\u00e5 Hovr\u00e4ttsesplanaden 11. Banken l\u00e4t stadsarkitekt Fredrik Thesleff planera denna byggnad i tre v\u00e5ningar, som fick namnet Kurt\u00e9nia. Den p\u00e5byggdes sedan med ett par v\u00e5ningar, s\u00e5 att den fick det utseende som den fortfarande har. I en unders\u00f6kning valde vasaborna denna byggnad till stadens vackraste.<\/p>\n<figure id=\"attachment_27675\" aria-describedby=\"caption-attachment-27675\" style=\"width: 1358px\" class=\"wp-caption alignnone\"><img loading=\"lazy\" decoding=\"async\" class=\"size-full wp-image-27675\" src=\"https:\/\/www.kristinestadshistoria.fi\/wp-content\/uploads\/2023\/12\/Wasa-Aktiebanks-hus-i-vasa.jpg\" alt=\"\" width=\"1358\" height=\"1046\" srcset=\"https:\/\/www.kristinestadshistoria.fi\/wp-content\/uploads\/2023\/12\/Wasa-Aktiebanks-hus-i-vasa.jpg 1358w, https:\/\/www.kristinestadshistoria.fi\/wp-content\/uploads\/2023\/12\/Wasa-Aktiebanks-hus-i-vasa-300x231.jpg 300w, https:\/\/www.kristinestadshistoria.fi\/wp-content\/uploads\/2023\/12\/Wasa-Aktiebanks-hus-i-vasa-1024x789.jpg 1024w, https:\/\/www.kristinestadshistoria.fi\/wp-content\/uploads\/2023\/12\/Wasa-Aktiebanks-hus-i-vasa-768x592.jpg 768w\" sizes=\"auto, (max-width: 1358px) 100vw, 1358px\" \/><figcaption id=\"caption-attachment-27675\" class=\"wp-caption-text\">\u00c5r 1904 l\u00e4t Wasa Aktie Bank uppf\u00f6ra denna byggnad i h\u00f6rnet av R\u00e5dhusgatan och Hovr\u00e4ttsesplanaden i Vasa. Fotot \u00e4r taget i maj 2021 och det \u00e4r helt f\u00f6rst\u00e5eligt att vasaborna anser att detta \u00e4r Vasas vackraste byggnad.<\/figcaption><\/figure>\n<p>Banken var l\u00f6nsam och verksamheten v\u00e4xte under de f\u00f6rsta \u00e5ren. I augusti \u00e5r 1910 d\u00e5 det visade sig att Alfred Carlstr\u00f6ms prokurist i Kristinestad, hans kusin <a href=\"https:\/\/www.kristinestadshistoria.fi\/?page_id=20115\">Emil Axelin<\/a> hade f\u00f6rskingrat stora belopp fr\u00e5n banken blev det snabbt slut p\u00e5 de goda tiderna. Axelin som ocks\u00e5 var ordf\u00f6rande i stadens dr\u00e4tselkammare, hade p\u00e5 ett bedr\u00e4gligt skrivit ut flera bankv\u00e4xlar i stadens namn men sj\u00e4lv tagit pengarna. Axelin hade ocks\u00e5 bedragit sin kusin, kommerser\u00e5det <a href=\"https:\/\/www.kristinestadshistoria.fi\/?page_id=20164\">Alfred Carlstr\u00f6m<\/a> vilket ledde till att dennes r\u00f6relse gjorde konkurs och Carlstr\u00f6m sj\u00e4lv tog sitt eget liv.<\/p>\n<p>Wasa Aktie Bank startade en r\u00e4ttsprocess mot Emil Axelin och staden Kristinestad, som banken dock f\u00f6rlorade. Banken led s\u00e5 stora f\u00f6rluster i denna tragiska aff\u00e4r att dess framtid var hotad och de meddelade genast att n\u00e5gra dividender inte kommer att betalas ut l\u00e4ngre. L\u00e4get f\u00f6rv\u00e4rrades ytterligare d\u00e5 v\u00e4rldskriget br\u00f6t ut \u00e5r 1914 och all sj\u00f6fart och handel avstannade. Landets interna problem 1917-1918 med b\u00e5de inb\u00f6rdeskrig och hungersn\u00f6d, gjorde ju inte l\u00e4get b\u00e4ttre.<\/p>\n<p>Banken repade sig inte efter dessa motg\u00e5ngar och det gjorde inte heller Landtmannabanken och \u00c5bo Aktiebank. \u00c5r 1920 fusionerades dessa banker och de bildade d\u00e5 Unionbanken. Tre d\u00e5liga banker blir dock inte en bra bank och under hela 1920-talet hade denna bank problem. Bankens r\u00e4ddning kom \u00e5r 1930 d\u00e5 Helsingfors Aktiebank tog \u00f6ver Unionbanken.<\/p>\n<p>Helsingfors Aktiebank, som ocks\u00e5 kallades Helsingforsbanken hade grundats i Helsingfors \u00e5r 1913 d\u00e5 bankirfirman E. Winckelmnn &amp; Co ombildades till aff\u00e4rsbank med hj\u00e4lp av familjen Wallenberg i Sverige. Banken verkade endast p\u00e5 svenskspr\u00e5kiga orter och expanderade inte till finska trakter, s\u00e5som de st\u00f6rre aff\u00e4rsbankerna gjorde.<\/p>\n<figure id=\"attachment_27674\" aria-describedby=\"caption-attachment-27674\" style=\"width: 1232px\" class=\"wp-caption alignnone\"><img loading=\"lazy\" decoding=\"async\" class=\"size-full wp-image-27674\" src=\"https:\/\/www.kristinestadshistoria.fi\/wp-content\/uploads\/2023\/12\/Wasa-Aktiebank-sedel.jpg\" alt=\"\" width=\"1232\" height=\"788\" srcset=\"https:\/\/www.kristinestadshistoria.fi\/wp-content\/uploads\/2023\/12\/Wasa-Aktiebank-sedel.jpg 1232w, https:\/\/www.kristinestadshistoria.fi\/wp-content\/uploads\/2023\/12\/Wasa-Aktiebank-sedel-300x192.jpg 300w, https:\/\/www.kristinestadshistoria.fi\/wp-content\/uploads\/2023\/12\/Wasa-Aktiebank-sedel-1024x655.jpg 1024w, https:\/\/www.kristinestadshistoria.fi\/wp-content\/uploads\/2023\/12\/Wasa-Aktiebank-sedel-768x491.jpg 768w\" sizes=\"auto, (max-width: 1232px) 100vw, 1232px\" \/><figcaption id=\"caption-attachment-27674\" class=\"wp-caption-text\">Under of\u00e4rds\u00e5ren 1917-1918 var det brist p\u00e5 pengar i landet och Wasa Aktiebank l\u00e5t d\u00e5 trycka upp egna pengar, eller &#8221;kontokurantr\u00e4knings-checker&#8221;.<\/figcaption><\/figure>\n<p>HAB hade kommit till Vasa \u00e5r 1919 och hade sitt f\u00f6rsta kontor i Wasaborg, i h\u00f6rnet av Vasaesplanaden och R\u00e5dhusgatan. Efter en tid flyttade HAB sitt kontor till Wolffs g\u00e5rd p\u00e5 \u00d6vre torget. I november 1925 \u00f6ppnade HAB ett kontor ocks\u00e5 i Kristinestad.<\/p>\n<p>\u00c5r 1931, \u00e5ret efter att HAB \u00f6vertog Unionbanken flyttade de sitt kontor dit. Banken var l\u00f6nsam men p\u00e5 1980-talet uppstod oroligheter och en maktkamp inom de stora aff\u00e4rsbankerna i Finland. Det ledde till att F\u00f6reningsbanken i mars 1986 \u00f6vertog HAB.<\/p>\n","protected":false},"excerpt":{"rendered":"<p>Sammanst\u00e4llt av Lasse Backlund i december 2023. Efter branden 1852 v\u00e4xte det nya Vasa snabbt, bost\u00e4der byggdes och f\u00f6retag investerade stort n\u00e4r de m\u00e4rkte den nya stadens m\u00f6jligheter. N\u00e4r den nya j\u00e4rnv\u00e4gen planerades fr\u00e5n Tammerfors till Sein\u00e4joki och Vasa och <a class=\"more-link\" href=\"https:\/\/www.kristinestadshistoria.fi\/?page_id=27655\">Forts\u00e4tt l\u00e4sa <span class=\"screen-reader-text\">  Wasa Aktie Bank<\/span><span class=\"meta-nav\">&rarr;<\/span><\/a><\/p>\n","protected":false},"author":1,"featured_media":0,"parent":19793,"menu_order":50,"comment_status":"closed","ping_status":"closed","template":"","meta":{"footnotes":""},"class_list":["post-27655","page","type-page","status-publish","hentry"],"_links":{"self":[{"href":"https:\/\/www.kristinestadshistoria.fi\/index.php?rest_route=\/wp\/v2\/pages\/27655","targetHints":{"allow":["GET"]}}],"collection":[{"href":"https:\/\/www.kristinestadshistoria.fi\/index.php?rest_route=\/wp\/v2\/pages"}],"about":[{"href":"https:\/\/www.kristinestadshistoria.fi\/index.php?rest_route=\/wp\/v2\/types\/page"}],"author":[{"embeddable":true,"href":"https:\/\/www.kristinestadshistoria.fi\/index.php?rest_route=\/wp\/v2\/users\/1"}],"replies":[{"embeddable":true,"href":"https:\/\/www.kristinestadshistoria.fi\/index.php?rest_route=%2Fwp%2Fv2%2Fcomments&post=27655"}],"version-history":[{"count":4,"href":"https:\/\/www.kristinestadshistoria.fi\/index.php?rest_route=\/wp\/v2\/pages\/27655\/revisions"}],"predecessor-version":[{"id":27676,"href":"https:\/\/www.kristinestadshistoria.fi\/index.php?rest_route=\/wp\/v2\/pages\/27655\/revisions\/27676"}],"up":[{"embeddable":true,"href":"https:\/\/www.kristinestadshistoria.fi\/index.php?rest_route=\/wp\/v2\/pages\/19793"}],"wp:attachment":[{"href":"https:\/\/www.kristinestadshistoria.fi\/index.php?rest_route=%2Fwp%2Fv2%2Fmedia&parent=27655"}],"curies":[{"name":"wp","href":"https:\/\/api.w.org\/{rel}","templated":true}]}}