{"id":27475,"date":"2023-11-15T23:04:27","date_gmt":"2023-11-15T21:04:27","guid":{"rendered":"https:\/\/www.kristinestadshistoria.fi\/?page_id=27475"},"modified":"2023-11-24T19:25:13","modified_gmt":"2023-11-24T17:25:13","slug":"bjorkmans-slakt","status":"publish","type":"page","link":"https:\/\/www.kristinestadshistoria.fi\/?page_id=27475","title":{"rendered":"Bj\u00f6rkmans sl\u00e4kt"},"content":{"rendered":"<p>Den h\u00e4r sl\u00e4ktutredningen \u00e4r uppgjord av Hjalmar Bj\u00f6rkman, vars egna sl\u00e4ktuppgifter finns i tabell 14, p\u00e5 sidan 19. Hans farfar Hans Anders Bj\u00f6rkman var f\u00f6dd i Kristinestad men flyttade \u00e5r 1815 till Gamlakarleby d\u00e4r han och hans efterkommande bedrev en omfattande handel. Sl\u00e4ktutredningen publicerades \u00e5r 1930 i boken &#8221;Sl\u00e4kten Bj\u00f6rkman fr\u00e5n Kristinestad&#8221; som gavs ut av Finska Litteraturs\u00e4llskapet.<\/p>\n<p><img loading=\"lazy\" decoding=\"async\" class=\"alignnone size-full wp-image-27461\" src=\"https:\/\/www.kristinestadshistoria.fi\/wp-content\/uploads\/2023\/11\/1-scaled.jpg\" alt=\"\" width=\"2560\" height=\"1835\" srcset=\"https:\/\/www.kristinestadshistoria.fi\/wp-content\/uploads\/2023\/11\/1-scaled.jpg 2560w, https:\/\/www.kristinestadshistoria.fi\/wp-content\/uploads\/2023\/11\/1-300x215.jpg 300w, https:\/\/www.kristinestadshistoria.fi\/wp-content\/uploads\/2023\/11\/1-1024x734.jpg 1024w, https:\/\/www.kristinestadshistoria.fi\/wp-content\/uploads\/2023\/11\/1-768x551.jpg 768w, https:\/\/www.kristinestadshistoria.fi\/wp-content\/uploads\/2023\/11\/1-1536x1101.jpg 1536w, https:\/\/www.kristinestadshistoria.fi\/wp-content\/uploads\/2023\/11\/1-2048x1468.jpg 2048w\" sizes=\"auto, (max-width: 2560px) 100vw, 2560px\" \/> <img loading=\"lazy\" decoding=\"async\" class=\"alignnone size-full wp-image-27462\" src=\"https:\/\/www.kristinestadshistoria.fi\/wp-content\/uploads\/2023\/11\/2-scaled.jpg\" alt=\"\" width=\"2560\" height=\"1851\" srcset=\"https:\/\/www.kristinestadshistoria.fi\/wp-content\/uploads\/2023\/11\/2-scaled.jpg 2560w, https:\/\/www.kristinestadshistoria.fi\/wp-content\/uploads\/2023\/11\/2-300x217.jpg 300w, https:\/\/www.kristinestadshistoria.fi\/wp-content\/uploads\/2023\/11\/2-1024x740.jpg 1024w, https:\/\/www.kristinestadshistoria.fi\/wp-content\/uploads\/2023\/11\/2-768x555.jpg 768w, https:\/\/www.kristinestadshistoria.fi\/wp-content\/uploads\/2023\/11\/2-1536x1110.jpg 1536w, https:\/\/www.kristinestadshistoria.fi\/wp-content\/uploads\/2023\/11\/2-2048x1480.jpg 2048w\" sizes=\"auto, (max-width: 2560px) 100vw, 2560px\" \/> <img loading=\"lazy\" decoding=\"async\" class=\"alignnone size-full wp-image-27463\" src=\"https:\/\/www.kristinestadshistoria.fi\/wp-content\/uploads\/2023\/11\/4-scaled.jpg\" alt=\"\" width=\"2560\" height=\"1862\" srcset=\"https:\/\/www.kristinestadshistoria.fi\/wp-content\/uploads\/2023\/11\/4-scaled.jpg 2560w, https:\/\/www.kristinestadshistoria.fi\/wp-content\/uploads\/2023\/11\/4-300x218.jpg 300w, https:\/\/www.kristinestadshistoria.fi\/wp-content\/uploads\/2023\/11\/4-1024x745.jpg 1024w, https:\/\/www.kristinestadshistoria.fi\/wp-content\/uploads\/2023\/11\/4-768x559.jpg 768w, https:\/\/www.kristinestadshistoria.fi\/wp-content\/uploads\/2023\/11\/4-1536x1117.jpg 1536w, https:\/\/www.kristinestadshistoria.fi\/wp-content\/uploads\/2023\/11\/4-2048x1490.jpg 2048w\" sizes=\"auto, (max-width: 2560px) 100vw, 2560px\" \/> <img loading=\"lazy\" decoding=\"async\" class=\"alignnone size-full wp-image-27464\" src=\"https:\/\/www.kristinestadshistoria.fi\/wp-content\/uploads\/2023\/11\/6-scaled.jpg\" alt=\"\" width=\"2560\" height=\"1862\" srcset=\"https:\/\/www.kristinestadshistoria.fi\/wp-content\/uploads\/2023\/11\/6-scaled.jpg 2560w, https:\/\/www.kristinestadshistoria.fi\/wp-content\/uploads\/2023\/11\/6-300x218.jpg 300w, https:\/\/www.kristinestadshistoria.fi\/wp-content\/uploads\/2023\/11\/6-1024x745.jpg 1024w, https:\/\/www.kristinestadshistoria.fi\/wp-content\/uploads\/2023\/11\/6-768x559.jpg 768w, https:\/\/www.kristinestadshistoria.fi\/wp-content\/uploads\/2023\/11\/6-1536x1117.jpg 1536w, https:\/\/www.kristinestadshistoria.fi\/wp-content\/uploads\/2023\/11\/6-2048x1490.jpg 2048w\" sizes=\"auto, (max-width: 2560px) 100vw, 2560px\" \/> <img loading=\"lazy\" decoding=\"async\" class=\"alignnone size-full wp-image-27465\" src=\"https:\/\/www.kristinestadshistoria.fi\/wp-content\/uploads\/2023\/11\/8-scaled.jpg\" alt=\"\" width=\"2560\" height=\"1862\" srcset=\"https:\/\/www.kristinestadshistoria.fi\/wp-content\/uploads\/2023\/11\/8-scaled.jpg 2560w, https:\/\/www.kristinestadshistoria.fi\/wp-content\/uploads\/2023\/11\/8-300x218.jpg 300w, https:\/\/www.kristinestadshistoria.fi\/wp-content\/uploads\/2023\/11\/8-1024x745.jpg 1024w, https:\/\/www.kristinestadshistoria.fi\/wp-content\/uploads\/2023\/11\/8-768x559.jpg 768w, https:\/\/www.kristinestadshistoria.fi\/wp-content\/uploads\/2023\/11\/8-1536x1117.jpg 1536w, https:\/\/www.kristinestadshistoria.fi\/wp-content\/uploads\/2023\/11\/8-2048x1490.jpg 2048w\" sizes=\"auto, (max-width: 2560px) 100vw, 2560px\" \/> <img loading=\"lazy\" decoding=\"async\" class=\"alignnone size-full wp-image-27466\" src=\"https:\/\/www.kristinestadshistoria.fi\/wp-content\/uploads\/2023\/11\/10-scaled.jpg\" alt=\"\" width=\"2560\" height=\"1862\" srcset=\"https:\/\/www.kristinestadshistoria.fi\/wp-content\/uploads\/2023\/11\/10-scaled.jpg 2560w, https:\/\/www.kristinestadshistoria.fi\/wp-content\/uploads\/2023\/11\/10-300x218.jpg 300w, https:\/\/www.kristinestadshistoria.fi\/wp-content\/uploads\/2023\/11\/10-1024x745.jpg 1024w, https:\/\/www.kristinestadshistoria.fi\/wp-content\/uploads\/2023\/11\/10-768x559.jpg 768w, https:\/\/www.kristinestadshistoria.fi\/wp-content\/uploads\/2023\/11\/10-1536x1117.jpg 1536w, https:\/\/www.kristinestadshistoria.fi\/wp-content\/uploads\/2023\/11\/10-2048x1490.jpg 2048w\" sizes=\"auto, (max-width: 2560px) 100vw, 2560px\" \/> <img loading=\"lazy\" decoding=\"async\" class=\"alignnone size-full wp-image-27467\" src=\"https:\/\/www.kristinestadshistoria.fi\/wp-content\/uploads\/2023\/11\/12-scaled.jpg\" alt=\"\" width=\"2560\" height=\"1862\" srcset=\"https:\/\/www.kristinestadshistoria.fi\/wp-content\/uploads\/2023\/11\/12-scaled.jpg 2560w, https:\/\/www.kristinestadshistoria.fi\/wp-content\/uploads\/2023\/11\/12-300x218.jpg 300w, https:\/\/www.kristinestadshistoria.fi\/wp-content\/uploads\/2023\/11\/12-1024x745.jpg 1024w, https:\/\/www.kristinestadshistoria.fi\/wp-content\/uploads\/2023\/11\/12-768x559.jpg 768w, https:\/\/www.kristinestadshistoria.fi\/wp-content\/uploads\/2023\/11\/12-1536x1117.jpg 1536w, https:\/\/www.kristinestadshistoria.fi\/wp-content\/uploads\/2023\/11\/12-2048x1490.jpg 2048w\" sizes=\"auto, (max-width: 2560px) 100vw, 2560px\" \/> <img loading=\"lazy\" decoding=\"async\" class=\"alignnone size-full wp-image-27468\" src=\"https:\/\/www.kristinestadshistoria.fi\/wp-content\/uploads\/2023\/11\/14-scaled.jpg\" alt=\"\" width=\"2560\" height=\"1862\" srcset=\"https:\/\/www.kristinestadshistoria.fi\/wp-content\/uploads\/2023\/11\/14-scaled.jpg 2560w, https:\/\/www.kristinestadshistoria.fi\/wp-content\/uploads\/2023\/11\/14-300x218.jpg 300w, https:\/\/www.kristinestadshistoria.fi\/wp-content\/uploads\/2023\/11\/14-1024x745.jpg 1024w, https:\/\/www.kristinestadshistoria.fi\/wp-content\/uploads\/2023\/11\/14-768x559.jpg 768w, https:\/\/www.kristinestadshistoria.fi\/wp-content\/uploads\/2023\/11\/14-1536x1117.jpg 1536w, https:\/\/www.kristinestadshistoria.fi\/wp-content\/uploads\/2023\/11\/14-2048x1490.jpg 2048w\" sizes=\"auto, (max-width: 2560px) 100vw, 2560px\" \/> <img loading=\"lazy\" decoding=\"async\" class=\"alignnone size-full wp-image-27469\" src=\"https:\/\/www.kristinestadshistoria.fi\/wp-content\/uploads\/2023\/11\/16-scaled.jpg\" alt=\"\" width=\"2560\" height=\"1862\" srcset=\"https:\/\/www.kristinestadshistoria.fi\/wp-content\/uploads\/2023\/11\/16-scaled.jpg 2560w, https:\/\/www.kristinestadshistoria.fi\/wp-content\/uploads\/2023\/11\/16-300x218.jpg 300w, https:\/\/www.kristinestadshistoria.fi\/wp-content\/uploads\/2023\/11\/16-1024x745.jpg 1024w, https:\/\/www.kristinestadshistoria.fi\/wp-content\/uploads\/2023\/11\/16-768x559.jpg 768w, https:\/\/www.kristinestadshistoria.fi\/wp-content\/uploads\/2023\/11\/16-1536x1117.jpg 1536w, https:\/\/www.kristinestadshistoria.fi\/wp-content\/uploads\/2023\/11\/16-2048x1490.jpg 2048w\" sizes=\"auto, (max-width: 2560px) 100vw, 2560px\" \/> <img loading=\"lazy\" decoding=\"async\" class=\"alignnone size-full wp-image-27470\" src=\"https:\/\/www.kristinestadshistoria.fi\/wp-content\/uploads\/2023\/11\/18-scaled.jpg\" alt=\"\" width=\"2560\" height=\"1862\" srcset=\"https:\/\/www.kristinestadshistoria.fi\/wp-content\/uploads\/2023\/11\/18-scaled.jpg 2560w, https:\/\/www.kristinestadshistoria.fi\/wp-content\/uploads\/2023\/11\/18-300x218.jpg 300w, https:\/\/www.kristinestadshistoria.fi\/wp-content\/uploads\/2023\/11\/18-1024x745.jpg 1024w, https:\/\/www.kristinestadshistoria.fi\/wp-content\/uploads\/2023\/11\/18-768x559.jpg 768w, https:\/\/www.kristinestadshistoria.fi\/wp-content\/uploads\/2023\/11\/18-1536x1117.jpg 1536w, https:\/\/www.kristinestadshistoria.fi\/wp-content\/uploads\/2023\/11\/18-2048x1490.jpg 2048w\" sizes=\"auto, (max-width: 2560px) 100vw, 2560px\" \/> <img loading=\"lazy\" decoding=\"async\" class=\"alignnone size-full wp-image-27471\" src=\"https:\/\/www.kristinestadshistoria.fi\/wp-content\/uploads\/2023\/11\/20-scaled.jpg\" alt=\"\" width=\"2560\" height=\"1862\" srcset=\"https:\/\/www.kristinestadshistoria.fi\/wp-content\/uploads\/2023\/11\/20-scaled.jpg 2560w, https:\/\/www.kristinestadshistoria.fi\/wp-content\/uploads\/2023\/11\/20-300x218.jpg 300w, https:\/\/www.kristinestadshistoria.fi\/wp-content\/uploads\/2023\/11\/20-1024x745.jpg 1024w, https:\/\/www.kristinestadshistoria.fi\/wp-content\/uploads\/2023\/11\/20-768x559.jpg 768w, https:\/\/www.kristinestadshistoria.fi\/wp-content\/uploads\/2023\/11\/20-1536x1117.jpg 1536w, https:\/\/www.kristinestadshistoria.fi\/wp-content\/uploads\/2023\/11\/20-2048x1490.jpg 2048w\" sizes=\"auto, (max-width: 2560px) 100vw, 2560px\" \/> <img loading=\"lazy\" decoding=\"async\" class=\"alignnone size-full wp-image-27472\" src=\"https:\/\/www.kristinestadshistoria.fi\/wp-content\/uploads\/2023\/11\/22-scaled.jpg\" alt=\"\" width=\"2560\" height=\"1862\" srcset=\"https:\/\/www.kristinestadshistoria.fi\/wp-content\/uploads\/2023\/11\/22-scaled.jpg 2560w, https:\/\/www.kristinestadshistoria.fi\/wp-content\/uploads\/2023\/11\/22-300x218.jpg 300w, https:\/\/www.kristinestadshistoria.fi\/wp-content\/uploads\/2023\/11\/22-1024x745.jpg 1024w, https:\/\/www.kristinestadshistoria.fi\/wp-content\/uploads\/2023\/11\/22-768x559.jpg 768w, https:\/\/www.kristinestadshistoria.fi\/wp-content\/uploads\/2023\/11\/22-1536x1117.jpg 1536w, https:\/\/www.kristinestadshistoria.fi\/wp-content\/uploads\/2023\/11\/22-2048x1490.jpg 2048w\" sizes=\"auto, (max-width: 2560px) 100vw, 2560px\" \/> <img loading=\"lazy\" decoding=\"async\" class=\"alignnone size-full wp-image-27473\" src=\"https:\/\/www.kristinestadshistoria.fi\/wp-content\/uploads\/2023\/11\/24-scaled.jpg\" alt=\"\" width=\"2560\" height=\"1862\" srcset=\"https:\/\/www.kristinestadshistoria.fi\/wp-content\/uploads\/2023\/11\/24-scaled.jpg 2560w, https:\/\/www.kristinestadshistoria.fi\/wp-content\/uploads\/2023\/11\/24-300x218.jpg 300w, https:\/\/www.kristinestadshistoria.fi\/wp-content\/uploads\/2023\/11\/24-1024x745.jpg 1024w, https:\/\/www.kristinestadshistoria.fi\/wp-content\/uploads\/2023\/11\/24-768x559.jpg 768w, https:\/\/www.kristinestadshistoria.fi\/wp-content\/uploads\/2023\/11\/24-1536x1117.jpg 1536w, https:\/\/www.kristinestadshistoria.fi\/wp-content\/uploads\/2023\/11\/24-2048x1490.jpg 2048w\" sizes=\"auto, (max-width: 2560px) 100vw, 2560px\" \/><\/p>\n<figure id=\"attachment_27474\" aria-describedby=\"caption-attachment-27474\" style=\"width: 1754px\" class=\"wp-caption alignnone\"><img loading=\"lazy\" decoding=\"async\" class=\"size-full wp-image-27474\" src=\"https:\/\/www.kristinestadshistoria.fi\/wp-content\/uploads\/2023\/11\/Bjorkmans-slakttavla.jpg\" alt=\"\" width=\"1754\" height=\"1122\" srcset=\"https:\/\/www.kristinestadshistoria.fi\/wp-content\/uploads\/2023\/11\/Bjorkmans-slakttavla.jpg 1754w, https:\/\/www.kristinestadshistoria.fi\/wp-content\/uploads\/2023\/11\/Bjorkmans-slakttavla-300x192.jpg 300w, https:\/\/www.kristinestadshistoria.fi\/wp-content\/uploads\/2023\/11\/Bjorkmans-slakttavla-1024x655.jpg 1024w, https:\/\/www.kristinestadshistoria.fi\/wp-content\/uploads\/2023\/11\/Bjorkmans-slakttavla-768x491.jpg 768w, https:\/\/www.kristinestadshistoria.fi\/wp-content\/uploads\/2023\/11\/Bjorkmans-slakttavla-1536x983.jpg 1536w\" sizes=\"auto, (max-width: 1754px) 100vw, 1754px\" \/><figcaption id=\"caption-attachment-27474\" class=\"wp-caption-text\">Den h\u00e4r Bj\u00f6rkmanska sl\u00e4kttavlan \u00e4r inte komplett men de viktigaste personerna i Kristinestad finns med, \u00e5tminstone den sl\u00e4ktgren som leder ned till Erik T\u00f6tterman.<\/figcaption><\/figure>\n","protected":false},"excerpt":{"rendered":"<p>Den h\u00e4r sl\u00e4ktutredningen \u00e4r uppgjord av Hjalmar Bj\u00f6rkman, vars egna sl\u00e4ktuppgifter finns i tabell 14, p\u00e5 sidan 19. Hans farfar Hans Anders Bj\u00f6rkman var f\u00f6dd i Kristinestad men flyttade \u00e5r 1815 till Gamlakarleby d\u00e4r han och hans efterkommande bedrev en <a class=\"more-link\" href=\"https:\/\/www.kristinestadshistoria.fi\/?page_id=27475\">Forts\u00e4tt l\u00e4sa <span class=\"screen-reader-text\">  Bj\u00f6rkmans sl\u00e4kt<\/span><span class=\"meta-nav\">&rarr;<\/span><\/a><\/p>\n","protected":false},"author":1,"featured_media":0,"parent":22412,"menu_order":22,"comment_status":"closed","ping_status":"closed","template":"","meta":{"footnotes":""},"class_list":["post-27475","page","type-page","status-publish","hentry"],"_links":{"self":[{"href":"https:\/\/www.kristinestadshistoria.fi\/index.php?rest_route=\/wp\/v2\/pages\/27475","targetHints":{"allow":["GET"]}}],"collection":[{"href":"https:\/\/www.kristinestadshistoria.fi\/index.php?rest_route=\/wp\/v2\/pages"}],"about":[{"href":"https:\/\/www.kristinestadshistoria.fi\/index.php?rest_route=\/wp\/v2\/types\/page"}],"author":[{"embeddable":true,"href":"https:\/\/www.kristinestadshistoria.fi\/index.php?rest_route=\/wp\/v2\/users\/1"}],"replies":[{"embeddable":true,"href":"https:\/\/www.kristinestadshistoria.fi\/index.php?rest_route=%2Fwp%2Fv2%2Fcomments&post=27475"}],"version-history":[{"count":2,"href":"https:\/\/www.kristinestadshistoria.fi\/index.php?rest_route=\/wp\/v2\/pages\/27475\/revisions"}],"predecessor-version":[{"id":27536,"href":"https:\/\/www.kristinestadshistoria.fi\/index.php?rest_route=\/wp\/v2\/pages\/27475\/revisions\/27536"}],"up":[{"embeddable":true,"href":"https:\/\/www.kristinestadshistoria.fi\/index.php?rest_route=\/wp\/v2\/pages\/22412"}],"wp:attachment":[{"href":"https:\/\/www.kristinestadshistoria.fi\/index.php?rest_route=%2Fwp%2Fv2%2Fmedia&parent=27475"}],"curies":[{"name":"wp","href":"https:\/\/api.w.org\/{rel}","templated":true}]}}