{"id":27059,"date":"2023-08-24T21:20:12","date_gmt":"2023-08-24T18:20:12","guid":{"rendered":"https:\/\/www.kristinestadshistoria.fi\/?page_id=27059"},"modified":"2023-08-24T21:22:35","modified_gmt":"2023-08-24T18:22:35","slug":"edman-nils-och-fredrika","status":"publish","type":"page","link":"https:\/\/www.kristinestadshistoria.fi\/?page_id=27059","title":{"rendered":"Edman Nils och Fredrika."},"content":{"rendered":"<p><span style=\"color: #000080;\"><strong>Nedtecknat av Lasse Backlund i augusti 2023.<\/strong><\/span><\/p>\n<p><strong>F\u00e4rgaren Nils Edman<\/strong> var f\u00f6dd \u00e5r 1796 i Bj\u00f6rneborg och i mars 1826 gifte han sig med Fredrika Kellman, som var f\u00f6dd \u00e5r 1804, ocks\u00e5 i Bj\u00f6rneborg. Medan de bodde i Bj\u00f6rneborg fick de 10 barn mellan \u00e5ren 1827 och 1849. Omkring 1850 flyttade hela familjen via N\u00e5dendal till Kristinestad och b\u00f6rjade bo p\u00e5 hyra i \u00e4nkan Djupstr\u00f6ms g\u00e5rd p\u00e5 <a href=\"https:\/\/www.kristinestadshistoria.fi\/?page_id=24513\">Strandgatan 2<\/a>.<\/p>\n<p>Omkring 1855 flyttade den stora familjen Edman till Ulrika Hjulmans g\u00e5rd p\u00e5 Strandgatan 8 B.<\/p>\n<p>\u00c5r 1859 avled f\u00e4rgaren Nils Edman och \u00e4nkan Fredrika fortsatte att bo d\u00e4r p\u00e5 hyra med de mindre barnen.<\/p>\n<p>\u00c5r 1870 bodde f\u00e4rgare\u00e4nkan Fredrika Edman i bagare Packalens g\u00e5rd p\u00e5 Strandgatan 26 och det var troligtvis d\u00e4r hon dog \u00e5r 1871.<\/p>\n<h2><strong>G\u00f6sta Lindqvist ber\u00e4ttar:<\/strong><\/h2>\n<p>I april 1961 skrev G\u00f6sta Lindqvist ned en ber\u00e4ttelse, som Annie Cederwall ber\u00e4ttade f\u00f6r honom. Annie hade som liten h\u00f6rt ber\u00e4ttelsen av sin mor, som tydligen k\u00e4nde familjen Edman v\u00e4l. Deras ber\u00e4ttelse publicerades i Syd-\u00d6sterbotten 12 april 1962:<\/p>\n<p>\u201d<em>\u00c5r 1857 inflyttade fr\u00e5n N\u00e5dendal f\u00e4rgaren Nils Edman. Han var f\u00f6dd i Bj\u00f6rneborg \u00e5r 1796 och dog i Kristinestad \u00e5r 1859. Hans hustru Fredrika, f. Kellman, f\u00f6dd 1805 och d\u00f6d 1871. De fick 10 barn, en uppgift som v\u00e5ra kyrkb\u00f6cker ocks\u00e5 bekr\u00e4ftar.<\/em><\/p>\n<p><em>Men f\u00e4rgare Edman hade sv\u00e5rt att f\u00f6rs\u00f6rja sin stora familj. De hade dock fem vackra flickor, som var deras stora fr\u00f6jd. Mamsellerna Edman m\u00e5ste ocks\u00e5 ha varit sn\u00e4lla och f\u00f6rn\u00f6jda, trots att familjen tidvis levde i stor fattigdom. N\u00e4r de n\u00e5gon g\u00e5ng ville ut och roa sig, s\u00e5 \u00e4gde de endast en \u201dg\u00e5bortkl\u00e4nning\u201d, som de i tur och ordning anv\u00e4nde.<\/em><\/p>\n<p><em>Men tiden led och deras sk\u00f6nhet skulle komma till sin r\u00e4tt, f\u00f6r \u00e5tminstone en av dem p\u00e5 ett romantiskt s\u00e4tt.<\/em><\/p>\n<p><em>Flickorna Edman hade en god v\u00e4n i f\u00f6delsestaden Bj\u00f6rneborg, som hade gift sig med en mycket rik \u00f6verste Werischinksi, bosatt i d\u00e5varande St. Petersburg. L\u00e4nge fick inte \u00f6versten beh\u00e5lla sin hustru men innan hon dog ber\u00e4ttade hon \u00e5t sin man att det i Kristinestad fanns fem vackra flickor Edman och hon bad att hennes man efter hennes d\u00f6d skulle gifta sig med n\u00e5gon av dem.<\/em><\/p>\n<p><em>Han uppfyllde sin avlidna hustrus \u00f6nskan och han uppmanade familjen i Kristinestad att skicka fotografier av flickorna Antonetta (f.1829), Ida (f.1837) och Emma (f.1841) \u00e5t honom. P\u00e5 det viset skulle ha se om n\u00e5gon av dem f\u00f6ll honom i smaken.<\/em><\/p>\n<p><em>Och mycket riktigt blev det s\u00e5 att Antonetta gifte sig med \u00f6versten men hennes livstid blev inte s\u00e5 l\u00e5ngt. Efter hennes d\u00f6d s\u00e5 var det Idas tur att gifta sig med \u00f6versten och hon l\u00e4r ha varit en riktig sk\u00f6nhet.<\/em><\/p>\n<p><em>Redan som liten hade hon dr\u00f6mt om att f\u00e5 uppleva en romantisk k\u00e4rlekssaga. Hon l\u00e4r ha sagt att om hon n\u00e5gonsin blir rik, s\u00e5 skall hon komma \u00f6ver Stenbron i en vagn med tv\u00e5 f\u00f6rsp\u00e4nda h\u00e4star och kl\u00e4dd i en fin sidenkl\u00e4nning.<\/em><\/p>\n<p><em>Hennes dr\u00f6mmar och \u00f6nskan gick i uppfyllelse, hur otroligt det \u00e4n l\u00e5ter. En dag rullade en vagn in till staden med en finkl\u00e4dd dam, som var \u00f6verlycklig d\u00e5 kusken stannade utanf\u00f6r f\u00f6r\u00e4ldrarnas hem p\u00e5 Strandgatan. Nu kunde hon \u00e4ntligen visa sig sin egen sidenkl\u00e4nning och hon bes\u00f6kte sina k\u00e4ra v\u00e4nner under n\u00e5gra veckor. Sedan styrde hon kosan tillbaka till St. Petersburg och den v\u00e4ntande maken. Men n\u00e5gra m\u00e5nader efter \u00e5terkomsten grusades hennes lycka och hon avled inom kort.<\/em><\/p>\n<p><em>Det \u00e4r inte m\u00e5nga g\u00e5nger som ett dylikt k\u00e4rlekens skimmer lyst och romantiken blomstrat i v\u00e5r stad.<\/em><\/p>\n<p><em>Och h\u00e4rmed \u00e4r denna saga slut.\u201d<\/em><\/p>\n<p>Ber\u00e4ttelsen var upptecknad efter en h\u00f6rs\u00e4gen och beh\u00f6ver d\u00e4rf\u00f6r inte vara helt korrekt. Enligt Rafael Olins sl\u00e4ktutredningar s\u00e5 skulle Nils och Fredrikas dotter Emma (f.1841) ha avlidit \u00e5r 1870 i St. Petersburg, s\u00e5 m\u00f6jligtvis var det hon som var gift med den ryske \u00f6versten?<\/p>\n","protected":false},"excerpt":{"rendered":"<p>Nedtecknat av Lasse Backlund i augusti 2023. F\u00e4rgaren Nils Edman var f\u00f6dd \u00e5r 1796 i Bj\u00f6rneborg och i mars 1826 gifte han sig med Fredrika Kellman, som var f\u00f6dd \u00e5r 1804, ocks\u00e5 i Bj\u00f6rneborg. Medan de bodde i Bj\u00f6rneborg fick <a class=\"more-link\" href=\"https:\/\/www.kristinestadshistoria.fi\/?page_id=27059\">Forts\u00e4tt l\u00e4sa <span class=\"screen-reader-text\">  Edman Nils och Fredrika.<\/span><span class=\"meta-nav\">&rarr;<\/span><\/a><\/p>\n","protected":false},"author":1,"featured_media":0,"parent":22412,"menu_order":51,"comment_status":"closed","ping_status":"closed","template":"","meta":{"footnotes":""},"class_list":["post-27059","page","type-page","status-publish","hentry"],"_links":{"self":[{"href":"https:\/\/www.kristinestadshistoria.fi\/index.php?rest_route=\/wp\/v2\/pages\/27059","targetHints":{"allow":["GET"]}}],"collection":[{"href":"https:\/\/www.kristinestadshistoria.fi\/index.php?rest_route=\/wp\/v2\/pages"}],"about":[{"href":"https:\/\/www.kristinestadshistoria.fi\/index.php?rest_route=\/wp\/v2\/types\/page"}],"author":[{"embeddable":true,"href":"https:\/\/www.kristinestadshistoria.fi\/index.php?rest_route=\/wp\/v2\/users\/1"}],"replies":[{"embeddable":true,"href":"https:\/\/www.kristinestadshistoria.fi\/index.php?rest_route=%2Fwp%2Fv2%2Fcomments&post=27059"}],"version-history":[{"count":2,"href":"https:\/\/www.kristinestadshistoria.fi\/index.php?rest_route=\/wp\/v2\/pages\/27059\/revisions"}],"predecessor-version":[{"id":27062,"href":"https:\/\/www.kristinestadshistoria.fi\/index.php?rest_route=\/wp\/v2\/pages\/27059\/revisions\/27062"}],"up":[{"embeddable":true,"href":"https:\/\/www.kristinestadshistoria.fi\/index.php?rest_route=\/wp\/v2\/pages\/22412"}],"wp:attachment":[{"href":"https:\/\/www.kristinestadshistoria.fi\/index.php?rest_route=%2Fwp%2Fv2%2Fmedia&parent=27059"}],"curies":[{"name":"wp","href":"https:\/\/api.w.org\/{rel}","templated":true}]}}