{"id":27034,"date":"2023-08-17T21:05:36","date_gmt":"2023-08-17T18:05:36","guid":{"rendered":"https:\/\/www.kristinestadshistoria.fi\/?page_id=27034"},"modified":"2023-08-18T20:20:14","modified_gmt":"2023-08-18T17:20:14","slug":"kyrkotorgets-hyreshus-pa-skolgatan-14","status":"publish","type":"page","link":"https:\/\/www.kristinestadshistoria.fi\/?page_id=27034","title":{"rendered":"Kyrkotorgets hyreshus p\u00e5 Skolgatan 14"},"content":{"rendered":"<figure id=\"attachment_27033\" aria-describedby=\"caption-attachment-27033\" style=\"width: 2171px\" class=\"wp-caption alignnone\"><img loading=\"lazy\" decoding=\"async\" class=\"size-full wp-image-27033\" src=\"https:\/\/www.kristinestadshistoria.fi\/wp-content\/uploads\/2023\/08\/1.jpg\" alt=\"\" width=\"2171\" height=\"1385\" srcset=\"https:\/\/www.kristinestadshistoria.fi\/wp-content\/uploads\/2023\/08\/1.jpg 2171w, https:\/\/www.kristinestadshistoria.fi\/wp-content\/uploads\/2023\/08\/1-300x191.jpg 300w, https:\/\/www.kristinestadshistoria.fi\/wp-content\/uploads\/2023\/08\/1-1024x653.jpg 1024w, https:\/\/www.kristinestadshistoria.fi\/wp-content\/uploads\/2023\/08\/1-768x490.jpg 768w, https:\/\/www.kristinestadshistoria.fi\/wp-content\/uploads\/2023\/08\/1-1536x980.jpg 1536w, https:\/\/www.kristinestadshistoria.fi\/wp-content\/uploads\/2023\/08\/1-2048x1307.jpg 2048w\" sizes=\"auto, (max-width: 2171px) 100vw, 2171px\" \/><figcaption id=\"caption-attachment-27033\" class=\"wp-caption-text\">Det h\u00e4r hyreshuset vid Kyrkotorget, \u00e4r uppf\u00f6rt \u00e5r 2023 av stadens bostadsbolag Kristinestads Bost\u00e4der. I byggnaden finns 10 hyresl\u00e4genheter i tv\u00e5 v\u00e5ningar. Huset \u00e4r planerat av AK-Plan fr\u00e5n Vasa och det byggdes av Wikcon fr\u00e5n Malax. Fotot \u00e4r taget fr\u00e5n v\u00e4ster \u00e5r 2023.<\/figcaption><\/figure>\n<figure id=\"attachment_27042\" aria-describedby=\"caption-attachment-27042\" style=\"width: 1613px\" class=\"wp-caption alignnone\"><img loading=\"lazy\" decoding=\"async\" class=\"size-full wp-image-27042\" src=\"https:\/\/www.kristinestadshistoria.fi\/wp-content\/uploads\/2023\/08\/2.jpg\" alt=\"\" width=\"1613\" height=\"1210\" srcset=\"https:\/\/www.kristinestadshistoria.fi\/wp-content\/uploads\/2023\/08\/2.jpg 1613w, https:\/\/www.kristinestadshistoria.fi\/wp-content\/uploads\/2023\/08\/2-300x225.jpg 300w, https:\/\/www.kristinestadshistoria.fi\/wp-content\/uploads\/2023\/08\/2-1024x768.jpg 1024w, https:\/\/www.kristinestadshistoria.fi\/wp-content\/uploads\/2023\/08\/2-768x576.jpg 768w, https:\/\/www.kristinestadshistoria.fi\/wp-content\/uploads\/2023\/08\/2-1536x1152.jpg 1536w\" sizes=\"auto, (max-width: 1613px) 100vw, 1613px\" \/><figcaption id=\"caption-attachment-27042\" class=\"wp-caption-text\">Hyreshuset \u00e4r f\u00f6rsett med hiss och det v\u00e4rms upp med fj\u00e4rrv\u00e4rme. Alla l\u00e4genheter har samma ing\u00e5ng p\u00e5 g\u00e5rdssidan. Den gula byggnaden som syns till h\u00f6ger \u00e4r den svenska l\u00e5gstadieskolan p\u00e5 andra sidan Skolgatan. Fotot taget fr\u00e5n \u00f6ster sommaren 2023.<\/figcaption><\/figure>\n","protected":false},"excerpt":{"rendered":"","protected":false},"author":1,"featured_media":0,"parent":26190,"menu_order":14,"comment_status":"closed","ping_status":"closed","template":"","meta":{"footnotes":""},"class_list":["post-27034","page","type-page","status-publish","hentry"],"_links":{"self":[{"href":"https:\/\/www.kristinestadshistoria.fi\/index.php?rest_route=\/wp\/v2\/pages\/27034","targetHints":{"allow":["GET"]}}],"collection":[{"href":"https:\/\/www.kristinestadshistoria.fi\/index.php?rest_route=\/wp\/v2\/pages"}],"about":[{"href":"https:\/\/www.kristinestadshistoria.fi\/index.php?rest_route=\/wp\/v2\/types\/page"}],"author":[{"embeddable":true,"href":"https:\/\/www.kristinestadshistoria.fi\/index.php?rest_route=\/wp\/v2\/users\/1"}],"replies":[{"embeddable":true,"href":"https:\/\/www.kristinestadshistoria.fi\/index.php?rest_route=%2Fwp%2Fv2%2Fcomments&post=27034"}],"version-history":[{"count":3,"href":"https:\/\/www.kristinestadshistoria.fi\/index.php?rest_route=\/wp\/v2\/pages\/27034\/revisions"}],"predecessor-version":[{"id":27044,"href":"https:\/\/www.kristinestadshistoria.fi\/index.php?rest_route=\/wp\/v2\/pages\/27034\/revisions\/27044"}],"up":[{"embeddable":true,"href":"https:\/\/www.kristinestadshistoria.fi\/index.php?rest_route=\/wp\/v2\/pages\/26190"}],"wp:attachment":[{"href":"https:\/\/www.kristinestadshistoria.fi\/index.php?rest_route=%2Fwp%2Fv2%2Fmedia&parent=27034"}],"curies":[{"name":"wp","href":"https:\/\/api.w.org\/{rel}","templated":true}]}}