{"id":27018,"date":"2023-08-14T09:05:32","date_gmt":"2023-08-14T06:05:32","guid":{"rendered":"https:\/\/www.kristinestadshistoria.fi\/?page_id=27018"},"modified":"2024-11-23T22:41:20","modified_gmt":"2024-11-23T20:41:20","slug":"den-forsakrade-garden-pa-tomt-nr-152","status":"publish","type":"page","link":"https:\/\/www.kristinestadshistoria.fi\/?page_id=27018","title":{"rendered":"Den f\u00f6rs\u00e4krade g\u00e5rden p\u00e5 tomt nr 152"},"content":{"rendered":"<p><span style=\"color: #000080;\"><b>Sammanst\u00e4llt av Lasse Backlund med uppgifter tagna ur gamla f\u00f6rs\u00e4kringsbrev, som finns p\u00e5 Riksarkivet.<\/b><\/span><\/p>\n<h2><strong>Brandf\u00f6rs\u00e4kringen \u00e5r 1849.<\/strong><\/h2>\n<p>\u00c5r 1832 bildades \u201dAllm\u00e4nna Brandstodsbolaget i Finland\u201d i Helsingfors och \u00e5r 1849, i november anh\u00f6ll borgm\u00e4staren Mauritz Hasselblatt att byggnaderna p\u00e5 hans tomt nr 152 i det tredje kvarteret skulle brandf\u00f6rs\u00e4kras. F\u00f6rs\u00e4kringsans\u00f6kan skulle g\u00f6ras till bolaget i Helsingfors och han uppgav d\u00e5 att p\u00e5 hans tomt fanns alla n\u00f6dv\u00e4ndiga brandredskap, n\u00e4mligen tv\u00e5 handsprutor, tv\u00e5 vatten\u00e4mbare, tv\u00e5 brandstegar, tv\u00e5 brandhakar och tv\u00e5 svablar.<\/p>\n<p>Borgm\u00e4stare Hasselblatt uppgav att tomten var 4 197 kvadratalnar i areal vidd, (en aln \u00e4r ca 60 cm). I norra \u00e4ndan var tomten 107 \u00bd aln l\u00e5ng och gr\u00e4nsade tomten till Skolgatan, som var 19 \u00bd aln (11,70 m) bred. I \u00f6ster var sidan 35 \u00bd alnar och den gr\u00e4nsade till V\u00e4stra L\u00e5nggatan. P\u00e5 tomten fanns det tv\u00e5 byggnader, som b\u00e5da f\u00f6rs\u00e4krades.<\/p>\n<figure id=\"attachment_27020\" aria-describedby=\"caption-attachment-27020\" style=\"width: 746px\" class=\"wp-caption alignnone\"><img loading=\"lazy\" decoding=\"async\" class=\"size-full wp-image-27020\" src=\"https:\/\/www.kristinestadshistoria.fi\/wp-content\/uploads\/2023\/08\/Tomtkarta-1849-liten.jpg\" alt=\"\" width=\"746\" height=\"495\" srcset=\"https:\/\/www.kristinestadshistoria.fi\/wp-content\/uploads\/2023\/08\/Tomtkarta-1849-liten.jpg 746w, https:\/\/www.kristinestadshistoria.fi\/wp-content\/uploads\/2023\/08\/Tomtkarta-1849-liten-300x199.jpg 300w\" sizes=\"auto, (max-width: 746px) 100vw, 746px\" \/><figcaption id=\"caption-attachment-27020\" class=\"wp-caption-text\">D\u00e5 borgm\u00e4stare Hasselblatt \u00e5r 1849 tecknade en brandf\u00f6rs\u00e4kring p\u00e5 de nya byggnaderna, s\u00e5 var de placerade enligt denna renritade planteckning.<\/figcaption><\/figure>\n<h4><strong>Byggnad nr 1:<\/strong><\/h4>\n<p>En vinkelbyggnad av tr\u00e4, uppf\u00f6rd \u00e5r 1849 av furu- och grantimmer i gott skick i en v\u00e5ning. Den var varken br\u00e4dfodrad eller m\u00e5lad och d\u00e4r fanns 12 rum, n\u00e4mligen 2 f\u00f6rstugor, en tambur, en sal, 7 kamrar och i dessa rum fanns det 9 kakelugnar. Det fanns ocks\u00e5 ett k\u00f6k med en tackj\u00e4rnsh\u00e4lla och en st\u00f6rre, portativ kok och stekugn av tackj\u00e4rn. I byggnaden fanns det tre timrade kl\u00e4desgarderober. Byggnadens l\u00e4ngd mot V\u00e4stra L\u00e5nggatan var 29 alnar (17,40 m) och mot Skolgatan 31 alnar (18,60 m). Den s\u00f6dra gaveln var 18 alnar och den v\u00e4stra var 13 alnar bred. Byggnaden var f\u00f6rsedd med dubbla br\u00e4dtak och stenfoten var i medeltal 2 alnar h\u00f6g, allts\u00e5 1,20 meter.<\/p>\n<p>Som brukligt var den tiden s\u00e5 f\u00f6rs\u00e4krades alla byggnadsdetaljer skilt f\u00f6r sig. Till exempel stenfoten, som hade stenpelare i alla knutar f\u00f6rs\u00e4krades f\u00f6r 80 rubel och d\u00e4r ingick murgrunderna. Stockstommen f\u00f6rs\u00e4krades f\u00f6r 530 rubel, bj\u00e4lklagen f\u00f6r 50, yttre taket f\u00f6r 200 och golven f\u00f6r 100 rubel. Innertaken som var gjorda av furubr\u00e4der, f\u00f6rutom i ett rum d\u00e4r taket var gipsat f\u00f6rs\u00e4krades f\u00f6r 70 rubel. Inre och yttre trappor f\u00f6rs\u00e4krades f\u00f6r 30 rubel och de yttre trapporna var byggda av korsvirke och br\u00e4der med tv\u00e5 nedg\u00e5ngar med avsatser och ledst\u00e4nger med svarvade spolar. I byggnaden fanns det 15 stora f\u00f6nster och 9 mindre vindsf\u00f6nster, tv\u00e5 dubbla helfranska f\u00f6rstugud\u00f6rrar, 8 halvfranska innerd\u00f6rrar och till och med golvlisterna f\u00f6rs\u00e4krades och deras l\u00e4ngd var totalt 378 alnar (226 m). I byggnaden fanns det tre skorstenar av 5 rum hade franska tapeter medan de \u00f6vriga hade vanliga vattenf\u00e4rgade tapeter. D\u00e4r fanns ocks\u00e5 7 stupr\u00e4nnor av \u201df\u00f6rtent jernbleck\u201d, som f\u00f6rs\u00e4krades f\u00f6r 20 rubel.<\/p>\n<p>Borgm\u00e4staren ville att hela f\u00f6rs\u00e4kringsbeloppet skulle uppg\u00e5 till 1\u00a0800 rubel men den lokala brandstodskommitt\u00e9n godk\u00e4nde endast 1\u00a0700.<\/p>\n<h4><strong>Byggnad nr 2:<\/strong><\/h4>\n<p>En uthusbyggnad uppf\u00f6rd av nytt grantimmer \u00e5r 1849 och den var varken br\u00e4dfodrad eller m\u00e5lad. I uthuset fanns det ett stall, en matboda, ett f\u00e4hus och en foderlada. Uthuset var 32 \u00bd alnar (19,50 m) l\u00e5ngt och 10 alnar brett och hade ett tak av br\u00e4der. Under byggnaden fanns en ordentlig stenfot som var en halv aln h\u00f6g. Ocks\u00e5 h\u00e4r f\u00f6rs\u00e4krades alla detaljer skilt f\u00f6r sig och det totala f\u00f6rs\u00e4kringsbeloppet uppgick till 240 rubel.<\/p>\n<p>En ink\u00f6rsport med en g\u00e5ngport av tr\u00e4 f\u00f6rs\u00e4krades f\u00f6r 10 rubel och d\u00e4r ingick l\u00e5s och beslag. Ett plank av br\u00e4der runt tomten f\u00f6rs\u00e4krades f\u00f6r 10 rubel.<\/p>\n<p>Hela f\u00f6rs\u00e4kringsbeloppet uppgick till 1\u00a0960 rubel och den \u00e5rliga intr\u00e4desavgiften eller premien ber\u00e4knades till 16 rubel 70 kopek.<\/p>\n<p>Borgm\u00e4staren uppgav att p\u00e5 hans tomt fanns det inga andra byggnader eller eldfarliga inr\u00e4ttningar, som skulle ha p\u00e5verkat f\u00f6rs\u00e4kringen.<\/p>\n<figure id=\"attachment_27022\" aria-describedby=\"caption-attachment-27022\" style=\"width: 787px\" class=\"wp-caption alignnone\"><img loading=\"lazy\" decoding=\"async\" class=\"size-full wp-image-27022\" src=\"https:\/\/www.kristinestadshistoria.fi\/wp-content\/uploads\/2023\/08\/Tomtkarta-1849-namn-1.jpg\" alt=\"\" width=\"787\" height=\"277\" srcset=\"https:\/\/www.kristinestadshistoria.fi\/wp-content\/uploads\/2023\/08\/Tomtkarta-1849-namn-1.jpg 787w, https:\/\/www.kristinestadshistoria.fi\/wp-content\/uploads\/2023\/08\/Tomtkarta-1849-namn-1-300x106.jpg 300w, https:\/\/www.kristinestadshistoria.fi\/wp-content\/uploads\/2023\/08\/Tomtkarta-1849-namn-1-768x270.jpg 768w\" sizes=\"auto, (max-width: 787px) 100vw, 787px\" \/><figcaption id=\"caption-attachment-27022\" class=\"wp-caption-text\">Det var den 30 november 1849, som borgm\u00e4stare Mauritz Hasselblatt undertecknade brandf\u00f6rs\u00e4kringsbrevet.<\/figcaption><\/figure>\n<h2><strong>Brandf\u00f6rs\u00e4kringen \u00e5r 1911.<\/strong><\/h2>\n<p>Det dr\u00f6jde \u00e4nda till den 30 januari 1911 f\u00f6rr\u00e4n byggnaderna p\u00e5 tomt 152 fick nya brandf\u00f6rs\u00e4kringar. Under den l\u00e5nga tiden har kostnaderna och v\u00e4rdet p\u00e5 byggnaderna stigit och flera byggnader hade uppf\u00f6rts.<\/p>\n<p>G\u00e5rds\u00e4garen, \u00e4nkan Josefina Brus\u00e9n vill d\u00e5 f\u00f6rs\u00e4kra alla 5 byggnader. Hon uppgav att tomten var 1\u00a0480 m\u00b2 stor och gr\u00e4nsade till Skolgatan och V\u00e4stra L\u00e5nggatan och till tomterna 153 och 168. P\u00e5 tomten fanns en brunn med ymnigt vatten. Alla n\u00f6dv\u00e4ndiga brandredskap fanns p\u00e5 tomten.<\/p>\n<figure id=\"attachment_27027\" aria-describedby=\"caption-attachment-27027\" style=\"width: 831px\" class=\"wp-caption alignnone\"><img loading=\"lazy\" decoding=\"async\" class=\"size-full wp-image-27027\" src=\"https:\/\/www.kristinestadshistoria.fi\/wp-content\/uploads\/2023\/08\/Tomtkarta-1911-liten-1.jpg\" alt=\"\" width=\"831\" height=\"663\" srcset=\"https:\/\/www.kristinestadshistoria.fi\/wp-content\/uploads\/2023\/08\/Tomtkarta-1911-liten-1.jpg 831w, https:\/\/www.kristinestadshistoria.fi\/wp-content\/uploads\/2023\/08\/Tomtkarta-1911-liten-1-300x239.jpg 300w, https:\/\/www.kristinestadshistoria.fi\/wp-content\/uploads\/2023\/08\/Tomtkarta-1911-liten-1-768x613.jpg 768w\" sizes=\"auto, (max-width: 831px) 100vw, 831px\" \/><figcaption id=\"caption-attachment-27027\" class=\"wp-caption-text\">S\u00e5 h\u00e4r var byggnaderna placerade p\u00e5 tomten d\u00e5 \u00e4nkan Brus\u00e9n tecknade en ny brandf\u00f6rs\u00e4kring \u00e5r 1911. Inf\u00e4llt i nedre kanten hennes namnteckning p\u00e5 f\u00f6rs\u00e4kringsbrevet.<\/figcaption><\/figure>\n<h5><strong>Byggnad nr 1:<\/strong><\/h5>\n<p>Ett boningshus av timmer, uppf\u00f6rt \u00e5r 1849, rappat med kalkbruk och taket var lagt med asfaltfilt. Huset var 18,41 m p\u00e5 norra sidan och 17,22 m p\u00e5 \u00f6stra sidan. Den v\u00e4stra gaveln var 7,12 m bred och den s\u00f6dra var 10, 69 m. I byggnaden fanns det 12 boningsrum och i dessa fanns det 9 kakelugnar. P\u00e5 g\u00e5rdssidan fanns en stor veranda med tv\u00e5 nedg\u00e5ngar och under byggnaden fanns en v\u00e4lvd stenk\u00e4llare.<\/p>\n<p>Byggnaden f\u00f6rs\u00e4krades f\u00f6r 17\u00a0000 mark.<\/p>\n<h5><strong>Byggnad nr 2:<\/strong><\/h5>\n<p>En uthusbyggnad av stock, uppf\u00f6rd \u00e5r 1849 och m\u00e5lad med kompositionsf\u00e4rg, inte br\u00e4dfodrad. Uthuset var 19,30 m l\u00e5ngt och 5,94 m brett och d\u00e4r fanns en f\u00f6rr\u00e5dsbod, stall, latrin med spillningskast, f\u00e4hus med foderlada,<\/p>\n<p>Uthuset f\u00f6rs\u00e4krades f\u00f6r 2\u00a0000 mark.<\/p>\n<h5><strong>Byggnad nr 3:<\/strong><\/h5>\n<p>Ett boningshus av timmer i gott skick, uppf\u00f6rt \u00e5r 1850, inte br\u00e4dfodrat med m\u00e5lat med kompositionsf\u00e4rg och taket var lagt med asfaltfilt. Huset var 13,06 m l\u00e5ngt och 6,98 m brett och d\u00e4r fanns 6 boningsrum. I dessa rum fanns det 3 kakelugnar, en h\u00e4llspis med en bakugn.<\/p>\n<p>Byggnaden f\u00f6rs\u00e4krades f\u00f6r 5\u00a0000 mark.<\/p>\n<h5><strong>Byggnad nr 4:<\/strong><\/h5>\n<p>En uthusbyggnad uppf\u00f6rd av korsvirke och br\u00e4der, i gott skick, byggd \u00e5r 1868. Den var m\u00e5lad med kompositionsf\u00e4rg och taket var lagt med asfaltfilt. Uthuset var 4,20 m l\u00e5ngt och 6,90 m brett och d\u00e4r fanns ett vedlider.<\/p>\n<p>Vedlidret f\u00f6rs\u00e4krades f\u00f6r 250 mark.<\/p>\n<h5><strong>Byggnad nr 5:<\/strong><\/h5>\n<p>En uthusbyggnad uppf\u00f6rd av korsvirke och br\u00e4der, i gott skick, byggd \u00e5r 1856. Den var m\u00e5lad med kompositionsf\u00e4rg och taket var lagt med asfaltfilt. Uthuset var 5,10 m l\u00e5ngt och 6,90 m brett och d\u00e4r fanns ett vedlider.<\/p>\n<p>Vedlidret f\u00f6rs\u00e4krades f\u00f6r 300 mark.<\/p>\n<p>F\u00f6rutom dessa fem byggnader ville \u00e4nkan Brus\u00e9n f\u00f6rs\u00e4kra ink\u00f6rsporten f\u00f6r 150 mark och d\u00e4r ingick l\u00e5s, g\u00e5ngj\u00e4rn och reglar. Planket runt tomten, som var byggt av stock och br\u00e4der f\u00f6rs\u00e4krades f\u00f6r 100 mark. Det var 45 m l\u00e5ngt och 2,10 m h\u00f6gt. Staketet inne p\u00e5 g\u00e5rden f\u00f6rs\u00e4krades f\u00f6r 40 mark och det var 12 m l\u00e5ngt och 1,10 m h\u00f6gt.<\/p>\n<p>Hela f\u00f6rs\u00e4kringsbeloppet uppgick till 24\u00a0840 mark och den \u00e5rliga f\u00f6rs\u00e4kringspremien eller intr\u00e4desavgiften ber\u00e4knades till 166,62 mark.<\/p>\n<p>\u00c4nkan Brus\u00e9n uppgav att det inte fanns n\u00e5gra of\u00f6rs\u00e4krade byggnader p\u00e5 hennes tomt och inga eldfarliga inr\u00e4ttningar heller. Ett f\u00e4rgeri fanns i byggnaden \u201dH\u201d p\u00e5 granntomten nr 168. P\u00e5 tomten fanns flera lummiga l\u00f6vtr\u00e4d, som gav ett bra skydd vid en eventuell brand.<\/p>\n<figure id=\"attachment_27028\" aria-describedby=\"caption-attachment-27028\" style=\"width: 431px\" class=\"wp-caption alignnone\"><img loading=\"lazy\" decoding=\"async\" class=\"size-full wp-image-27028\" src=\"https:\/\/www.kristinestadshistoria.fi\/wp-content\/uploads\/2023\/08\/Tomtkarta-1911-stor.jpg\" alt=\"\" width=\"431\" height=\"819\" srcset=\"https:\/\/www.kristinestadshistoria.fi\/wp-content\/uploads\/2023\/08\/Tomtkarta-1911-stor.jpg 431w, https:\/\/www.kristinestadshistoria.fi\/wp-content\/uploads\/2023\/08\/Tomtkarta-1911-stor-158x300.jpg 158w\" sizes=\"auto, (max-width: 431px) 100vw, 431px\" \/><figcaption id=\"caption-attachment-27028\" class=\"wp-caption-text\">S\u00e5 h\u00e4r s\u00e5g den originalkarta ut som \u00e4nkan Josefina Brus\u00e9n l\u00e4t rita upp \u00e5r 1911 och som bifogades f\u00f6rs\u00e4kringsbrevet.<\/figcaption><\/figure>\n<h2><strong>Brandf\u00f6rs\u00e4kringen \u00e5r 1918.<\/strong><\/h2>\n<p>Den 5 oktober 1918 l\u00e4t Lorenza Fougstedt, som ombud f\u00f6r Lorenz Fougstedts arvingar teckna en ny brandf\u00f6rs\u00e4kring p\u00e5 de 4 byggnader, som fanns p\u00e5 tomten. N\u00e5gra st\u00f6rre f\u00f6rb\u00e4ttringar hade inte gjorts p\u00e5 byggnaderna men p\u00e5 grund av den h\u00f6ga inflationen h\u00f6jdes v\u00e4rdet p\u00e5 f\u00f6rs\u00e4kringarna till 55 800 mark totalt.<\/p>\n","protected":false},"excerpt":{"rendered":"<p>Sammanst\u00e4llt av Lasse Backlund med uppgifter tagna ur gamla f\u00f6rs\u00e4kringsbrev, som finns p\u00e5 Riksarkivet. Brandf\u00f6rs\u00e4kringen \u00e5r 1849. \u00c5r 1832 bildades \u201dAllm\u00e4nna Brandstodsbolaget i Finland\u201d i Helsingfors och \u00e5r 1849, i november anh\u00f6ll borgm\u00e4staren Mauritz Hasselblatt att byggnaderna p\u00e5 hans tomt <a class=\"more-link\" href=\"https:\/\/www.kristinestadshistoria.fi\/?page_id=27018\">Forts\u00e4tt l\u00e4sa <span class=\"screen-reader-text\">  Den f\u00f6rs\u00e4krade g\u00e5rden p\u00e5 tomt nr 152<\/span><span class=\"meta-nav\">&rarr;<\/span><\/a><\/p>\n","protected":false},"author":1,"featured_media":0,"parent":21938,"menu_order":10,"comment_status":"closed","ping_status":"closed","template":"","meta":{"footnotes":""},"class_list":["post-27018","page","type-page","status-publish","hentry"],"_links":{"self":[{"href":"https:\/\/www.kristinestadshistoria.fi\/index.php?rest_route=\/wp\/v2\/pages\/27018","targetHints":{"allow":["GET"]}}],"collection":[{"href":"https:\/\/www.kristinestadshistoria.fi\/index.php?rest_route=\/wp\/v2\/pages"}],"about":[{"href":"https:\/\/www.kristinestadshistoria.fi\/index.php?rest_route=\/wp\/v2\/types\/page"}],"author":[{"embeddable":true,"href":"https:\/\/www.kristinestadshistoria.fi\/index.php?rest_route=\/wp\/v2\/users\/1"}],"replies":[{"embeddable":true,"href":"https:\/\/www.kristinestadshistoria.fi\/index.php?rest_route=%2Fwp%2Fv2%2Fcomments&post=27018"}],"version-history":[{"count":7,"href":"https:\/\/www.kristinestadshistoria.fi\/index.php?rest_route=\/wp\/v2\/pages\/27018\/revisions"}],"predecessor-version":[{"id":29319,"href":"https:\/\/www.kristinestadshistoria.fi\/index.php?rest_route=\/wp\/v2\/pages\/27018\/revisions\/29319"}],"up":[{"embeddable":true,"href":"https:\/\/www.kristinestadshistoria.fi\/index.php?rest_route=\/wp\/v2\/pages\/21938"}],"wp:attachment":[{"href":"https:\/\/www.kristinestadshistoria.fi\/index.php?rest_route=%2Fwp%2Fv2%2Fmedia&parent=27018"}],"curies":[{"name":"wp","href":"https:\/\/api.w.org\/{rel}","templated":true}]}}