{"id":26988,"date":"2023-08-01T20:20:15","date_gmt":"2023-08-01T17:20:15","guid":{"rendered":"https:\/\/www.kristinestadshistoria.fi\/?page_id=26988"},"modified":"2023-08-01T20:42:40","modified_gmt":"2023-08-01T17:42:40","slug":"tidningsartiklar-fran-ar-1890","status":"publish","type":"page","link":"https:\/\/www.kristinestadshistoria.fi\/?page_id=26988","title":{"rendered":"Tidningsartiklar fr\u00e5n \u00e5r 1890."},"content":{"rendered":"<p><span style=\"color: #000080;\"><strong>14.5.1890 publicerade Vasabladet h\u00e4lsov\u00e5rdsn\u00e4mndens rapport fr\u00e5n Kristinestad, s\u00e5 h\u00e4r:<\/strong><\/span><\/p>\n<p>H\u00e4lsotillst\u00e5ndet har, vad f\u00f6rekomsten av akuta sjukdomar betr\u00e4ffar, under \u00e5ret varit s\u00e4rdeles tillfredst\u00e4llande. Under vintern och v\u00e5ren fanns visserligen ett stort antal lunginflammationer och katarrala \u00e5kommor i halsen och luftv\u00e4garna, men dessa var av lindrig art och endast hos n\u00e5gra f\u00f6rande till underg\u00e5ng. Sommardiarr\u00e9erna var ocks\u00e5 av l\u00e4tt beskaffenhet samt f\u00e5 till antalet.<\/p>\n<p>Av infektionssjukdomar har ingen annan varit g\u00e4ngse \u00e4n den mot slutet av \u00e5ret \u00f6ver hela jordklotet upptr\u00e4dande influensan. De f\u00f6rsta fallen av sjukdomen iakttogs den 16 december, varefter den ganska hastigt spridde sig kring staden. Inalles var 127 personer under \u00e5ret angripna av densamma trots att de sjukas antal troligen kan skattas betydligt h\u00f6gre, emedan m\u00e5nga uraktl\u00e5tit att anm\u00e4la sig.<\/p>\n<p>N\u00e5gra handelsbutiker m\u00e5ste till och med mellan jul och ny\u00e5r h\u00e5llas st\u00e4ngda ett par dagar eftersom alla, s\u00e5v\u00e4l \u00e4gare som bitr\u00e4den var insjuknade. Dock upptr\u00e4dde sjukdomen mera lindrigt och intet d\u00f6dsfall i densamma har f\u00f6rsports. Epidemin n\u00e5dde sitt maximum \u00e5rets sista dag f\u00f6r att d\u00e4refter sm\u00e5ningom avta, trots att detta avtagande skedde i betydligt l\u00e5ngsammare takt \u00e4n dess tilltagande.<\/p>\n<p>Bland kroniska \u00e5kommor m\u00e5 n\u00e4mnas lungsot, den sjukdom som har \u00e4ndat 8 personers liv.<\/p>\n<p>Under \u00e5ret har tv\u00e5 personer beh\u00e4ftade med syfilis ins\u00e4nts till kurhus. Den ringa sjukligheten har naturligtvis ut\u00f6vat inflytande p\u00e5 \u00e5rets d\u00f6dlighet. D\u00f6dsfallens antal var under sistlidet \u00e5r betydligt mindre \u00e4n n\u00e5got \u00e5r f\u00f6rut. Totalsiffran f\u00f6r d\u00f6da var n\u00e4mligen endast 47. D\u00e5 stadens folkm\u00e4ngd vid \u00e5rets slut enligt pr\u00e4sterskapets uppgift, bel\u00f6pte sig till 2675 personer, ger \u00e5rets d\u00f6dssiffra en mortalitet av 17,57 p\u00e5 varje 1000 inv\u00e5nare.<\/p>\n<p>D\u00f6dligheten bland barn under ett \u00e5r var dock n\u00e5got h\u00f6g, ity att 8 under \u00e5ret avlidit, vilket utg\u00f6r 17 procent av hela d\u00f6dssiffran. Antalet levande f\u00f6dda barn var 57. Ber\u00e4knas d\u00e4rf\u00f6r d\u00f6dlighetsprocenten f\u00f6r barn under ett \u00e5r i f\u00f6rh\u00e5llande till de f\u00f6dda, finner man att 14 procent inte uppn\u00e5tt ett \u00e5rs \u00e5lder.<\/p>\n<p>\u2014 H\u00e4lsov\u00e5rdsn\u00e4mnden i Kristinestad har utsett till ordf\u00f6rande stadsl\u00e4karen I. Lybeck och till viceordf\u00f6rande borgm\u00e4staren K. I. Lund.<\/p>\n<p><span style=\"color: #000080;\"><strong>Vasabladet skrev den 24.5.1890<\/strong> <\/span>att telefonlinjen mellan Kask\u00f6 och Kristinestad nu \u00e4r f\u00e4rdig och det f\u00f6rsta samtalet mellan Vasa \u2013 Kask\u00f6 \u2013 Kristinestad f\u00f6rdes dagen innan och \u201dh\u00f6rdes r\u00f6sterna tydligt och klart\u201d.<\/p>\n<p>&nbsp;<\/p>\n<p>&nbsp;<\/p>\n","protected":false},"excerpt":{"rendered":"<p>14.5.1890 publicerade Vasabladet h\u00e4lsov\u00e5rdsn\u00e4mndens rapport fr\u00e5n Kristinestad, s\u00e5 h\u00e4r: H\u00e4lsotillst\u00e5ndet har, vad f\u00f6rekomsten av akuta sjukdomar betr\u00e4ffar, under \u00e5ret varit s\u00e4rdeles tillfredst\u00e4llande. Under vintern och v\u00e5ren fanns visserligen ett stort antal lunginflammationer och katarrala \u00e5kommor i halsen och luftv\u00e4garna, men <a class=\"more-link\" href=\"https:\/\/www.kristinestadshistoria.fi\/?page_id=26988\">Forts\u00e4tt l\u00e4sa <span class=\"screen-reader-text\">  Tidningsartiklar fr\u00e5n \u00e5r 1890.<\/span><span class=\"meta-nav\">&rarr;<\/span><\/a><\/p>\n","protected":false},"author":1,"featured_media":0,"parent":8548,"menu_order":1890,"comment_status":"closed","ping_status":"closed","template":"","meta":{"footnotes":""},"class_list":["post-26988","page","type-page","status-publish","hentry"],"_links":{"self":[{"href":"https:\/\/www.kristinestadshistoria.fi\/index.php?rest_route=\/wp\/v2\/pages\/26988","targetHints":{"allow":["GET"]}}],"collection":[{"href":"https:\/\/www.kristinestadshistoria.fi\/index.php?rest_route=\/wp\/v2\/pages"}],"about":[{"href":"https:\/\/www.kristinestadshistoria.fi\/index.php?rest_route=\/wp\/v2\/types\/page"}],"author":[{"embeddable":true,"href":"https:\/\/www.kristinestadshistoria.fi\/index.php?rest_route=\/wp\/v2\/users\/1"}],"replies":[{"embeddable":true,"href":"https:\/\/www.kristinestadshistoria.fi\/index.php?rest_route=%2Fwp%2Fv2%2Fcomments&post=26988"}],"version-history":[{"count":5,"href":"https:\/\/www.kristinestadshistoria.fi\/index.php?rest_route=\/wp\/v2\/pages\/26988\/revisions"}],"predecessor-version":[{"id":26994,"href":"https:\/\/www.kristinestadshistoria.fi\/index.php?rest_route=\/wp\/v2\/pages\/26988\/revisions\/26994"}],"up":[{"embeddable":true,"href":"https:\/\/www.kristinestadshistoria.fi\/index.php?rest_route=\/wp\/v2\/pages\/8548"}],"wp:attachment":[{"href":"https:\/\/www.kristinestadshistoria.fi\/index.php?rest_route=%2Fwp%2Fv2%2Fmedia&parent=26988"}],"curies":[{"name":"wp","href":"https:\/\/api.w.org\/{rel}","templated":true}]}}