{"id":26888,"date":"2023-07-19T23:28:43","date_gmt":"2023-07-19T20:28:43","guid":{"rendered":"https:\/\/www.kristinestadshistoria.fi\/?page_id=26888"},"modified":"2024-11-11T00:16:10","modified_gmt":"2024-11-10T22:16:10","slug":"26888-2","status":"publish","type":"page","link":"https:\/\/www.kristinestadshistoria.fi\/?page_id=26888","title":{"rendered":"Brandf\u00f6rs\u00e4kringar p\u00e5 tomt nr 194, norra halvan i kvarter 1"},"content":{"rendered":"<p><span style=\"color: #000080;\"><strong>Sammanst\u00e4llt av Lasse Backlund. Uppgifterna \u00e4r tagna ur gamla f\u00f6rs\u00e4kringsbrev, som finns p\u00e5 Riksarkivet.<\/strong><\/span><\/p>\n<h2><strong>Brandf\u00f6rs\u00e4kringen \u00e5r 1909<\/strong><\/h2>\n<p>\u00c5r 1832 bildades \u201dAllm\u00e4nna Brandstodsbolaget i Finland\u201d i Helsingfors och den f\u00f6rsta brandf\u00f6rs\u00e4kringen p\u00e5 den h\u00e4r tomten togs i b\u00f6rjan av 1870-talet av sj\u00f6mannen Karl Sundblad. \u00a0F\u00f6rs\u00e4kringen gjordes med bolaget och Sundblad uppgav d\u00e5 att p\u00e5 tomten fanns det alla n\u00f6dv\u00e4ndiga brandredskap.<\/p>\n<p>Den 29 december 1909 tecknade sj\u00f6mannen Karl W. Sundblad en ny brandf\u00f6rs\u00e4kring, eftersom f\u00f6rb\u00e4ttringar hade gjorts och v\u00e4rdet d\u00e4rf\u00f6r har stigit.<\/p>\n<p>Den norra halvan av tomt 194 var 687 m\u00b2 stor och gr\u00e4nsade i norr till Sundstr\u00f6mska gatan, som var 7,13 meter bred. I v\u00e4ster gr\u00e4nsade tomten till V\u00e4stra L\u00e5nggatan och den var 10,99 m bred. Avst\u00e5ndet till Stadsfj\u00e4rden var ca 74 meter.<\/p>\n<figure id=\"attachment_26894\" aria-describedby=\"caption-attachment-26894\" style=\"width: 469px\" class=\"wp-caption alignnone\"><img loading=\"lazy\" decoding=\"async\" class=\"size-full wp-image-26894\" src=\"https:\/\/www.kristinestadshistoria.fi\/wp-content\/uploads\/2023\/07\/Tomtkarta-1909-liten-1.jpg\" alt=\"\" width=\"469\" height=\"774\" srcset=\"https:\/\/www.kristinestadshistoria.fi\/wp-content\/uploads\/2023\/07\/Tomtkarta-1909-liten-1.jpg 469w, https:\/\/www.kristinestadshistoria.fi\/wp-content\/uploads\/2023\/07\/Tomtkarta-1909-liten-1-182x300.jpg 182w\" sizes=\"auto, (max-width: 469px) 100vw, 469px\" \/><figcaption id=\"caption-attachment-26894\" class=\"wp-caption-text\">D\u00e5 sj\u00f6mannen Karl Sundblad f\u00f6rnyade sin brandf\u00f6rs\u00e4kring, s\u00e5 fanns det tv\u00e5 byggnader p\u00e5 tomten enligt den h\u00e4r renritade planteckningen. I nedre kanten Karl Sundblads namnteckning fr\u00e5n f\u00f6rs\u00e4kringsbrevet.<\/figcaption><\/figure>\n<p>Det fanns tv\u00e5 byggnader p\u00e5 tomten \u00e5r 1909, som sj\u00f6mannen Sundblad ville f\u00f6rs\u00e4kra:<\/p>\n<h5><strong>Byggnaden nr 1:<\/strong><\/h5>\n<p>Ett boningshus av timmer i gott skick, uppf\u00f6rt \u00e5r 1858, br\u00e4dfodrat och m\u00e5lat med kompositionsf\u00e4rg. Taket var gjort av asfaltfilt. Byggnaden var 12,47 m l\u00e5ng och 5,94 m bred, byggd i en v\u00e5ning och d\u00e4r fanns 6 boningsrum och i dessa totalt 4 tegelugnar och en k\u00f6ksspis med bakugn. P\u00e5 g\u00e5rdssidan fanns en veranda uppf\u00f6rd av korsvirke och br\u00e4der.<\/p>\n<p>Byggnaden f\u00f6rs\u00e4krades f\u00f6r 3 000 mark.<\/p>\n<h5><strong>Byggnad nr 2:<\/strong><\/h5>\n<p>En uthusbyggnad uppf\u00f6rd \u00e5r 1878, av stock men delvis av korsvirke och br\u00e4der, m\u00e5lat och hade ett tak av br\u00e4der. Uthuset var 16,55 m l\u00e5ngt och 3,75 m brett och d\u00e4r fanns ett tv\u00e5 vedlider, foderlada, f\u00e4hus och latrin med spillningskast.<\/p>\n<p>Uthuset v\u00e4rderades till 600 mark.<\/p>\n<p>N\u00e5gra fler byggnader fanns inte p\u00e5 tomten men sj\u00f6man Sundblad f\u00f6rs\u00e4krade ink\u00f6rsporten f\u00f6r 50 mark och den var gjord av stock och br\u00e4der. Han f\u00f6rs\u00e4krade ocks\u00e5 planket runt tomten f\u00f6r 150 mark, som 1,9 m h\u00f6gt och 50 meter l\u00e5ngt.<\/p>\n<p>P\u00e5 Sundblad tomt fanns ingen tr\u00e4dg\u00e5rd och inga h\u00f6ga, lummiga tr\u00e4d. P\u00e5 tomten fanns inte heller n\u00e5gon eldfarlig inr\u00e4ttning men p\u00e5 den s\u00f6dra halvan av samma tomt fanns ett snickeri<\/p>\n<p>Hela f\u00f6rs\u00e4kringen var p\u00e5 totalt 3 800 mark och den \u00e5rliga intr\u00e4desavgiften ber\u00e4knades till 25,16 mark. Den h\u00e4r avgiften eller premien g\u00e4llde i 5 \u00e5rs tid och premien skulle d\u00e5 justeras i samband med att byggnaderna och brandredskapen granskades.<\/p>\n<figure id=\"attachment_26893\" aria-describedby=\"caption-attachment-26893\" style=\"width: 431px\" class=\"wp-caption alignnone\"><img loading=\"lazy\" decoding=\"async\" class=\"size-full wp-image-26893\" src=\"https:\/\/www.kristinestadshistoria.fi\/wp-content\/uploads\/2023\/07\/Tomtkarta-1909-stor-3.jpg\" alt=\"\" width=\"431\" height=\"883\" srcset=\"https:\/\/www.kristinestadshistoria.fi\/wp-content\/uploads\/2023\/07\/Tomtkarta-1909-stor-3.jpg 431w, https:\/\/www.kristinestadshistoria.fi\/wp-content\/uploads\/2023\/07\/Tomtkarta-1909-stor-3-146x300.jpg 146w\" sizes=\"auto, (max-width: 431px) 100vw, 431px\" \/><figcaption id=\"caption-attachment-26893\" class=\"wp-caption-text\">S\u00e5 h\u00e4r s\u00e5g den planteckning ut som sj\u00f6mannen Karl Sundblad bifogade brandf\u00f6rs\u00e4kringsbrevet fr\u00e5n 1909.<\/figcaption><\/figure>\n<h3><strong>Brandf\u00f6rs\u00e4kringen 1916.<\/strong><\/h3>\n<p>I december 1916 ville formannen Ivar Jernvall teckna en nya brandf\u00f6rs\u00e4kring, eftersom huvudbyggnaden \u00e5r 1914 hade genomg\u00e5tt en grundlig renovering. Han f\u00f6rs\u00e4krade g\u00e5rden f\u00f6r 7 300 mark, uthuset f\u00f6r 600 mark, porten f\u00f6r 50 och det 1,9 meter h\u00f6ga planket f\u00f6r 150 mark. Tillsammans 8 100 mark.<\/p>\n<h3><strong>Brandf\u00f6rs\u00e4kringen 1918.<\/strong><\/h3>\n<p>Den 13 augusti 1918 vill hyrkusken Ivar Jernvall teckna en ny brandf\u00f6rs\u00e4kring p\u00e5 alla byggnader. Byggnaderna 1 och 2 hade genom stora f\u00f6rb\u00e4ttringar och byggnaden nr 3 hade nyligen uppf\u00f6rts.<\/p>\n<p>Byggnad nr 1, uppf\u00f6rd \u00e5r 1858 och den ber\u00e4knades ha en volym om 252 kubikmeter och den dessa f\u00f6rs\u00e4krades f\u00f6r 30 mark per kubik, totalt 7 550 mark.<\/p>\n<p>Byggnad nr 2, uthus uppf\u00f6rt 1878 och tillbyggt 1917. L\u00e4ngden var nu 17,65 meter och volymen ber\u00e4knades till 231 kubikmeter, som f\u00f6rs\u00e4krades f\u00f6r 10 mark per kubik, totalt 2 310 mark.<\/p>\n<p>Byggnad nr 3, ett vagnslider ab br\u00e4der, uppf\u00f6rt 1917, hade filttak och var 7,05 meter l\u00e5ngt och 5,70 meter brett. Dess volym ber\u00e4knades till 140 kubikmeter och det f\u00f6rs\u00e4krades f\u00f6r 8 mark per kubik, totalt 1 120 mark.<\/p>\n<p>F\u00f6rutom dessa 3 byggnaderna f\u00f6rs\u00e4krades porten och planket f\u00f6r 250 mark. Hela f\u00f6rs\u00e4kringsbeloppet uppgick till 11 230 mark.<\/p>\n<figure id=\"attachment_29276\" aria-describedby=\"caption-attachment-29276\" style=\"width: 1047px\" class=\"wp-caption alignnone\"><img loading=\"lazy\" decoding=\"async\" class=\"size-full wp-image-29276\" src=\"https:\/\/www.kristinestadshistoria.fi\/wp-content\/uploads\/2024\/11\/Tomtkarta-1918-Jernvall.jpg\" alt=\"\" width=\"1047\" height=\"2061\" srcset=\"https:\/\/www.kristinestadshistoria.fi\/wp-content\/uploads\/2024\/11\/Tomtkarta-1918-Jernvall.jpg 1047w, https:\/\/www.kristinestadshistoria.fi\/wp-content\/uploads\/2024\/11\/Tomtkarta-1918-Jernvall-152x300.jpg 152w, https:\/\/www.kristinestadshistoria.fi\/wp-content\/uploads\/2024\/11\/Tomtkarta-1918-Jernvall-520x1024.jpg 520w, https:\/\/www.kristinestadshistoria.fi\/wp-content\/uploads\/2024\/11\/Tomtkarta-1918-Jernvall-768x1512.jpg 768w, https:\/\/www.kristinestadshistoria.fi\/wp-content\/uploads\/2024\/11\/Tomtkarta-1918-Jernvall-780x1536.jpg 780w, https:\/\/www.kristinestadshistoria.fi\/wp-content\/uploads\/2024\/11\/Tomtkarta-1918-Jernvall-1040x2048.jpg 1040w\" sizes=\"auto, (max-width: 1047px) 100vw, 1047px\" \/><figcaption id=\"caption-attachment-29276\" class=\"wp-caption-text\">D\u00e5 hyrkusken Ivar Jernvall tecknade en ny brandf\u00f6rs\u00e4kring, s\u00e5 bifogade han denna tomtkarta till f\u00f6rs\u00e4kringsbrevet<\/figcaption><\/figure>\n","protected":false},"excerpt":{"rendered":"<p>Sammanst\u00e4llt av Lasse Backlund. Uppgifterna \u00e4r tagna ur gamla f\u00f6rs\u00e4kringsbrev, som finns p\u00e5 Riksarkivet. Brandf\u00f6rs\u00e4kringen \u00e5r 1909 \u00c5r 1832 bildades \u201dAllm\u00e4nna Brandstodsbolaget i Finland\u201d i Helsingfors och den f\u00f6rsta brandf\u00f6rs\u00e4kringen p\u00e5 den h\u00e4r tomten togs i b\u00f6rjan av 1870-talet av <a class=\"more-link\" href=\"https:\/\/www.kristinestadshistoria.fi\/?page_id=26888\">Forts\u00e4tt l\u00e4sa <span class=\"screen-reader-text\">  Brandf\u00f6rs\u00e4kringar p\u00e5 tomt nr 194, norra halvan i kvarter 1<\/span><span class=\"meta-nav\">&rarr;<\/span><\/a><\/p>\n","protected":false},"author":1,"featured_media":0,"parent":23788,"menu_order":10,"comment_status":"closed","ping_status":"closed","template":"","meta":{"footnotes":""},"class_list":["post-26888","page","type-page","status-publish","hentry"],"_links":{"self":[{"href":"https:\/\/www.kristinestadshistoria.fi\/index.php?rest_route=\/wp\/v2\/pages\/26888","targetHints":{"allow":["GET"]}}],"collection":[{"href":"https:\/\/www.kristinestadshistoria.fi\/index.php?rest_route=\/wp\/v2\/pages"}],"about":[{"href":"https:\/\/www.kristinestadshistoria.fi\/index.php?rest_route=\/wp\/v2\/types\/page"}],"author":[{"embeddable":true,"href":"https:\/\/www.kristinestadshistoria.fi\/index.php?rest_route=\/wp\/v2\/users\/1"}],"replies":[{"embeddable":true,"href":"https:\/\/www.kristinestadshistoria.fi\/index.php?rest_route=%2Fwp%2Fv2%2Fcomments&post=26888"}],"version-history":[{"count":7,"href":"https:\/\/www.kristinestadshistoria.fi\/index.php?rest_route=\/wp\/v2\/pages\/26888\/revisions"}],"predecessor-version":[{"id":29277,"href":"https:\/\/www.kristinestadshistoria.fi\/index.php?rest_route=\/wp\/v2\/pages\/26888\/revisions\/29277"}],"up":[{"embeddable":true,"href":"https:\/\/www.kristinestadshistoria.fi\/index.php?rest_route=\/wp\/v2\/pages\/23788"}],"wp:attachment":[{"href":"https:\/\/www.kristinestadshistoria.fi\/index.php?rest_route=%2Fwp%2Fv2%2Fmedia&parent=26888"}],"curies":[{"name":"wp","href":"https:\/\/api.w.org\/{rel}","templated":true}]}}