{"id":26851,"date":"2023-07-18T13:25:20","date_gmt":"2023-07-18T10:25:20","guid":{"rendered":"https:\/\/www.kristinestadshistoria.fi\/?page_id=26851"},"modified":"2023-07-20T23:20:26","modified_gmt":"2023-07-20T20:20:26","slug":"tidningsurklipp-fran-1830-talet","status":"publish","type":"page","link":"https:\/\/www.kristinestadshistoria.fi\/?page_id=26851","title":{"rendered":"Tidningsurklipp fr\u00e5n 1830-talet"},"content":{"rendered":"<h2><strong>\u00c5r 1830<\/strong><\/h2>\n<p><strong>Finlands Allm\u00e4nna Tidning kungjorde 30.1.1830 <\/strong>att handlanden Simon Anders Wendelin f\u00f6rordnats till svensk och norsk vicekonsul i Christinestad.<\/p>\n<p><strong>D\u00e5 den<\/strong> svenska medborgaren Jakob Salomon Lilo (1795-1841) ville gifta sig med Christina Agatha Parman (1804-1837) fr\u00e5n Christinestad, s\u00e5 m\u00e5ste han ha ett hinderl\u00f6shetsintyg f\u00f6r detta. N\u00e5got s\u00e5dant hade han inte och d\u00e4rf\u00f6r m\u00e5ste det kung\u00f6ras i den allm\u00e4nna tidningen 28.9 1830, s\u00e5 h\u00e4r: \u201dDen eller de, som tilltro sig hafwa n\u00e5got att anm\u00e4rka, emot undertecknads hinderl\u00f6shet till \u00e4ktenskaps ing\u00e5ende, ville s\u00e5dant inom Laga tid (allts\u00e5 \u00e5r och natt) anm\u00e4la hos pastor i Lappfj\u00e4rds socken av Wasa L\u00e4n, herr prosten Estlander. Christinestadstad den 15 september 1830. J. E. Lilo, handels bokh\u00e5llare.(<em>eftersom ingen anm\u00e4lde om f\u00f6rhinder, s\u00e5 kunde herr Lilo den 25 september 1831 gifta sig med fr\u00f6ken Parman).<\/em><\/p>\n<h2><strong>\u00c5r 1831<\/strong><\/h2>\n<p><strong>Helsingfors Tidningar skrev den 15.10.1831 <\/strong>att en insamling hade gjorts f\u00f6r de n\u00f6dlidande i Tavastehus. Den staden hade till stora delar f\u00f6rst\u00f6rts i en brand om sommaren och eftersom det inte fanns n\u00e5gra brandf\u00f6rs\u00e4kringar den tiden, s\u00e5 gjordes insamlingar i hela landet. Borgm\u00e4stare Roos i Kristinestad kunde per post skicka en summa om 414 riksdaler och bland givarna m\u00e4rks en Wasenius som gav 50, borgm\u00e4stare Roos gav 22, handlande Sj\u00f6berg gav 30. S. A. Wendelin 60 riksdaler och flera stadsbor gav mindre belopp.<\/p>\n<p><strong>\u00c5bo Underr\u00e4ttelser skrev 17.12.1831<\/strong> om skonerten Fortuna, med kapten Johan August Hedman (1798-1841) hemma i Christinestad. P\u00e5 v\u00e4g fr\u00e5n Bremen till hemstaden hade de f\u00f6rlorat ena masten och m\u00e5ste d\u00e5 g\u00e5 in till Helsing\u00f6r f\u00f6r att reparera den.<\/p>\n<h2><strong>\u00c5r 1832<\/strong><\/h2>\n<p><strong>Helsingfors Tidningar skrev den 18.8.1832 <\/strong>att den 4 juli hade det funnits 31 personer i N\u00e4rpes som var angripna av koppsmitta. I P\u00f6rtom var 60 barn sjuka och 33 hade avlidit sedan sjukdomen b\u00f6rjade sprida sig. I Kask\u00f6 hade sju personer insjuknat mellan den 22 och 29 juni och efter 29 juni hade ytterligare sex personer insjuknat men inga d\u00f6dsfall rapporterades. \u201dUti Christinestad fortfar sjukdomen mera lindrigt och har densamma f\u00f6r \u00f6vrigt endast f\u00f6rsports hos n\u00e5gra personer Storswed G\u00e4stgifvareg\u00e5rd i Ny Carleby Socken och hos tvenne kringstrykande tiggarebarn, hvilka blifvit till Kronoh\u00e4ktet i Wasa inf\u00f6rpassade, och der f\u00f6rsedde med n\u00f6dig L\u00e4karev\u00e5rd\u201d.<\/p>\n<h2><strong>\u00c5r 1833<\/strong><\/h2>\n<p><strong>Helsingfors Tidningar skrev den 23.3.1833 <\/strong>att elden hade kommit l\u00f6s i handlande T\u00f6ttermans g\u00e5rd den 4 februari. Elden blev genast d\u00e4mpad innan densamma hunnit sprida sig utom det f\u00f6rst ant\u00e4nda huset. (<em>Den h\u00e4r g\u00e5rden l\u00e5g p\u00e5 Strandgatan 22, som T\u00f6tterman hade k\u00f6pt tre \u00e5r tidigare<\/em>).<strong>\u00a0<\/strong><\/p>\n<p><strong>\u00c5bo Underr\u00e4ttelser 13.7.1833: <\/strong>Skeppet Neptun, hemma i Christinestad och f\u00f6rt av kapten Sal\u00e9n har emellan den 11 och 12 juli 1833, strandat vid Nordvaarder, sedan det f\u00f6rut genom p\u00e5st\u00f6tning f\u00f6rlorat roder och stormast. Hela bes\u00e4ttningen \u00e4r r\u00e4ddad.<strong>\u00a0<\/strong><\/p>\n<h2><strong>\u00c5r 1834<\/strong><\/h2>\n<p><strong>Helsingfors Tidningar 15.3.1834: <\/strong>\u00c5stundas att tidigt n\u00e4sta sommar, f\u00e5 ett st\u00f6rre parti bomull fr\u00e5n London och Liverpool, i goda fartyg, p\u00e5 Helsingfors, \u00c5bo, Bj\u00f6rneborg eller Christinestad. Skeppare som \u00e4mnar segla till f\u00f6rstn\u00e4mnda platser, behagade med det f\u00f6rsta hos undertecknad h\u00e4rst\u00e4des uppge de billigaste villkor, f\u00f6r frakt, magasinering, utleverering m.m.Tammerfors den 22 februari 1834, James Finlayson, Fabrikant.<strong>\u00a0<\/strong><\/p>\n<p><strong>Finlands Allm\u00e4nna Tidning, 7.4.1834: <\/strong>Skonerten Hebe om cirka 29 l\u00e4ster, byggd av furu p\u00e5 cravell, med goda inventarier, liggande vid Bj\u00f6rk\u00f6 sund. K\u00f6p kunna avslutas med konsul S. A. Wendelin eller med underskriven i Helsingfors, J. H. Backman.<strong>\u00a0<\/strong><\/p>\n<h2><strong>\u00c5r 1835<\/strong><\/h2>\n<p><strong>Helsingfors Tidningar 14.3.1835: <\/strong>Genom offentlig auktion, som h\u00e5lls den 30 mars detta \u00e5r hos f\u00e4rjekarlen Argillander, boende vid Lappfj\u00e4rds sockens f\u00e4rjst\u00e4lle intill Christinestad, f\u00f6rs\u00e4ljes f\u00f6r avlidne hovr\u00e4ttsr\u00e5det Wasenii konkursmassas r\u00e4kning 110 tunnor r\u00e5g och 92 tunnor korn, vilket till hugade k\u00f6pares underr\u00e4ttelse meddelas. Wasa den 5 mars 1835. Makans godem\u00e4n.<\/p>\n<p><strong>\u00c5<\/strong><strong>bo Underr\u00e4ttelser 16.9.1835: <\/strong>Vid \u00e5l\u00e4ndska sk\u00e4rg\u00e5rden i sistlidne maj m\u00e5nad strandade skonerten Elis fr\u00e5n Christinestad, f\u00f6rs\u00e4ljes j\u00e4mte inventarier, i det st\u00e5nd densamme nu befinnes vid Beckholms redd h\u00e4rst\u00e4des, varom n\u00e4rmare \u00f6verenskommelse kan tr\u00e4ffas med Abr. Kingelin.<\/p>\n<p><strong>Helsingfors Morgonblad 27.11.1835: <\/strong>Den 11 n\u00e4stinkommande december, kl. 12 p\u00e5 dagen f\u00f6rs\u00e4ljes i Helsingfors genom offentlig auktion, f\u00f6r handlanden I Christinestad P. J. Mattens konkursmassans r\u00e4kning, 2 leglar inneh\u00e5llande 230 kannor Arrac <em>(indonesisk spritdryck, som i sm\u00e5 m\u00e4ngder kan anv\u00e4ndas i bakverk)<\/em>.<\/p>\n<p><strong>Helsingfors Tidningar 23.12.1835: <\/strong>Skonerten Margaretha med kapten Eric Nils Bergstr\u00f6m (1792-1836) med last fr\u00e5n L\u00fcbeck till Christinestad ankom den 21 november 1836 till R\u00f6nne p\u00e5 Bornholm. Det hade l\u00e4ckage, hade f\u00f6rlorat sina segel och skrovet var ramponerat till en del.<strong>\u00a0<\/strong><\/p>\n<h2><strong>\u00c5r 1836<\/strong><\/h2>\n<p><strong>Helsingfors Tidningar 13.2.1836: <\/strong>Under \u00e5r 1835 hade 31 fartyg fr\u00e5n Finland bes\u00f6kt hamnen i Amsterdam. Av dessa fartyg var 6 fr\u00e5n Christinestad. Fr\u00e5n Helsingfors hade det kommit hela 10 fartyg men fr\u00e5n alla andra orter var det endast ett f\u00e5tal, t.ex. fr\u00e5n Vasa endast ett.<\/p>\n<p><strong>Helsingfors Tidningar skrev 2.3.1836<\/strong> att den betydliga importen av utl\u00e4ndsk spannm\u00e5l senaste h\u00f6st, har lett till att flera f\u00f6rr\u00e5d nu \u00e4r fyllda. Detta har f\u00f6rorsakat prisfall och om inte efterfr\u00e5gan kraftigt \u00f6kar, s\u00e5 kommer inte priserna att stiga. I hamnen i Helsingfors finns bland annat briggen Saturnus, f\u00f6rd av kapten Wennerstrand, hemma i Christinestad. Den hade kommit dit den 10 november 1835 med r\u00e5g fr\u00e5n L\u00fcbeck.<\/p>\n<p><strong>Helsingfors Tidningar 9.3.1836: <\/strong>Tv\u00e5 yngre tj\u00e4nsteflickor, hemma fr\u00e5n Christinestad, \u00f6nskar sig tj\u00e4nst i n\u00e5got hederligt hus h\u00e4r i staden. \u00d6verenskommelse kan ske i borgare T\u00f6ttermans g\u00e5rd vid Glostranden.<strong>\u00a0<\/strong><\/p>\n<p><strong>\u00c5bo Underr\u00e4ttelser 25.5.1836: <\/strong>Fr\u00e5n Wisby kom det en underr\u00e4ttelse den 5 maj att den finska skonerten Hoppet, f\u00f6rd av skepparen C. P. Ekman den tredje maj p\u00e5 f\u00f6rmiddagen hade strandat p\u00e5 Rysskullan, en halv mil utanf\u00f6r Sk\u00e4rs \u00e4nda p\u00e5 F\u00e5r\u00f6. Fartyget med 78 l\u00e4sters dr\u00e4ktighet var p\u00e5 resa fr\u00e5n hemorten Christinestad till Antwerpen med last av plankor, tj\u00e4ra och potaska. Bes\u00e4ttningen hade kommit i land med sina saker men fartyget som l\u00e5g f\u00f6r ankar p\u00e5 grundet med kapade master, troddes icke kunna r\u00e4ddas.<\/p>\n<p><strong>Helsingfors Tidningar 8.10.1836:<\/strong>Den 27 september kom det fr\u00e5n \u00d6rebro ett meddelande att den finska slupen Laura under ett f\u00f6rf\u00e4rligt ov\u00e4der natten mellan den 21 och 22 september hade strandat h\u00e4r i Grepen. Hon f\u00f6rdes av skepparen Anders H\u00e4ll och kom fr\u00e5n Christinestad och var p\u00e5 v\u00e4g till Bornholm med tj\u00e4ra och br\u00e4der. Bes\u00e4ttningen och en stor del av lasten och inventarierna b\u00e4rgades medan fartyg \u00e4r vrak. Ocks\u00e5 flera andra fartyg har lidit skador i stormen och f\u00f6rlorat med mast och segel.<strong>\u00a0<\/strong><\/p>\n<p><strong>\u00c5bo Tidningar 26.10.1836: <\/strong>Enligt Stockholms Dagblad hade det fr\u00e5n G\u00f6teborg den 12 oktober inkommit f\u00f6ljande meddelande: Styrmannen p\u00e5 den finska galeasen Maria har p\u00e5 resan fr\u00e5n Bremen till Christinestad, anl\u00f6pt v\u00e5r sk\u00e4rg\u00e5rd och i laglig ordning anm\u00e4lt att f\u00f6re detta bef\u00e4lhavaren p\u00e5 fartyget, kapten Reinhold Lind, den 3 oktober, klockan 9 p\u00e5 kv\u00e4llen hade hoppat \u00f6ver bord. Han hade fr\u00e5n sin kajuta begett sig ut p\u00e5 d\u00e4ck, endast ikl\u00e4dd skjorta. Tidigare samma afton, klockan 6 hade han i kajutan avskjutit en pistol laddad med tv\u00e5 skott. M\u00f6rkret hindrade bes\u00e4ttningen att r\u00e4dda kaptenen. Anledningen till hans sj\u00e4lvmord var inte k\u00e4nd f\u00f6r styrmannen.<\/p>\n<h2><strong>\u00c5r 1837<\/strong><\/h2>\n<p><strong>I en l\u00e4robok fr\u00e5n 1837 skrivs s\u00e5 h\u00e4r om Wasa l\u00e4n: <\/strong>Wasa l\u00e4n har 200\u00a0000 inv\u00e5nare och best\u00e5r av s\u00f6dra \u00d6sterbotten, nordligaste Satakunda och nordv\u00e4sta Tavastland. \u00d6ster om lantryggen \u00e4r landet uppfyllt av h\u00f6jder och sj\u00f6ar, \u00e5t v\u00e4ster \u00e4r det genomskuret av \u00e4lvar, vid vilkas utlopp s\u00e5 v\u00e4l st\u00e4derna som de flesta kyrkorna \u00e4r bel\u00e4gna. Skiffer och sandsten finns vi lantryggen. Invid kusten, n\u00e5gra mil in\u00e5t landet finns god odlingsmark. I trakten av Wasa sk\u00f6rdas ett storkornigt s\u00e4desslag, n\u00e4mligen Wasa-r\u00e5g. Inv\u00e5narna \u00e4r skickliga i skeppsbyggeri och andra sl\u00f6jder.St\u00e4der vid kusten \u00e4r Wasa med 3\u00a0140 inv\u00e5nare och har en hovr\u00e4tt. Christinestad har 1\u00a0790 inv\u00e5nare och dessa tv\u00e5 st\u00e4der har ansenlig handel. Kask\u00f6 p\u00e5 en \u00f6 men har en f\u00f6rtr\u00e4fflig hamn, 610 inv\u00e5nare.<\/p>\n<p><strong>Finlands Allm\u00e4nna Tidning 23.6.1837: <\/strong>All den borgen min avlidne man, handlanden och coopvardie skepparen Erik Henrik Djupstr\u00f6m (1799-1836) under sin livstid hade ing\u00e5tt, varder av mig fr\u00e5n och med denna dag uppsagd.<\/p>\n<p>Christinestad den 6 juni 1837 Maria Djupstr\u00f6m.<\/p>\n<p><strong>\u00c5bo Underr\u00e4ttelser 16.12.1837: <\/strong>Fr\u00e5n Helsing\u00f6r rapporteras att fartyget Elisabeth med kapten \u00c5kervall och hemma i Christinestad har lagt till p\u00e5 redden. Fartyget kom fr\u00e5n Liverpool och hade en last av bomull, varf\u00f6r hon troligen kommer att hamna i karant\u00e4n.<strong>\u00a0<\/strong><strong>\u00a0<\/strong><\/p>\n<h2><strong>\u00c5r 1838<\/strong><\/h2>\n<p><strong>\u00c5bo Underr\u00e4ttelser, 23.5.1838. <\/strong>Skepparen Carl Gustaf H\u00e4lls hustru Hedvig Maria, f\u00f6dd Melander har funnits liggande d\u00f6d p\u00e5 golvet i den av henne ensam bebodda kammare i Christinestad, med huvudet, br\u00f6stet och armarna f\u00f6rbr\u00e4nda. Den avlidna, som en l\u00e4ngre tid har varit sjuklig och stundom haft anfall av fallandesot, hade om aftonen f\u00e5tt bes\u00f6k av \u00e4nkan R\u00f6nnbom, som p\u00e5 beg\u00e4ran gjort upp eld i kakelugnen. R\u00f6nnbom gick d\u00e4refter bort en stund men efter en halv timme \u00e5terkommit och funnit henne d\u00f6d och f\u00f6rbr\u00e4nd, utan att n\u00e5got sp\u00e5r av elda var synligt p\u00e5 golvet.<\/p>\n<p><strong>Finlands Allm\u00e4nna Tidning, 22.10.1838: <\/strong>I h\u00e4ndelse min man, coopvaerdie skepparen Joseph H\u00e4ggqvist, som f\u00f6r tv\u00e5 \u00e5r sedan avreste till residencestaden St. Petersburg, \u00e4nnu vore vid liv, vilket jag har anledning att betvivla, s\u00e5 anmanas han att \u00e5terkomma till sammanlevnad med mig, s\u00e5framt han vill undvika det \u00e4ventyr som lag f\u00f6rm\u00e5r.<\/p>\n<p>Christinestad den 29 september 1838 Catharina H\u00e4ggqvist, skepparehustru. <strong>\u00a0<\/strong><\/p>\n<h2><strong>\u00c5r 1839<\/strong><\/h2>\n<p><strong>Borg\u00e5 Tidning, 23.1.1839<\/strong>: Pedagogier \u00e4ger best\u00e5nd i alla \u00d6sterbottniska st\u00e4der. I Christinestad torde skolan vara lika gammal som staden, eller fr\u00e5n medlet av 1600-talet. Utom kronol\u00f6nen, 15 tunnor r\u00e5g \u00e5tnjuter l\u00e4raren dj\u00e4knepengar fr\u00e5n staden samt Lappfj\u00e4rds pastorat, tillsammans omkring 110 rubel silver. Han innehar en \u00e4mbetsg\u00e5rd, en \u00e4ngsteg samt ett mindre betydligt fiske. Skolan har det betydliga antalet av 100 elever.<\/p>\n<p><strong>Helsingfors Tidningar 8.6.1839: <\/strong>\u00c4nkefru, borgm\u00e4starinnan Johanna Christina Forsman, f\u00f6dd Walen, avled stilla i Christinestad den 27 april 1839 i en \u00e5lder av 73 \u00e5r, \u00f6mt s\u00f6rjd och saknad av barn och barnbarn.Finlands Allm\u00e4nna Tidning 26.7.1829:Sedan mina sv\u00e5grar, sj\u00f6m\u00e4nnen A. F. och Johan Henrik Str\u00f6m, som med galeasen \u201dFreden\u201d, ifr\u00e5n denna stad till utrikes ort begett sig f\u00f6r ca 3 \u00e5r sedan, utan att de det minsta l\u00e5tit h\u00f6ra av sig och som nu deras vistelseort \u00e4r mig obekant eller om de \u00e4nnu lever, s\u00e5 antydes dem att inom natt och \u00e5r, fr\u00e5n dato ge s\u00e5dant till k\u00e4nna. I annat fall kommer med deras i arv dem tillfallna egendom att lagligen f\u00f6rfaras.Christinestad den 12 juli 1839.Eric Beckman, coopvaerdie sj\u00f6man<\/p>\n<p><strong>Finlands Allm\u00e4nna Tidning 5.10.1839: <\/strong>Som min man, sj\u00f6mannen Adolph Fredric Str\u00f6m, som efter en av honom \u00e5r 1836 om h\u00f6sten h\u00e4rifr\u00e5n f\u00f6retagen utrikes sj\u00f6resa, sedan den tiden inte har l\u00e5tit h\u00f6ra av sig, s\u00e5 uppmanas han, att inom den i f\u00f6rfattningen f\u00f6reskrivna tid infinna sig till sammanlevnad med mig, emedan jag i annat fall tr\u00e4der i nytt gifte, vilket h\u00e4rigenom f\u00f6r f\u00f6rsta g\u00e5ngen tillk\u00e4nnages.<\/p>\n<p>Christinestad den 6 september 1839, Anna Greta Str\u00f6m, f\u00f6dd Brunberg.<\/p>\n<p><strong>Finlands Allm\u00e4nna Tidning, 26.11.1839: <\/strong>Undertecknad skr\u00e4ddareges\u00e4ll \u00e4rnar i Christinestad ing\u00e5 \u00e4ktenskap, men som jag inte kan styrka hinderl\u00f6sheten d\u00e4rtill ifr\u00e5n 8 augusti \u00e5r 1836 till 27 januari 1838, \u00e4vensom ifr\u00e5n januari till juli m\u00e5nad 1839, d\u00e5 jag har vistats p\u00e5 skilda orter i Finland. M\u00e5 den, som d\u00e4rmed anser sig befogad, emot samma mitt tillt\u00e4nkta \u00e4ktenskap anm\u00e4la klander inom laga tid, hos pastors\u00e4mbetet i Christinestad och Lappfj\u00e4rd.<\/p>\n<p>Johan \u00c5kersten.<\/p>\n","protected":false},"excerpt":{"rendered":"<p>\u00c5r 1830 Finlands Allm\u00e4nna Tidning kungjorde 30.1.1830 att handlanden Simon Anders Wendelin f\u00f6rordnats till svensk och norsk vicekonsul i Christinestad. D\u00e5 den svenska medborgaren Jakob Salomon Lilo (1795-1841) ville gifta sig med Christina Agatha Parman (1804-1837) fr\u00e5n Christinestad, s\u00e5 m\u00e5ste <a class=\"more-link\" href=\"https:\/\/www.kristinestadshistoria.fi\/?page_id=26851\">Forts\u00e4tt l\u00e4sa <span class=\"screen-reader-text\">  Tidningsurklipp fr\u00e5n 1830-talet<\/span><span class=\"meta-nav\">&rarr;<\/span><\/a><\/p>\n","protected":false},"author":1,"featured_media":0,"parent":21016,"menu_order":1830,"comment_status":"closed","ping_status":"closed","template":"","meta":{"footnotes":""},"class_list":["post-26851","page","type-page","status-publish","hentry"],"_links":{"self":[{"href":"https:\/\/www.kristinestadshistoria.fi\/index.php?rest_route=\/wp\/v2\/pages\/26851","targetHints":{"allow":["GET"]}}],"collection":[{"href":"https:\/\/www.kristinestadshistoria.fi\/index.php?rest_route=\/wp\/v2\/pages"}],"about":[{"href":"https:\/\/www.kristinestadshistoria.fi\/index.php?rest_route=\/wp\/v2\/types\/page"}],"author":[{"embeddable":true,"href":"https:\/\/www.kristinestadshistoria.fi\/index.php?rest_route=\/wp\/v2\/users\/1"}],"replies":[{"embeddable":true,"href":"https:\/\/www.kristinestadshistoria.fi\/index.php?rest_route=%2Fwp%2Fv2%2Fcomments&post=26851"}],"version-history":[{"count":6,"href":"https:\/\/www.kristinestadshistoria.fi\/index.php?rest_route=\/wp\/v2\/pages\/26851\/revisions"}],"predecessor-version":[{"id":26907,"href":"https:\/\/www.kristinestadshistoria.fi\/index.php?rest_route=\/wp\/v2\/pages\/26851\/revisions\/26907"}],"up":[{"embeddable":true,"href":"https:\/\/www.kristinestadshistoria.fi\/index.php?rest_route=\/wp\/v2\/pages\/21016"}],"wp:attachment":[{"href":"https:\/\/www.kristinestadshistoria.fi\/index.php?rest_route=%2Fwp%2Fv2%2Fmedia&parent=26851"}],"curies":[{"name":"wp","href":"https:\/\/api.w.org\/{rel}","templated":true}]}}