{"id":26776,"date":"2023-07-05T17:06:27","date_gmt":"2023-07-05T14:06:27","guid":{"rendered":"https:\/\/www.kristinestadshistoria.fi\/?page_id=26776"},"modified":"2024-04-23T17:56:51","modified_gmt":"2024-04-23T14:56:51","slug":"slakten-printz","status":"publish","type":"page","link":"https:\/\/www.kristinestadshistoria.fi\/?page_id=26776","title":{"rendered":"Sl\u00e4kten Printz."},"content":{"rendered":"<p>L\u00f6jtnanten Gustaf Jakob Printz (1776-1834) f\u00f6ddes i Ilmola och flyttade till Kristinestad, d\u00e4r han sedan dog. \u00c5r 1811 hade han gift sig i V\u00f6r\u00e5 med Beata Lovisa Freidenfelt (1779-1858), som var f\u00f6dd i Storkyro men hon dog sedan i Kristinestad.<\/p>\n<p>L\u00f6jtnant Printz och hans hustru Beata Lovisa fick flera barn, bland annat:<\/p>\n<p>-Anna Charlotta (1814-1833) ogift och barnl\u00f6s, dog i Kristinestad.<\/p>\n<p>-Gustafva Sofia (1815-1879), f\u00f6dd i Kauhajoki, d\u00f6d i Kristinestad, ogift och barnl\u00f6s.<\/p>\n<p>-Johanna Lovisa (1817-1884, den 24 juni), f\u00f6dd i Sideby, d\u00f6d i Kristinestad, ogift och barnl\u00f6s.<\/p>\n<p>-Wilhelmina (1820-1858), f\u00f6dd i Sideby, d\u00f6d i Kristinestad, ogift och barnl\u00f6s.<\/p>\n<p>\u2013<u>August<\/u>\u00a0Edvard Prinz (1823-1873) f\u00f6ddes i Kristinestad i april. Han var l\u00e4nsman och forstuppsyningsman och var gift med\u00a0<u>Amanda<\/u>\u00a0Gustava Ahlb\u00e4ck, som var f\u00f6dd 6.4.1826 i Vasa. August dog i Muonio \u00e5r 1873 och \u00e4nkan Amanda flyttade d\u00e4rifr\u00e5n till f\u00f6delseorten Vasa \u00e5r 1876. Amanda dog sedan i Helsingfors \u00e5r 1918, i en \u00e5lder av 87 \u00e5r.<\/p>\n<p>L\u00e4nsmansparet August och Amanda Printz bodde p\u00e5 flera orter i landet och fick \u00e5tminstone barnen:<\/p>\n<p>1).\u00a0<u>Augusta<\/u>\u00a0Amanda Printz, f\u00f6dd 18.8.1850 i Ylih\u00e4rm\u00e4. D\u00e5 Augusta bodde i Vasa fick hon o\u00e4kta dottern\u00a0<u>Anna\u00a0<\/u>Gustava, f\u00f6dd 3.10.1880. \u00c5r 1888 flyttade b\u00e5de modern Augusta och dottern Anna till Kristinestad. Modern Augusta avled i Kristinestad 5.11.1905 och dottern avled i Kristinestad 1.11.1957, ogift och barnl\u00f6s.<\/p>\n<p>2). Emil August Printz (f.1852).<\/p>\n<p>3). Thure Axel Printz, f\u00f6dd 21.4.1854 i Alah\u00e4rm\u00e4, d\u00f6d i Sundsvall i Sverige 1910. Han var gift med Karolina Rosalie G\u00e4strin (f\u00f6dd 1847 i Nykarleby, d\u00f6d 1913). De flyttade sedan till Sundsvall d\u00e4r de 4 barnen f\u00f6ddes.<\/p>\n<p>4). Carl Georg Printz (f.1855, dog mycket ung)<\/p>\n<p>5). Mauritz Richard Printz (f.1857-d\u00f6d i Amerika).<\/p>\n<p>6). Ernst Gustaf Printz, f\u00f6dd i Ylih\u00e4rm\u00e4 28.6.1859, dog ogift och barnl\u00f6s 13.1.1932.<\/p>\n<p>7). Karl Georg Printz, f\u00f6dd i Muonio 6.2.1861, flyttade ogift till Hang\u00f6 1879 och sedan till Kuopio \u00e5r 1882. Karl Georg arbetade som farmaceut och var ogift och barnl\u00f6s.<\/p>\n","protected":false},"excerpt":{"rendered":"<p>L\u00f6jtnanten Gustaf Jakob Printz (1776-1834) f\u00f6ddes i Ilmola och flyttade till Kristinestad, d\u00e4r han sedan dog. \u00c5r 1811 hade han gift sig i V\u00f6r\u00e5 med Beata Lovisa Freidenfelt (1779-1858), som var f\u00f6dd i Storkyro men hon dog sedan i Kristinestad. <a class=\"more-link\" href=\"https:\/\/www.kristinestadshistoria.fi\/?page_id=26776\">Forts\u00e4tt l\u00e4sa <span class=\"screen-reader-text\">  Sl\u00e4kten Printz.<\/span><span class=\"meta-nav\">&rarr;<\/span><\/a><\/p>\n","protected":false},"author":1,"featured_media":0,"parent":22412,"menu_order":165,"comment_status":"closed","ping_status":"closed","template":"","meta":{"footnotes":""},"class_list":["post-26776","page","type-page","status-publish","hentry"],"_links":{"self":[{"href":"https:\/\/www.kristinestadshistoria.fi\/index.php?rest_route=\/wp\/v2\/pages\/26776","targetHints":{"allow":["GET"]}}],"collection":[{"href":"https:\/\/www.kristinestadshistoria.fi\/index.php?rest_route=\/wp\/v2\/pages"}],"about":[{"href":"https:\/\/www.kristinestadshistoria.fi\/index.php?rest_route=\/wp\/v2\/types\/page"}],"author":[{"embeddable":true,"href":"https:\/\/www.kristinestadshistoria.fi\/index.php?rest_route=\/wp\/v2\/users\/1"}],"replies":[{"embeddable":true,"href":"https:\/\/www.kristinestadshistoria.fi\/index.php?rest_route=%2Fwp%2Fv2%2Fcomments&post=26776"}],"version-history":[{"count":3,"href":"https:\/\/www.kristinestadshistoria.fi\/index.php?rest_route=\/wp\/v2\/pages\/26776\/revisions"}],"predecessor-version":[{"id":28074,"href":"https:\/\/www.kristinestadshistoria.fi\/index.php?rest_route=\/wp\/v2\/pages\/26776\/revisions\/28074"}],"up":[{"embeddable":true,"href":"https:\/\/www.kristinestadshistoria.fi\/index.php?rest_route=\/wp\/v2\/pages\/22412"}],"wp:attachment":[{"href":"https:\/\/www.kristinestadshistoria.fi\/index.php?rest_route=%2Fwp%2Fv2%2Fmedia&parent=26776"}],"curies":[{"name":"wp","href":"https:\/\/api.w.org\/{rel}","templated":true}]}}