{"id":26768,"date":"2023-07-04T23:09:27","date_gmt":"2023-07-04T20:09:27","guid":{"rendered":"https:\/\/www.kristinestadshistoria.fi\/?page_id=26768"},"modified":"2023-07-04T23:13:20","modified_gmt":"2023-07-04T20:13:20","slug":"avstand-mellan-christinestad-och-st-petersburg-ar-1832","status":"publish","type":"page","link":"https:\/\/www.kristinestadshistoria.fi\/?page_id=26768","title":{"rendered":"Avst\u00e5nd mellan Christinestad och St.Petersburg \u00e5r 1832."},"content":{"rendered":"<p><span style=\"color: #000080;\"><strong>Sammanst\u00e4llt av Lasse Backlund i juli 2023. Uppgifterna \u00e4r tagna ur den ryska milit\u00e4rens bok &#8221;V\u00e4gvisaren&#8221;, som du hittar genom att klicka <a href=\"https:\/\/digi.kansalliskirjasto.fi\/teos\/binding\/1994655?term=Christinestad&amp;page=1\"><span style=\"text-decoration: underline;\">H\u00c4R!<\/span><\/a><\/strong><\/span><\/p>\n<p>F\u00f6r att underl\u00e4tta de ryska truppernas f\u00f6rflyttningar i Storfurstend\u00f6met Finland gav Staben ut en bok \u201dV\u00e4gvisare\u201d d\u00e4r det fanns utr\u00e4knat str\u00e4ckorna, fr\u00e4mst fr\u00e5n St. Petersburg till olika orter i Finland. L\u00e4ngdenhet i boken var den ryska enheten verst, som var ungef\u00e4r 1 066 meter, allts\u00e5 lite mer \u00e4n en kilometer.<\/p>\n<p>Till Christinestad fanns det flera olika v\u00e4gar och l\u00e4ngs med v\u00e4garna s\u00e5 skulle det finnas g\u00e4stgiverier och skjutsh\u00e5llare. Flera kyrkor finns ocks\u00e5 angivna i boken.<\/p>\n<h4><strong>Rutt 1, via Bj\u00f6rneborg:<\/strong><\/h4>\n<p>Fr\u00e5n St.Petersburg till Bj\u00f6rneborg var avst\u00e5ndet 605 verst. Fr\u00e5n Bj\u00f6rneborg till g\u00e4stgiveriet i Norrmark var det 15 v. och d\u00e4r fanns ocks\u00e5 en kyrka, s\u00e4teri och ett j\u00e4rnbruk. N\u00e5gon bro \u00f6ver Kumo \u00e4lv fanns inte men det fanns en f\u00e4rja, som kunde ta 5-6 h\u00e4star p\u00e5 en g\u00e5ng. I Pirttij\u00e4rvi fanns det ett g\u00e4stgiveri och dit var det 16 v och lite l\u00e4ngre fram fanns L\u00e5ngfors, eller Lankoski. F\u00f6ljande anhalt var Tuorila, avst\u00e5ndet dit var 15 verst och f\u00f6ljande g\u00e4stgiveri fanns i \u00d6mossa i Wasa l\u00e4n. Till Liljeblads g\u00e4stgiveri i Tr\u00e4skvik var avst\u00e5ndet 11 v och till H\u00e5xell i Lappfj\u00e4rd ytterligare 8. Sedan var det bara 7 verst och s\u00e5 var man framme i Christinestad och d\u00e4r emellan fanns en by som hette \u201dL\u00e4stby\u201d. Hela str\u00e4ckan St. Petersburg till Christinestad via Bj\u00f6rneborg blev 701 verst.<\/p>\n<h4><strong>Rutt 2, via Tammerfors och Kauhajoki:<\/strong><\/h4>\n<p>Fr\u00e5n St.Petersburg till Tammerfors var avst\u00e5ndet 505 verst. G\u00e4stgiverier fanns i Yl\u00f6j\u00e4rvi, Mahnala, J\u00e4rvenkyl\u00e4 och i Wehuvarpe. D\u00e4rifr\u00e5n gick det resa till Ikalis kyrkby. F\u00f6ljande var Niinisalo och d\u00e4rifr\u00e5n gick skjuts till Kankaanp\u00e4\u00e4 g\u00e4stgiveri. Mellan Skantsi och Nurmij\u00e4rvi ligger kyrkan i Karvia. Mellan Nurmij\u00e4vi och Filpula finns Kauhajoki kyrka. Sedan f\u00f6ljde Ketturi, Brusi, H\u00e5xell och slutligen Christinestad. Hela str\u00e4ckan St. Petersburg till Christinestad via Tammerfors och Kauhajoki blev 724 verst.<\/p>\n<h4><strong>Rutt 3, via Tammerfors och Stor\u00e5:<\/strong><\/h4>\n<p>Fr\u00e5n St.Petersburg till Tammerfors var ju avst\u00e5ndet 505 verst. Fr\u00e5n Tammerfors till g\u00e4stgiveriet i Wehuvarpe var avst\u00e5ndet 65 verst. D\u00e4rifr\u00e5n var det 25 v. till Kankaanp\u00e4\u00e4, d\u00e4rifr\u00e5n det gick att f\u00e5 skjuts till Niinisalo. F\u00f6ljande g\u00e4stgiveri var Sallinluoma, Kodesj\u00e4vi eller Kiviniemi. D\u00e4rifr\u00e5n var det 7 verst till Stor\u00e5 kyrkby och ytterligare 12 till Gammelby, allts\u00e5 Vanhakyl\u00e4. Fr\u00e5n Gammelby till g\u00e4stgiveriet i Dagsmark var det 10 verst, ytterligare 8 till H\u00e5xell och 7 till Christinestad. Hela str\u00e4ckan St. Petersburg till Christinestad via Tammerfors och Stor\u00e5 blev 679 verst. Det var allts\u00e5 den kortaste v\u00e4gen.<\/p>\n","protected":false},"excerpt":{"rendered":"<p>Sammanst\u00e4llt av Lasse Backlund i juli 2023. Uppgifterna \u00e4r tagna ur den ryska milit\u00e4rens bok &#8221;V\u00e4gvisaren&#8221;, som du hittar genom att klicka H\u00c4R! F\u00f6r att underl\u00e4tta de ryska truppernas f\u00f6rflyttningar i Storfurstend\u00f6met Finland gav Staben ut en bok \u201dV\u00e4gvisare\u201d d\u00e4r <a class=\"more-link\" href=\"https:\/\/www.kristinestadshistoria.fi\/?page_id=26768\">Forts\u00e4tt l\u00e4sa <span class=\"screen-reader-text\">  Avst\u00e5nd mellan Christinestad och St.Petersburg \u00e5r 1832.<\/span><span class=\"meta-nav\">&rarr;<\/span><\/a><\/p>\n","protected":false},"author":1,"featured_media":0,"parent":19,"menu_order":23,"comment_status":"closed","ping_status":"closed","template":"","meta":{"footnotes":""},"class_list":["post-26768","page","type-page","status-publish","hentry"],"_links":{"self":[{"href":"https:\/\/www.kristinestadshistoria.fi\/index.php?rest_route=\/wp\/v2\/pages\/26768","targetHints":{"allow":["GET"]}}],"collection":[{"href":"https:\/\/www.kristinestadshistoria.fi\/index.php?rest_route=\/wp\/v2\/pages"}],"about":[{"href":"https:\/\/www.kristinestadshistoria.fi\/index.php?rest_route=\/wp\/v2\/types\/page"}],"author":[{"embeddable":true,"href":"https:\/\/www.kristinestadshistoria.fi\/index.php?rest_route=\/wp\/v2\/users\/1"}],"replies":[{"embeddable":true,"href":"https:\/\/www.kristinestadshistoria.fi\/index.php?rest_route=%2Fwp%2Fv2%2Fcomments&post=26768"}],"version-history":[{"count":4,"href":"https:\/\/www.kristinestadshistoria.fi\/index.php?rest_route=\/wp\/v2\/pages\/26768\/revisions"}],"predecessor-version":[{"id":26772,"href":"https:\/\/www.kristinestadshistoria.fi\/index.php?rest_route=\/wp\/v2\/pages\/26768\/revisions\/26772"}],"up":[{"embeddable":true,"href":"https:\/\/www.kristinestadshistoria.fi\/index.php?rest_route=\/wp\/v2\/pages\/19"}],"wp:attachment":[{"href":"https:\/\/www.kristinestadshistoria.fi\/index.php?rest_route=%2Fwp%2Fv2%2Fmedia&parent=26768"}],"curies":[{"name":"wp","href":"https:\/\/api.w.org\/{rel}","templated":true}]}}