{"id":26647,"date":"2023-06-24T20:50:27","date_gmt":"2023-06-24T17:50:27","guid":{"rendered":"https:\/\/www.kristinestadshistoria.fi\/?page_id=26647"},"modified":"2025-01-06T08:21:53","modified_gmt":"2025-01-06T06:21:53","slug":"den-forsakrade-garden-pa-tomt-nr-135","status":"publish","type":"page","link":"https:\/\/www.kristinestadshistoria.fi\/?page_id=26647","title":{"rendered":"Den f\u00f6rs\u00e4krade g\u00e5rden p\u00e5 tomt nr 135"},"content":{"rendered":"<p><span style=\"color: #000080;\"><strong>Sammanst\u00e4llt av Lasse Backlund i juni 2023. Uppgifterna \u00e4r tagna ur gamla f\u00f6rs\u00e4kringsbrev, som finns p\u00e5 Riksarkivet.<\/strong><\/span><\/p>\n<h2><strong>Brandf\u00f6rs\u00e4kringen \u00e5r 1834.<\/strong><\/h2>\n<p>\u00c5r 1832 bildades \u201dAllm\u00e4nna Brandstodsbolaget i Finland\u201d i Helsingfors och i januari 1834 ans\u00f6kte handlande Simon Anders Wendelin, som ocks\u00e5 var svensk vice konsul att tv\u00e5 byggnader p\u00e5 hans tomt vid torget skulle brandf\u00f6rs\u00e4kras. F\u00f6rs\u00e4kringsans\u00f6kan skulle g\u00f6ras till brandstodsbolaget och Wendelin meddelade att det fanns ordentliga brandredskap, n\u00e4mligen en portativ slangspruta, 2 brandstegar, 2 brandhakar, 2 handsprutor, 2 svabbar och 2 l\u00e4der\u00e4mbar. P\u00e5 tomten fanns en brunn med tillr\u00e4ckligt vatten vid en eventuell eldsv\u00e5da och det var endast 152 alnar (91 m) ner till Stadsfj\u00e4rden.<\/p>\n<p>Han uppgav ocks\u00e5 att tomten \u201dinneh\u00e5ller 3 304 quadrat alnar (ca 1\u00a0200 m\u00b2) i areal vidd\u201d. Dess norra sida \u00e4r 49 \u00bd alnar (30 m)och st\u00f6ter till tomt nr 134. \u00d6stra sidan \u00e4r 74 alnar och st\u00f6ter mot Strandgatan. S\u00f6dra sidan \u00e4r 49 alnar bred och gr\u00e4nsar till R\u00e5dhustorget. Den v\u00e4stra sidan gr\u00e4nsade till tomten 136. Avst\u00e5ndet fr\u00e5n tomten till Stadsfj\u00e4rden var 114 alnar (ca 68 m), d\u00e5 avst\u00e5ndet i dag \u00e4r omkring 150 m.<\/p>\n<figure id=\"attachment_26645\" aria-describedby=\"caption-attachment-26645\" style=\"width: 1462px\" class=\"wp-caption alignnone\"><img loading=\"lazy\" decoding=\"async\" class=\"size-full wp-image-26645\" src=\"https:\/\/www.kristinestadshistoria.fi\/wp-content\/uploads\/2023\/06\/Tomtkarta-1834-original.jpg\" alt=\"\" width=\"1462\" height=\"1150\" srcset=\"https:\/\/www.kristinestadshistoria.fi\/wp-content\/uploads\/2023\/06\/Tomtkarta-1834-original.jpg 1462w, https:\/\/www.kristinestadshistoria.fi\/wp-content\/uploads\/2023\/06\/Tomtkarta-1834-original-300x236.jpg 300w, https:\/\/www.kristinestadshistoria.fi\/wp-content\/uploads\/2023\/06\/Tomtkarta-1834-original-1024x805.jpg 1024w, https:\/\/www.kristinestadshistoria.fi\/wp-content\/uploads\/2023\/06\/Tomtkarta-1834-original-768x604.jpg 768w\" sizes=\"auto, (max-width: 1462px) 100vw, 1462px\" \/><figcaption id=\"caption-attachment-26645\" class=\"wp-caption-text\">Den 31 januari 1834 tecknade handlande och vicekonsul Simon Anders Wendelin en brandf\u00f6rs\u00e4kring p\u00e5 de byggnader som fanns p\u00e5 tomten nr 135 vid torget. S\u00e5 h\u00e4r s\u00e5g planteckningen ut i renritad form. Inf\u00e4lld i nedre kanten Wendelins underskrift p\u00e5 f\u00f6rs\u00e4kringsbrevet.<\/figcaption><\/figure>\n<p>F\u00f6ljande tv\u00e5 byggnader skulle f\u00f6rs\u00e4kras:<\/p>\n<h5><strong>Byggnad nr 1:<\/strong><\/h5>\n<p>En tr\u00e4byggnad uppf\u00f6rd av furutimmer \u00e5r 1777 i tv\u00e5 v\u00e5ningar. Den blev br\u00e4dfodrad \u00e5r 1780 och m\u00e5lad med r\u00f6d f\u00e4rg. I byggnadens nedre v\u00e5ning fanns det 8 rum, n\u00e4mligen en f\u00f6rstuga, en sal, fyra kamrar, ett k\u00f6k och en salubod och i dessa rum fanns det totalt 5 kakelugnar och en spis. I den \u00f6vre v\u00e5ningen fanns det 5 rum, n\u00e4mligen en f\u00f6rstuga, tv\u00e5 salar, 2 kamrar och i dessa rum fanns det totalt 4 kakelugnar.<\/p>\n<p>Husets h\u00f6jd var 18 \u00be alnar och dess l\u00e4ngd n\u00e4stan 44 \u00bd alnar (26,7 m). Byggnaden var f\u00f6rsedd med tak av br\u00e4der och hade en stenfot som var 1 \u00bd alnar h\u00f6g (90 cm).<\/p>\n<p>Som brukligt var s\u00e5 v\u00e4rderades de olika byggnadsdetaljerna skilt f\u00f6r sig och till exempel stenfoten brandf\u00f6rs\u00e4krades f\u00f6r 174 rubel, stommen till 1 490, yttre taket till 601, bj\u00e4lklaget till 585, golven i rummen till 755 och trapporna till 100 rubel. \u00a0I \u00e5tta rum fanns det vattenm\u00e5lade papperstapeter och i 3 rum fanns med m\u00e5lade tr\u00e4v\u00e4ggar. Tv\u00e5 skorstenar f\u00f6rs\u00e4krades f\u00f6r 112 rubel tillsammans och en k\u00f6ksspis med tv\u00e5 eldst\u00e4der f\u00f6rs\u00e4krades f\u00f6r 200 mark<\/p>\n<p>Hela byggnaden v\u00e4rderades till 6 250 rubel.<\/p>\n<h5><strong>Byggnad nr 5:<\/strong><\/h5>\n<p>En uthusbyggnad av grantimmer i gott skick, byggd \u00e5r 1832. Den var inte br\u00e4dfodrad men m\u00e5lad med r\u00f6d f\u00e4rg och bestod av sex rum, n\u00e4mligen en f\u00f6rstuga, ett f\u00e4hus, en foderlada, ett vedlider, ett stall och ett spillhus. Byggnadens l\u00e4ngd var 36 alnar (21,6 m), hade ett tak av n\u00e4ver och st\u00e5r p\u00e5 grundstenar. ena var av j\u00e4rn.<\/p>\n<p>Byggnaden f\u00f6rs\u00e4krades f\u00f6r 1 000 rubel.<\/p>\n<p>3 byggnader, 2 ink\u00f6rsportar och ett plank, som var 15 m l\u00e5ngt l\u00e4mnades utan brandf\u00f6rs\u00e4kring:<\/p>\n<p>-byggnad nr 2, som var ett \u00e4ldre boningshus av tr\u00e4 i en v\u00e5ning, som hade ett tak av n\u00e4ver och hade en eldstad.<\/p>\n<p>-byggnad nr 3, som var en uthusbyggnad av stock med n\u00e4vertak.<\/p>\n<p>-byggnad nr 4, som var en bagarstuga med n\u00e4vertak<\/p>\n<p>Hela f\u00f6rs\u00e4kringsbeloppet uppgick till 7 250 rubel och den \u00e5rliga intr\u00e4desavgiften ber\u00e4knades till 83,31 rubel.<\/p>\n<p>Wendelin uppgav att det p\u00e5 hans tomt inte fanns n\u00e5gra eldfarliga inr\u00e4ttningar och inte i grannskapet heller.<\/p>\n<p>Byggnaderna och brandredskapen skulle granskas vart femte \u00e5r och d\u00e5 kunde f\u00f6rs\u00e4kringsbeloppen och premierna justeras. \u00c5r 1840 skedde den f\u00f6rsta granskningen och g\u00e5rden \u00e4gdes d\u00e5 av herr Erik T\u00f6tterman och d\u00e4r best\u00e4mdes det om en viss h\u00f6jning av v\u00e4rdena och dessa v\u00e4rden skulle d\u00e5 g\u00e4lla de kommande fem \u00e5ren.<\/p>\n<figure id=\"attachment_26646\" aria-describedby=\"caption-attachment-26646\" style=\"width: 1913px\" class=\"wp-caption alignnone\"><img loading=\"lazy\" decoding=\"async\" class=\"size-full wp-image-26646\" src=\"https:\/\/www.kristinestadshistoria.fi\/wp-content\/uploads\/2023\/06\/Planteckning-1834-orig.jpg\" alt=\"\" width=\"1913\" height=\"1592\" srcset=\"https:\/\/www.kristinestadshistoria.fi\/wp-content\/uploads\/2023\/06\/Planteckning-1834-orig.jpg 1913w, https:\/\/www.kristinestadshistoria.fi\/wp-content\/uploads\/2023\/06\/Planteckning-1834-orig-300x250.jpg 300w, https:\/\/www.kristinestadshistoria.fi\/wp-content\/uploads\/2023\/06\/Planteckning-1834-orig-1024x852.jpg 1024w, https:\/\/www.kristinestadshistoria.fi\/wp-content\/uploads\/2023\/06\/Planteckning-1834-orig-768x639.jpg 768w, https:\/\/www.kristinestadshistoria.fi\/wp-content\/uploads\/2023\/06\/Planteckning-1834-orig-1536x1278.jpg 1536w\" sizes=\"auto, (max-width: 1913px) 100vw, 1913px\" \/><figcaption id=\"caption-attachment-26646\" class=\"wp-caption-text\">S\u00e5 h\u00e4r s\u00e5g den planteckning ut som Wendelin bifogade f\u00f6rs\u00e4kringsbrevet \u00e5r 1834. Trots att den ser r\u00e5ddig ut, \u00e4r den klar och tydlig vid n\u00e4rmare betraktelse.<\/figcaption><\/figure>\n<h2><strong>Brandf\u00f6rs\u00e4kringen \u00e5r 1902.<\/strong><\/h2>\n<p>Den nya \u00e4garen Erik T\u00f6tterman gjorde flera stora f\u00f6rb\u00e4ttringar p\u00e5 byggnaderna i b\u00f6rjan av 1900-talet. I december 1902 tecknade han en ny brandf\u00f6rs\u00e4kring, d\u00e4r han uppgav att tomten var 1\u00a0094 m\u00b2 stor och den l\u00e5g 69 meter fr\u00e5n Stadsfj\u00e4rden. Han uppgav ocks\u00e5 att alla n\u00f6dv\u00e4ndiga brandredskap fanns p\u00e5 tomten och de var alla m\u00e5lade med tomtens nummer i oljef\u00e4rg.<\/p>\n<p>P\u00e5 tomten fanns 4 byggnader och alla skulle f\u00f6rs\u00e4kras.<\/p>\n<h5><strong>Byggnad nr 1:<\/strong><\/h5>\n<p>Ett boningshus av timmer i gott skick, uppf\u00f6rt \u00e5r 1777 och 1847, br\u00e4dfodrat och m\u00e5lat med oljef\u00e4rg och med ett tak av jernpl\u00e5t. Huset var byggt i vinkel i tv\u00e5 v\u00e5ningar och den s\u00f6dra delen mot torget var 18,11 m l\u00e5ngt och den \u00f6stra delen mot Strandgatan var 20,78 m. I den f\u00f6rsta v\u00e5ningen fanns det sju rum och en vestibul och i dessa rum fanns det sju kakelugnar. I den \u00f6vre v\u00e5ningen fanns det \u00e5tta boningsrum och d\u00e4r fanns det ocks\u00e5 sju kakelugnar. I k\u00f6ket fanns det en kokkamin av j\u00e4rn. P\u00e5 g\u00e5rdssidan fanns det en veranda uppf\u00f6rd av korsvirke och br\u00e4der, som ingick i f\u00f6rs\u00e4kringen. Den golv- och v\u00e4ggfast butiksinredningen f\u00f6rs\u00e4krades ocks\u00e5.<\/p>\n<p>Byggnaden f\u00f6rs\u00e4krades f\u00f6r 45\u00a0000 mark<\/p>\n<h5><strong>Byggnad nr 2:<\/strong><\/h5>\n<p>Ett boningshus av timmer i gott skick, uppf\u00f6rt \u00e5r 1844, br\u00e4dfodrat och m\u00e5lat med oljef\u00e4rg mot gatan. De \u00f6vriga sidorna var m\u00e5lade med slamf\u00e4rg och hela byggnaden hade ett tak av asfaltfilt. Huset i en v\u00e5ning var 14,25 m l\u00e5ngt och 7,13 m brett och d\u00e4r fanns fem boningsrum med tillsammans tre kakelugnar och tv\u00e5 spisar, varav den ena var f\u00f6rsedd med bakugn och inmurad gryta.<\/p>\n<p>Den h\u00e4r byggnaden f\u00f6rs\u00e4krades f\u00f6r 4\u00a0000 mark.<\/p>\n<h5><strong>Byggnad nr 3: <\/strong><\/h5>\n<p>En uthusbyggnad av stock och delvis av korsvirke och br\u00e4der. Den var i gott skick, uppf\u00f6rd \u00e5r 1832, br\u00e4dfodrad och m\u00e5lad och hade asfaltfilt p\u00e5 taket. Uthuset var 20,35 m l\u00e5ngt och 6,42 m brett och d\u00e4r fanns ett vedlider, ett vagnslider, latrin med spillningskast, stall och foderlada.<\/p>\n<p>Uthuset f\u00f6rs\u00e4krades f\u00f6r 2\u00a0200 mark.<\/p>\n<h5><strong>Byggnad nr 4:<\/strong><\/h5>\n<p>En magasinbyggnad av stock, med en mindre del byggd av korsvirke och br\u00e4der. Den var i gott skick, uppf\u00f6rd under \u00e5ren 1837 och 1844, br\u00e4dfodrad och m\u00e5lad med slamf\u00e4rg. Mot gatan var den m\u00e5lad med oljef\u00e4rg och taket var gjort av asfaltfilt. Huset var 20,49 m l\u00e5ng och 6,38 m brett och d\u00e4r fanns 4 magasin, som hade dubbla bottnar.<\/p>\n<p>Magasinet f\u00f6rs\u00e4krades f\u00f6r 2\u00a0500 mark.<\/p>\n<p>F\u00f6rutom dessa fyra byggnader, s\u00e5 f\u00f6rs\u00e4kras ocks\u00e5 en v\u00e4lvd stenk\u00e4llare inne p\u00e5 g\u00e5rden. Den var murad av cement och asfalt, 5 meter l\u00e5ng och 6,90 m bred. K\u00e4llaren f\u00f6rs\u00e4krades f\u00f6r 1\u00a0500 mark.<\/p>\n<p>Den st\u00f6rre ink\u00f6rsporten f\u00f6rs\u00e4krades f\u00f6r 150 mark medan den mindre f\u00f6rs\u00e4krades f\u00f6r 50. De var m\u00e5lade, gjorda av stock, str\u00e4vor och ribbor och i f\u00f6rs\u00e4kringen ingick g\u00e5ngj\u00e4rnen, l\u00e5sen och reglar.<\/p>\n<p>Hela f\u00f6rs\u00e4kringen gick p\u00e5 55\u00a0400 mark och den \u00e5rliga intr\u00e4desavgiften ber\u00e4knades till 392 mark.<\/p>\n<figure id=\"attachment_26644\" aria-describedby=\"caption-attachment-26644\" style=\"width: 1395px\" class=\"wp-caption alignnone\"><img loading=\"lazy\" decoding=\"async\" class=\"size-full wp-image-26644\" src=\"https:\/\/www.kristinestadshistoria.fi\/wp-content\/uploads\/2023\/06\/Tomtkarta-1908-ungefar-samma-som-tidigare.jpg\" alt=\"\" width=\"1395\" height=\"2458\" srcset=\"https:\/\/www.kristinestadshistoria.fi\/wp-content\/uploads\/2023\/06\/Tomtkarta-1908-ungefar-samma-som-tidigare.jpg 1395w, https:\/\/www.kristinestadshistoria.fi\/wp-content\/uploads\/2023\/06\/Tomtkarta-1908-ungefar-samma-som-tidigare-170x300.jpg 170w, https:\/\/www.kristinestadshistoria.fi\/wp-content\/uploads\/2023\/06\/Tomtkarta-1908-ungefar-samma-som-tidigare-581x1024.jpg 581w, https:\/\/www.kristinestadshistoria.fi\/wp-content\/uploads\/2023\/06\/Tomtkarta-1908-ungefar-samma-som-tidigare-768x1353.jpg 768w, https:\/\/www.kristinestadshistoria.fi\/wp-content\/uploads\/2023\/06\/Tomtkarta-1908-ungefar-samma-som-tidigare-872x1536.jpg 872w, https:\/\/www.kristinestadshistoria.fi\/wp-content\/uploads\/2023\/06\/Tomtkarta-1908-ungefar-samma-som-tidigare-1162x2048.jpg 1162w\" sizes=\"auto, (max-width: 1395px) 100vw, 1395px\" \/><figcaption id=\"caption-attachment-26644\" class=\"wp-caption-text\">Erik T\u00f6tterman tecknade nya brandf\u00f6rs\u00e4kringar 1902 och 1908 och han bifogade d\u00e5 denna planteckning, som visade hur byggnaderna var placerade. Ritningen \u00e4r redigerad.<\/figcaption><\/figure>\n<h2><strong>Brandf\u00f6rs\u00e4kringen \u00e5r 1908.<\/strong><\/h2>\n<p>I november 1908 tecknade handelsmannen Erik T\u00f6tterman en ny brandf\u00f6rs\u00e4kring p\u00e5 de fem byggnaderna och de b\u00e5da ink\u00f6rsportarna. N\u00e5gra st\u00f6rre yttre f\u00f6r\u00e4ndringar hade inte gjorts men inredningen i huvudbyggnaden hade f\u00f6rb\u00e4ttrats. I \u00f6vre v\u00e5ningen hade en toaletthytt byggts och salen hade f\u00f6rsetts med antika, handm\u00e5lade tapeter som T\u00f6tterman v\u00e4rderade till 5\u00a0000 mark. Biografen som fanns i byggnad nr 4 hade en elektrisk ljusk\u00e4lla, varf\u00f6r premien f\u00f6r den byggnaden h\u00f6jdes.<\/p>\n<p>Byggnaden nr1 f\u00f6rs\u00e4krades f\u00f6r 55\u00a0000 mark, nr 2 f\u00f6r 7\u00a0300 mark, nr 3 f\u00f6r 3\u00a0000 mark, nr 4 f\u00f6r 4 000 mark och stenk\u00e4llaren nr 5 f\u00f6r 1\u00a0500 mark. Den st\u00f6rre ink\u00f6rsporten f\u00f6rs\u00e4krades f\u00f6r 150 medan den mindre v\u00e4rderades till 50 mark.<\/p>\n<p>Hela f\u00f6rs\u00e4kringsbeloppet uppgick till 71\u00a0000 mark mot 55\u00a0400 f\u00f6r n\u00e5gra \u00e5r sedan. Intr\u00e4desavgiften eller den \u00e5rliga premien ber\u00e4knades till 465 mark.<\/p>\n<h2><strong>Brandf\u00f6rs\u00e4kringen \u00e5r 1909.<\/strong><\/h2>\n<p>Den 26 november 1909 tecknade Erik T\u00f6tterman en ny brandf\u00f6rs\u00e4kring p\u00e5 g\u00e5rden nr 135 vid torget. N\u00e5gra st\u00f6rre f\u00f6r\u00e4ndringar hade inte gjorts och v\u00e4rdet p\u00e5 byggnaderna ser ocks\u00e5 ut att vara de samma.\u00a0 Tomten och dess placering var som tidigare och T\u00f6tterman uppgav att alla n\u00f6dv\u00e4ndiga brandredskap fanns p\u00e5 tomten.<\/p>\n<p><strong>Byggnad nr 1<\/strong> var lika stor som tidigare men nu fanns det ett kassavalv byggt av tegel och byggnaden f\u00f6rs\u00e4krades nu f\u00f6r 55\u00a0000 mark och d\u00e4r ingick all golvfast inredning i kontoret, butiken och banken.<\/p>\n<p><strong>Byggnad nr 2<\/strong>, inga st\u00f6rre f\u00f6rb\u00e4ttringar men den f\u00f6rs\u00e4krades nu f\u00f6r 7\u00a0300 mot 4\u00a0000 tidigare.<\/p>\n<p><strong>Uthuset nr 3<\/strong>, inga st\u00f6rre f\u00f6rb\u00e4ttringar men den f\u00f6rs\u00e4krades nu f\u00f6r 3 000 mot 2 200 tidigare.<\/p>\n<p><strong>Uthuset nr 4<\/strong>, inga st\u00f6rre f\u00f6rb\u00e4ttringar men den f\u00f6rs\u00e4krades nu f\u00f6r 4 000 mot 2 500 tidigare.<\/p>\n<p><strong>K\u00e4llaren nr 5<\/strong> f\u00f6rs\u00e4krades f\u00f6r 1\u00a0500 liksom tidigare och de b\u00e5da ink\u00f6rsportarna f\u00f6r 200 liksom tidigare.<\/p>\n<p>T\u00f6tterman uppgav att det p\u00e5 hans tomt inte fanns n\u00e5gra eldfarliga inr\u00e4ttningar, f\u00f6rutom den biograf som fanns i byggnaden nr 4.<\/p>\n<p>Hela f\u00f6rs\u00e4kringsbeloppet uppgick till 71\u00a0000 mark och den \u00e5rliga intr\u00e4desavgiften eller premien ber\u00e4knades till 526,91 mark.<\/p>\n<figure id=\"attachment_26886\" aria-describedby=\"caption-attachment-26886\" style=\"width: 521px\" class=\"wp-caption alignnone\"><img loading=\"lazy\" decoding=\"async\" class=\"size-full wp-image-26886\" src=\"https:\/\/www.kristinestadshistoria.fi\/wp-content\/uploads\/2023\/07\/Tomtkarta-1909-stor-2.jpg\" alt=\"\" width=\"521\" height=\"862\" srcset=\"https:\/\/www.kristinestadshistoria.fi\/wp-content\/uploads\/2023\/07\/Tomtkarta-1909-stor-2.jpg 521w, https:\/\/www.kristinestadshistoria.fi\/wp-content\/uploads\/2023\/07\/Tomtkarta-1909-stor-2-181x300.jpg 181w\" sizes=\"auto, (max-width: 521px) 100vw, 521px\" \/><figcaption id=\"caption-attachment-26886\" class=\"wp-caption-text\">S\u00e5 h\u00e4r s\u00e5g den planteckning ut som T\u00f6tterman bifogade f\u00f6rs\u00e4kringsbrevet \u00e5r 1909.<\/figcaption><\/figure>\n<h3><strong>Brandf\u00f6rs\u00e4kringen 1919.<\/strong><\/h3>\n<p><strong>\u00c5r 1919, den 7 augusti<\/strong> tecknade Wasa Aktie Bank en ny brandf\u00f6rs\u00e4kring p\u00e5 de fem byggnader, som fanns p\u00e5 deras tomt nr 135 vid torget. N\u00e5gra stora f\u00f6rb\u00e4ttringar p\u00e5 byggnaderna hade inte gjorts men p\u00e5 grund av den h\u00f6ga inflationen hade v\u00e4rdet p\u00e5 byggnaderna sjunkit. Samtliga byggnader f\u00f6rs\u00e4krades nu f\u00f6r 132 100 mark, mot 71 000 \u00e5r 1909.<\/p>\n","protected":false},"excerpt":{"rendered":"<p>Sammanst\u00e4llt av Lasse Backlund i juni 2023. Uppgifterna \u00e4r tagna ur gamla f\u00f6rs\u00e4kringsbrev, som finns p\u00e5 Riksarkivet. Brandf\u00f6rs\u00e4kringen \u00e5r 1834. \u00c5r 1832 bildades \u201dAllm\u00e4nna Brandstodsbolaget i Finland\u201d i Helsingfors och i januari 1834 ans\u00f6kte handlande Simon Anders Wendelin, som ocks\u00e5 <a class=\"more-link\" href=\"https:\/\/www.kristinestadshistoria.fi\/?page_id=26647\">Forts\u00e4tt l\u00e4sa <span class=\"screen-reader-text\">  Den f\u00f6rs\u00e4krade g\u00e5rden p\u00e5 tomt nr 135<\/span><span class=\"meta-nav\">&rarr;<\/span><\/a><\/p>\n","protected":false},"author":1,"featured_media":0,"parent":26608,"menu_order":10,"comment_status":"closed","ping_status":"closed","template":"","meta":{"footnotes":""},"class_list":["post-26647","page","type-page","status-publish","hentry"],"_links":{"self":[{"href":"https:\/\/www.kristinestadshistoria.fi\/index.php?rest_route=\/wp\/v2\/pages\/26647","targetHints":{"allow":["GET"]}}],"collection":[{"href":"https:\/\/www.kristinestadshistoria.fi\/index.php?rest_route=\/wp\/v2\/pages"}],"about":[{"href":"https:\/\/www.kristinestadshistoria.fi\/index.php?rest_route=\/wp\/v2\/types\/page"}],"author":[{"embeddable":true,"href":"https:\/\/www.kristinestadshistoria.fi\/index.php?rest_route=\/wp\/v2\/users\/1"}],"replies":[{"embeddable":true,"href":"https:\/\/www.kristinestadshistoria.fi\/index.php?rest_route=%2Fwp%2Fv2%2Fcomments&post=26647"}],"version-history":[{"count":6,"href":"https:\/\/www.kristinestadshistoria.fi\/index.php?rest_route=\/wp\/v2\/pages\/26647\/revisions"}],"predecessor-version":[{"id":29468,"href":"https:\/\/www.kristinestadshistoria.fi\/index.php?rest_route=\/wp\/v2\/pages\/26647\/revisions\/29468"}],"up":[{"embeddable":true,"href":"https:\/\/www.kristinestadshistoria.fi\/index.php?rest_route=\/wp\/v2\/pages\/26608"}],"wp:attachment":[{"href":"https:\/\/www.kristinestadshistoria.fi\/index.php?rest_route=%2Fwp%2Fv2%2Fmedia&parent=26647"}],"curies":[{"name":"wp","href":"https:\/\/api.w.org\/{rel}","templated":true}]}}