{"id":26434,"date":"2023-06-03T18:26:08","date_gmt":"2023-06-03T15:26:08","guid":{"rendered":"https:\/\/www.kristinestadshistoria.fi\/?page_id=26434"},"modified":"2025-03-19T23:19:09","modified_gmt":"2025-03-19T21:19:09","slug":"den-forsakrade-garden-pa-tomt-nr-177","status":"publish","type":"page","link":"https:\/\/www.kristinestadshistoria.fi\/?page_id=26434","title":{"rendered":"Den f\u00f6rs\u00e4krade g\u00e5rden p\u00e5 tomt nr 177"},"content":{"rendered":"<p><span style=\"color: #000080;\"><strong>Sammanst\u00e4llt av Lasse Backlund. Uppgifterna \u00e4r tagna ur gamla f\u00f6rs\u00e4kringsbrev, som finns p\u00e5 Riksarkivet.<\/strong><\/span><\/p>\n<h2><strong>Brandf\u00f6rs\u00e4kringen \u00e5r 1906.<\/strong><\/h2>\n<p>\u00c5r 1832 bildades \u201dAllm\u00e4nna Brandstodsbolaget i Finland\u201d i Helsingfors och p\u00e5 1870-talet f\u00f6rs\u00e4krades byggnaderna p\u00e5 tomten f\u00f6r f\u00f6rsta g\u00e5ngen. \u00c5r 1906 ville den d\u00e5varande \u00e4garen, aff\u00e4rsbitr\u00e4det Anna Printz f\u00f6rnya den gamla f\u00f6rs\u00e4kringen, eftersom hon hade gjort flera f\u00f6rb\u00e4ttringar, som hade h\u00f6jt v\u00e4rdena. F\u00f6rs\u00e4kringsans\u00f6kan skulle g\u00f6ras till bolaget och Anna uppgav d\u00e5 att p\u00e5 tomten fanns det n\u00f6diga brandredskap, n\u00e4mligen 4 brandstegar, 2 brandhakar och 2 brand\u00e4mbare, alla m\u00e4rkta med tomtens nummer i oljef\u00e4rg.<\/p>\n<p>Anna Printz uppgav att det p\u00e5 tomten, som var 1\u00a0190 m\u00b2 stor inte fanns n\u00e5gon brunn men att byggnaderna stod vid Stadsfj\u00e4rdens strand, d\u00e4rifr\u00e5n vatten vid en eventuell eldsv\u00e5da kunde langas eller pumpas.<\/p>\n<figure id=\"attachment_26436\" aria-describedby=\"caption-attachment-26436\" style=\"width: 2560px\" class=\"wp-caption alignnone\"><img loading=\"lazy\" decoding=\"async\" class=\"size-full wp-image-26436\" src=\"https:\/\/www.kristinestadshistoria.fi\/wp-content\/uploads\/2023\/06\/Tomtkarta-1906-liten-2-scaled.jpg\" alt=\"\" width=\"2560\" height=\"1119\" srcset=\"https:\/\/www.kristinestadshistoria.fi\/wp-content\/uploads\/2023\/06\/Tomtkarta-1906-liten-2-scaled.jpg 2560w, https:\/\/www.kristinestadshistoria.fi\/wp-content\/uploads\/2023\/06\/Tomtkarta-1906-liten-2-300x131.jpg 300w, https:\/\/www.kristinestadshistoria.fi\/wp-content\/uploads\/2023\/06\/Tomtkarta-1906-liten-2-1024x447.jpg 1024w, https:\/\/www.kristinestadshistoria.fi\/wp-content\/uploads\/2023\/06\/Tomtkarta-1906-liten-2-768x336.jpg 768w, https:\/\/www.kristinestadshistoria.fi\/wp-content\/uploads\/2023\/06\/Tomtkarta-1906-liten-2-1536x671.jpg 1536w, https:\/\/www.kristinestadshistoria.fi\/wp-content\/uploads\/2023\/06\/Tomtkarta-1906-liten-2-2048x895.jpg 2048w\" sizes=\"auto, (max-width: 2560px) 100vw, 2560px\" \/><figcaption id=\"caption-attachment-26436\" class=\"wp-caption-text\">S\u00e5 h\u00e4r var byggnaderna placerade p\u00e5 Strandgatan 20 \u00e5r 1906, d\u00e5 handelsbitr\u00e4det Anna Printz skulle f\u00f6rs\u00e4kra sina byggnader.<\/figcaption><\/figure>\n<p>Det fanns fyra byggnader p\u00e5 tomten \u00e5r 1906, som Anna ville f\u00f6rs\u00e4kra:<\/p>\n<h5><strong>Byggnad nr 1:<\/strong><\/h5>\n<p>Ett boningshus av timmer i gott skick, uppf\u00f6rt \u00e5r 1810, br\u00e4dfodrat och m\u00e5lat med oljef\u00e4rg och hade ett tak av asfaltfilt. Byggnaden var 13,2 m l\u00e5ng, 3,6 m bred och h\u00f6jden fr\u00e5n marken till takkammen 4,9 m. Byggnaden hade en v\u00e5ning och d\u00e4r fanns tre. I dessa fanns det 1 kakelugn och tv\u00e5h\u00e4llspisar.<\/p>\n<p>Byggnaden f\u00f6rs\u00e4krades f\u00f6r 3\u00a0700 mark.<\/p>\n<h5><strong>Byggnad nr 2:<\/strong><\/h5>\n<p>Ett boningshus av timmer i f\u00f6rsvarligt skick, uppf\u00f6rt \u00e5r 1830, inte br\u00e4dfodrat men nog m\u00e5lat och hade ett tak av asfaltfilt. Huset var 4,6 m l\u00e5ngt och 4,16 m brett och d\u00e4r fanns ett boningsrum med en spis och en bakugn.<\/p>\n<p>Byggnaden f\u00f6rs\u00e4krade f\u00f6r 600 mark.<\/p>\n<h5><strong>Byggnad nr 3:<\/strong><\/h5>\n<p>En uthusbyggnad eller ett h\u00e4rbre av stock i f\u00f6rsvarligt skick, uppf\u00f6rd \u00e5r 1828, inte br\u00e4dfodrad men nog m\u00e5lad och taket var lagt med asfaltfilt. Uthuset var 3,43 m l\u00e5ngt och 3,24 m brett och d\u00e4r fanns en hush\u00e5llsbod.<\/p>\n<h5><strong>Byggnad nr 4:<\/strong><\/h5>\n<p>En uthusbyggnad av stock i gott skick, uppf\u00f6rd \u00e5r 1830. Br\u00e4dfodrad och m\u00e5lad och hade ett tak av asfaltfilt. Uthuset var 15 m l\u00e5ngt och 4,45 m brett och d\u00e4r fanns en foderlada, stall, latrin med spillningskast och ett f\u00e4hus.<\/p>\n<p>Uthuset f\u00f6rs\u00e4krades f\u00f6r 500 mark.<\/p>\n<p>N\u00e5gra fler byggnader fanns inte p\u00e5 tomten men Anna Printz f\u00f6rs\u00e4krade ink\u00f6rsporten f\u00f6r 70 mark och den var gjord av stock och plankor. Hon f\u00f6rs\u00e4krade ocks\u00e5 planket runt tomten f\u00f6r 130 mark och det var 70 m l\u00e5ngt och 2,30 m h\u00f6gt.<\/p>\n<p>Hela f\u00f6rs\u00e4kringsbeloppet uppgick till 5\u00a0200 mark och den \u00e5rliga intr\u00e4desavgiften ber\u00e4knades till 39,32 mark. Den h\u00e4r avgiften eller premien g\u00e4llde i 5 \u00e5rs tid och premien skulle d\u00e5 justeras i samband med att byggnaderna och brandredskapen granskades.<\/p>\n<p>Anna uppgav att det inte fanns n\u00e5gra eldfarliga inr\u00e4ttningar p\u00e5 tomten och inte p\u00e5 granntomterna heller. F\u00f6rutom en bj\u00f6rk, s\u00e5 fanns det inga skyddande l\u00f6vtr\u00e4d p\u00e5 tomten.<\/p>\n<p>Brandstodsbolagets lokala agent, sj\u00f6kaptenen Wilhelm Hagen uppgav att huvudbyggnaden nr 1 hade genomg\u00e5tt en st\u00f6rre renovering och \u201dsatt i propert och tidsenligt st\u00e5nd, s\u00e5v\u00e4l ut, som inv\u00e4ndigt\u201d. Huvudbyggnaden var lagstridigt placerad, d\u00e5 en del av den stod p\u00e5 gatan. Byggnaden 2 och 3 var placerade f\u00f6r n\u00e4ra tomtgr\u00e4nsen, i strid mot stadens byggnadsf\u00f6rordning.<\/p>\n<figure id=\"attachment_26437\" aria-describedby=\"caption-attachment-26437\" style=\"width: 1163px\" class=\"wp-caption alignnone\"><img loading=\"lazy\" decoding=\"async\" class=\"size-full wp-image-26437\" src=\"https:\/\/www.kristinestadshistoria.fi\/wp-content\/uploads\/2023\/06\/Tomtkarta-1906-original-2.jpg\" alt=\"\" width=\"1163\" height=\"2479\" srcset=\"https:\/\/www.kristinestadshistoria.fi\/wp-content\/uploads\/2023\/06\/Tomtkarta-1906-original-2.jpg 1163w, https:\/\/www.kristinestadshistoria.fi\/wp-content\/uploads\/2023\/06\/Tomtkarta-1906-original-2-141x300.jpg 141w, https:\/\/www.kristinestadshistoria.fi\/wp-content\/uploads\/2023\/06\/Tomtkarta-1906-original-2-480x1024.jpg 480w, https:\/\/www.kristinestadshistoria.fi\/wp-content\/uploads\/2023\/06\/Tomtkarta-1906-original-2-768x1637.jpg 768w, https:\/\/www.kristinestadshistoria.fi\/wp-content\/uploads\/2023\/06\/Tomtkarta-1906-original-2-721x1536.jpg 721w, https:\/\/www.kristinestadshistoria.fi\/wp-content\/uploads\/2023\/06\/Tomtkarta-1906-original-2-961x2048.jpg 961w\" sizes=\"auto, (max-width: 1163px) 100vw, 1163px\" \/><figcaption id=\"caption-attachment-26437\" class=\"wp-caption-text\">D\u00e5 Anna Printz \u00e5r 1906 tecknade en ny brandf\u00f6rs\u00e4kring, s\u00e5 l\u00e4t hon rita upp denna planteckning. Inf\u00e4lld i nedre kanten hennes namnteckning fr\u00e5n f\u00f6rs\u00e4kringsbrevet.<\/figcaption><\/figure>\n<h3><strong>Brandf\u00f6rs\u00e4kringen \u00e5r 1920<\/strong><\/h3>\n<p><strong>\u00c5r 1920, den 15 mar<\/strong>s tecknade handelsbitr\u00e4det Anna Printz en ny brandf\u00f6rs\u00e4kring p\u00e5 alla byggnader. N\u00e5gra f\u00f6rb\u00e4ttringar hade inte gjorts men den h\u00f6ga inflationen hade f\u00f6rs\u00e4mrat v\u00e4rdet p\u00e5 byggnaderna. Hela f\u00f6rs\u00e4kringsbeloppet uppgick nu till 12 200 mark.<\/p>\n","protected":false},"excerpt":{"rendered":"<p>Sammanst\u00e4llt av Lasse Backlund. Uppgifterna \u00e4r tagna ur gamla f\u00f6rs\u00e4kringsbrev, som finns p\u00e5 Riksarkivet. Brandf\u00f6rs\u00e4kringen \u00e5r 1906. \u00c5r 1832 bildades \u201dAllm\u00e4nna Brandstodsbolaget i Finland\u201d i Helsingfors och p\u00e5 1870-talet f\u00f6rs\u00e4krades byggnaderna p\u00e5 tomten f\u00f6r f\u00f6rsta g\u00e5ngen. \u00c5r 1906 ville den <a class=\"more-link\" href=\"https:\/\/www.kristinestadshistoria.fi\/?page_id=26434\">Forts\u00e4tt l\u00e4sa <span class=\"screen-reader-text\">  Den f\u00f6rs\u00e4krade g\u00e5rden p\u00e5 tomt nr 177<\/span><span class=\"meta-nav\">&rarr;<\/span><\/a><\/p>\n","protected":false},"author":1,"featured_media":0,"parent":19730,"menu_order":10,"comment_status":"closed","ping_status":"closed","template":"","meta":{"footnotes":""},"class_list":["post-26434","page","type-page","status-publish","hentry"],"_links":{"self":[{"href":"https:\/\/www.kristinestadshistoria.fi\/index.php?rest_route=\/wp\/v2\/pages\/26434","targetHints":{"allow":["GET"]}}],"collection":[{"href":"https:\/\/www.kristinestadshistoria.fi\/index.php?rest_route=\/wp\/v2\/pages"}],"about":[{"href":"https:\/\/www.kristinestadshistoria.fi\/index.php?rest_route=\/wp\/v2\/types\/page"}],"author":[{"embeddable":true,"href":"https:\/\/www.kristinestadshistoria.fi\/index.php?rest_route=\/wp\/v2\/users\/1"}],"replies":[{"embeddable":true,"href":"https:\/\/www.kristinestadshistoria.fi\/index.php?rest_route=%2Fwp%2Fv2%2Fcomments&post=26434"}],"version-history":[{"count":4,"href":"https:\/\/www.kristinestadshistoria.fi\/index.php?rest_route=\/wp\/v2\/pages\/26434\/revisions"}],"predecessor-version":[{"id":29616,"href":"https:\/\/www.kristinestadshistoria.fi\/index.php?rest_route=\/wp\/v2\/pages\/26434\/revisions\/29616"}],"up":[{"embeddable":true,"href":"https:\/\/www.kristinestadshistoria.fi\/index.php?rest_route=\/wp\/v2\/pages\/19730"}],"wp:attachment":[{"href":"https:\/\/www.kristinestadshistoria.fi\/index.php?rest_route=%2Fwp%2Fv2%2Fmedia&parent=26434"}],"curies":[{"name":"wp","href":"https:\/\/api.w.org\/{rel}","templated":true}]}}