{"id":26375,"date":"2023-05-31T16:47:28","date_gmt":"2023-05-31T13:47:28","guid":{"rendered":"https:\/\/www.kristinestadshistoria.fi\/?page_id=26375"},"modified":"2023-08-13T21:44:22","modified_gmt":"2023-08-13T18:44:22","slug":"den-forsakrade-garden-pa-tomt-nr-163","status":"publish","type":"page","link":"https:\/\/www.kristinestadshistoria.fi\/?page_id=26375","title":{"rendered":"Den f\u00f6rs\u00e4krade g\u00e5rden p\u00e5 tomt nr 163"},"content":{"rendered":"<p><span style=\"color: #000080;\"><strong>Sammanst\u00e4llt av Lasse Backlund i maj 2023. Uppgifterna \u00e4r tagna ur gamla f\u00f6rs\u00e4kringsbrev, som finns p\u00e5 Riksarkivet.<\/strong><\/span><\/p>\n<h2><strong>Brandf\u00f6rs\u00e4kringen \u00e5r 1860.<\/strong><\/h2>\n<p>\u00c5r 1832 bildades \u201dAllm\u00e4nna Brandstodsbolaget i Finland\u201d i Helsingfors och i juni \u00e5r 1860 f\u00f6rs\u00e4krade kofferdiskeppare\u00e4nkan Fredrika Kristina Bostr\u00f6m sin g\u00e5rd p\u00e5 Kyrkogatan 4. Hon var \u00e4nka efter skepparen Carl Bostr\u00f6m, som hade omkommit ett par \u00e5r tidigare. F\u00f6rs\u00e4kringsans\u00f6kan skulle g\u00f6ras till bolaget och hon uppgav d\u00e5 att p\u00e5 tomten fanns det 2 brandstegar, 2 brandhakar, 2 handsprutor, 2 svabbar och 2 l\u00e4der\u00e4mbare. P\u00e5 tomten fanns en brunn med vatten, som kunde anv\u00e4ndas vid en eventuell eldsv\u00e5da. \u00a0P\u00e5 granntomten i v\u00e4ster fanns det stora, lummiga l\u00f6vtr\u00e4d medan det i den nya R\u00e5dhusesplanaden endast fanns mindre l\u00f6vtr\u00e4d.<\/p>\n<p>I ans\u00f6kan meddelade hon att tomten var 2 527 kvadratalnar, allts\u00e5 ca 900 m\u00b2. Hon uppgav att det p\u00e5 tomten fanns 2 byggnader men att endast huvudbyggnaden vid Kyrkogatan skulle brandf\u00f6rs\u00e4kras.<\/p>\n<figure id=\"attachment_26373\" aria-describedby=\"caption-attachment-26373\" style=\"width: 1067px\" class=\"wp-caption alignnone\"><img loading=\"lazy\" decoding=\"async\" class=\"size-full wp-image-26373\" src=\"https:\/\/www.kristinestadshistoria.fi\/wp-content\/uploads\/2023\/05\/Tomtkarta-1860-stor.jpg\" alt=\"\" width=\"1067\" height=\"544\" srcset=\"https:\/\/www.kristinestadshistoria.fi\/wp-content\/uploads\/2023\/05\/Tomtkarta-1860-stor.jpg 1067w, https:\/\/www.kristinestadshistoria.fi\/wp-content\/uploads\/2023\/05\/Tomtkarta-1860-stor-300x153.jpg 300w, https:\/\/www.kristinestadshistoria.fi\/wp-content\/uploads\/2023\/05\/Tomtkarta-1860-stor-1024x522.jpg 1024w, https:\/\/www.kristinestadshistoria.fi\/wp-content\/uploads\/2023\/05\/Tomtkarta-1860-stor-768x392.jpg 768w\" sizes=\"auto, (max-width: 1067px) 100vw, 1067px\" \/><figcaption id=\"caption-attachment-26373\" class=\"wp-caption-text\">\u00c5r 1860 d\u00e5 skeppare\u00e4nkan Bostr\u00f6m tecknade en brandf\u00f6rs\u00e4kring p\u00e5 huvudbyggnaden nr 1 vid Kyrkogatan, s\u00e5 anv\u00e4ndes st\u00f6rsta delen av tomten som tr\u00e4dg\u00e5rd men d\u00e4r fanns ocks\u00e5 ett uthus vid v\u00e4stra tomtgr\u00e4nsen. Huvudbyggnaden hade en ink\u00f6rsport &#8221;K&#8221;, som byggdes fast till ett rum i slutet av 1800-talet, d\u00e5 stadens byggnadsordning f\u00f6rbj\u00f6d portarna.<\/figcaption><\/figure>\n<h5><strong>Byggnad nr 1:<\/strong><\/h5>\n<p>En tr\u00e4byggnad byggd av furutimmer \u00e5r 1829 i tv\u00e5 v\u00e5ningar. Den var br\u00e4dfodrad och m\u00e5lad med m\u00f6rkr\u00f6d f\u00e4rg och hade en ink\u00f6rsport fr\u00e5n Kyrkogatan. I byggnaden fanns det 14 rum, n\u00e4mligen tv\u00e5 f\u00f6rstugor, 3 salar, 6 kamrar, 2 k\u00f6k och ett fruktrum. I dessa rum fanns det 8 kakelugnar och tv\u00e5 k\u00f6ksspisar, varav den ena med stekugn.<\/p>\n<p>Byggnaden hade en h\u00f6jd om 15 alnar och l\u00e4ngden var 37 \u00be alnar (22 m). Taket var gjort av br\u00e4der och stenfoten var \u00be aln h\u00f6g.<\/p>\n<p>Som brukligt var s\u00e5 f\u00f6rs\u00e4krades alla byggnadsdetaljer skilt f\u00f6r sig. Till exempel stenfoten var brandf\u00f6rs\u00e4krad till 8rubel, stommen till 410 rubel, vattentaket till 80 och alla innertak till 80 rubel totalt. 20 panelade, oljem\u00e5lade f\u00f6nsterlufter i halvvitt glas f\u00f6rs\u00e4krades f\u00f6r 80 rubel tillsammans och i dessa fanns det dubbla glas. 11 oljem\u00e5lade halvfranska innerd\u00f6rrar f\u00f6rs\u00e4krades f\u00f6r 40 rubel. I tv\u00e5 rum fanns det vattenf\u00e4rgade tapeter och nio rum med franska tapeter.<\/p>\n<p>\u00c4nkan Bostr\u00f6m ville att byggnaden skulle f\u00f6rs\u00e4kras f\u00f6r 1 164 rubel men den lokala brandstodskommitt\u00e9n godk\u00e4nde endast 1 100 rubel.<\/p>\n<p>F\u00f6rutom f\u00f6rs\u00e4kringen p\u00e5 huvudbyggnaden s\u00e5 f\u00f6rs\u00e4krades den inbyggda ink\u00f6rsporten f\u00f6r 10 rubel, allts\u00e5 den som gick igenom byggnaden fr\u00e5n Kyrkogatan. Ett tr\u00e4plank, som var 100 alnar (60 m) l\u00e5ngt f\u00f6rs\u00e4krades f\u00f6r 30 rubel.<\/p>\n<p>Hela brandf\u00f6rs\u00e4kringen uppgick till 1 140 rubel och den \u00e5rliga intr\u00e4desavgiften ber\u00e4knades till 11 rubel 71 kopek.<\/p>\n<p>\u00c4nkan Bostr\u00f6m uppgav att det inte fanns n\u00e5gra \u00f6vriga byggnader p\u00e5 hennes tomt \u00e4n huvudbyggnaden och uthuset och n\u00e5gra eldfarliga inr\u00e4ttningar fanns det inte heller p\u00e5 tomten eller i dess n\u00e4rhet.<\/p>\n<p>Med j\u00e4mna mellanrum skulle byggnaderna och brandredskapen granskas och \u00e5r 1870 gjordes den f\u00f6rsta. G\u00e5rden hade d\u00e5 \u00f6vertagits av handlanden Barkman och inga anm\u00e4rkningar gjordes. \u00c5r 1875 gjordes f\u00f6ljande granskning med samma goda resultat och g\u00e5rden \u00e4gdes d\u00e5 av handlanden August Roos.<\/p>\n<p>\u00c5r 1880 gjordes en granskning och g\u00e5rden \u00e4gdes d\u00e5 av \u00e5karen Matts Wiital\u00e4hde Granskningen utf\u00f6rdes av kronokass\u00f6ren Svante Blomqvist och skomakarm\u00e4staren Hartman och allting var i skick.<\/p>\n<p>\u00c5ren 1885, 1890 och 1895 granskades brandredskapen och byggnaden och den \u00e4gdes d\u00e5 av br\u00f6derna Johan och August Remahl.<\/p>\n<h2><strong>Branden \u00e5r 1868.<\/strong><\/h2>\n<p><strong>\u00c5r 1868, den 25 oktober<\/strong> intr\u00e4ffade en st\u00f6rre brand i Kristinestad, som delvis f\u00f6rst\u00f6rde huvudbyggnaden som d\u00e5 \u00e4gdes av handlande Barkmans tomt. Det of\u00f6rs\u00e4krade uthuset ser ut att ha klarat sig utan skador. Huvudbyggnaden var f\u00f6rs\u00e4krad f\u00f6r 4 400 mark och skadorna v\u00e4rderades till 340.<\/p>\n<p>Branden hade f\u00e5tt sin b\u00f6rjan p\u00e5 tomt 157, som l\u00e5g i nuvarande R\u00e5dhusparkens nord\u00f6stra h\u00f6rn. Den g\u00e5rden f\u00f6rst\u00f6rdes helt och granng\u00e5rdarna p\u00e5 tomterna 156 och 158 blev ocks\u00e5 totalf\u00f6rst\u00f6rda. Uthusbyggnaderna p\u00e5 tomterna 147 och 155 blev helt f\u00f6rst\u00f6rda medan huvudbyggnaderna blev endast delvis f\u00f6rst\u00f6rda. Otto Wendelins 2-v\u00e5nings g\u00e5rd <strong>\u201dB\u201d<\/strong> p\u00e5 andra sidan R\u00e5dhusgatan f\u00f6rst\u00f6rdes delvis men reparerades. G\u00e5rdarna 157 och 158 byggdes inte upp igen utan R\u00e5dhusparken f\u00f6rstorades \u00f6sterut efter en tid.<\/p>\n<figure id=\"attachment_26364\" aria-describedby=\"caption-attachment-26364\" style=\"width: 1067px\" class=\"wp-caption alignnone\"><img loading=\"lazy\" decoding=\"async\" class=\"size-full wp-image-26364\" src=\"https:\/\/www.kristinestadshistoria.fi\/wp-content\/uploads\/2023\/05\/Branden-1868-pa-tomt-157.jpg\" alt=\"\" width=\"1067\" height=\"1171\" srcset=\"https:\/\/www.kristinestadshistoria.fi\/wp-content\/uploads\/2023\/05\/Branden-1868-pa-tomt-157.jpg 1067w, https:\/\/www.kristinestadshistoria.fi\/wp-content\/uploads\/2023\/05\/Branden-1868-pa-tomt-157-273x300.jpg 273w, https:\/\/www.kristinestadshistoria.fi\/wp-content\/uploads\/2023\/05\/Branden-1868-pa-tomt-157-933x1024.jpg 933w, https:\/\/www.kristinestadshistoria.fi\/wp-content\/uploads\/2023\/05\/Branden-1868-pa-tomt-157-768x843.jpg 768w\" sizes=\"auto, (max-width: 1067px) 100vw, 1067px\" \/><figcaption id=\"caption-attachment-26364\" class=\"wp-caption-text\">Branden 1868 b\u00f6rjade i handlande Barkmans g\u00e5rd p\u00e5 tomt 157, d\u00e4r alla byggnader f\u00f6rst\u00f6rdes. Sedan spred den sig till granng\u00e5rdarna 158 och 156 d\u00e4r samtliga byggnader f\u00f6rst\u00f6rdes. Flera byggnader i n\u00e4rheten fick brandskador men dessa kunde repareras. Tomterna 157 och 158 byggdes inte upp igen utan staden l\u00f6ste in dem och f\u00f6rstorade R\u00e5dhusparken \u00f6sterut. Otto Wendelins stora 2-v\u00e5ningsg\u00e5rd p\u00e5 andra sidan R\u00e5dhusgatan brandskadades ocks\u00e5 men reparerades. Denna byggnad l\u00f6ste staden in \u00e5r 1889 efter Wendelins konkurs och virket fr\u00e5n byggnaderna anv\u00e4ndes vid uppf\u00f6randet av stadens fattigg\u00e5rd i stadens s\u00f6dra del. Efter det fick R\u00e5dhusparken den storlek, som den fortfarande har.<\/figcaption><\/figure>\n<h2><strong>Brandf\u00f6rs\u00e4kringen \u00e5r 1900.<\/strong><\/h2>\n<p>Br\u00f6derna Johan och August Remahl uppf\u00f6rde \u00e5r 1899 en helt ny boningsbyggnad vid tomtgr\u00e4nsen mot R\u00e5dhusparken. Tillbyggnaden och f\u00f6rb\u00e4ttringar hade ocks\u00e5 gjorts p\u00e5 de andra byggnaderna och d\u00e4rf\u00f6r tecknades en helt ny f\u00f6rs\u00e4kring.<\/p>\n<p>Br\u00f6derna uppgav att tomten var 891 m\u00b2 stor och att den i norr gr\u00e4nsade till Kyrkogatan och i s\u00f6der till R\u00e5dhus esplanaden. Alla n\u00f6dv\u00e4ndiga brandredskap fanns p\u00e5 tomten och de var alla m\u00e5lade med tomten nummer. Brunnen p\u00e5 g\u00e5rden gav tillr\u00e4ckligt med vatten, som kunde anv\u00e4ndas vid en eventuell brand.<\/p>\n<figure id=\"attachment_26380\" aria-describedby=\"caption-attachment-26380\" style=\"width: 1121px\" class=\"wp-caption alignnone\"><img loading=\"lazy\" decoding=\"async\" class=\"size-full wp-image-26380\" src=\"https:\/\/www.kristinestadshistoria.fi\/wp-content\/uploads\/2023\/05\/Tomtkarta-1900-liten.jpg\" alt=\"\" width=\"1121\" height=\"1870\" srcset=\"https:\/\/www.kristinestadshistoria.fi\/wp-content\/uploads\/2023\/05\/Tomtkarta-1900-liten.jpg 1121w, https:\/\/www.kristinestadshistoria.fi\/wp-content\/uploads\/2023\/05\/Tomtkarta-1900-liten-180x300.jpg 180w, https:\/\/www.kristinestadshistoria.fi\/wp-content\/uploads\/2023\/05\/Tomtkarta-1900-liten-614x1024.jpg 614w, https:\/\/www.kristinestadshistoria.fi\/wp-content\/uploads\/2023\/05\/Tomtkarta-1900-liten-768x1281.jpg 768w, https:\/\/www.kristinestadshistoria.fi\/wp-content\/uploads\/2023\/05\/Tomtkarta-1900-liten-921x1536.jpg 921w\" sizes=\"auto, (max-width: 1121px) 100vw, 1121px\" \/><figcaption id=\"caption-attachment-26380\" class=\"wp-caption-text\">Br\u00f6derna Johan och August Remahl tecknade en brandf\u00f6rs\u00e4kring \u00e5r 1900 efter att det nya huset var f\u00e4rdigt. Ink\u00f6rsporten i byggnad nr 1 hade tagits bort och de kunde k\u00f6ra in p\u00e5 g\u00e5rden via grannens tomt.<\/figcaption><\/figure>\n<p>F\u00f6ljande fyra byggnader skulle f\u00f6rs\u00e4kras:<\/p>\n<h5><strong>Byggnad nr 1:<\/strong><\/h5>\n<p>Ett boningshus av timmer i gott skick, uppf\u00f6rt \u00e5r 1829, br\u00e4dfodrat och m\u00e5lat med slamf\u00e4rg och hade ett tak av j\u00e4rnpl\u00e5t. Huset var 22,41 m l\u00e5ngt, 6,83 m brett och fr\u00e5n marken till takkammen var det 8,69 m. Huset var byggt i tv\u00e5 v\u00e5ningar och i den nedre v\u00e5ningen fanns det sex boningsrum och den \u00f6vre v\u00e5ningen ocks\u00e5 sex rum. I rummen fanns det totalt 8 kakelugnar och flera k\u00f6ksspisar.<\/p>\n<p>Br\u00f6derna Remahl ville f\u00f6rs\u00e4kra byggnaden f\u00f6r 10\u00a0000 mark men den lokala brandstodskommitt\u00e9n godk\u00e4nde endast 8\u00a0000 mark.<\/p>\n<h5><strong>Byggnad nr 2:<\/strong><\/h5>\n<p>En uthusbyggnad byggd av stock och delvis av korsvirke och br\u00e4der i gott skick, uppf\u00f6rt \u00e5r 1855, senare br\u00e4dfodrat och m\u00e5lat och det hade ett tak av br\u00e4der. Uthuset var 13 m l\u00e5ngt och 3,45 m brett och d\u00e4r fanns en isk\u00e4llare n\u00e4rmast byggnaden nr 1 och i den andra \u00e4ndan ett f\u00e4hus, latrin med spillningskast och en foderlada.<\/p>\n<p>Uthuset f\u00f6rs\u00e4krades f\u00f6r 700 mark.<\/p>\n<h5><strong>Byggnad nr 3:<\/strong><\/h5>\n<p>En uthusbyggnad av stock i gott skick, uppf\u00f6rt \u00e5r 1872, br\u00e4dfodrat och m\u00e5lat och taket var laget med galvaniserad j\u00e4rnpl\u00e5t. Uthuset var 8,70 m l\u00e5ng och 5 m brett och d\u00e4r fanns ett stall, latrin med spillningskast och det f\u00f6rs\u00e4krades f\u00f6r 800 mark.<\/p>\n<h5><strong>Byggnad nr 4:<\/strong><\/h5>\n<p>Ett boningshus av timmer i gott skick, uppf\u00f6rt \u00e5r 1899, varken br\u00e4dfodrat eller m\u00e5lat. Taket var lagt med galvaniserad j\u00e4rnpl\u00e5t, det var 19 m l\u00e5ngt och 7,20 m brett och h\u00f6jden fr\u00e5n marken till takkammen var 9,58 m. Huset var byggt i en v\u00e5ning med totalt \u00e5tta boningsrum och i dessa fanns det sju kakelugnar och en k\u00f6ksh\u00e4llspis. P\u00e5 g\u00e5rdssidan fanns det en veranda uppf\u00f6rd av korsvirke och br\u00e4der.<\/p>\n<p>Den h\u00e4r nya byggnaden f\u00f6rs\u00e4krades f\u00f6r 12\u00a0000 mark.<\/p>\n<p>F\u00f6rutom den fyra byggnader, s\u00e5 f\u00f6rs\u00e4krades ink\u00f6rsporten som fanns p\u00e5 granntomten f\u00f6r 120 mark och den var gjord av stock, plankor och br\u00e4der. Ett m\u00e5lat plank f\u00f6rs\u00e4krades f\u00f6r 100 mark, det var 40 m l\u00e5ngt och 1,70 m h\u00f6gt och det var gjort av stock, str\u00e4vor och br\u00e4der.<\/p>\n<p>Hela f\u00f6rs\u00e4kringsbeloppet uppgick till 21\u00a0720 mark och den \u00e5rliga intr\u00e4desavgiften eller premien ber\u00e4knades till 165 mark. Premien h\u00f6jdes fr\u00e5n det normala, till exempel byggnaden nr 1 h\u00f6jdes med 20 % eftersom den var byggd i tv\u00e5 v\u00e5ningar och med ytterligare 30 % d\u00e5 den var ihop byggd med nr 2. Premien f\u00f6r uthuset nr 2 h\u00f6jdes med 40 % eftersom det var ihop byggt med nr 1 och 3.<\/p>\n<p>Br\u00f6derna Remahl uppgav att p\u00e5 deras tomt fanns det inga brandfarliga inr\u00e4ttningar och inte i grannskapet heller. N\u00e5gon tr\u00e4dg\u00e5rd med tr\u00e4d finns inte men alla granntomter hade h\u00f6ga lummiga l\u00f6vtr\u00e4d, som kan hindra en eventuell brand fr\u00e5n att sprida sig. I R\u00e5dhus esplanaden \u201dfinnes delvis h\u00f6ga lummiga l\u00f6ftr\u00e4d\u201d.<\/p>\n<p>Brandstodsbolagets lokala agent, sj\u00f6kapten Wilhelm Hagen rapporterade att gamla huvudbyggnaden har rustats upp med nytt tak av j\u00e4rnpl\u00e5t, nya f\u00f6nster och d\u00f6rrar och mycket till. Huset nr 4, som \u201dst\u00e5r p\u00e5 en h\u00f6g stenfot, omsorgsfullt uppf\u00f6rdt, tidsenligt och propert inredt och af goda materialer\u201d.<\/p>\n<figure id=\"attachment_26381\" aria-describedby=\"caption-attachment-26381\" style=\"width: 1078px\" class=\"wp-caption alignnone\"><img loading=\"lazy\" decoding=\"async\" class=\"size-full wp-image-26381\" src=\"https:\/\/www.kristinestadshistoria.fi\/wp-content\/uploads\/2023\/05\/Tomtkarta-1900-stor.jpg\" alt=\"\" width=\"1078\" height=\"1673\" srcset=\"https:\/\/www.kristinestadshistoria.fi\/wp-content\/uploads\/2023\/05\/Tomtkarta-1900-stor.jpg 1078w, https:\/\/www.kristinestadshistoria.fi\/wp-content\/uploads\/2023\/05\/Tomtkarta-1900-stor-193x300.jpg 193w, https:\/\/www.kristinestadshistoria.fi\/wp-content\/uploads\/2023\/05\/Tomtkarta-1900-stor-660x1024.jpg 660w, https:\/\/www.kristinestadshistoria.fi\/wp-content\/uploads\/2023\/05\/Tomtkarta-1900-stor-768x1192.jpg 768w, https:\/\/www.kristinestadshistoria.fi\/wp-content\/uploads\/2023\/05\/Tomtkarta-1900-stor-990x1536.jpg 990w\" sizes=\"auto, (max-width: 1078px) 100vw, 1078px\" \/><figcaption id=\"caption-attachment-26381\" class=\"wp-caption-text\">S\u00e5 h\u00e4r s\u00e5g hela planteckningen ut som br\u00f6derna Remahl l\u00e4t rita upp, d\u00e5 de skulle teckna en ny brandf\u00f6rs\u00e4kring \u00e5r 1900. G\u00e5rden nr 4 st\u00e5r fortfarande kvar medan de \u00f6vriga byggnaderna \u00e4r bortrivna.<\/figcaption><\/figure>\n<h2><strong>Brandf\u00f6rs\u00e4kringen \u00e5r 1910<\/strong><\/h2>\n<p>\u00c5r 1910 hade g\u00e5rden \u00f6vertagits av f\u00f6rs\u00e4kringsinspekt\u00f6r Johannes Rosenback och den 6 december tecknade han en ny brandf\u00f6rs\u00e4kring, eftersom han hade gjort vissa f\u00f6rb\u00e4ttringar och p\u00e5 grund av de stigande kostnaderna hade byggnaderna f\u00e5tt ett h\u00f6gre v\u00e4rde.<\/p>\n<p>Johannes ville f\u00f6rs\u00e4kra alla 4 byggnader p\u00e5 tomten:<\/p>\n<p><strong>Byggnad nr 1<\/strong>, inga st\u00f6rre f\u00f6r\u00e4ndringar och den f\u00f6rs\u00e4krades f\u00f6r 10\u00a0000 mark.<\/p>\n<p><strong>Byggnad nr 2<\/strong> hade nu f\u00e5tt ett tak av j\u00e4rnpl\u00e5t och det f\u00f6rs\u00e4krades f\u00f6r 1\u00a0000 mark.<\/p>\n<p><strong>Byggnad nr 3<\/strong>, inga st\u00f6rre f\u00f6r\u00e4ndringar och den f\u00f6rs\u00e4krades f\u00f6r 1\u00a0000 mark.<\/p>\n<p><strong>Byggnad nr 4<\/strong> hade nu f\u00e5tt br\u00e4dfodring, som m\u00e5lats med oljef\u00e4rg och byggnaden f\u00f6rs\u00e4krades f\u00f6r 20\u00a0000 mark.<\/p>\n<p>Ink\u00f6rsporten och planket f\u00f6rs\u00e4krades f\u00f6r 300 mark tillsammans.<\/p>\n<p>Hela f\u00f6rs\u00e4kringsbeloppet uppgick till 32\u00a0300 mark och den \u00e5rliga f\u00f6rs\u00e4kringspremien ber\u00e4knades till 222 mark.<\/p>\n<figure id=\"attachment_27010\" aria-describedby=\"caption-attachment-27010\" style=\"width: 597px\" class=\"wp-caption alignnone\"><img loading=\"lazy\" decoding=\"async\" class=\"size-full wp-image-27010\" src=\"https:\/\/www.kristinestadshistoria.fi\/wp-content\/uploads\/2023\/08\/Tomtkarta-1910.jpg\" alt=\"\" width=\"597\" height=\"1008\" srcset=\"https:\/\/www.kristinestadshistoria.fi\/wp-content\/uploads\/2023\/08\/Tomtkarta-1910.jpg 597w, https:\/\/www.kristinestadshistoria.fi\/wp-content\/uploads\/2023\/08\/Tomtkarta-1910-178x300.jpg 178w\" sizes=\"auto, (max-width: 597px) 100vw, 597px\" \/><figcaption id=\"caption-attachment-27010\" class=\"wp-caption-text\">D\u00e5 f\u00f6rs\u00e4kringsinspekt\u00f6ren Johannes Rosenback tecknade en ny brandf\u00f6rs\u00e4kring \u00e5r 1910, s\u00e5 bifogade han denna planteckning till f\u00f6rs\u00e4kringsbrevet. I nedre kanten hans namnteckning p\u00e5 f\u00f6rs\u00e4kringsbrevet.<\/figcaption><\/figure>\n","protected":false},"excerpt":{"rendered":"<p>Sammanst\u00e4llt av Lasse Backlund i maj 2023. Uppgifterna \u00e4r tagna ur gamla f\u00f6rs\u00e4kringsbrev, som finns p\u00e5 Riksarkivet. Brandf\u00f6rs\u00e4kringen \u00e5r 1860. \u00c5r 1832 bildades \u201dAllm\u00e4nna Brandstodsbolaget i Finland\u201d i Helsingfors och i juni \u00e5r 1860 f\u00f6rs\u00e4krade kofferdiskeppare\u00e4nkan Fredrika Kristina Bostr\u00f6m sin <a class=\"more-link\" href=\"https:\/\/www.kristinestadshistoria.fi\/?page_id=26375\">Forts\u00e4tt l\u00e4sa <span class=\"screen-reader-text\">  Den f\u00f6rs\u00e4krade g\u00e5rden p\u00e5 tomt nr 163<\/span><span class=\"meta-nav\">&rarr;<\/span><\/a><\/p>\n","protected":false},"author":1,"featured_media":0,"parent":26362,"menu_order":10,"comment_status":"closed","ping_status":"closed","template":"","meta":{"footnotes":""},"class_list":["post-26375","page","type-page","status-publish","hentry"],"_links":{"self":[{"href":"https:\/\/www.kristinestadshistoria.fi\/index.php?rest_route=\/wp\/v2\/pages\/26375","targetHints":{"allow":["GET"]}}],"collection":[{"href":"https:\/\/www.kristinestadshistoria.fi\/index.php?rest_route=\/wp\/v2\/pages"}],"about":[{"href":"https:\/\/www.kristinestadshistoria.fi\/index.php?rest_route=\/wp\/v2\/types\/page"}],"author":[{"embeddable":true,"href":"https:\/\/www.kristinestadshistoria.fi\/index.php?rest_route=\/wp\/v2\/users\/1"}],"replies":[{"embeddable":true,"href":"https:\/\/www.kristinestadshistoria.fi\/index.php?rest_route=%2Fwp%2Fv2%2Fcomments&post=26375"}],"version-history":[{"count":8,"href":"https:\/\/www.kristinestadshistoria.fi\/index.php?rest_route=\/wp\/v2\/pages\/26375\/revisions"}],"predecessor-version":[{"id":27011,"href":"https:\/\/www.kristinestadshistoria.fi\/index.php?rest_route=\/wp\/v2\/pages\/26375\/revisions\/27011"}],"up":[{"embeddable":true,"href":"https:\/\/www.kristinestadshistoria.fi\/index.php?rest_route=\/wp\/v2\/pages\/26362"}],"wp:attachment":[{"href":"https:\/\/www.kristinestadshistoria.fi\/index.php?rest_route=%2Fwp%2Fv2%2Fmedia&parent=26375"}],"curies":[{"name":"wp","href":"https:\/\/api.w.org\/{rel}","templated":true}]}}