{"id":26358,"date":"2023-05-30T23:39:29","date_gmt":"2023-05-30T20:39:29","guid":{"rendered":"https:\/\/www.kristinestadshistoria.fi\/?page_id=26358"},"modified":"2023-06-11T00:33:52","modified_gmt":"2023-06-10T21:33:52","slug":"kyrkogatan","status":"publish","type":"page","link":"https:\/\/www.kristinestadshistoria.fi\/?page_id=26358","title":{"rendered":"Kyrkogatans g\u00e5rdar"},"content":{"rendered":"<p>Kyrkogatan \u00e4r endast 100 meter l\u00e5ng och \u00e4r s\u00e5ledes av av stadens kortaste gator. Den fanns med i den f\u00f6rsta stadsplanen fr\u00e5n 1651 och b\u00f6rjade redan d\u00e5 p\u00e5 Kyrkotorget och gick upp till V\u00e4stra L\u00e5nggatan. \u00c5r 1981 lades de nuvarande kullerstenarna och det \u00e4r stadens enda kullerstensgata. Endast ett f\u00e5tal g\u00e5rdar har adressen p\u00e5 Kyrkogatan.<\/p>\n<h4><a href=\"https:\/\/www.kristinestadshistoria.fi\/?page_id=26362\"><strong>-4 Snickare Bostr\u00f6m och br\u00f6derna Remahls g\u00e5rdar<\/strong><\/a><\/h4>\n","protected":false},"excerpt":{"rendered":"<p>Kyrkogatan \u00e4r endast 100 meter l\u00e5ng och \u00e4r s\u00e5ledes av av stadens kortaste gator. Den fanns med i den f\u00f6rsta stadsplanen fr\u00e5n 1651 och b\u00f6rjade redan d\u00e5 p\u00e5 Kyrkotorget och gick upp till V\u00e4stra L\u00e5nggatan. \u00c5r 1981 lades de nuvarande <a class=\"more-link\" href=\"https:\/\/www.kristinestadshistoria.fi\/?page_id=26358\">Forts\u00e4tt l\u00e4sa <span class=\"screen-reader-text\">  Kyrkogatans g\u00e5rdar<\/span><span class=\"meta-nav\">&rarr;<\/span><\/a><\/p>\n","protected":false},"author":1,"featured_media":0,"parent":18571,"menu_order":6,"comment_status":"closed","ping_status":"closed","template":"","meta":{"footnotes":""},"class_list":["post-26358","page","type-page","status-publish","hentry"],"_links":{"self":[{"href":"https:\/\/www.kristinestadshistoria.fi\/index.php?rest_route=\/wp\/v2\/pages\/26358","targetHints":{"allow":["GET"]}}],"collection":[{"href":"https:\/\/www.kristinestadshistoria.fi\/index.php?rest_route=\/wp\/v2\/pages"}],"about":[{"href":"https:\/\/www.kristinestadshistoria.fi\/index.php?rest_route=\/wp\/v2\/types\/page"}],"author":[{"embeddable":true,"href":"https:\/\/www.kristinestadshistoria.fi\/index.php?rest_route=\/wp\/v2\/users\/1"}],"replies":[{"embeddable":true,"href":"https:\/\/www.kristinestadshistoria.fi\/index.php?rest_route=%2Fwp%2Fv2%2Fcomments&post=26358"}],"version-history":[{"count":6,"href":"https:\/\/www.kristinestadshistoria.fi\/index.php?rest_route=\/wp\/v2\/pages\/26358\/revisions"}],"predecessor-version":[{"id":26528,"href":"https:\/\/www.kristinestadshistoria.fi\/index.php?rest_route=\/wp\/v2\/pages\/26358\/revisions\/26528"}],"up":[{"embeddable":true,"href":"https:\/\/www.kristinestadshistoria.fi\/index.php?rest_route=\/wp\/v2\/pages\/18571"}],"wp:attachment":[{"href":"https:\/\/www.kristinestadshistoria.fi\/index.php?rest_route=%2Fwp%2Fv2%2Fmedia&parent=26358"}],"curies":[{"name":"wp","href":"https:\/\/api.w.org\/{rel}","templated":true}]}}