{"id":26344,"date":"2023-05-28T10:53:56","date_gmt":"2023-05-28T07:53:56","guid":{"rendered":"https:\/\/www.kristinestadshistoria.fi\/?page_id=26344"},"modified":"2025-03-19T23:56:03","modified_gmt":"2025-03-19T21:56:03","slug":"26344-2","status":"publish","type":"page","link":"https:\/\/www.kristinestadshistoria.fi\/?page_id=26344","title":{"rendered":"Den f\u00f6rs\u00e4krade g\u00e5rden p\u00e5 tomt nr 94"},"content":{"rendered":"<p><span style=\"color: #000080;\"><strong>Sammanst\u00e4llt av Lasse Backlund. Uppgifterna \u00e4r tagna ur gamla f\u00f6rs\u00e4kringsbrev, som finns p\u00e5 Riksarkivet.<\/strong><\/span><\/p>\n<h2><strong>Brandf\u00f6rs\u00e4kringen \u00e5r 1834.<\/strong><\/h2>\n<p>\u00c5r 1832 bildades \u201dAllm\u00e4nna Brandstodsbolaget i Finland\u201d i Helsingfors och redan \u00e5r 1834 f\u00f6rs\u00e4krade r\u00e5dmans\u00e4nkan Anna Holmstr\u00f6m sin g\u00e5rd p\u00e5 Strandgatan 51. Hon var \u00e4nka efter handlanden och r\u00e5dmannen Anders Holmstr\u00f6m. F\u00f6rs\u00e4kringsans\u00f6kan skulle g\u00f6ras till bolaget och hon uppgav d\u00e5 att p\u00e5 tomten fanns det 2 brandstegar, 2 brandhakar, 2 handsprutor, 2 svabbar och 2 l\u00e4der\u00e4mbare. P\u00e5 tomten fanns en brunn med vatten, som kunde anv\u00e4ndas vid en eventuell eldsv\u00e5da. Vid behov fanns det mer vatten i Stadsfj\u00e4rden, s\u00e5 l\u00e5g 124 alnar (75 m) fr\u00e5n g\u00e5rden.<\/p>\n<figure id=\"attachment_26349\" aria-describedby=\"caption-attachment-26349\" style=\"width: 1093px\" class=\"wp-caption alignnone\"><img loading=\"lazy\" decoding=\"async\" class=\"size-full wp-image-26349\" src=\"https:\/\/www.kristinestadshistoria.fi\/wp-content\/uploads\/2023\/05\/Tomtkarta-1834-liten-1.jpg\" alt=\"\" width=\"1093\" height=\"798\" srcset=\"https:\/\/www.kristinestadshistoria.fi\/wp-content\/uploads\/2023\/05\/Tomtkarta-1834-liten-1.jpg 1093w, https:\/\/www.kristinestadshistoria.fi\/wp-content\/uploads\/2023\/05\/Tomtkarta-1834-liten-1-300x219.jpg 300w, https:\/\/www.kristinestadshistoria.fi\/wp-content\/uploads\/2023\/05\/Tomtkarta-1834-liten-1-1024x748.jpg 1024w, https:\/\/www.kristinestadshistoria.fi\/wp-content\/uploads\/2023\/05\/Tomtkarta-1834-liten-1-768x561.jpg 768w\" sizes=\"auto, (max-width: 1093px) 100vw, 1093px\" \/><figcaption id=\"caption-attachment-26349\" class=\"wp-caption-text\">D\u00e5 r\u00e5dmans\u00e4nkan Anna Holmstr\u00f6m \u00e5r 1834 brandf\u00f6rs\u00e4krade sin g\u00e5rd och alla byggnader, s\u00e5 var de placerade enligt den renritade planteckningen. Inf\u00e4llt i nedre kanten \u00e4nkans namnteckning fr\u00e5n f\u00f6rs\u00e4kringsbrevet.<\/figcaption><\/figure>\n<p>I ans\u00f6kan meddelade hon att tomten var 3 950 kvadratalnar, allts\u00e5 1390 m\u00b2. Hon uppgav att det p\u00e5 tomten fanns 7 byggnader som alla skulle f\u00f6rs\u00e4kras mot eldskada, n\u00e4mligen:<\/p>\n<h5><strong>Byggnad nr 1:<\/strong><\/h5>\n<p>En tr\u00e4byggnad byggt av nytt furutimmer \u00e5r 1778 i tv\u00e5 v\u00e5ningar. Den blev br\u00e4dfodrad \u00e5r 1790 och m\u00e5lad med r\u00f6d f\u00e4rg. I nedre v\u00e5ningen fanns det 6 rum, n\u00e4mligen en f\u00f6rstuga, en sal, 2 kammare och en salubod med sammanlagt 3 kakelugnar. I k\u00f6ket fanns det en k\u00f6ksspis med en stekugn. I den \u00f6vre v\u00e5ningen fanns det ocks\u00e5 6 rum i stort sett likadana som i nedre v\u00e5ningen.<\/p>\n<p>Byggnaden hade en h\u00f6jd om 18 \u00bd alnar och l\u00e4ngden var 29 \u00bd alnar (17,7 m). Taket var gjort av br\u00e4der och stenfoten var 1 aln h\u00f6g.<\/p>\n<p>Som brukligt var s\u00e5 f\u00f6rs\u00e4krades alla byggnadsdetaljer skilt f\u00f6r sig. Till exempel stenfoten var brandf\u00f6rs\u00e4krad till 100 rubel, stommen till 830 rubel, vattentaket till 467 och alla innertak till 457 rubel totalt. 13 panelade, oljem\u00e5lade f\u00f6nsterlufter i halvvitt glas f\u00f6rs\u00e4krades f\u00f6r 15 rubel per styck medan de mindre vindf\u00f6nstren v\u00e4rdeerades till 10. I sju rum fanns det vattenf\u00e4rgade tapeter och i \u00f6vre v\u00e5ningen fanns det ett rum med oljem\u00e5lade tapeter. Den fasta inredningen i saluboden kunde f\u00f6rs\u00e4kras men inte n\u00e5gon l\u00f6segendom.<\/p>\n<p>\u00c4nkan Holmstr\u00f6m ville att byggnaden skulle f\u00f6rs\u00e4kras f\u00f6r 4\u00a0509 rubel men den lokala brandstodskommitt\u00e9n godk\u00e4nde endast 4\u00a0100 rubel.<\/p>\n<h5><strong>Byggnad nr 2:<\/strong><\/h5>\n<p>En bagarstuga i gott skick, byggt av nytt furutimmer \u00e5r 1814 i en v\u00e5ning. Den var inte br\u00e4dfodrad men r\u00f6dm\u00e5lad och d\u00e4r fanns tre rum, n\u00e4mligen tv\u00e5 stugor och en kammare. I dessa rum fanns det tv\u00e5 kakelugnar och en spis med bakugn. Huset var 23 alnar (13,8 m) l\u00e5ngt och 10 alnar h\u00f6gt, allts\u00e5 6 meter. Taket var gjort av n\u00e4ver och hade en stenfot som var en aln h\u00f6g.<\/p>\n<p>Den h\u00e4r byggnaden f\u00f6rs\u00e4krades f\u00f6r 1\u00a0200 rubel.<\/p>\n<h5><strong>Byggnad nr 3:<\/strong><\/h5>\n<p>En uthusbyggnad uppf\u00f6rd av nytt grantimmer \u00e5r 1813, i gott skick. Den var byggd i en v\u00e5ning och d\u00e4r fanns ett stall och ett vedlider. Uthuset var 23 alnar (14 m) l\u00e5ngt och hade taket lagt med br\u00e4der.<\/p>\n<p>Byggnaden f\u00f6rs\u00e4krades f\u00f6r 650 rubel.<\/p>\n<h5><strong>Byggnad nr 4:<\/strong><\/h5>\n<p>Ett stall byggt av nytt grantimmer \u00e5r 1815, inte br\u00e4dfodrat men m\u00e5lat med r\u00f6d f\u00e4rg. Det var 12 alnar (7 m) l\u00e5ngt och hade ett tak av br\u00e4der.<\/p>\n<p>Stallet f\u00f6rs\u00e4krades f\u00f6r 300 rubel.<\/p>\n<h5><strong>Byggnad nr 5:<\/strong><\/h5>\n<p>En ladug\u00e5rdsbyggnad i gott skick, uppf\u00f6rd av nytt grantimmer \u00e5r 1814. Den var inte br\u00e4dfodrad men nog r\u00f6dm\u00e5lad och d\u00e4r fanns 4 rum, n\u00e4mligen en f\u00f6rstuga med f\u00e4hus, foderlada och ett spillningshus. Ladug\u00e5rdens l\u00e4ngd var 26 alnar (15,6 m), hade tak av n\u00e4ver och grunden var gjord av grundstenar.<\/p>\n<p>Ladug\u00e5rden f\u00f6rs\u00e4krades f\u00f6r 500 rubel.<\/p>\n<h5><strong>Byggnad nr 6: <\/strong><\/h5>\n<p>Ett magasin byggt av nytt furu- och grantimmer \u00e5r 1814, i gott skick. Det hade endast ett rum och var 8 \u00bc alnar l\u00e5ngt (5 m). Taket var lagt med n\u00e4ver, stenfoten var h\u00f6g och under byggnaden fanns det en v\u00e4lvd k\u00e4llare och till det fanns det tv\u00e5 d\u00f6rrar, som b\u00e5da var gjorda av tr\u00e4.<\/p>\n<p>Magasinet f\u00f6rs\u00e4krades f\u00f6r 900 rubel.<\/p>\n<h5><strong>Byggnad nr 7:<\/strong><\/h5>\n<p>Ett uthus uppf\u00f6rt av nytt grantimmer \u00e5r 1813, i gott skick, inte br\u00e4dfodrat men nog r\u00f6dm\u00e5lat. D\u00e4r fanns tre rum, n\u00e4mligen ett vagnslider, en f\u00f6rstuga och en badstuga. I badstugan fanns det en bakstugu-ugn. Byggnadens l\u00e4ngd var 22 \u00bc alnar (13,3 m), taket var lagt med br\u00e4der och byggnaden saknade stenfot.<\/p>\n<p>Uthuset f\u00f6rs\u00e4krades f\u00f6r 500 rubel.<\/p>\n<p>F\u00f6rutom dessa sju byggnader s\u00e5 f\u00f6rs\u00e4krades den \u00f6verbyggda ink\u00f6rsporten och g\u00e5ngporten mot \u00d6stra L\u00e5nggatan f\u00f6r 100 rubel medan den mindre ink\u00f6rsporten fr\u00e5n Strandgatan f\u00f6rs\u00e4krades f\u00f6r 20 mark. Ett tr\u00e4dg\u00e5rdsstaket p\u00e5 g\u00e5rden f\u00f6rs\u00e4krades f\u00f6r 30 rubel, det var 28 alnar l\u00e5ng och 2 \u00bc alnar h\u00f6gt (1,35 m).<\/p>\n<p>Hel brandf\u00f6rs\u00e4kringen uppgick till 8\u00a0300 rubel och den \u00e5rliga intr\u00e4desavgiften ber\u00e4knades till 85 rubel 91 kopek.<\/p>\n<p>Anna Holmstr\u00f6m uppgav att det inte fanns n\u00e5gra of\u00f6rs\u00e4krade byggnader p\u00e5 hennes tomt och n\u00e5gra eldfarliga inr\u00e4ttningar fanns det inte heller p\u00e5 tomten eller i dess n\u00e4rhet.<\/p>\n<p>Vart femte \u00e5r skulle byggnaderna och brandredskapen granskas och \u00e5r 1840 gjordes den f\u00f6rsta. G\u00e5rden hade d\u00e5 \u00f6vertagits av handlanden Carl Magnus Ridderstad och inga anm\u00e4rkningar gjordes. \u00c5r 1846 gjordes f\u00f6ljande granskning med samma goda resultat.<\/p>\n<p>\u00c5r 1851 gjordes en granskning och g\u00e5rden \u00e4gdes d\u00e5 av handlanden, herr Gustaf Ferdinand B\u00e4ckstr\u00f6m. Granskningen utf\u00f6rdes av handlandena E. N. Sundman och Robert Uggla och allting var i skick.<\/p>\n<p>\u00c5r 1856 gjordes en grundlig genom av byggnaderna och premierna korrigerades ned\u00e5t, f\u00f6r att byggnaderna skulle f\u00e5 de r\u00e4tta v\u00e4rdena. S\u00e5 gott som alla byggnader hade f\u00f6rfallit och f\u00f6rs\u00e4kringsv\u00e4rdet sj\u00f6nk d\u00e4rf\u00f6r men d\u00e5varande \u00e4garen Wilhelm Holmudd godk\u00e4nde s\u00e4nkningarna.<\/p>\n<h2><strong>Branden 14 januari 1859.<\/strong><\/h2>\n<p>Natten mot den 14 januari utbr\u00f6t en brand p\u00e5 \u00d6stra L\u00e5nggatan 53 och denna spred sig s\u00f6derut och mot \u00f6ster och f\u00f6rst\u00f6rde mer \u00e4n 20 g\u00e5rdar. Samtliga uthusbyggnader p\u00e5 Wilhelm Holmudds g\u00e5rd f\u00f6rst\u00f6rdes helt medan huvudbyggnaden nere vid Strandgatan kunde r\u00e4ddas. De h\u00e4r byggnaderna var d\u00e5 f\u00f6rs\u00e4krade f\u00f6r 732 rubel och eftersom skadan var total, s\u00e5 betalades den ers\u00e4ttningen ut.<\/p>\n<h2><strong>Brandf\u00f6rs\u00e4kringen \u00e5r 1906.<\/strong><\/h2>\n<p>I oktober \u00e5r 1906 tecknade den d\u00e5varande \u00e4garen, handlanden Wilhelm Holmudd en ny brandf\u00f6rs\u00e4kring eftersom f\u00f6rb\u00e4ttringar hade gjorts p\u00e5 huvudbyggnaden. Den st\u00f6rsta f\u00f6rb\u00e4ttringen var att byggnaden nu hade f\u00e5tt ett tak av j\u00e4rnpl\u00e5t. Ett par andra byggnaderna hade ocks\u00e5 uppf\u00f6rts efter branden 1859 men dessa l\u00e4mnades of\u00f6rs\u00e4krade.<\/p>\n<p>Handlande Holmudd uppgav att tomten var 1\u00a0390 m\u00b2 stor, avst\u00e5ndet till Stadsfj\u00e4rden var 65 m, det fanns en bra brunn p\u00e5 g\u00e5rden och att alla n\u00f6dv\u00e4ndiga brandredskap var m\u00e4rkta med tomtens nummer.<\/p>\n<figure id=\"attachment_26350\" aria-describedby=\"caption-attachment-26350\" style=\"width: 2560px\" class=\"wp-caption alignnone\"><img loading=\"lazy\" decoding=\"async\" class=\"size-full wp-image-26350\" src=\"https:\/\/www.kristinestadshistoria.fi\/wp-content\/uploads\/2023\/05\/Tomtkarta-1906-liten-scaled.jpg\" alt=\"\" width=\"2560\" height=\"1062\" srcset=\"https:\/\/www.kristinestadshistoria.fi\/wp-content\/uploads\/2023\/05\/Tomtkarta-1906-liten-scaled.jpg 2560w, https:\/\/www.kristinestadshistoria.fi\/wp-content\/uploads\/2023\/05\/Tomtkarta-1906-liten-300x124.jpg 300w, https:\/\/www.kristinestadshistoria.fi\/wp-content\/uploads\/2023\/05\/Tomtkarta-1906-liten-1024x425.jpg 1024w, https:\/\/www.kristinestadshistoria.fi\/wp-content\/uploads\/2023\/05\/Tomtkarta-1906-liten-768x318.jpg 768w, https:\/\/www.kristinestadshistoria.fi\/wp-content\/uploads\/2023\/05\/Tomtkarta-1906-liten-1536x637.jpg 1536w, https:\/\/www.kristinestadshistoria.fi\/wp-content\/uploads\/2023\/05\/Tomtkarta-1906-liten-2048x849.jpg 2048w\" sizes=\"auto, (max-width: 2560px) 100vw, 2560px\" \/><figcaption id=\"caption-attachment-26350\" class=\"wp-caption-text\">Stadsbranden \u00e5r 1859 f\u00f6rst\u00f6rde alla byggnader p\u00e5 tomt nr 94 utom sj\u00e4lva huvudbyggnaden vid Strandgatan. \u00c4garen Wilhelm Holmudd uppf\u00f6rde efter det ett par uthusbyggnader men som dock l\u00e4mnades of\u00f6rs\u00e4krade d\u00e5 han \u00e5r 1906 tecknade en brandf\u00f6rs\u00e4kring.<\/figcaption><\/figure>\n<h5><strong>Huvudbyggnaden nr 1:<\/strong><\/h5>\n<p>Ett boningshus av timmer i gott skick, uppf\u00f6rt i tv\u00e5 v\u00e5ningar \u00e5r 1778, br\u00e4dfodrat och m\u00e5lat med kompositionsf\u00e4rg och hade nu ett tak av j\u00e4rnpl\u00e5t. Byggnaden var 17 m l\u00e5ng och 9 m bred och fr\u00e5n marken till takkammen var det 8,78 m. I nedre v\u00e5ningen fanns det f\u00f6rutom f\u00f6rstugan fem boningsrum och i dessa rum fanns det fyra kakelugnar och en k\u00f6ksh\u00e4llspis. I \u00f6vre v\u00e5ningen fanns det ocks\u00e5 fem rum med lika m\u00e5nga eldst\u00e4der.<\/p>\n<p>Hela byggnaden f\u00f6rs\u00e4krades f\u00f6r 10\u00a0000 mark och den \u00e5rliga intr\u00e4desavgiften eller premien ber\u00e4knades till 85 mark. Premien f\u00f6r huvudbyggnaden h\u00f6jdes med 20 % eftersom den var byggd i tv\u00e5 v\u00e5ningar.<\/p>\n<p>Byggnad nr 2, som var uppf\u00f6rd av korsvirke och br\u00e4der l\u00e4mnades utan f\u00f6rs\u00e4kring, liksom byggnaden nr 3, som var uppf\u00f6rd av stock.<\/p>\n<p>D\u00e4remot f\u00f6rs\u00e4krades den m\u00e5lade ink\u00f6rsporten mot Strandgatan f\u00f6r 100 mark. Den var byggd av stockar och br\u00e4der och i f\u00f6rs\u00e4kringen ingick g\u00e5ngj\u00e4rn och reglar.<\/p>\n<p>Ett m\u00e5lat plank f\u00f6rs\u00e4krades ocks\u00e5 f\u00f6r 100 mark och det var 27 m l\u00e5ng och 2 m h\u00f6gt.<\/p>\n<p>Hela f\u00f6rs\u00e4kringsbeloppet uppgick allts\u00e5 till 10\u00a0200 mark. Holmudd uppgav att det p\u00e5 hans tomt inte fanns n\u00e5gra eldfarliga inr\u00e4ttningar och s\u00e5dana fanns inte i grannskapet heller. N\u00e5gon tr\u00e4dg\u00e5rd fanns inte p\u00e5 tomten och inga skyddande, lummiga l\u00f6vtr\u00e4d heller.<\/p>\n<p>Brandstodsbolagets lokala agent, sj\u00f6kapten Wilhelm Hagen skrev i sin rapport att huvudbyggnaden nr 1 \u00e4r uppf\u00f6rd i strid med den nya byggnadsordningen, som inte till\u00e5ter boningshus i tv\u00e5 v\u00e5ningar uppf\u00f6rda av tr\u00e4.<\/p>\n<figure id=\"attachment_26351\" aria-describedby=\"caption-attachment-26351\" style=\"width: 1162px\" class=\"wp-caption alignnone\"><img loading=\"lazy\" decoding=\"async\" class=\"size-full wp-image-26351\" src=\"https:\/\/www.kristinestadshistoria.fi\/wp-content\/uploads\/2023\/05\/Tomtkarta-1906-original.jpg\" alt=\"\" width=\"1162\" height=\"2292\" srcset=\"https:\/\/www.kristinestadshistoria.fi\/wp-content\/uploads\/2023\/05\/Tomtkarta-1906-original.jpg 1162w, https:\/\/www.kristinestadshistoria.fi\/wp-content\/uploads\/2023\/05\/Tomtkarta-1906-original-152x300.jpg 152w, https:\/\/www.kristinestadshistoria.fi\/wp-content\/uploads\/2023\/05\/Tomtkarta-1906-original-519x1024.jpg 519w, https:\/\/www.kristinestadshistoria.fi\/wp-content\/uploads\/2023\/05\/Tomtkarta-1906-original-768x1515.jpg 768w, https:\/\/www.kristinestadshistoria.fi\/wp-content\/uploads\/2023\/05\/Tomtkarta-1906-original-779x1536.jpg 779w, https:\/\/www.kristinestadshistoria.fi\/wp-content\/uploads\/2023\/05\/Tomtkarta-1906-original-1038x2048.jpg 1038w\" sizes=\"auto, (max-width: 1162px) 100vw, 1162px\" \/><figcaption id=\"caption-attachment-26351\" class=\"wp-caption-text\">S\u00e5 h\u00e4r s\u00e5g den planteckning ut som handlande Wilhelm Holmudd l\u00e4t rita upp d\u00e5 han \u00e5r 1906 tecknade en ny brandf\u00f6rs\u00e4kring p\u00e5 sin g\u00e5rd.<\/figcaption><\/figure>\n<figure id=\"attachment_26353\" aria-describedby=\"caption-attachment-26353\" style=\"width: 1393px\" class=\"wp-caption alignnone\"><img loading=\"lazy\" decoding=\"async\" class=\"size-full wp-image-26353\" src=\"https:\/\/www.kristinestadshistoria.fi\/wp-content\/uploads\/2023\/05\/Tomtkarta-1906-Holmudds-namn.jpg\" alt=\"\" width=\"1393\" height=\"351\" srcset=\"https:\/\/www.kristinestadshistoria.fi\/wp-content\/uploads\/2023\/05\/Tomtkarta-1906-Holmudds-namn.jpg 1393w, https:\/\/www.kristinestadshistoria.fi\/wp-content\/uploads\/2023\/05\/Tomtkarta-1906-Holmudds-namn-300x76.jpg 300w, https:\/\/www.kristinestadshistoria.fi\/wp-content\/uploads\/2023\/05\/Tomtkarta-1906-Holmudds-namn-1024x258.jpg 1024w, https:\/\/www.kristinestadshistoria.fi\/wp-content\/uploads\/2023\/05\/Tomtkarta-1906-Holmudds-namn-768x194.jpg 768w\" sizes=\"auto, (max-width: 1393px) 100vw, 1393px\" \/><figcaption id=\"caption-attachment-26353\" class=\"wp-caption-text\">Brandf\u00f6rs\u00e4kringen den 23 oktober 1906 undertecknades med namnet J Wilh Holmudd, Handlande<\/figcaption><\/figure>\n<h3><strong>Brandf\u00f6rs\u00e4kringen \u00e5r 1916<\/strong><\/h3>\n<p>I augusti 1916 tecknade Holmudds arvingar en ny brandf\u00f6rs\u00e4kring p\u00e5 de tre byggnaderna, eftersom de genom kostnadsstegringar hade f\u00e5tt h\u00f6gre v\u00e4rde. Huvudbyggnaden nr 1 f\u00f6rs\u00e4krades f\u00f6r 15 000 mark medan uthuset nr 2 f\u00f6rs\u00e4krades f\u00f6r 800 mark. Det var uppf\u00f6rt \u00e5r 1880 av br\u00e4der och korsvirke och d\u00e4r fanns magasin, vedlider och ett avtr\u00e4de. I den \u00f6stra \u00e4ndan fanns en v\u00e4lvd stenk\u00e4llare. Uthuset nr 3 f\u00f6rs\u00e4krades ocks\u00e5 f\u00f6r 800 mark och d\u00e4r fanns f\u00e4hus, foderlada och spillningskast.<\/p>\n<p>De tre byggnaderna, planket och ink\u00f6rsporten f\u00f6rs\u00e4krades f\u00f6r totalt 16 850 mark.<\/p>\n<h3><strong>Brandf\u00f6rs\u00e4kringen \u00e5r 1920<\/strong><\/h3>\n<p><strong>\u00c5r 1920, den 22 mar<\/strong>s tecknade g\u00e5rds\u00e4garen, handlande Anna Wiik en ny brandf\u00f6rs\u00e4kring p\u00e5 de tre byggnaderna:<\/p>\n<p>-Bostadsbyggnaden nr 1 var uppf\u00f6rd \u00e5r 1778 och den f\u00f6rs\u00e4krades f\u00f6r 28 900 mark.<\/p>\n<p>-Uthusbyggnaden nr 2 var uppf\u00f6rd av korsvirke och br\u00e4der \u00e5r 1880 och den f\u00f6rs\u00e4krades f\u00f6r 2 300 mark. Den inneh\u00f6ll ett vedlider, magasin och ett avtr\u00e4de. Under den \u00f6stra \u00e4ndan fanns en v\u00e4lvd k\u00e4llare som var 3 meter l\u00e5ng och 2 meter bred.<\/p>\n<p>-Uthusbyggnaden nr 3 var byggd av stock, delvis av br\u00e4der och det var uppf\u00f6rt \u00e5r 1870. I byggnaden fanns foderlada, f\u00e4hus och spillningskast.<\/p>\n<p>F\u00f6rutom dessa tre byggnader s\u00e5 f\u00f6rs\u00e4krades det tv\u00e5 meter planket f\u00f6r 300 mark, ink\u00f6rsporten f\u00f6r 200 och staketet 1,5 meter h\u00f6gt runt tr\u00e4dg\u00e5rden f\u00f6r 100 mark.<\/p>\n<p>Alltsammans f\u00f6r 33 000 mark.<\/p>\n<p>&nbsp;<\/p>\n<p>&nbsp;<\/p>\n","protected":false},"excerpt":{"rendered":"<p>Sammanst\u00e4llt av Lasse Backlund. Uppgifterna \u00e4r tagna ur gamla f\u00f6rs\u00e4kringsbrev, som finns p\u00e5 Riksarkivet. Brandf\u00f6rs\u00e4kringen \u00e5r 1834. \u00c5r 1832 bildades \u201dAllm\u00e4nna Brandstodsbolaget i Finland\u201d i Helsingfors och redan \u00e5r 1834 f\u00f6rs\u00e4krade r\u00e5dmans\u00e4nkan Anna Holmstr\u00f6m sin g\u00e5rd p\u00e5 Strandgatan 51. Hon <a class=\"more-link\" href=\"https:\/\/www.kristinestadshistoria.fi\/?page_id=26344\">Forts\u00e4tt l\u00e4sa <span class=\"screen-reader-text\">  Den f\u00f6rs\u00e4krade g\u00e5rden p\u00e5 tomt nr 94<\/span><span class=\"meta-nav\">&rarr;<\/span><\/a><\/p>\n","protected":false},"author":1,"featured_media":0,"parent":20608,"menu_order":10,"comment_status":"closed","ping_status":"closed","template":"","meta":{"footnotes":""},"class_list":["post-26344","page","type-page","status-publish","hentry"],"_links":{"self":[{"href":"https:\/\/www.kristinestadshistoria.fi\/index.php?rest_route=\/wp\/v2\/pages\/26344","targetHints":{"allow":["GET"]}}],"collection":[{"href":"https:\/\/www.kristinestadshistoria.fi\/index.php?rest_route=\/wp\/v2\/pages"}],"about":[{"href":"https:\/\/www.kristinestadshistoria.fi\/index.php?rest_route=\/wp\/v2\/types\/page"}],"author":[{"embeddable":true,"href":"https:\/\/www.kristinestadshistoria.fi\/index.php?rest_route=\/wp\/v2\/users\/1"}],"replies":[{"embeddable":true,"href":"https:\/\/www.kristinestadshistoria.fi\/index.php?rest_route=%2Fwp%2Fv2%2Fcomments&post=26344"}],"version-history":[{"count":8,"href":"https:\/\/www.kristinestadshistoria.fi\/index.php?rest_route=\/wp\/v2\/pages\/26344\/revisions"}],"predecessor-version":[{"id":29617,"href":"https:\/\/www.kristinestadshistoria.fi\/index.php?rest_route=\/wp\/v2\/pages\/26344\/revisions\/29617"}],"up":[{"embeddable":true,"href":"https:\/\/www.kristinestadshistoria.fi\/index.php?rest_route=\/wp\/v2\/pages\/20608"}],"wp:attachment":[{"href":"https:\/\/www.kristinestadshistoria.fi\/index.php?rest_route=%2Fwp%2Fv2%2Fmedia&parent=26344"}],"curies":[{"name":"wp","href":"https:\/\/api.w.org\/{rel}","templated":true}]}}