{"id":26319,"date":"2023-05-24T21:35:55","date_gmt":"2023-05-24T18:35:55","guid":{"rendered":"https:\/\/www.kristinestadshistoria.fi\/?page_id=26319"},"modified":"2023-05-24T23:11:16","modified_gmt":"2023-05-24T20:11:16","slug":"den-forsakrade-garden-pa-tomt-nr-200","status":"publish","type":"page","link":"https:\/\/www.kristinestadshistoria.fi\/?page_id=26319","title":{"rendered":"Den f\u00f6rs\u00e4krade g\u00e5rden p\u00e5 tomt nr 200"},"content":{"rendered":"<p><span style=\"color: #000080;\"><strong>Sammanst\u00e4llt av Lasse Backlund. Uppgifterna \u00e4r tagna ur gamla f\u00f6rs\u00e4kringsbrev, som finns p\u00e5 Riksarkivet.<\/strong><\/span><\/p>\n<h2><strong>Brandf\u00f6rs\u00e4kringen \u00e5r 1850.<\/strong><\/h2>\n<p>\u00c5r 1832 bildades \u201dAllm\u00e4nna Brandstodsbolaget i Finland\u201d i Helsingfors och \u00e5r 1850, anh\u00f6ll handlande\u00e4nkan Anna Nagel genom sitt ombud Lindroth att byggnaderna p\u00e5 hennes tomt nr 200 skulle brandf\u00f6rs\u00e4kras. F\u00f6rs\u00e4kringsans\u00f6kan skulle g\u00f6ras till bolaget i Helsingfors och Anna uppgav d\u00e5 att p\u00e5 hennes tomt fanns alla n\u00f6dv\u00e4ndiga brandredskap, n\u00e4mligen 2 brandstegar, 2 brandhakar, 2 handsprutor, 2 svablar och 2 brand\u00e4mbare. Hennes g\u00e5rd var bel\u00e4gen 118 alnar (ca 70 m) fr\u00e5n Stadsfj\u00e4rden, d\u00e4rifr\u00e5n vatten kunde langas vid en eventuell brand. I dag \u00e4r avst\u00e5ndet fr\u00e5n g\u00e5rden till stranden omkring 115 m.<\/p>\n<figure id=\"attachment_26326\" aria-describedby=\"caption-attachment-26326\" style=\"width: 754px\" class=\"wp-caption alignnone\"><img loading=\"lazy\" decoding=\"async\" class=\"size-full wp-image-26326\" src=\"https:\/\/www.kristinestadshistoria.fi\/wp-content\/uploads\/2023\/05\/Tomtkarta-1850-liten-1.jpg\" alt=\"\" width=\"754\" height=\"961\" srcset=\"https:\/\/www.kristinestadshistoria.fi\/wp-content\/uploads\/2023\/05\/Tomtkarta-1850-liten-1.jpg 754w, https:\/\/www.kristinestadshistoria.fi\/wp-content\/uploads\/2023\/05\/Tomtkarta-1850-liten-1-235x300.jpg 235w\" sizes=\"auto, (max-width: 754px) 100vw, 754px\" \/><figcaption id=\"caption-attachment-26326\" class=\"wp-caption-text\">\u00c5r 1850 tecknade Anna Nagel en brandf\u00f6rs\u00e4kring p\u00e5 sin g\u00e5rd och hon anlitade en Lindroth som ombud och denne kallade d\u00e5 henne &#8221;Nils Nagels enka&#8221;. En planteckning skulle bifogas f\u00f6rs\u00e4kringen och s\u00e5 h\u00e4r s\u00e5g den ut i renritad form.<\/figcaption><\/figure>\n<p>Anna Nagel uppgav att tomten \u00e4r 1 110 kvadratalnar i areal vidd (en kvadrataln = 0,36 m\u00b2). P\u00e5 tomten fanns det 4 byggnader, som Anna ville f\u00f6rs\u00e4kra:<\/p>\n<h5><strong>Byggnad nr 1:<\/strong><\/h5>\n<p>En tr\u00e4byggnad i en v\u00e5ning, byggd av furu- och grantimmer \u00e5r 1828, i gott skick. Den var br\u00e4dfodrad och m\u00e5lad med r\u00f6d f\u00e4rg. Byggnaden hade sex rum, n\u00e4mligen en f\u00f6rstuga, en sal, fyra kamrar varav ett p\u00e5 vinden. I dessa rum fanns det fem kakelugnar och en k\u00f6ksspis och en bakugn. Byggnaden l\u00e4ngd var 20 alnar (12 meter), f\u00f6rsedd med ett tak av br\u00e4der och hade en ordentlig stenfot, som var 1 \u00bd aln h\u00f6g.<\/p>\n<p>Som brukligt var s\u00e5 f\u00f6rs\u00e4krades alla byggnadsdelar skilt f\u00f6r sig, till exempel stenfoten brandf\u00f6rs\u00e4krades f\u00f6r 30 rubel. Stommen f\u00f6rs\u00e4krades f\u00f6r 234 rubel, br\u00e4dfodringen f\u00f6r 55, yttre taket f\u00f6r 55, bj\u00e4lklagen 21, golven av granplankor 75 och innertaken av furubr\u00e4der f\u00f6r 42 rubel. 7 st\u00f6rre f\u00f6nster v\u00e4rderades till 49 rubel tillsammans. Sju innerd\u00f6rrar var v\u00e4rda 35. De fem kakelugnarna var v\u00e4rda omkring 10 rubel per styck, k\u00f6ksspisen 25 och tv\u00e5 skorstenspipor var v\u00e4rda 20 rubel. I fem rum fanns det vattenf\u00e4rgade tapeter och i ett rum fanns det oljem\u00e5lade tapeter, alla dessa v\u00e4rda 32 rubel.<\/p>\n<p>\u00c4nkan Rosa ville att g\u00e5rden skulle f\u00f6rs\u00e4kras f\u00f6r 987 rubel men den lokala brandstodskommitt\u00e9n godk\u00e4nde endast 800.<\/p>\n<h5><strong>Byggnad nr 2:<\/strong><\/h5>\n<p>En hush\u00e5llsbod eller h\u00e4rbre uppf\u00f6rt \u00e5r 1828 av nytt grantimmer. Den var br\u00e4dfodrad och r\u00f6dm\u00e5lad och hade ett tak av br\u00e4der och grunden var byggd av stockar och knutstenar. H\u00e4rbret var 9 alnar l\u00e5ngt och 8 alnar brett.<\/p>\n<p>Hush\u00e5llsboden f\u00f6rs\u00e4krades f\u00f6r 50 rubel.<\/p>\n<h5><strong>Byggnad nr 3:<\/strong><\/h5>\n<p>En uthusbyggnad, best\u00e5ende av ett f\u00e4hus och en foderlada uppf\u00f6rd \u00e5r 1829 av nytt grantimmer. Taket var gjort av br\u00e4der och byggnaden var 18 alnar (ca 11 m) l\u00e5ng och 7 alnar bred och hade en riktig stenfot.<\/p>\n<p>Uthuset f\u00f6rs\u00e4krades f\u00f6r 60 rubel.<\/p>\n<h5><strong>Byggnad nr 4:<\/strong><\/h5>\n<p>En uthusbyggnad, best\u00e5ende av ett vedlider uppf\u00f6rt av timmer och br\u00e4der \u00e5r 1829, r\u00f6dm\u00e5lat och hade ett tak av br\u00e4der. Uthuset var 11 alnar l\u00e5ngt och 8 alnar brett och hade en stenfot som var \u00bd aln h\u00f6g.<\/p>\n<p>Vedlidret f\u00f6rs\u00e4krades f\u00f6r 30 rubel.<\/p>\n<p>F\u00f6rutom dessa fyra byggnader s\u00e5 f\u00f6rs\u00e4krades den oljem\u00e5lade ink\u00f6rsporten f\u00f6r 20 rubel och ett r\u00f6dm\u00e5lat plank, som var 34 alnar l\u00e5ngt f\u00f6rs\u00e4krades f\u00f6r 10.<\/p>\n<p>Alltsamman f\u00f6rs\u00e4krades f\u00f6r 970 rubel och den \u00e5rliga f\u00f6rs\u00e4kringspremien, eller intr\u00e4desavgiften som den kallades utr\u00e4knades till 10 rubel och 57 kopek. Denna premie skulle betalas varje \u00e5r i fem \u00e5rs tid och d\u00e5 skulle byggnaderna granskas och premien m\u00f6jligtvis justeras.<\/p>\n<p>N\u00e5gra eldfarliga inr\u00e4ttningar fanns inte p\u00e5 tomten men p\u00e5 tomt 174 p\u00e5 andra sidan Strandgatan fanns ett f\u00e4rgeri, dit avst\u00e5ndet var 84 alnar (50 m).<\/p>\n<p>\u00c5r 1855, i april granskade handlanden E. N. Sundman och C. G. Nystr\u00f6m de f\u00f6rs\u00e4krade byggnaderna och de var i samma skick, som f\u00f6r 5 \u00e5r sedan. Brandredskapen granskades och de var ocks\u00e5 i skick.<\/p>\n<p>\u00c5r 1860 utf\u00f6rdes granskningen av E. N. Sundman och handlande Otto Wendelin och de hade ingenting att klaga p\u00e5.<\/p>\n<p>\u00c5r 1865 granskades brandredskapen och byggnaderna av bagaren \u00d6sterberg och handlande Lind. G\u00e5rden \u00e4gdes nu av skepparen Johan Palm.<\/p>\n<p>\u00c5r 1870 vid granskningen som utf\u00f6rdes av handlanden Abraham Demes\u00f6r och svarvarem\u00e4staren Johan Petter Salin s\u00e5 v\u00e4rderades alla byggnader till 2\u00a0800 mark trots att \u00e4garen, skr\u00e4ddarm\u00e4staren Viitanen ville ha summan till 3\u00a0880. Nu korrigerades intr\u00e4desavgiften eller premien till 11 mark och 21 penni.<\/p>\n<p>\u00c5r 1875 \u00e4gdes g\u00e5rden av \u00e4nkan Viitanen och granskningen genomf\u00f6rdes skomakare Hartman och svarvaren Salin. \u00c5r 1880 granskades byggnaderna av kronokass\u00f6ren Svante Blomqvist och skomakarm\u00e4staren Hartman och \u00e5r 1855 av skomakarm\u00e4staren Forsberg och svarvarm\u00e4staren Salin.<\/p>\n<p>\u00c5r 1895 i september granskade br\u00e4nnvinskontroll\u00f6ren Gustaf Fredrik Hartman och sj\u00f6kaptenen Wilhelm Hagen byggnaderna och allt var till bel\u00e5tenhet.<\/p>\n<h2><strong>Brandf\u00f6rs\u00e4kringen 1905.<\/strong><\/h2>\n<p>Tomten och g\u00e5rden nr 200 p\u00e5 Strandgatan 25 \u00e4gdes nu av sj\u00f6kaptens\u00e4nkan Rosa Rosendahl och i december 1905 ville hon teckna en helt ny brandf\u00f6rs\u00e4kring eftersom vissa f\u00f6rb\u00e4ttringar hade gjorts p\u00e5 byggnaderna.<\/p>\n<figure id=\"attachment_26322\" aria-describedby=\"caption-attachment-26322\" style=\"width: 2253px\" class=\"wp-caption alignnone\"><img loading=\"lazy\" decoding=\"async\" class=\"size-full wp-image-26322\" src=\"https:\/\/www.kristinestadshistoria.fi\/wp-content\/uploads\/2023\/05\/Tomtkarta-1905-liten-2-scaled.jpg\" alt=\"\" width=\"2253\" height=\"2560\" srcset=\"https:\/\/www.kristinestadshistoria.fi\/wp-content\/uploads\/2023\/05\/Tomtkarta-1905-liten-2-scaled.jpg 2253w, https:\/\/www.kristinestadshistoria.fi\/wp-content\/uploads\/2023\/05\/Tomtkarta-1905-liten-2-264x300.jpg 264w, https:\/\/www.kristinestadshistoria.fi\/wp-content\/uploads\/2023\/05\/Tomtkarta-1905-liten-2-901x1024.jpg 901w, https:\/\/www.kristinestadshistoria.fi\/wp-content\/uploads\/2023\/05\/Tomtkarta-1905-liten-2-768x873.jpg 768w, https:\/\/www.kristinestadshistoria.fi\/wp-content\/uploads\/2023\/05\/Tomtkarta-1905-liten-2-1352x1536.jpg 1352w, https:\/\/www.kristinestadshistoria.fi\/wp-content\/uploads\/2023\/05\/Tomtkarta-1905-liten-2-1802x2048.jpg 1802w\" sizes=\"auto, (max-width: 2253px) 100vw, 2253px\" \/><figcaption id=\"caption-attachment-26322\" class=\"wp-caption-text\">I december 1905 tecknade d\u00e5varande \u00e4gare, sj\u00f6kaptens\u00e4nkan Rosa Rosendahl en ny brandf\u00f6rs\u00e4kring p\u00e5 byggnaderna p\u00e5 Strandgatan 25. Byggnaderna var d\u00e5 placerade enligt denna renritade planteckning. Inf\u00e4llt i nedre kanten Rosas namnteckning p\u00e5 f\u00f6rs\u00e4kringsbrevet.<\/figcaption><\/figure>\n<p>Tomtens areal var 396 m\u00b2 stor och p\u00e5 tomten fanns alla n\u00f6dv\u00e4ndiga brandredskap. Hon ville f\u00f6rs\u00e4kra alla fyra byggnader, som fanns p\u00e5 tomten:<\/p>\n<h5><strong>Byggnad nr 1:<\/strong><\/h5>\n<p>Ett boningshus av timmer uppf\u00f6rt \u00e5r 1828, br\u00e4dfodrat och m\u00e5lat och hade ett tak av asfaltfilt. Det var 11,88 m l\u00e5ngt, 6,53 m brett och lika h\u00f6gt.<\/p>\n<p>Byggnaden f\u00f6rs\u00e4krades f\u00f6r 3\u00a0200 mark.<\/p>\n<h5><strong>Byggnad nr 2: <\/strong><\/h5>\n<p>En hush\u00e5llsbod eller h\u00e4rbre uppf\u00f6rt \u00e5r 1828 av nytt grantimmer. Den var br\u00e4dfodrad och r\u00f6dm\u00e5lad och hade ett tak av asfaltfilt och grunden var byggd av stockar och knutstenar. H\u00e4rbret var 5,34 m l\u00e5ngt och 4,75 m brett.<\/p>\n<p>Hush\u00e5llsboden f\u00f6rs\u00e4krades f\u00f6r 300 mark<\/p>\n<h5><strong>Byggnad nr 3:<\/strong><\/h5>\n<p>En uthusbyggnad av stock, uppf\u00f6rd 1829 och senare tillbyggd, br\u00e4dfodrad och m\u00e5lad och den hade ett tak av asfaltfilt. Uthuset var 10,6 m l\u00e5ngt och 4,16 m brett och d\u00e4r fanns ett f\u00e4hus, foderlada och vedlider.<\/p>\n<p>Uthuset f\u00f6rs\u00e4krades f\u00f6r 300 mark.<\/p>\n<h5><strong>Byggnad nr 4:<\/strong><\/h5>\n<p>En uthusbyggnad av stock och delvis av korsvirke och br\u00e4der, uppf\u00f6rd \u00e5r 1829. Den var br\u00e4dfodrad och m\u00e5lad och hade ett tak av asfaltfilt. D\u00e4r fanns ett vedlider, ett redskapslider och en latrin med spillningskast<\/p>\n<p>Uthuset f\u00f6rs\u00e4krades f\u00f6r 150 mark.<\/p>\n<p>Ink\u00f6rsporten f\u00f6rs\u00e4krades f\u00f6r 50 mark och ett plank p\u00e5 g\u00e5rden som var 10 m l\u00e5ngt och 1,3 m h\u00f6gt f\u00f6rs\u00e4krades f\u00f6r 30 mark.<\/p>\n<figure id=\"attachment_26323\" aria-describedby=\"caption-attachment-26323\" style=\"width: 1431px\" class=\"wp-caption alignnone\"><img loading=\"lazy\" decoding=\"async\" class=\"size-full wp-image-26323\" src=\"https:\/\/www.kristinestadshistoria.fi\/wp-content\/uploads\/2023\/05\/Tomtkarta-1905-original-2.jpg\" alt=\"\" width=\"1431\" height=\"2396\" srcset=\"https:\/\/www.kristinestadshistoria.fi\/wp-content\/uploads\/2023\/05\/Tomtkarta-1905-original-2.jpg 1431w, https:\/\/www.kristinestadshistoria.fi\/wp-content\/uploads\/2023\/05\/Tomtkarta-1905-original-2-179x300.jpg 179w, https:\/\/www.kristinestadshistoria.fi\/wp-content\/uploads\/2023\/05\/Tomtkarta-1905-original-2-612x1024.jpg 612w, https:\/\/www.kristinestadshistoria.fi\/wp-content\/uploads\/2023\/05\/Tomtkarta-1905-original-2-768x1286.jpg 768w, https:\/\/www.kristinestadshistoria.fi\/wp-content\/uploads\/2023\/05\/Tomtkarta-1905-original-2-917x1536.jpg 917w, https:\/\/www.kristinestadshistoria.fi\/wp-content\/uploads\/2023\/05\/Tomtkarta-1905-original-2-1223x2048.jpg 1223w\" sizes=\"auto, (max-width: 1431px) 100vw, 1431px\" \/><figcaption id=\"caption-attachment-26323\" class=\"wp-caption-text\">S\u00e5 h\u00e4r s\u00e5g den planteckning ut som Rosa Rosendahl l\u00e4t rita upp \u00e5r 1905 d\u00e5 hon skulle brandf\u00f6rs\u00e4kra byggnaderna p\u00e5 sin tomt p\u00e5 Strandgatan 25.<\/figcaption><\/figure>\n<h2><strong>Till\u00e4ggsf\u00f6rs\u00e4kring \u00e5r 1920.<\/strong><\/h2>\n<p>Poliskonstapel Arthur Utter \u00f6vertog den h\u00e4r g\u00e5rden \u00e5r 1918 och en mycket h\u00f6g inflation gjorde att f\u00f6rs\u00e4kringsv\u00e4rden m\u00e5ste h\u00f6jas rej\u00e4lt f\u00f6r att motsvara dagsv\u00e4rdet. N\u00e5gon indexbindning existerade inte den h\u00e4r tiden.<\/p>\n<p>Den 30 augusti 1920 anm\u00e4lde Utter att en till\u00e4ggsf\u00f6rs\u00e4kring skulle tecknas. N\u00e5gra f\u00f6r\u00e4ndringar hade inte gjorts p\u00e5 byggnaderna men f\u00f6ljande v\u00e4rden best\u00e4mdes:<\/p>\n<p>Byggnad nr 1: gamla v\u00e4rdet 3\u00a0200 mark, nya v\u00e4rdet 35\u00a0200 mark.<\/p>\n<p>Byggnad nr 2: gamla v\u00e4rdet 300 mark, nya v\u00e4rdet 3\u00a0000 mark.<\/p>\n<p>Byggnad nr 3: gamla v\u00e4rdet 300 mark, nya v\u00e4rdet 4\u00a0200 mark.<\/p>\n<p>Byggnad nr 4: gamla v\u00e4rdet 150 mark, nya v\u00e4rdet 2\u00a0400 mark.<\/p>\n<p>Totala f\u00f6rs\u00e4kringsbeloppen h\u00f6jdes fr\u00e5n 4\u00a0030 till 45\u00a0200 mark. Byggnaderna fick ocks\u00e5 ett \u201dallframtids v\u00e4rde\u201d och det var h\u00e4lften av nutidsv\u00e4rdet. Den \u00e5rliga premien ber\u00e4knades p\u00e5 allframtids v\u00e4rdet 22\u00a0600 mark och den utr\u00e4knades till 162 mark.<\/p>\n<p>&nbsp;<\/p>\n","protected":false},"excerpt":{"rendered":"<p>Sammanst\u00e4llt av Lasse Backlund. Uppgifterna \u00e4r tagna ur gamla f\u00f6rs\u00e4kringsbrev, som finns p\u00e5 Riksarkivet. Brandf\u00f6rs\u00e4kringen \u00e5r 1850. \u00c5r 1832 bildades \u201dAllm\u00e4nna Brandstodsbolaget i Finland\u201d i Helsingfors och \u00e5r 1850, anh\u00f6ll handlande\u00e4nkan Anna Nagel genom sitt ombud Lindroth att byggnaderna p\u00e5 <a class=\"more-link\" href=\"https:\/\/www.kristinestadshistoria.fi\/?page_id=26319\">Forts\u00e4tt l\u00e4sa <span class=\"screen-reader-text\">  Den f\u00f6rs\u00e4krade g\u00e5rden p\u00e5 tomt nr 200<\/span><span class=\"meta-nav\">&rarr;<\/span><\/a><\/p>\n","protected":false},"author":1,"featured_media":0,"parent":24744,"menu_order":10,"comment_status":"closed","ping_status":"closed","template":"","meta":{"footnotes":""},"class_list":["post-26319","page","type-page","status-publish","hentry"],"_links":{"self":[{"href":"https:\/\/www.kristinestadshistoria.fi\/index.php?rest_route=\/wp\/v2\/pages\/26319","targetHints":{"allow":["GET"]}}],"collection":[{"href":"https:\/\/www.kristinestadshistoria.fi\/index.php?rest_route=\/wp\/v2\/pages"}],"about":[{"href":"https:\/\/www.kristinestadshistoria.fi\/index.php?rest_route=\/wp\/v2\/types\/page"}],"author":[{"embeddable":true,"href":"https:\/\/www.kristinestadshistoria.fi\/index.php?rest_route=\/wp\/v2\/users\/1"}],"replies":[{"embeddable":true,"href":"https:\/\/www.kristinestadshistoria.fi\/index.php?rest_route=%2Fwp%2Fv2%2Fcomments&post=26319"}],"version-history":[{"count":5,"href":"https:\/\/www.kristinestadshistoria.fi\/index.php?rest_route=\/wp\/v2\/pages\/26319\/revisions"}],"predecessor-version":[{"id":26329,"href":"https:\/\/www.kristinestadshistoria.fi\/index.php?rest_route=\/wp\/v2\/pages\/26319\/revisions\/26329"}],"up":[{"embeddable":true,"href":"https:\/\/www.kristinestadshistoria.fi\/index.php?rest_route=\/wp\/v2\/pages\/24744"}],"wp:attachment":[{"href":"https:\/\/www.kristinestadshistoria.fi\/index.php?rest_route=%2Fwp%2Fv2%2Fmedia&parent=26319"}],"curies":[{"name":"wp","href":"https:\/\/api.w.org\/{rel}","templated":true}]}}